{"id":13121,"date":"2024-07-19T01:01:25","date_gmt":"2024-07-18T17:01:25","guid":{"rendered":"https:\/\/www.luleey.com\/?post_type=product&#038;p=13121"},"modified":"2024-12-14T22:38:36","modified_gmt":"2024-12-14T14:38:36","slug":"fiber-optic-fusion-splicer-heat-shrink-tubing-double-needle","status":"publish","type":"product","link":"https:\/\/www.luleey.com\/fr\/produit-2\/fiber-optic-fusion-splicer-heat-shrink-tubing-double-needle\/","title":{"rendered":"Fusionneuse de fibres optiques, gaine thermor\u00e9tractable, double aiguille"},"content":{"rendered":"<h3>Caract\u00e9ristiques<\/h3>\n<ol>\n<li>Conception du chanfreinage de l'aiguille en acier : \u00e9vite d'endommager la paroi interne du manchon de fusion thermique, paroi antistatique et antiadh\u00e9sive, forte protection.<\/li>\n<li>R\u00e9sistance \u00e0 la temp\u00e9rature et \u00e0 l'humidit\u00e9 : Apr\u00e8s la r\u00e9traction \u00e0 chaud de la gaine thermofusible, celle-ci pr\u00e9sente de bonnes caract\u00e9ristiques de r\u00e9sistance aux temp\u00e9ratures \u00e9lev\u00e9es et \u00e0 l'humidit\u00e9.<\/li>\n<li>Pas d'obstruction \u00e0 la transmission par fibre optique.<\/li>\n<li>Prot\u00e8ge le point d'\u00e9pissure, am\u00e9liore l'aspect pratique.<\/li>\n<li>Op\u00e9ration simple, r\u00e9duisant les dommages caus\u00e9s \u00e0 la fibre optique lors de l'installation.<\/li>\n<li>La gaine thermofusible transparente permet de voir d'un coup d'\u0153il l'\u00e9tat de l'\u00e9pissure de la fibre optique.<\/li>\n<li>Vitesse de r\u00e9traction rapide, construction pratique et rapide.<\/li>\n<li>Aiguilles en acier inoxydable 304, ne rouillent pas<\/li>\n<li>Fusionneuse de fibre optique \u00e0 double aiguille, gaine thermor\u00e9tractable<\/li>\n<\/ol>\n<h3>Sp\u00e9cifications<\/h3>\n<table style=\"width: 1334px;\" width=\"323\">\n<tbody>\n<tr>\n<td style=\"width: 481px;\" width=\"101\">Nom<\/td>\n<td style=\"width: 853px;\" width=\"222\">Fusionneuse de fibres optiques \u00e0 double aiguille Gaine thermor\u00e9tractable<\/td>\n<\/tr>\n<tr>\n<td style=\"width: 481px;\">Mod\u00e8le<\/td>\n<td style=\"width: 853px;\">LL-D-Tube thermor\u00e9tractable<\/td>\n<\/tr>\n<tr>\n<td style=\"width: 481px;\">Marque<\/td>\n<td style=\"width: 853px;\">\u00a0LuLeey<\/td>\n<\/tr>\n<tr>\n<td style=\"width: 481px;\">Mat\u00e9riau de l'aiguille en acier<\/td>\n<td style=\"width: 853px;\">\u00a0Acier inoxydable SUS 304<\/td>\n<\/tr>\n<tr>\n<td style=\"width: 481px;\">Sp\u00e9cification de l'aiguille en acier<\/td>\n<td style=\"width: 853px;\">\u00a0diam\u00e8tre 1,2 mm<\/td>\n<\/tr>\n<tr>\n<td style=\"width: 481px;\">Longueur de l'aiguille en acier<\/td>\n<td style=\"width: 853px;\">\u00a055mm<\/td>\n<\/tr>\n<tr>\n<td style=\"width: 481px;\">Mat\u00e9riau du tube<\/td>\n<td style=\"width: 853px;\">\u00a0mat\u00e9riau PE respectueux de l'environnement<\/td>\n<\/tr>\n<tr>\n<td style=\"width: 481px;\">Longueur du tube<\/td>\n<td style=\"width: 853px;\">\u00a060 mm<\/td>\n<\/tr>\n<tr>\n<td style=\"width: 481px;\">Diam\u00e8tre de la paroi ext\u00e9rieure<\/td>\n<td style=\"width: 853px;\">\u00a05,5 mm<\/td>\n<\/tr>\n<tr>\n<td style=\"width: 481px;\">Diam\u00e8tre de la paroi int\u00e9rieure<\/td>\n<td style=\"width: 853px;\">\u00a03,8 mm<\/td>\n<\/tr>\n<tr>\n<td style=\"width: 481px;\">Couleur<\/td>\n<td style=\"width: 853px;\">\u00a0transparent<\/td>\n<\/tr>\n<tr>\n<td style=\"width: 481px;\">Temp\u00e9rature de fonctionnement<\/td>\n<td style=\"width: 853px;\">\u00a0-55~105\u2103<\/td>\n<\/tr>\n<\/tbody>\n<\/table>","protected":false},"excerpt":{"rendered":"<p>La conception du chanfreinage de l'aiguille d'acier est cruciale pour prot\u00e9ger la paroi interne de la gaine thermor\u00e9tractable pendant l'\u00e9pissage de la fibre optique. Notre conception garantit des propri\u00e9t\u00e9s antistatiques et antiadh\u00e9sives de la paroi, offrant une protection solide sans obstruer la transmission de la fibre optique. La gaine thermor\u00e9tractable pour \u00e9pissure par fusion de fibre optique pr\u00e9sente, apr\u00e8s r\u00e9traction, une excellente r\u00e9sistance \u00e0 la temp\u00e9rature et \u00e0 l'humidit\u00e9, ce qui permet de prot\u00e9ger le point d'\u00e9pissure et d'am\u00e9liorer l'aspect pratique. Gr\u00e2ce \u00e0 leur simplicit\u00e9 d'utilisation et \u00e0 leur vitesse de r\u00e9traction, nos gaines thermofusibles transparentes permettent une construction pratique et rapide tout en offrant une visibilit\u00e9 ais\u00e9e de l'\u00e9tat de l'\u00e9pissure de la fibre optique. De plus, les aiguilles en acier inoxydable 304 garantissent la r\u00e9sistance \u00e0 la rouille, assurant ainsi l'int\u00e9grit\u00e9 du processus d'\u00e9pissage.<\/p>","protected":false},"featured_media":13131,"comment_status":"open","ping_status":"closed","template":"","meta":[],"product_brand":[],"product_cat":[790],"product_tag":[226,235],"class_list":{"0":"post-13121","1":"product","2":"type-product","3":"status-publish","4":"has-post-thumbnail","6":"product_cat-fiber-optic-fusion-splicer","7":"product_tag-fusion-splicer","8":"product_tag-heat-shrink-tubing","10":"first","11":"instock","12":"shipping-taxable","13":"purchasable","14":"product-type-variable"},"_links":{"self":[{"href":"https:\/\/www.luleey.com\/fr\/wp-json\/wp\/v2\/product\/13121","targetHints":{"allow":["GET"]}}],"collection":[{"href":"https:\/\/www.luleey.com\/fr\/wp-json\/wp\/v2\/product"}],"about":[{"href":"https:\/\/www.luleey.com\/fr\/wp-json\/wp\/v2\/types\/product"}],"replies":[{"embeddable":true,"href":"https:\/\/www.luleey.com\/fr\/wp-json\/wp\/v2\/comments?post=13121"}],"wp:featuredmedia":[{"embeddable":true,"href":"https:\/\/www.luleey.com\/fr\/wp-json\/wp\/v2\/media\/13131"}],"wp:attachment":[{"href":"https:\/\/www.luleey.com\/fr\/wp-json\/wp\/v2\/media?parent=13121"}],"wp:term":[{"taxonomy":"product_brand","embeddable":true,"href":"https:\/\/www.luleey.com\/fr\/wp-json\/wp\/v2\/product_brand?post=13121"},{"taxonomy":"product_cat","embeddable":true,"href":"https:\/\/www.luleey.com\/fr\/wp-json\/wp\/v2\/product_cat?post=13121"},{"taxonomy":"product_tag","embeddable":true,"href":"https:\/\/www.luleey.com\/fr\/wp-json\/wp\/v2\/product_tag?post=13121"}],"curies":[{"name":"wp","href":"https:\/\/api.w.org\/{rel}","templated":true}]}}