{"id":14359,"date":"2024-08-05T21:58:40","date_gmt":"2024-08-05T13:58:40","guid":{"rendered":"https:\/\/www.luleey.com\/?post_type=product&#038;p=14359"},"modified":"2025-01-21T12:18:02","modified_gmt":"2025-01-21T04:18:02","slug":"100mbps-2sc-4rj45-media-converter","status":"publish","type":"product","link":"https:\/\/www.luleey.com\/fr\/produit-2\/100mbps-2sc-4rj45-media-converter\/","title":{"rendered":"100Mbps 2SC 4RJ45 Convertisseur de m\u00e9dia 1Paire"},"content":{"rendered":"<h3>Caract\u00e9ristiques<\/h3>\n<ol>\n<li>Puce haute performance, fonctionnement stable<\/li>\n<li>4 ports RJ45 adaptatifs 10M\/100M Ethernet<\/li>\n<li>Prise en charge des modes de travail full duplex\/alf duplex<\/li>\n<li>Possibilit\u00e9 de connecter 4 cam\u00e9ras haute d\u00e9finition<\/li>\n<li>SC \u00e0 RJ45, Plug and play<\/li>\n<li>Convient \u00e0 la surveillance des r\u00e9seaux, \u00e0 la fibre optique jusqu'au domicile et \u00e0 d'autres sc\u00e9narios d'utilisation<\/li>\n<li>Voyants de travail de soutien<\/li>\n<li>Fibre unique, monomode<\/li>\n<\/ol>\n<h3>Sp\u00e9cifications<\/h3>\n<table width=\"598\">\n<tbody>\n<tr>\n<td width=\"211\">Nom de la marque<\/td>\n<td width=\"387\">LuLeey<\/td>\n<\/tr>\n<tr>\n<td width=\"211\">Nom du produit<\/td>\n<td width=\"387\">Convertisseur de m\u00e9dia 100Mbps 2SC 4RJ45<\/td>\n<\/tr>\n<tr>\n<td width=\"211\">Tension d'alimentation<\/td>\n<td width=\"387\">12V<\/td>\n<\/tr>\n<tr>\n<td width=\"211\">Origine<\/td>\n<td width=\"387\">Chine continentale<\/td>\n<\/tr>\n<tr>\n<td width=\"211\">Tension d'alimentation<\/td>\n<td width=\"387\">AC 220V\/ DC12V<\/td>\n<\/tr>\n<tr>\n<td width=\"211\">Distance de transmission<\/td>\n<td width=\"387\">20 km<\/td>\n<\/tr>\n<tr>\n<td width=\"211\">Le nombre de ports<\/td>\n<td width=\"387\">2SC 4RJ45<\/td>\n<\/tr>\n<tr>\n<td width=\"211\">Taux de transmission<\/td>\n<td width=\"387\">\n<p data-spm-anchor-id=\"a2g0o.detail.0.i6.73c8G5LJG5LJdG\">100Mbps\/10Mbps<\/p>\n<\/td>\n<\/tr>\n<tr>\n<td width=\"211\">Taille<\/td>\n<td width=\"387\">88*70*27mm<\/td>\n<\/tr>\n<\/tbody>\n<\/table>","protected":false},"excerpt":{"rendered":"<p>Convertisseur de m\u00e9dia Prise en charge du fonctionnement en duplex int\u00e9gral ou semi-duplex<br \/>\nPrise en charge du mode de stockage et de retransmission<br \/>\n2SC RJ45 LED indicateur d'\u00e9tat signal de retour de liaison<br \/>\nSC \u00e0 RJ45, \u00e0 brancher et \u00e0 utiliser<\/p>","protected":false},"featured_media":14363,"comment_status":"open","ping_status":"closed","template":"","meta":[],"product_brand":[],"product_cat":[310],"product_tag":[387,259,388],"class_list":{"0":"post-14359","1":"product","2":"type-product","3":"status-publish","4":"has-post-thumbnail","6":"product_cat-copper-to-fiber-media-converters","7":"product_tag-2sc-4rj45","8":"product_tag-media-converter","9":"product_tag-sc-to-rj45","11":"first","12":"instock","13":"shipping-taxable","14":"purchasable","15":"product-type-variable"},"_links":{"self":[{"href":"https:\/\/www.luleey.com\/fr\/wp-json\/wp\/v2\/product\/14359","targetHints":{"allow":["GET"]}}],"collection":[{"href":"https:\/\/www.luleey.com\/fr\/wp-json\/wp\/v2\/product"}],"about":[{"href":"https:\/\/www.luleey.com\/fr\/wp-json\/wp\/v2\/types\/product"}],"replies":[{"embeddable":true,"href":"https:\/\/www.luleey.com\/fr\/wp-json\/wp\/v2\/comments?post=14359"}],"wp:featuredmedia":[{"embeddable":true,"href":"https:\/\/www.luleey.com\/fr\/wp-json\/wp\/v2\/media\/14363"}],"wp:attachment":[{"href":"https:\/\/www.luleey.com\/fr\/wp-json\/wp\/v2\/media?parent=14359"}],"wp:term":[{"taxonomy":"product_brand","embeddable":true,"href":"https:\/\/www.luleey.com\/fr\/wp-json\/wp\/v2\/product_brand?post=14359"},{"taxonomy":"product_cat","embeddable":true,"href":"https:\/\/www.luleey.com\/fr\/wp-json\/wp\/v2\/product_cat?post=14359"},{"taxonomy":"product_tag","embeddable":true,"href":"https:\/\/www.luleey.com\/fr\/wp-json\/wp\/v2\/product_tag?post=14359"}],"curies":[{"name":"wp","href":"https:\/\/api.w.org\/{rel}","templated":true}]}}