{"id":14368,"date":"2024-08-05T23:16:22","date_gmt":"2024-08-05T15:16:22","guid":{"rendered":"https:\/\/www.luleey.com\/?post_type=product&#038;p=14368"},"modified":"2025-07-25T09:51:06","modified_gmt":"2025-07-25T01:51:06","slug":"fc-upc-adjustable-attenuator-fc-apc-adjustable-attenuator","status":"publish","type":"product","link":"https:\/\/www.luleey.com\/fr\/produit-2\/fc-upc-adjustable-attenuator-fc-apc-adjustable-attenuator\/","title":{"rendered":"Att\u00e9nuateur r\u00e9glable FC UPC \/ Att\u00e9nuateur r\u00e9glable FC APC"},"content":{"rendered":"<h3>Caract\u00e9ristiques<\/h3>\n<ol>\n<li>Bonne r\u00e9p\u00e9tabilit\u00e9, bonne r\u00e9sistance \u00e0 l'usure et bonne stabilit\u00e9 thermique.<\/li>\n<li><span data-spm-anchor-id=\"a2g0o.detail.1000023.i1.5e06yANUyANUVU\">La perte additionnelle moyenne est inf\u00e9rieure \u00e0 0,2 dB et la perte de retour est \u00e9lev\u00e9e. <\/span><\/li>\n<li>est sup\u00e9rieur \u00e0 1000 fois.<\/li>\n<\/ol>\n<h3>Sp\u00e9cifications<\/h3>\n<table width=\"598\">\n<tbody>\n<tr>\n<td width=\"211\">Nom de la marque<\/td>\n<td width=\"387\">luleey<\/td>\n<\/tr>\n<tr>\n<td width=\"211\">Nom du produit<\/td>\n<td width=\"387\">Att\u00e9nuateur r\u00e9glable FC UPC \/ Att\u00e9nuateur r\u00e9glable FC APC<\/td>\n<\/tr>\n<tr>\n<td width=\"211\">Att\u00e9nuation pr\u00e9cise<\/td>\n<td width=\"387\">&lt;=+\/-0.5dB<\/td>\n<\/tr>\n<tr>\n<td>Att\u00e9nuation db<\/td>\n<td>0-30dB<\/td>\n<\/tr>\n<tr>\n<td width=\"211\">Param\u00e8tres de longueur d'onde<\/td>\n<td width=\"387\">mode unique 1310~1550nm<\/td>\n<\/tr>\n<tr>\n<td width=\"211\">Perte de retour<\/td>\n<td width=\"387\">sup\u00e9rieur ou \u00e9gal \u00e0 60dB<\/td>\n<\/tr>\n<tr>\n<td width=\"211\">Type d'embout<\/td>\n<td width=\"387\">c\u00e9ramique<\/td>\n<\/tr>\n<tr>\n<td width=\"211\">Temp\u00e9rature de travail<\/td>\n<td width=\"387\">-40~80 degr\u00e9s Celsius<\/td>\n<\/tr>\n<tr>\n<td width=\"211\">Temp\u00e9rature de stockage<\/td>\n<td>-55~85 degr\u00e9s Celsius<\/td>\n<\/tr>\n<\/tbody>\n<\/table>","protected":false},"excerpt":{"rendered":"<p>Att\u00e9nuateur FC, perte d'insertion 1-5db\u2264\u00b10.5db, 5-30db\u00b1\u226410%.<\/p>\n<p>Permet le r\u00e9glage manuel de l'att\u00e9nuation<\/p>\n<p>Soutien \u00e0 la r\u00e9utilisation, bonne stabilit\u00e9<\/p>\n<p>Prise en charge de l'att\u00e9nuateur r\u00e9glable FC UPC ou de l'att\u00e9nuateur r\u00e9glable FC APC<\/p>\n<p>Utilis\u00e9 dans les syst\u00e8mes de communication par fibre optique, l'instrumentation, le r\u00e9seau CATV et d'autres utilisations de la sc\u00e8ne.<\/p>","protected":false},"featured_media":14369,"comment_status":"open","ping_status":"closed","template":"","meta":[],"product_brand":[],"product_cat":[365,788],"product_tag":[394,393,395],"class_list":{"0":"post-14368","1":"product","2":"type-product","3":"status-publish","4":"has-post-thumbnail","6":"product_cat-optical-adapters-and-flange-connectors-and-attenuator","7":"product_cat-optical-attenuator","8":"product_tag-adjustable-attenuator","9":"product_tag-fc-apc-attenuator","10":"product_tag-fc-upc-attenuator","12":"first","13":"instock","14":"shipping-taxable","15":"purchasable","16":"product-type-variable"},"_links":{"self":[{"href":"https:\/\/www.luleey.com\/fr\/wp-json\/wp\/v2\/product\/14368","targetHints":{"allow":["GET"]}}],"collection":[{"href":"https:\/\/www.luleey.com\/fr\/wp-json\/wp\/v2\/product"}],"about":[{"href":"https:\/\/www.luleey.com\/fr\/wp-json\/wp\/v2\/types\/product"}],"replies":[{"embeddable":true,"href":"https:\/\/www.luleey.com\/fr\/wp-json\/wp\/v2\/comments?post=14368"}],"wp:featuredmedia":[{"embeddable":true,"href":"https:\/\/www.luleey.com\/fr\/wp-json\/wp\/v2\/media\/14369"}],"wp:attachment":[{"href":"https:\/\/www.luleey.com\/fr\/wp-json\/wp\/v2\/media?parent=14368"}],"wp:term":[{"taxonomy":"product_brand","embeddable":true,"href":"https:\/\/www.luleey.com\/fr\/wp-json\/wp\/v2\/product_brand?post=14368"},{"taxonomy":"product_cat","embeddable":true,"href":"https:\/\/www.luleey.com\/fr\/wp-json\/wp\/v2\/product_cat?post=14368"},{"taxonomy":"product_tag","embeddable":true,"href":"https:\/\/www.luleey.com\/fr\/wp-json\/wp\/v2\/product_tag?post=14368"}],"curies":[{"name":"wp","href":"https:\/\/api.w.org\/{rel}","templated":true}]}}