{"id":14375,"date":"2024-08-06T22:53:07","date_gmt":"2024-08-06T14:53:07","guid":{"rendered":"https:\/\/www.luleey.com\/?post_type=product&#038;p=14375"},"modified":"2025-07-25T09:51:05","modified_gmt":"2025-07-25T01:51:05","slug":"fc-apc-attenuator-0-30db-fixed-value","status":"publish","type":"product","link":"https:\/\/www.luleey.com\/fr\/produit-2\/fc-apc-attenuator-0-30db-fixed-value\/","title":{"rendered":"Att\u00e9nuateur FC APC 0-30db valeur fixe"},"content":{"rendered":"<h4 data-spm-anchor-id=\"a2g0o.detail.1000023.i0.525da32aC35IUk\">Caract\u00e9ristiques<\/h4>\n<ol>\n<li>R\u00e9utilisation possible, bonne r\u00e9sistance \u00e0 l'abrasion, r\u00e9sistance aux temp\u00e9ratures \u00e9lev\u00e9es.<\/li>\n<li>Faible perte d'insertion, moyenne inf\u00e9rieure \u00e0 0,2db, perte de retour \u00e9lev\u00e9e.<\/li>\n<li>Convient aux commutateurs de r\u00e9seau \u00e0 fibre optique, aux routeurs de r\u00e9seau \u00e0 fibre optique, aux commutateurs de r\u00e9seau, aux cartes d'interface r\u00e9seau \u00e0 fibre optique, aux serveurs, aux dispositifs de stockage de r\u00e9seau, aux \u00e9metteurs-r\u00e9cepteurs \u00e0 fibre optique, etc.<\/li>\n<\/ol>\n<div class=\"a-column a-span6\">\n<h3>Sp\u00e9cifications<\/h3>\n<table style=\"width: 100%; height: 414px;\" width=\"598\">\n<tbody>\n<tr style=\"height: 69px;\">\n<td style=\"height: 69px;\" width=\"211\">Nom de la marque<\/td>\n<td style=\"height: 69px;\" width=\"387\">LuLeey<\/td>\n<\/tr>\n<tr style=\"height: 69px;\">\n<td style=\"height: 69px;\" width=\"211\">Type de connecteur<\/td>\n<td style=\"height: 69px;\" width=\"387\">FC\/APC<\/td>\n<\/tr>\n<tr style=\"height: 69px;\">\n<td style=\"height: 69px;\" width=\"211\">Nom du produit<\/td>\n<td style=\"height: 69px;\" width=\"387\">Att\u00e9nuateur FC\/APC<\/td>\n<\/tr>\n<tr style=\"height: 69px;\">\n<td style=\"height: 69px;\" width=\"211\">Origine<\/td>\n<td style=\"height: 69px;\" width=\"387\">Chine continentale<\/td>\n<\/tr>\n<tr style=\"height: 69px;\">\n<td style=\"height: 69px;\" width=\"211\">temps de prise<\/td>\n<td style=\"height: 69px;\" width=\"387\">plus de 1000<\/td>\n<\/tr>\n<\/tbody>\n<\/table>\n<\/div>","protected":false},"excerpt":{"rendered":"<ol>\n<li>L'att\u00e9nuateur FC APC pr\u00e9sente une bonne r\u00e9p\u00e9tabilit\u00e9, une bonne r\u00e9sistance \u00e0 l'usure et une bonne stabilit\u00e9 \u00e0 la temp\u00e9rature.<\/li>\n<li>La perte additionnelle moyenne est inf\u00e9rieure \u00e0 0,2 dB et la perte de retour est \u00e9lev\u00e9e.<\/li>\n<li>Le nombre d'utilisations du plug-in est sup\u00e9rieur \u00e0 1000 fois.<\/li>\n<\/ol>","protected":false},"featured_media":14382,"comment_status":"open","ping_status":"closed","template":"","meta":[],"product_brand":[],"product_cat":[365,788],"product_tag":[402,393],"class_list":{"0":"post-14375","1":"product","2":"type-product","3":"status-publish","4":"has-post-thumbnail","6":"product_cat-optical-adapters-and-flange-connectors-and-attenuator","7":"product_cat-optical-attenuator","8":"product_tag-attenuator","9":"product_tag-fc-apc-attenuator","11":"first","12":"instock","13":"shipping-taxable","14":"purchasable","15":"product-type-variable"},"_links":{"self":[{"href":"https:\/\/www.luleey.com\/fr\/wp-json\/wp\/v2\/product\/14375","targetHints":{"allow":["GET"]}}],"collection":[{"href":"https:\/\/www.luleey.com\/fr\/wp-json\/wp\/v2\/product"}],"about":[{"href":"https:\/\/www.luleey.com\/fr\/wp-json\/wp\/v2\/types\/product"}],"replies":[{"embeddable":true,"href":"https:\/\/www.luleey.com\/fr\/wp-json\/wp\/v2\/comments?post=14375"}],"wp:featuredmedia":[{"embeddable":true,"href":"https:\/\/www.luleey.com\/fr\/wp-json\/wp\/v2\/media\/14382"}],"wp:attachment":[{"href":"https:\/\/www.luleey.com\/fr\/wp-json\/wp\/v2\/media?parent=14375"}],"wp:term":[{"taxonomy":"product_brand","embeddable":true,"href":"https:\/\/www.luleey.com\/fr\/wp-json\/wp\/v2\/product_brand?post=14375"},{"taxonomy":"product_cat","embeddable":true,"href":"https:\/\/www.luleey.com\/fr\/wp-json\/wp\/v2\/product_cat?post=14375"},{"taxonomy":"product_tag","embeddable":true,"href":"https:\/\/www.luleey.com\/fr\/wp-json\/wp\/v2\/product_tag?post=14375"}],"curies":[{"name":"wp","href":"https:\/\/api.w.org\/{rel}","templated":true}]}}