{"id":14391,"date":"2024-08-07T22:34:49","date_gmt":"2024-08-07T14:34:49","guid":{"rendered":"https:\/\/www.luleey.com\/?post_type=product&#038;p=14391"},"modified":"2025-09-12T22:46:35","modified_gmt":"2025-09-12T14:46:35","slug":"110-impact-punch-down-tool-with-110-blade","status":"publish","type":"product","link":"https:\/\/www.luleey.com\/fr\/produit-2\/110-impact-punch-down-tool-with-110-blade\/","title":{"rendered":"Outil de perforation \u00e0 percussion 110 avec lame 110"},"content":{"rendered":"<p>C\u00e2ble de r\u00e9seau module de r\u00e9seau batteur de c\u00e2ble panneau de sortie 110 cadre de distribution ligne t\u00e9l\u00e9phonique pince \u00e0 sertir coupe-c\u00e2ble multifonctionnel<\/p>\n<h3>Caract\u00e9ristiques<\/h3>\n<ol>\n<li>C\u00e2ble de r\u00e9seau module de r\u00e9seau batteur de c\u00e2ble panneau de sortie 110 cadre de distribution ligne t\u00e9l\u00e9phonique sertisseuse de c\u00e2ble multifonctionnelleDouble t\u00eate de coupe.<\/li>\n<li>Acier de haute qualit\u00e9.<\/li>\n<li>Permet d'\u00e9liminer facilement les c\u00e2bles ind\u00e9sirables.<\/li>\n<li>Le cadre de l'outil est divis\u00e9 en un corps principal avec un m\u00e9canisme d'impact \u00e0 l'int\u00e9rieur et un corps pivotant.avec un contr\u00f4le r\u00e9glable de la pression d'impact.tourner la partie pivotante dans...<\/li>\n<li>dans le sens des aiguilles d'une montre \u00e0 la pression indiqu\u00e9e H =15+.2kgs pour l'insertion d'un fil plus gros dans le bornier, ou \u00e0 la pression indiqu\u00e9e L =10+2 kgs pour un fil standard. La partie tournante est irr\u00e9versible.<\/li>\n<li>L'espace de rangement situ\u00e9 sur le dessus de l'outil permet de ranger une lame de rechange.<\/li>\n<li>Toutes les lames sont interchangeables et r\u00e9versibles. Les lames sont faciles \u00e0 remplacer.<\/li>\n<\/ol>\n<h3>Sp\u00e9cifications<\/h3>\n<table width=\"598\">\n<tbody>\n<tr>\n<td width=\"211\">Nom de la marque<\/td>\n<td width=\"387\">LuLeey<\/td>\n<\/tr>\n<tr>\n<td>Nom du produit<\/td>\n<td>Outil de poin\u00e7onnage \u00e0 percussion 110<\/td>\n<\/tr>\n<tr>\n<td width=\"211\">Lame amovible<\/td>\n<td>Soutien<\/td>\n<\/tr>\n<tr>\n<td>Mat\u00e9riau de la poign\u00e9e<\/td>\n<td>ABS<\/td>\n<\/tr>\n<tr>\n<td width=\"211\">R\u00e9gulation de la pression<\/td>\n<td>Soutien<\/td>\n<\/tr>\n<tr>\n<td width=\"211\">Emplacement pour lame<\/td>\n<td>Soutien<\/td>\n<\/tr>\n<tr>\n<td width=\"211\">Mat\u00e9riau de la lame<\/td>\n<td>Acier \u00e0 haute teneur en carbone<\/td>\n<\/tr>\n<tr>\n<td width=\"211\">Double lame<\/td>\n<td>Soutien<\/td>\n<\/tr>\n<tr>\n<td>Taille<\/td>\n<td>170x31mm<\/td>\n<\/tr>\n<\/tbody>\n<\/table>","protected":false},"excerpt":{"rendered":"<ol>\n<li>Les outils de perforation coupent et terminent le c\u00e2ble dans un panneau de raccordement 110 ou une prise keystone.<\/li>\n<li>La lame amovible de l'outil de perforation Ethernet \u00e0 percussion avec douilles \u00e0 rotation et \u00e0 verrouillage peut \u00eatre rang\u00e9e dans le corps de l'outil pour le transport.<\/li>\n<li>R\u00e9glage de la force d'impact (Lo\/Hi) pour la terminaison du c\u00e2ble dans une prise, un bloc ou un panneau de raccordement avec des bornes 110 IDC.<\/li>\n<li>Prise keystone compatible avec les c\u00e2bles r\u00e9seau ou vocaux Cat 5, Cat 5e, Cat 6, Cat 6A, Cat 7 et Cat 8 ; Associez-la \u00e0 un support de prise keystone pour une installation s\u00fbre et s\u00e9curis\u00e9e.<\/li>\n<li>L'outil 110 block utilise un ressort pour une mise en place et une terminaison rapide et sans effort du c\u00e2ble avec une lame r\u00e9versible coupante\/poin\u00e7onnante<\/li>\n<\/ol>","protected":false},"featured_media":14392,"comment_status":"open","ping_status":"closed","template":"","meta":[],"product_brand":[],"product_cat":[352],"product_tag":[404,403],"class_list":{"0":"post-14391","1":"product","2":"type-product","3":"status-publish","4":"has-post-thumbnail","6":"product_cat-copper-tools","7":"product_tag-110-block-tool","8":"product_tag-impact-punch-down-tool","10":"first","11":"instock","12":"shipping-taxable","13":"purchasable","14":"product-type-simple"},"_links":{"self":[{"href":"https:\/\/www.luleey.com\/fr\/wp-json\/wp\/v2\/product\/14391","targetHints":{"allow":["GET"]}}],"collection":[{"href":"https:\/\/www.luleey.com\/fr\/wp-json\/wp\/v2\/product"}],"about":[{"href":"https:\/\/www.luleey.com\/fr\/wp-json\/wp\/v2\/types\/product"}],"replies":[{"embeddable":true,"href":"https:\/\/www.luleey.com\/fr\/wp-json\/wp\/v2\/comments?post=14391"}],"wp:featuredmedia":[{"embeddable":true,"href":"https:\/\/www.luleey.com\/fr\/wp-json\/wp\/v2\/media\/14392"}],"wp:attachment":[{"href":"https:\/\/www.luleey.com\/fr\/wp-json\/wp\/v2\/media?parent=14391"}],"wp:term":[{"taxonomy":"product_brand","embeddable":true,"href":"https:\/\/www.luleey.com\/fr\/wp-json\/wp\/v2\/product_brand?post=14391"},{"taxonomy":"product_cat","embeddable":true,"href":"https:\/\/www.luleey.com\/fr\/wp-json\/wp\/v2\/product_cat?post=14391"},{"taxonomy":"product_tag","embeddable":true,"href":"https:\/\/www.luleey.com\/fr\/wp-json\/wp\/v2\/product_tag?post=14391"}],"curies":[{"name":"wp","href":"https:\/\/api.w.org\/{rel}","templated":true}]}}