{"id":14562,"date":"2024-08-11T21:43:03","date_gmt":"2024-08-11T13:43:03","guid":{"rendered":"https:\/\/www.luleey.com\/?post_type=product&#038;p=14562"},"modified":"2024-08-11T21:43:06","modified_gmt":"2024-08-11T13:43:06","slug":"fiber-optic-drop-cable-stripper","status":"publish","type":"product","link":"https:\/\/www.luleey.com\/fr\/produit-2\/fiber-optic-drop-cable-stripper\/","title":{"rendered":"D\u00e9nudeur de c\u00e2bles \u00e0 fibres optiques"},"content":{"rendered":"<h3>Caract\u00e9ristiques<\/h3>\n<ol>\n<li>\n<div>Conception astucieuse, solide et durable.<\/div>\n<\/li>\n<li>\n<div>Peau de c\u00e2ble optique pelable et longueur fixe pelable.<\/div>\n<\/li>\n<li>\n<div>avec positionnement de la longueur, facile \u00e0 utiliser.<\/div>\n<\/li>\n<li>\n<div><span data-spm-anchor-id=\"a2g0o.detail.1000023.i0.5543tOmKtOmKmu\">Petite taille, facile \u00e0 transporter<\/span><\/div>\n<\/li>\n<\/ol>\n<h3>Sp\u00e9cifications<\/h3>\n<table style=\"border-collapse: collapse; width: 100%;\">\n<tbody>\n<tr>\n<td style=\"width: 50%;\">Marque<\/td>\n<td style=\"width: 50%;\">LuLeey<\/td>\n<\/tr>\n<tr>\n<td style=\"width: 50%;\">Nom du produit<\/td>\n<td style=\"width: 50%;\">D\u00e9nudeur de c\u00e2bles \u00e0 fibres optiques<\/td>\n<\/tr>\n<tr>\n<td style=\"width: 50%;\" width=\"222\">Gamme adaptative<\/td>\n<td style=\"width: 50%;\" width=\"72\">C\u00e2ble optique int\u00e9rieur de 3 mm (L) * 2 mm (H) ;<\/td>\n<\/tr>\n<tr>\n<td style=\"width: 50%;\">Fibre optique adaptative<\/td>\n<td style=\"width: 50%;\">Fibre optique \u00e0 1\/2 c\u0153ur ;<\/td>\n<\/tr>\n<tr>\n<td style=\"width: 50%;\">Diam\u00e8tre de rev\u00eatement adaptatif d'une fibre optique<\/td>\n<td style=\"width: 50%;\">\u03a60.25 mm &amp; \u03a60.9 mm ;<\/td>\n<\/tr>\n<tr>\n<td style=\"width: 50%;\">Diam\u00e8tre adaptatif de la gaine d'une fibre optique<\/td>\n<td style=\"width: 50%;\">125\u03bcm<\/td>\n<\/tr>\n<\/tbody>\n<\/table>","protected":false},"excerpt":{"rendered":"<p>\u3010Haute qualit\u00e9\u3011La pince \u00e0 d\u00e9nuder les c\u00e2bles optiques est fabriqu\u00e9e en m\u00e9tal de haute qualit\u00e9 et int\u00e8gre une nouvelle version am\u00e9lior\u00e9e du ressort. La poign\u00e9e en caoutchouc est con\u00e7ue de mani\u00e8re ergonomique, ce qui permet une prise en main confortable, une utilisation facile et une plus grande adaptabilit\u00e9.<br \/>\n\u3010Lame tranchante\u3011La lame est tranchante, ce qui permet de d\u00e9nuder facilement le fil. Elle n'endommagera pas le c\u0153ur de la fibre optique lors du d\u00e9nudage du c\u00e2ble ext\u00e9rieur. La lame n'est pas expos\u00e9e, ce qui emp\u00eache les objets contondants d'entrer en collision avec la lame et de l'endommager. Elle peut \u00e9galement emp\u00eacher la lame de griffer l'utilisateur.<br \/>\n\u3010Applicabilit\u00e9\u3011Adaptive range : C\u00e2ble optique int\u00e9rieur 3mm (W) * 2mm (H) ; Fibre optique adaptative : fibre optique 1\/2 c\u0153ur ; Diam\u00e8tre de rev\u00eatement adaptatif de la fibre optique : \u03a60,25mm &amp; \u03a60,9 ; Diam\u00e8tre de gaine adaptative de la fibre optique : 125\u03bcm.<br \/>\n\u30102.4-inch scale\u3011L'\u00e9chelle d'\u00e9pluchage est claire pour assurer la pr\u00e9cision de la longueur d'\u00e9pluchage. Vous pouvez choisir la longueur d'\u00e9pluchage dont vous avez besoin. Facile \u00e0 utiliser, augmente l'efficacit\u00e9 du travail.<\/p>","protected":false},"featured_media":14563,"comment_status":"open","ping_status":"closed","template":"","meta":[],"product_brand":[],"product_cat":[357],"product_tag":[420],"class_list":{"0":"post-14562","1":"product","2":"type-product","3":"status-publish","4":"has-post-thumbnail","6":"product_cat-fiber-cleavers-and-fiber-strippers","7":"product_tag-fiber-optic-drop-cable-stripper","9":"first","10":"instock","11":"shipping-taxable","12":"purchasable","13":"product-type-simple"},"_links":{"self":[{"href":"https:\/\/www.luleey.com\/fr\/wp-json\/wp\/v2\/product\/14562","targetHints":{"allow":["GET"]}}],"collection":[{"href":"https:\/\/www.luleey.com\/fr\/wp-json\/wp\/v2\/product"}],"about":[{"href":"https:\/\/www.luleey.com\/fr\/wp-json\/wp\/v2\/types\/product"}],"replies":[{"embeddable":true,"href":"https:\/\/www.luleey.com\/fr\/wp-json\/wp\/v2\/comments?post=14562"}],"wp:featuredmedia":[{"embeddable":true,"href":"https:\/\/www.luleey.com\/fr\/wp-json\/wp\/v2\/media\/14563"}],"wp:attachment":[{"href":"https:\/\/www.luleey.com\/fr\/wp-json\/wp\/v2\/media?parent=14562"}],"wp:term":[{"taxonomy":"product_brand","embeddable":true,"href":"https:\/\/www.luleey.com\/fr\/wp-json\/wp\/v2\/product_brand?post=14562"},{"taxonomy":"product_cat","embeddable":true,"href":"https:\/\/www.luleey.com\/fr\/wp-json\/wp\/v2\/product_cat?post=14562"},{"taxonomy":"product_tag","embeddable":true,"href":"https:\/\/www.luleey.com\/fr\/wp-json\/wp\/v2\/product_tag?post=14562"}],"curies":[{"name":"wp","href":"https:\/\/api.w.org\/{rel}","templated":true}]}}