{"id":14567,"date":"2024-08-11T23:10:48","date_gmt":"2024-08-11T15:10:48","guid":{"rendered":"https:\/\/www.luleey.com\/?post_type=product&#038;p=14567"},"modified":"2025-07-25T09:51:04","modified_gmt":"2025-07-25T01:51:04","slug":"lc-upc-adjustable-attenuator","status":"publish","type":"product","link":"https:\/\/www.luleey.com\/fr\/produit-2\/lc-upc-adjustable-attenuator\/","title":{"rendered":"Att\u00e9nuateur r\u00e9glable LC UPC"},"content":{"rendered":"<div class=\"woocommerce-tabs wc-tabs-wrapper\">\n<div id=\"tab-description\" class=\"woocommerce-Tabs-panel woocommerce-Tabs-panel--description panel entry-content wc-tab\" role=\"tabpanel\" aria-labelledby=\"tab-title-description\">\n<h3>Caract\u00e9ristiques<\/h3>\n<ol>\n<li>Att\u00e9nuateur r\u00e9glable LC UPC Bonne r\u00e9p\u00e9tabilit\u00e9, bonne r\u00e9sistance \u00e0 l'usure et bonne stabilit\u00e9 \u00e0 la temp\u00e9rature.<\/li>\n<li>La perte additionnelle moyenne est inf\u00e9rieure \u00e0 0,2 dB et la perte de retour est \u00e9lev\u00e9e.<\/li>\n<li>Le nombre de branchements et de d\u00e9branchements est sup\u00e9rieur \u00e0 1000 fois.<\/li>\n<\/ol>\n<h3>Sp\u00e9cifications<\/h3>\n<table style=\"width: 1288px;\" width=\"598\">\n<tbody>\n<tr>\n<td style=\"width: 454px;\" width=\"211\">Nom de la marque<\/td>\n<td style=\"width: 834px;\" width=\"387\">luleey<\/td>\n<\/tr>\n<tr>\n<td style=\"width: 454px;\" width=\"211\">Nom du produit<\/td>\n<td style=\"width: 834px;\" width=\"387\">Att\u00e9nuateur r\u00e9glable LC UPC<\/td>\n<\/tr>\n<tr>\n<td style=\"width: 454px;\" width=\"211\">Att\u00e9nuation pr\u00e9cise<\/td>\n<td style=\"width: 834px;\" width=\"387\">&lt;=+\/-0.5dB<\/td>\n<\/tr>\n<tr>\n<td style=\"width: 454px;\">Att\u00e9nuation db<\/td>\n<td style=\"width: 834px;\">0-30dB<\/td>\n<\/tr>\n<tr>\n<td style=\"width: 454px;\" width=\"211\">Param\u00e8tres de longueur d'onde<\/td>\n<td style=\"width: 834px;\" width=\"387\">mode unique 1310~1550nm<\/td>\n<\/tr>\n<tr>\n<td style=\"width: 454px;\" width=\"211\">Perte de retour<\/td>\n<td style=\"width: 834px;\" width=\"387\">sup\u00e9rieur ou \u00e9gal \u00e0 60dB<\/td>\n<\/tr>\n<tr>\n<td style=\"width: 454px;\" width=\"211\">Type d'embout<\/td>\n<td style=\"width: 834px;\" width=\"387\">c\u00e9ramique<\/td>\n<\/tr>\n<tr>\n<td style=\"width: 454px;\" width=\"211\">Temp\u00e9rature de travail<\/td>\n<td style=\"width: 834px;\" width=\"387\">-40~80 degr\u00e9s Celsius<\/td>\n<\/tr>\n<tr>\n<td style=\"width: 454px;\" width=\"211\">Temp\u00e9rature de stockage<\/td>\n<td style=\"width: 834px;\">-55~85 degr\u00e9s Celsius<\/td>\n<\/tr>\n<\/tbody>\n<\/table>\n<\/div>\n<\/div>","protected":false},"excerpt":{"rendered":"<div id=\"offer-template-0\">\n<ul>\n<li>Att\u00e9nuateur r\u00e9glable LC UPC Att\u00e9nuation pr\u00e9cise : &lt;=+\/-0.5db<\/li>\n<li>Param\u00e8tres de longueur d'onde : mode unique 1310~1550nm<\/li>\n<li>Perte de retour : &gt;=55dB<\/li>\n<li>Type de virole : c\u00e9ramique<\/li>\n<li>Temp\u00e9rature de fonctionnement : -40~80 degr\u00e9s Celsius<\/li>\n<li data-spm-anchor-id=\"a2g0o.detail.1000023.i0.3fa7bOYTbOYTIX\">Temp\u00e9rature de stockage : -55~85 degr\u00e9s Celsius<\/li>\n<\/ul>\n<\/div>","protected":false},"featured_media":14569,"comment_status":"open","ping_status":"closed","template":"","meta":[],"product_brand":[],"product_cat":[365,788],"product_tag":[394,422],"class_list":{"0":"post-14567","1":"product","2":"type-product","3":"status-publish","4":"has-post-thumbnail","6":"product_cat-optical-adapters-and-flange-connectors-and-attenuator","7":"product_cat-optical-attenuator","8":"product_tag-adjustable-attenuator","9":"product_tag-lc-upc-adjustable-attenuator","11":"first","12":"instock","13":"shipping-taxable","14":"purchasable","15":"product-type-variable"},"_links":{"self":[{"href":"https:\/\/www.luleey.com\/fr\/wp-json\/wp\/v2\/product\/14567","targetHints":{"allow":["GET"]}}],"collection":[{"href":"https:\/\/www.luleey.com\/fr\/wp-json\/wp\/v2\/product"}],"about":[{"href":"https:\/\/www.luleey.com\/fr\/wp-json\/wp\/v2\/types\/product"}],"replies":[{"embeddable":true,"href":"https:\/\/www.luleey.com\/fr\/wp-json\/wp\/v2\/comments?post=14567"}],"wp:featuredmedia":[{"embeddable":true,"href":"https:\/\/www.luleey.com\/fr\/wp-json\/wp\/v2\/media\/14569"}],"wp:attachment":[{"href":"https:\/\/www.luleey.com\/fr\/wp-json\/wp\/v2\/media?parent=14567"}],"wp:term":[{"taxonomy":"product_brand","embeddable":true,"href":"https:\/\/www.luleey.com\/fr\/wp-json\/wp\/v2\/product_brand?post=14567"},{"taxonomy":"product_cat","embeddable":true,"href":"https:\/\/www.luleey.com\/fr\/wp-json\/wp\/v2\/product_cat?post=14567"},{"taxonomy":"product_tag","embeddable":true,"href":"https:\/\/www.luleey.com\/fr\/wp-json\/wp\/v2\/product_tag?post=14567"}],"curies":[{"name":"wp","href":"https:\/\/api.w.org\/{rel}","templated":true}]}}