{"id":14650,"date":"2024-08-18T00:02:46","date_gmt":"2024-08-17T16:02:46","guid":{"rendered":"https:\/\/www.luleey.com\/?post_type=product&#038;p=14650"},"modified":"2024-08-18T00:05:39","modified_gmt":"2024-08-17T16:05:39","slug":"5pcs-l925b-universal-fiber-optic-cold-splices","status":"publish","type":"product","link":"https:\/\/www.luleey.com\/fr\/produit-2\/5pcs-l925b-universal-fiber-optic-cold-splices\/","title":{"rendered":"5pcs L925B Universal Fiber Optic Cold Splices (\u00e9pissures \u00e0 froid)"},"content":{"rendered":"<h3>Caract\u00e9ristiques<\/h3>\n<ol>\n<li>La conception est excellente, la pr\u00e9cision de la fibre optique est \u00e9lev\u00e9e, les indicateurs techniques sont excellents.<\/li>\n<li>la structure de base : la conception de la structure de la bo\u00eete, une bonne performance d'\u00e9tanch\u00e9it\u00e9, le fluide correspondant n'est pas facile \u00e0 perdre, la r\u00e9sistance aux intemp\u00e9ries est forte.<\/li>\n<li>c\u00e2ble optique applicable : convient \u00e0 toute combinaison de fibre optique de 0,25 mm et de fibre optique de 0,9 mm.<\/li>\n<li>simplicit\u00e9 d'utilisation, rapidit\u00e9 de construction, taux de r\u00e9ussite \u00e9lev\u00e9 de l'installation, longue dur\u00e9e de vie, entretien simple et pratique par la suite.<\/li>\n<li>application : pour l'ing\u00e9nierie FTTH et la r\u00e9paration de c\u00e2bles optiques.<\/li>\n<\/ol>\n<h3>Sp\u00e9cifications<\/h3>\n<table width=\"598\">\n<tbody>\n<tr>\n<td width=\"211\">Nom de la marque<\/td>\n<td width=\"387\">LuLeey<\/td>\n<\/tr>\n<tr>\n<td width=\"211\">Origine<\/td>\n<td width=\"387\">Chine continentale<\/td>\n<\/tr>\n<tr>\n<td>Nom du produit<\/td>\n<td width=\"387\">L925B \u00c9pissures \u00e0 froid universelles pour fibres optiques<\/td>\n<\/tr>\n<tr>\n<td>Domaine d'utilisation<\/td>\n<td>\u00a00,25 mm\/0,90 mm<\/td>\n<\/tr>\n<tr>\n<td>Diam\u00e8tre de la fibre<\/td>\n<td>125\u03bcm(657A&amp;657B)<\/td>\n<\/tr>\n<tr>\n<td>Diam\u00e8tre compact<\/td>\n<td>\u00a0250\u03bcm&amp;900\u03bcm<\/td>\n<\/tr>\n<tr>\n<td>Mod\u00e8le applicable<\/td>\n<td>\u00a0Mode unique et multimode<\/td>\n<\/tr>\n<tr>\n<td>Perte d'insertion<\/td>\n<td>\u00a0\u22640.10dB<\/td>\n<\/tr>\n<tr>\n<td>Perte de retour<\/td>\n<td>\u00a0\u2264-40dB<\/td>\n<\/tr>\n<tr>\n<td>Force de serrage des fibres nues<\/td>\n<td>\uff1e5N<\/td>\n<\/tr>\n<tr>\n<td>Force d'enroulement serr\u00e9e<\/td>\n<td>\u00a0\uff1e8N<\/td>\n<\/tr>\n<tr>\n<td>Temp\u00e9rature d'utilisation<\/td>\n<td>\u00a0-40~75\u2103<\/td>\n<\/tr>\n<\/tbody>\n<\/table>","protected":false},"excerpt":{"rendered":"<p><span class=\"a-list-item\">\u3010Feature\u3011L925B Universal Fiber Optic Cold Splices, Ceramic core, Insertion Loss : 50dB. Haute r\u00e9p\u00e9tabilit\u00e9, insertion et extraction&gt;10 fois.<\/span><\/p>\n<p><span class=\"a-list-item\">\u3010Easy to install\u3011including fiber guide mechanism, more convenient to wear fiber. L'emballage contient les instructions d'installation.<\/span><\/p>\n<p><span class=\"a-list-item\">\u3010Material\u3011Made of high performance materials, more durabler, resistant to high temperature and falling.<\/span><\/p>\n<p><span class=\"a-list-item\">\u3010Application\u3011Convient pour les fibres nues de 0,25 mm ou les pigtails de 0,9 mm.<\/span><\/p>","protected":false},"featured_media":14651,"comment_status":"open","ping_status":"closed","template":"","meta":[],"product_brand":[],"product_cat":[368],"product_tag":[427],"class_list":{"0":"post-14650","1":"product","2":"type-product","3":"status-publish","4":"has-post-thumbnail","6":"product_cat-quick-connector-and-connector-panel","7":"product_tag-l925b","9":"first","10":"instock","11":"shipping-taxable","12":"purchasable","13":"product-type-simple"},"_links":{"self":[{"href":"https:\/\/www.luleey.com\/fr\/wp-json\/wp\/v2\/product\/14650","targetHints":{"allow":["GET"]}}],"collection":[{"href":"https:\/\/www.luleey.com\/fr\/wp-json\/wp\/v2\/product"}],"about":[{"href":"https:\/\/www.luleey.com\/fr\/wp-json\/wp\/v2\/types\/product"}],"replies":[{"embeddable":true,"href":"https:\/\/www.luleey.com\/fr\/wp-json\/wp\/v2\/comments?post=14650"}],"wp:featuredmedia":[{"embeddable":true,"href":"https:\/\/www.luleey.com\/fr\/wp-json\/wp\/v2\/media\/14651"}],"wp:attachment":[{"href":"https:\/\/www.luleey.com\/fr\/wp-json\/wp\/v2\/media?parent=14650"}],"wp:term":[{"taxonomy":"product_brand","embeddable":true,"href":"https:\/\/www.luleey.com\/fr\/wp-json\/wp\/v2\/product_brand?post=14650"},{"taxonomy":"product_cat","embeddable":true,"href":"https:\/\/www.luleey.com\/fr\/wp-json\/wp\/v2\/product_cat?post=14650"},{"taxonomy":"product_tag","embeddable":true,"href":"https:\/\/www.luleey.com\/fr\/wp-json\/wp\/v2\/product_tag?post=14650"}],"curies":[{"name":"wp","href":"https:\/\/api.w.org\/{rel}","templated":true}]}}