{"id":14657,"date":"2024-08-18T00:20:36","date_gmt":"2024-08-17T16:20:36","guid":{"rendered":"https:\/\/www.luleey.com\/?post_type=product&#038;p=14657"},"modified":"2024-08-18T00:35:25","modified_gmt":"2024-08-17T16:35:25","slug":"5pcs-l925bp-optical-fiber-cold-connector","status":"publish","type":"product","link":"https:\/\/www.luleey.com\/fr\/produit-2\/5pcs-l925bp-optical-fiber-cold-connector\/","title":{"rendered":"5pcs L925BP Connecteur froid pour fibre optique\u00a0"},"content":{"rendered":"<h3>Caract\u00e9ristiques<\/h3>\n<ol>\n<li>La conception est excellente, la pr\u00e9cision de la fibre optique est \u00e9lev\u00e9e, les indicateurs techniques sont excellents.<\/li>\n<li>la structure de base : la conception de la structure de la bo\u00eete, une bonne performance d'\u00e9tanch\u00e9it\u00e9, le fluide correspondant n'est pas facile \u00e0 perdre, la r\u00e9sistance aux intemp\u00e9ries est forte.<\/li>\n<li>c\u00e2ble optique applicable : convient \u00e0 toute combinaison de fibre optique de 0,25 mm et de fibre optique de 0,9 mm.<\/li>\n<li>simplicit\u00e9 d'utilisation, rapidit\u00e9 de construction, taux de r\u00e9ussite \u00e9lev\u00e9 de l'installation, longue dur\u00e9e de vie, entretien simple et pratique par la suite.<\/li>\n<li>application : pour l'ing\u00e9nierie FTTH et la r\u00e9paration de c\u00e2bles optiques.<\/li>\n<\/ol>\n<h3>Sp\u00e9cifications<\/h3>\n<table width=\"598\">\n<tbody>\n<tr>\n<td width=\"211\">Nom de la marque<\/td>\n<td width=\"387\">LuLeey<\/td>\n<\/tr>\n<tr>\n<td width=\"211\">Origine<\/td>\n<td width=\"387\">Chine continentale<\/td>\n<\/tr>\n<tr>\n<td>Nom du produit<\/td>\n<td>L925BP Connecteur froid pour fibre optique<\/td>\n<\/tr>\n<tr>\n<td>CHAMP D'APPLICATION<\/td>\n<td>\u00a0250\u03bcm&amp;900\u03bcm<\/td>\n<\/tr>\n<tr>\n<td>Mod\u00e8le applicable<\/td>\n<td>\u00a0Mode unique\/multi-mode<\/td>\n<\/tr>\n<tr>\n<td>Domaine d'utilisation<\/td>\n<td>125\u03bcm(657A&amp;657B)<\/td>\n<\/tr>\n<tr>\n<td>Perte d'insertion<\/td>\n<td>\u00a0\u22640.10ddB<\/td>\n<\/tr>\n<tr>\n<td>Perte de retour<\/td>\n<td>\u00a0\u2265-40dB<\/td>\n<\/tr>\n<tr>\n<td>Temp\u00e9rature d'utilisation<\/td>\n<td>\u00a0-40-75\u00b0 C<\/td>\n<\/tr>\n<\/tbody>\n<\/table>","protected":false},"excerpt":{"rendered":"<p><span class=\"a-list-item\">\u3010Attention\u3011Avant d'acheter et d'utiliser cette \u00e9pissure \u00e0 froid pour fibre optique L925BP, vous devez disposer d'outils professionnels : pince \u00e0 d\u00e9nuder les fibres optiques, dispositif de r\u00e9glage de la longueur, coupeur de fibres optiques. Il est recommand\u00e9 de bien comprendre les \u00e9tapes d'utilisation.<\/span><\/p>\n<p><span class=\"a-list-item\">\u3010Fibre Optic Splice\u3011L925BP connecteur d'\u00e9pissure rapide pour fibre optique \u00e0 noyau unique.Prolonger ou r\u00e9parer deux fibres optiques monomodes ou multimodes de 125\u03bcm en les amarrant par la m\u00e9thode d'\u00e9pissure \u00e0 froid (par exemple 9\/125\u03bcm, 50\/125\u03bcm, 62,5\/125\u03bcm). Convient pour un diam\u00e8tre ext\u00e9rieur de c\u00e2ble \u2264 \u03a62mm.<\/span><\/p>\n<p><span class=\"a-list-item\">\u3010Low Loss\u3011125\u03bcm \u00e9pissure \u00e0 froid pour fibre optique \u00e0 usage g\u00e9n\u00e9ral. Performance stable, faible perte d'insertion. Perte d'insertion : \u22640,10dB, perte de retour : \u2264-40dB.<\/span><\/p>\n<p><span class=\"a-list-item\">\u3010Low Cost and Reusable\u3011L925BP connecteur d'\u00e9pissure rapide pour fibre nue. Convient \u00e0 tous les types d'environnement d'\u00e9pissage \u00e0 froid de la fibre optique, pas d'\u00e9pisseur par fusion, op\u00e9ration simple et rapide, faible co\u00fbt d'\u00e9pissage et r\u00e9utilisable.<\/span><\/p>\n<p><span class=\"a-list-item\">\u3010Quick Installation\u3011125\u03bcm connecteur d'\u00e9pissure rapide pour fibre nue simple. La base est \u00e9quip\u00e9e d'un m\u00e9canisme de guidage de la fibre pour une insertion rapide et facile de la fibre nue, et le c\u00e2ble peut \u00eatre serr\u00e9 aux deux extr\u00e9mit\u00e9s pour une installation facile, et le couvercle sup\u00e9rieur peut \u00eatre prot\u00e9g\u00e9.<\/span><\/p>","protected":false},"featured_media":14658,"comment_status":"open","ping_status":"closed","template":"","meta":[],"product_brand":[],"product_cat":[368],"product_tag":[428],"class_list":{"0":"post-14657","1":"product","2":"type-product","3":"status-publish","4":"has-post-thumbnail","6":"product_cat-quick-connector-and-connector-panel","7":"product_tag-l925bp","9":"first","10":"instock","11":"shipping-taxable","12":"purchasable","13":"product-type-simple"},"_links":{"self":[{"href":"https:\/\/www.luleey.com\/fr\/wp-json\/wp\/v2\/product\/14657","targetHints":{"allow":["GET"]}}],"collection":[{"href":"https:\/\/www.luleey.com\/fr\/wp-json\/wp\/v2\/product"}],"about":[{"href":"https:\/\/www.luleey.com\/fr\/wp-json\/wp\/v2\/types\/product"}],"replies":[{"embeddable":true,"href":"https:\/\/www.luleey.com\/fr\/wp-json\/wp\/v2\/comments?post=14657"}],"wp:featuredmedia":[{"embeddable":true,"href":"https:\/\/www.luleey.com\/fr\/wp-json\/wp\/v2\/media\/14658"}],"wp:attachment":[{"href":"https:\/\/www.luleey.com\/fr\/wp-json\/wp\/v2\/media?parent=14657"}],"wp:term":[{"taxonomy":"product_brand","embeddable":true,"href":"https:\/\/www.luleey.com\/fr\/wp-json\/wp\/v2\/product_brand?post=14657"},{"taxonomy":"product_cat","embeddable":true,"href":"https:\/\/www.luleey.com\/fr\/wp-json\/wp\/v2\/product_cat?post=14657"},{"taxonomy":"product_tag","embeddable":true,"href":"https:\/\/www.luleey.com\/fr\/wp-json\/wp\/v2\/product_tag?post=14657"}],"curies":[{"name":"wp","href":"https:\/\/api.w.org\/{rel}","templated":true}]}}