{"id":14665,"date":"2024-08-18T21:29:31","date_gmt":"2024-08-18T13:29:31","guid":{"rendered":"https:\/\/www.luleey.com\/?post_type=product&#038;p=14665"},"modified":"2024-08-18T21:34:15","modified_gmt":"2024-08-18T13:34:15","slug":"s09-high-precision-optical-fiber-cleaver","status":"publish","type":"product","link":"https:\/\/www.luleey.com\/fr\/produit-2\/s09-high-precision-optical-fiber-cleaver\/","title":{"rendered":"S09 Coupe-fibre optique de haute pr\u00e9cision"},"content":{"rendered":"<h3>Caract\u00e9ristiques<\/h3>\n<ol>\n<li><span class=\"a-text-bold\">Le coupe-fibres de pr\u00e9cision Tools S09 est con\u00e7u pour assurer un clivage pr\u00e9cis et la pr\u00e9paration des fibres pour l'\u00e9pissage des fibres rev\u00eatues de 250 \u00b5m, 900 \u00b5m et 3,0 mm.<\/span><\/li>\n<li><span class=\"a-text-bold\">Comprend un bac \u00e0 fibres int\u00e9gr\u00e9<\/span><\/li>\n<li><span class=\"a-text-bold\">Longue dur\u00e9e de vie de 48 000 coupes avec des lames \u00e0 16 positions<\/span><\/li>\n<li><span class=\"a-text-bold\">Support d'\u00e9chelle pour des longueurs de coupe pr\u00e9cises de 8 \u00e0 20 mm (0.31\u2033 \u00e0 0.78\u2033)<\/span><\/li>\n<li><span class=\"a-text-bold\">Fournit un angle de clivage inf\u00e9rieur \u00e0 0,5\u00b0 pour une pr\u00e9paration optimale des fibres en vue de l'\u00e9pissage<\/span><\/li>\n<li><span class=\"a-text-bold\">Conception l\u00e9g\u00e8re et robuste pour une durabilit\u00e9 \u00e0 long terme<\/span><\/li>\n<\/ol>\n<h3>Sp\u00e9cifications<\/h3>\n<table width=\"598\">\n<tbody>\n<tr>\n<td width=\"211\">Nom de la marque<\/td>\n<td width=\"387\">LuLeey<\/td>\n<\/tr>\n<tr>\n<td width=\"211\">Origine<\/td>\n<td width=\"387\">Chine continentale<\/td>\n<\/tr>\n<tr>\n<td>Nom du produit<\/td>\n<td width=\"387\">S09 Coupe-fibre optique de haute pr\u00e9cision<\/td>\n<\/tr>\n<tr>\n<td>Mat\u00e9riau<\/td>\n<td>Alliage de magn\u00e9sium<\/td>\n<\/tr>\n<tr>\n<td>Couleur<\/td>\n<td>L'or<\/td>\n<\/tr>\n<tr>\n<td>Dimensions du produit<\/td>\n<td>60*59*51mm<\/td>\n<\/tr>\n<tr>\n<td>Diam\u00e8tre du rev\u00eatement<\/td>\n<td>80-150\u03bcm<\/td>\n<\/tr>\n<tr>\n<td>Longueur de coupe<\/td>\n<td>Fibre \u00e0 noyau unique 8-20mm<\/td>\n<\/tr>\n<tr>\n<td>Convient pour les c\u00e2bles \u00e0 fibres optiques<\/td>\n<td>Fibre monoconductrice 250\u03bcm, 900\u03bcm, 3.0mm, c\u00e2ble cuir int\u00e9rieur<\/td>\n<\/tr>\n<tr>\n<td>Poids de l'article<\/td>\n<td>0,3 kg<\/td>\n<\/tr>\n<tr>\n<td>Dur\u00e9e de vie de la lame<\/td>\n<td>3000*16;D\u00e9coupage 1000 fois pour ajuster la hauteur une fois, chaque \u00e9chelle peut \u00eatre ajust\u00e9e 3 fois la hauteur, un total de 16 \u00e9chelles.<\/td>\n<\/tr>\n<tr>\n<td>Retour automatique de la lame :<\/td>\n<td>Oui<\/td>\n<\/tr>\n<tr>\n<td>Angle de clivage moyen<\/td>\n<td>\uff1c0.5\u00b0<\/td>\n<\/tr>\n<tr>\n<td>Tapis en caoutchouc antid\u00e9rapant<\/td>\n<td>Soutien<\/td>\n<\/tr>\n<tr>\n<td>Outil \u00e0 douille hexagonale<\/td>\n<td>Inclus<\/td>\n<\/tr>\n<tr>\n<td>Bo\u00eete \u00e0 fibres usag\u00e9es<\/td>\n<td>Inclus<\/td>\n<\/tr>\n<tr>\n<td>\u00c9tui de protection<\/td>\n<td>Inclus<\/td>\n<\/tr>\n<\/tbody>\n<\/table>","protected":false},"excerpt":{"rendered":"<ul>\n<li><span class=\"a-list-item\">Coupe de pr\u00e9cision : Fournit une fente avec un angle de coupe inf\u00e9rieur \u00e0 0,5\u00b0 pour une pr\u00e9paration optimale des fibres pour l'\u00e9pissage par fusion.<\/span><\/li>\n<li><span class=\"a-list-item\">Porte-fibre int\u00e9gr\u00e9 : Le coupe-fibre peut contenir des fibres simples de 250\u00b5m, 900\u00b5m et 3.0mm avec une \u00e9chelle lisible pour des longueurs de coupe pr\u00e9cises de 5 \u00e0 25mm.<\/span><\/li>\n<li><span class=\"a-list-item\">Utilisation polyvalente : Id\u00e9al pour les applications d'\u00e9pissure sur le terrain, les camions d'\u00e9pissure, les laboratoires, les techniciens de la fibre, les \u00e9pisseurs de fibre et tous ceux qui ont besoin de couper un c\u00e2ble de fibre optique avant d'effectuer une \u00e9pissure par fusion.<\/span><\/li>\n<li><span class=\"a-list-item\">Durabilit\u00e9 : La conception l\u00e9g\u00e8re et robuste augmente la durabilit\u00e9. Facile \u00e0 d\u00e9monter et \u00e0 utiliser, ce qui permet de remplacer facilement les lames.<\/span><\/li>\n<li><span class=\"a-list-item\">Dur\u00e9e de vie de la lame : 48000 fois (3000*16) .<\/span><\/li>\n<\/ul>","protected":false},"featured_media":14668,"comment_status":"open","ping_status":"closed","template":"","meta":[],"product_brand":[],"product_cat":[357],"product_tag":[431,432],"class_list":{"0":"post-14665","1":"product","2":"type-product","3":"status-publish","4":"has-post-thumbnail","6":"product_cat-fiber-cleavers-and-fiber-strippers","7":"product_tag-optical-fiber-cleaver","8":"product_tag-s09","10":"first","11":"instock","12":"shipping-taxable","13":"purchasable","14":"product-type-variable"},"_links":{"self":[{"href":"https:\/\/www.luleey.com\/fr\/wp-json\/wp\/v2\/product\/14665","targetHints":{"allow":["GET"]}}],"collection":[{"href":"https:\/\/www.luleey.com\/fr\/wp-json\/wp\/v2\/product"}],"about":[{"href":"https:\/\/www.luleey.com\/fr\/wp-json\/wp\/v2\/types\/product"}],"replies":[{"embeddable":true,"href":"https:\/\/www.luleey.com\/fr\/wp-json\/wp\/v2\/comments?post=14665"}],"wp:featuredmedia":[{"embeddable":true,"href":"https:\/\/www.luleey.com\/fr\/wp-json\/wp\/v2\/media\/14668"}],"wp:attachment":[{"href":"https:\/\/www.luleey.com\/fr\/wp-json\/wp\/v2\/media?parent=14665"}],"wp:term":[{"taxonomy":"product_brand","embeddable":true,"href":"https:\/\/www.luleey.com\/fr\/wp-json\/wp\/v2\/product_brand?post=14665"},{"taxonomy":"product_cat","embeddable":true,"href":"https:\/\/www.luleey.com\/fr\/wp-json\/wp\/v2\/product_cat?post=14665"},{"taxonomy":"product_tag","embeddable":true,"href":"https:\/\/www.luleey.com\/fr\/wp-json\/wp\/v2\/product_tag?post=14665"}],"curies":[{"name":"wp","href":"https:\/\/api.w.org\/{rel}","templated":true}]}}