{"id":14676,"date":"2024-08-18T21:55:40","date_gmt":"2024-08-18T13:55:40","guid":{"rendered":"https:\/\/www.luleey.com\/?post_type=product&#038;p=14676"},"modified":"2025-02-18T10:42:59","modified_gmt":"2025-02-18T02:42:59","slug":"original-fusion-splicer-electrodes-for-ai-6a-6cai-7-7s-7c-7vai-8-8cai-s9ai-10a","status":"publish","type":"product","link":"https:\/\/www.luleey.com\/fr\/produit-2\/original-fusion-splicer-electrodes-for-ai-6a-6cai-7-7s-7c-7vai-8-8cai-s9ai-10a\/","title":{"rendered":"\u00c9lectrodes originales pour \u00e9pissureur par fusion pour AI-6A\/6C, AI-7\/7S\/7C\/7V, AI-8\/8C, AI-S9, AI-10A"},"content":{"rendered":"<h3>Caract\u00e9ristiques<\/h3>\n<ol>\n<li class=\"a-spacing-base\"><span class=\"a-text-bold\">Electrodes de remplacement pour \u00e9pisseur de fibres AI-6A\/6C, AI-7\/7S\/7C\/7V, AI-8\/8C, AI-S9, AI-10A<\/span><\/li>\n<li class=\"a-spacing-base\"><span class=\"a-text-bold\">Chaque \u00e9lectrode est fabriqu\u00e9e pour d\u00e9passer les sp\u00e9cifications requises pour l'industrie de la fibre optique.<\/span><\/li>\n<li class=\"a-spacing-base\"><span class=\"a-text-bold\">Les \u00e9lectrodes des \u00e9pisseurs par fusion peuvent augmenter la productivit\u00e9 en limitant les reprises.<\/span><\/li>\n<li class=\"a-spacing-base\"><span class=\"a-text-bold\">\u00c9lectrodes \u00e0 longue dur\u00e9e de vie 3000 fois par \u00e9pissure.<\/span><\/li>\n<li class=\"a-spacing-base\"><span class=\"a-text-bold\">Petite taille, facile \u00e0 transporter et \u00e0 ranger.<\/span><\/li>\n<li class=\"a-spacing-base\"><span class=\"a-text-bold\">Facile \u00e0 installer, faites attention \u00e0 l'embout qui peut blesser vos mains lors de l'installation.<\/span><\/li>\n<\/ol>\n<p>Entretien : Utiliser une lame de rasoir pour gratter d\u00e9licatement le carbone des \u00e9lectrodes.<\/p>\n<h3>Sp\u00e9cifications<\/h3>\n<table width=\"598\">\n<tbody>\n<tr>\n<td width=\"211\">Nom de la marque<\/td>\n<td width=\"387\">LuLeey<\/td>\n<\/tr>\n<tr>\n<td width=\"211\">Origine<\/td>\n<td width=\"387\">Chine continentale<\/td>\n<\/tr>\n<tr>\n<td width=\"211\">Nom du produit<\/td>\n<td width=\"387\">\u00c9lectrodes pour \u00e9pissureur par fusion pour AI-6A\/6C, AI-7\/7S\/7C\/7V, AI-8\/8C, AI-S9, AI-10A<\/td>\n<\/tr>\n<tr>\n<td width=\"211\">Mat\u00e9riau<\/td>\n<td width=\"387\">acier au tungst\u00e8ne<\/td>\n<\/tr>\n<tr>\n<td width=\"211\">Utilisation<\/td>\n<td width=\"387\">environ 3000 fois<\/td>\n<\/tr>\n<tr>\n<td>Nombre d'articles<\/td>\n<td>1 paire<\/td>\n<\/tr>\n<\/tbody>\n<\/table>","protected":false},"excerpt":{"rendered":"<ul>\n<li class=\"a-spacing-mini\"><span class=\"a-list-item\">\u00c9lectrodes \u00e0 longue dur\u00e9e de vie 3000 fois par \u00e9pissure.<\/span><\/li>\n<li class=\"a-spacing-mini\"><span class=\"a-list-item\">Chaque \u00e9lectrode est fabriqu\u00e9e pour d\u00e9passer les sp\u00e9cifications requises pour l'industrie de la fibre optique.<\/span><\/li>\n<li class=\"a-spacing-mini\"><span class=\"a-list-item\">Les \u00e9lectrodes des \u00e9pisseurs par fusion peuvent augmenter la productivit\u00e9 en limitant les reprises.<\/span><\/li>\n<li class=\"a-spacing-mini\"><span class=\"a-list-item\">Facile \u00e0 installer, faites attention \u00e0 l'embout qui peut blesser vos mains lors de l'installation.<\/span><\/li>\n<li class=\"a-spacing-mini\"><span class=\"a-list-item\">Un choix parfait pour votre usage quotidien. Electrodes pour \u00e9pisseur par fusion Electrodes pour \u00e9pisseur par fusion AI-6A\/6C,AI-7\/7S\/7C\/7V,AI-8\/8C,AI-S9,AI-10A (une paire)<\/span><\/li>\n<li><\/li>\n<\/ul>","protected":false},"featured_media":14678,"comment_status":"open","ping_status":"closed","template":"","meta":[],"product_brand":[],"product_cat":[790],"product_tag":[438,435,434,436,433],"class_list":{"0":"post-14676","1":"product","2":"type-product","3":"status-publish","4":"has-post-thumbnail","6":"product_cat-fiber-optic-fusion-splicer","7":"product_tag-ai-10a","8":"product_tag-ai-7c","9":"product_tag-ai-8c","10":"product_tag-ai-s9","11":"product_tag-fusion-splicer-electrodes","13":"first","14":"instock","15":"shipping-taxable","16":"purchasable","17":"product-type-simple"},"_links":{"self":[{"href":"https:\/\/www.luleey.com\/fr\/wp-json\/wp\/v2\/product\/14676","targetHints":{"allow":["GET"]}}],"collection":[{"href":"https:\/\/www.luleey.com\/fr\/wp-json\/wp\/v2\/product"}],"about":[{"href":"https:\/\/www.luleey.com\/fr\/wp-json\/wp\/v2\/types\/product"}],"replies":[{"embeddable":true,"href":"https:\/\/www.luleey.com\/fr\/wp-json\/wp\/v2\/comments?post=14676"}],"wp:featuredmedia":[{"embeddable":true,"href":"https:\/\/www.luleey.com\/fr\/wp-json\/wp\/v2\/media\/14678"}],"wp:attachment":[{"href":"https:\/\/www.luleey.com\/fr\/wp-json\/wp\/v2\/media?parent=14676"}],"wp:term":[{"taxonomy":"product_brand","embeddable":true,"href":"https:\/\/www.luleey.com\/fr\/wp-json\/wp\/v2\/product_brand?post=14676"},{"taxonomy":"product_cat","embeddable":true,"href":"https:\/\/www.luleey.com\/fr\/wp-json\/wp\/v2\/product_cat?post=14676"},{"taxonomy":"product_tag","embeddable":true,"href":"https:\/\/www.luleey.com\/fr\/wp-json\/wp\/v2\/product_tag?post=14676"}],"curies":[{"name":"wp","href":"https:\/\/api.w.org\/{rel}","templated":true}]}}