{"id":14738,"date":"2024-08-25T21:15:32","date_gmt":"2024-08-25T13:15:32","guid":{"rendered":"https:\/\/www.luleey.com\/?post_type=product&#038;p=14738"},"modified":"2025-06-19T22:25:31","modified_gmt":"2025-06-19T14:25:31","slug":"fttr-indoor-transparent-fiber-optic-cable","status":"publish","type":"product","link":"https:\/\/www.luleey.com\/fr\/produit-2\/fttr-indoor-transparent-fiber-optic-cable\/","title":{"rendered":"FTTR C\u00e2ble \u00e0 fibres optiques transparent pour l'int\u00e9rieur,G657A2"},"content":{"rendered":"<h3>Caract\u00e9ristiques<\/h3>\n<ol class=\"a-unordered-list a-vertical\">\n<li>Faible perte d'insertion pour les inserts de classe A<\/li>\n<li>Transmission plus rapide et plus stable gr\u00e2ce aux inserts de classe A<\/li>\n<li>Transparent et incolore, beau et facile \u00e0 cacher<\/li>\n<li>Le c\u00e2ble en fibre optique est robuste et r\u00e9sistant \u00e0 la flexion<\/li>\n<\/ol>\n<h3>Sp\u00e9cifications<\/h3>\n<table width=\"598\">\n<tbody>\n<tr>\n<td width=\"211\">Nom de la marque<\/td>\n<td width=\"387\">LuLeey<\/td>\n<\/tr>\n<tr>\n<td width=\"211\">Origine<\/td>\n<td width=\"387\">Chine continentale<\/td>\n<\/tr>\n<tr>\n<td>Nom du produit<\/td>\n<td width=\"387\">FTTR C\u00e2ble \u00e0 fibres optiques transparent pour l'int\u00e9rieur<\/td>\n<\/tr>\n<tr>\n<td>Mat\u00e9riau<\/td>\n<td>G657.A2<\/td>\n<\/tr>\n<tr>\n<td>Couleur<\/td>\n<td>pas de couleur<\/td>\n<\/tr>\n<tr>\n<td>Dimensions du produit<\/td>\n<td>0,9 mm<\/td>\n<\/tr>\n<tr>\n<td>Connecteur<\/td>\n<td>SCAPC SCUPC FCAPC LCUPC sans t\u00eate<\/td>\n<\/tr>\n<tr>\n<td>Longueur du c\u00e2ble<\/td>\n<td>1m-2km<\/td>\n<\/tr>\n<tr>\n<td>Perte d'insertion<\/td>\n<td>\u2264 0,3dB<\/td>\n<\/tr>\n<\/tbody>\n<\/table>","protected":false},"excerpt":{"rendered":"<ul>\n<li>FTTR Indoor Transparent Fiber Optic Cable Transparent No Color.<\/li>\n<li>Le c\u00e2ble int\u00e9rieur \u00e0 fibre optique est plus rapide que le c\u00e2ble r\u00e9seau, pr\u00e9sente une faible perte et permet de parcourir de tr\u00e8s longues distances.<\/li>\n<li>G657.Fibre A2, bonne flexibilit\u00e9.<\/li>\n<\/ul>","protected":false},"featured_media":14819,"comment_status":"open","ping_status":"closed","template":"","meta":[],"product_brand":[],"product_cat":[364],"product_tag":[462,1055,461],"class_list":{"0":"post-14738","1":"product","2":"type-product","3":"status-publish","4":"has-post-thumbnail","6":"product_cat-optic-cables-and-fiber-pigtails","7":"product_tag-fttr","8":"product_tag-g657a2","9":"product_tag-transparent-fiber-optic-cable","11":"first","12":"instock","13":"shipping-taxable","14":"purchasable","15":"product-type-variable"},"_links":{"self":[{"href":"https:\/\/www.luleey.com\/fr\/wp-json\/wp\/v2\/product\/14738","targetHints":{"allow":["GET"]}}],"collection":[{"href":"https:\/\/www.luleey.com\/fr\/wp-json\/wp\/v2\/product"}],"about":[{"href":"https:\/\/www.luleey.com\/fr\/wp-json\/wp\/v2\/types\/product"}],"replies":[{"embeddable":true,"href":"https:\/\/www.luleey.com\/fr\/wp-json\/wp\/v2\/comments?post=14738"}],"wp:featuredmedia":[{"embeddable":true,"href":"https:\/\/www.luleey.com\/fr\/wp-json\/wp\/v2\/media\/14819"}],"wp:attachment":[{"href":"https:\/\/www.luleey.com\/fr\/wp-json\/wp\/v2\/media?parent=14738"}],"wp:term":[{"taxonomy":"product_brand","embeddable":true,"href":"https:\/\/www.luleey.com\/fr\/wp-json\/wp\/v2\/product_brand?post=14738"},{"taxonomy":"product_cat","embeddable":true,"href":"https:\/\/www.luleey.com\/fr\/wp-json\/wp\/v2\/product_cat?post=14738"},{"taxonomy":"product_tag","embeddable":true,"href":"https:\/\/www.luleey.com\/fr\/wp-json\/wp\/v2\/product_tag?post=14738"}],"curies":[{"name":"wp","href":"https:\/\/api.w.org\/{rel}","templated":true}]}}