{"id":14824,"date":"2024-08-26T22:51:44","date_gmt":"2024-08-26T14:51:44","guid":{"rendered":"https:\/\/www.luleey.com\/?post_type=product&#038;p=14824"},"modified":"2024-12-16T09:25:01","modified_gmt":"2024-12-16T01:25:01","slug":"e2000-apc-e2000-apc-flange-coupler","status":"publish","type":"product","link":"https:\/\/www.luleey.com\/fr\/produit-2\/e2000-apc-e2000-apc-flange-coupler\/","title":{"rendered":"E2000 Coupleur \u00e0 bride SCAPC\/UPC 5pcs"},"content":{"rendered":"<h3>Caract\u00e9ristiques<\/h3>\n<ol class=\"a-unordered-list a-vertical\">\n<li class=\"a-spacing-mini\"><span class=\"a-list-item\">Lot de 5 coupleurs \u00e0 bride E2000<\/span><\/li>\n<li class=\"a-spacing-mini\"><span class=\"a-list-item\">Plug and Play, <\/span><span class=\"a-list-item\">Facile \u00e0 utiliser<\/span><\/li>\n<li class=\"a-spacing-mini\">Dispositif de soupape \u00e0 ressort : le dispositif de tension se bloque compl\u00e8tement lorsque le connecteur est ins\u00e9r\u00e9 et la soupape \u00e0 ressort se ferme automatiquement lorsque le connecteur est retir\u00e9.<\/li>\n<li class=\"a-spacing-mini\">Stable et reproductible : largement utilis\u00e9 dans les r\u00e9partiteurs de fibres optiques, les \u00e9quipements de communication optique, etc.<\/li>\n<li class=\"a-spacing-mini\">Faible perte, perte de retour \u00e9lev\u00e9e : il peut supprimer efficacement le bruit de boucle et isoler d'autres types d'interf\u00e9rences de signaux.<\/li>\n<\/ol>\n<h3>Sp\u00e9cifications<\/h3>\n<table width=\"598\">\n<tbody>\n<tr>\n<td width=\"211\">Nom de la marque<\/td>\n<td width=\"387\">LuLeey<\/td>\n<\/tr>\n<tr>\n<td width=\"211\">Origine<\/td>\n<td width=\"387\">Chine continentale<\/td>\n<\/tr>\n<tr>\n<td>Nom du produit<\/td>\n<td width=\"387\">Coupleur \u00e0 bride E2000\/APC-E2000\/APC<\/p>\n<p>Coupleur \u00e0 bride E2000\/UPC-E2000\/UPC<\/td>\n<\/tr>\n<tr>\n<td>Couleur<\/td>\n<td>Vert, Bleu<\/td>\n<\/tr>\n<tr>\n<td>Connecteur<\/td>\n<td>E2000APC E2000\/UPC<\/td>\n<\/tr>\n<tr>\n<td>Perte d'insertion<\/td>\n<td>\u2264 0,2dB<\/td>\n<\/tr>\n<tr>\n<td>D\u00e9lais de r\u00e9utilisation<\/td>\n<td>\u22651000<\/td>\n<\/tr>\n<tr>\n<td>Perte de retour<\/td>\n<td>PC&gt;45 dB, UPC&gt;55dB, APC&gt;65dB<\/td>\n<\/tr>\n<tr>\n<td>Longueur d'onde de travail<\/td>\n<td>\u00a01310nm\/1550nm<\/td>\n<\/tr>\n<tr>\n<td>Temp\u00e9rature de travail<\/td>\n<td>\u00a0-40~+70\u2103<\/td>\n<\/tr>\n<tr>\n<td>Temp\u00e9rature de stockage<\/td>\n<td>\u00a0-40~85\u2103<\/td>\n<\/tr>\n<\/tbody>\n<\/table>","protected":false},"excerpt":{"rendered":"<ul>\n<li>Manchon en c\u00e9ramique de zircone pour des performances stables et fiables<\/li>\n<li>Soupape \u00e0 ressort int\u00e9gr\u00e9e<\/li>\n<li>Excellente perte d'insertion et perte par retournement<\/li>\n<li>Coupleur \u00e0 bride E2000 r\u00e9utilisable 1000 fois<\/li>\n<\/ul>","protected":false},"featured_media":14826,"comment_status":"open","ping_status":"closed","template":"","meta":[],"product_brand":[],"product_cat":[787],"product_tag":[472,471],"class_list":{"0":"post-14824","1":"product","2":"type-product","3":"status-publish","4":"has-post-thumbnail","6":"product_cat-fiber-flange-connectors","7":"product_tag-e2000","8":"product_tag-e2000-flange","10":"first","11":"instock","12":"shipping-taxable","13":"purchasable","14":"product-type-variable","15":"has-default-attributes"},"_links":{"self":[{"href":"https:\/\/www.luleey.com\/fr\/wp-json\/wp\/v2\/product\/14824","targetHints":{"allow":["GET"]}}],"collection":[{"href":"https:\/\/www.luleey.com\/fr\/wp-json\/wp\/v2\/product"}],"about":[{"href":"https:\/\/www.luleey.com\/fr\/wp-json\/wp\/v2\/types\/product"}],"replies":[{"embeddable":true,"href":"https:\/\/www.luleey.com\/fr\/wp-json\/wp\/v2\/comments?post=14824"}],"wp:featuredmedia":[{"embeddable":true,"href":"https:\/\/www.luleey.com\/fr\/wp-json\/wp\/v2\/media\/14826"}],"wp:attachment":[{"href":"https:\/\/www.luleey.com\/fr\/wp-json\/wp\/v2\/media?parent=14824"}],"wp:term":[{"taxonomy":"product_brand","embeddable":true,"href":"https:\/\/www.luleey.com\/fr\/wp-json\/wp\/v2\/product_brand?post=14824"},{"taxonomy":"product_cat","embeddable":true,"href":"https:\/\/www.luleey.com\/fr\/wp-json\/wp\/v2\/product_cat?post=14824"},{"taxonomy":"product_tag","embeddable":true,"href":"https:\/\/www.luleey.com\/fr\/wp-json\/wp\/v2\/product_tag?post=14824"}],"curies":[{"name":"wp","href":"https:\/\/api.w.org\/{rel}","templated":true}]}}