{"id":14857,"date":"2024-08-27T23:17:16","date_gmt":"2024-08-27T15:17:16","guid":{"rendered":"https:\/\/www.luleey.com\/?post_type=product&#038;p=14857"},"modified":"2024-10-11T09:04:55","modified_gmt":"2024-10-11T01:04:55","slug":"e2000-adapter-e2000-fc-e2000-lc-e2000-st","status":"publish","type":"product","link":"https:\/\/www.luleey.com\/fr\/produit-2\/e2000-adapter-e2000-fc-e2000-lc-e2000-st\/","title":{"rendered":"Adaptateur E2000 E2000-FC Convertisseur E2000-LC E2000-ST"},"content":{"rendered":"<h3>Caract\u00e9ristiques<\/h3>\n<ol class=\"a-unordered-list a-vertical\">\n<li class=\"a-spacing-mini\">Les adaptateurs E2000 dot\u00e9s de soupapes \u00e0 ressort sont enti\u00e8rement verrouill\u00e9s par un syst\u00e8me de verrouillage push-pull lorsqu'ils sont ins\u00e9r\u00e9s.<\/li>\n<li class=\"a-spacing-mini\">La ferrule de haute qualit\u00e9 \u00e0 faible perte d'insertion permet \u00e0 la fibre d'\u00eatre connect\u00e9e \u00e0 diff\u00e9rentes formes d'adaptateurs par le biais d'un manchon interne ouvert.<\/li>\n<li class=\"a-spacing-mini\">Bonne r\u00e9p\u00e9tabilit\u00e9, gr\u00e2ce \u00e0 la conception unique de la structure m\u00e9canique de l'E2000, rendant l'adaptateur interchangeable, excellente r\u00e9p\u00e9tabilit\u00e9 de l'insertion et du retrait, performances stables et fiables.<\/li>\n<\/ol>\n<h3>Sp\u00e9cifications<\/h3>\n<table style=\"width: 100%; height: 477px;\" width=\"598\">\n<tbody>\n<tr style=\"height: 53px;\">\n<td style=\"height: 53px; width: 35.2211%;\" width=\"211\">Nom de la marque<\/td>\n<td style=\"height: 53px; width: 64.7013%;\" width=\"387\">LuLeey<\/td>\n<\/tr>\n<tr style=\"height: 53px;\">\n<td style=\"height: 53px; width: 35.2211%;\" width=\"211\">Origine<\/td>\n<td style=\"height: 53px; width: 64.7013%;\" width=\"387\">Chine continentale<\/td>\n<\/tr>\n<tr style=\"height: 53px;\">\n<td style=\"height: 53px; width: 35.2211%;\">Nom du produit<\/td>\n<td style=\"height: 53px; width: 64.7013%;\" width=\"387\">Adaptateur E2000 E2000-FC E2000-LC E2000-ST<\/td>\n<\/tr>\n<tr style=\"height: 53px;\">\n<td style=\"height: 53px; width: 35.2211%;\">Perte d'insertion<\/td>\n<td style=\"height: 53px; width: 64.7013%;\">\u00a0\u22640,2dB<\/td>\n<\/tr>\n<tr style=\"height: 53px;\">\n<td style=\"height: 53px; width: 35.2211%;\">Perte de retour<\/td>\n<td style=\"height: 53px; width: 64.7013%;\">\u00a0UPC\u226550dB, APC\u226560dB<\/td>\n<\/tr>\n<tr style=\"height: 53px;\">\n<td style=\"height: 53px; width: 35.2211%;\">Longueur d'onde de travail<\/td>\n<td style=\"width: 64.7013%;\">\u00a01310nm\/1550nm<\/td>\n<\/tr>\n<tr style=\"height: 53px;\">\n<td style=\"height: 53px; width: 35.2211%;\">Temp\u00e9rature de travail<\/td>\n<td style=\"height: 53px; width: 64.7013%;\">\u00a0-40~75\u2103.<\/td>\n<\/tr>\n<tr>\n<td style=\"width: 35.2211%;\">Temp\u00e9rature de stockage<\/td>\n<td style=\"width: 64.7013%;\">-40~85\u2103<\/td>\n<\/tr>\n<tr style=\"height: 53px;\">\n<td style=\"height: 53px; width: 35.2211%;\">Temps de multiplexage<\/td>\n<td style=\"height: 53px; width: 64.7013%;\">\u00a0\u22651000<\/td>\n<\/tr>\n<tr style=\"height: 53px;\">\n<td style=\"height: 53px; width: 35.2211%;\">R\u00e9p\u00e9tabilit\u00e9<\/td>\n<td style=\"height: 53px; width: 64.7013%;\">\u00a00,1dB max<\/td>\n<\/tr>\n<\/tbody>\n<\/table>","protected":false},"excerpt":{"rendered":"<ul class=\"a-unordered-list a-vertical\">\n<li class=\"a-spacing-mini\">L'adaptateur E2000 est dot\u00e9 d'un raccord de pr\u00e9cision avec manchon<\/li>\n<li class=\"a-spacing-mini\">Faible perte d'insertion, perte de retour \u00e9lev\u00e9e<\/li>\n<li>Application : R\u00e9seau de t\u00e9l\u00e9communications, r\u00e9seau Ethernet, \u00e9quipement de communication optique<\/li>\n<\/ul>","protected":false},"featured_media":14858,"comment_status":"open","ping_status":"closed","template":"","meta":[],"product_brand":[],"product_cat":[365],"product_tag":[473],"class_list":{"0":"post-14857","1":"product","2":"type-product","3":"status-publish","4":"has-post-thumbnail","6":"product_cat-optical-adapters-and-flange-connectors-and-attenuator","7":"product_tag-e2000-adapter","9":"first","10":"instock","11":"shipping-taxable","12":"purchasable","13":"product-type-variable"},"_links":{"self":[{"href":"https:\/\/www.luleey.com\/fr\/wp-json\/wp\/v2\/product\/14857","targetHints":{"allow":["GET"]}}],"collection":[{"href":"https:\/\/www.luleey.com\/fr\/wp-json\/wp\/v2\/product"}],"about":[{"href":"https:\/\/www.luleey.com\/fr\/wp-json\/wp\/v2\/types\/product"}],"replies":[{"embeddable":true,"href":"https:\/\/www.luleey.com\/fr\/wp-json\/wp\/v2\/comments?post=14857"}],"wp:featuredmedia":[{"embeddable":true,"href":"https:\/\/www.luleey.com\/fr\/wp-json\/wp\/v2\/media\/14858"}],"wp:attachment":[{"href":"https:\/\/www.luleey.com\/fr\/wp-json\/wp\/v2\/media?parent=14857"}],"wp:term":[{"taxonomy":"product_brand","embeddable":true,"href":"https:\/\/www.luleey.com\/fr\/wp-json\/wp\/v2\/product_brand?post=14857"},{"taxonomy":"product_cat","embeddable":true,"href":"https:\/\/www.luleey.com\/fr\/wp-json\/wp\/v2\/product_cat?post=14857"},{"taxonomy":"product_tag","embeddable":true,"href":"https:\/\/www.luleey.com\/fr\/wp-json\/wp\/v2\/product_tag?post=14857"}],"curies":[{"name":"wp","href":"https:\/\/api.w.org\/{rel}","templated":true}]}}