{"id":14871,"date":"2024-08-30T23:40:18","date_gmt":"2024-08-30T15:40:18","guid":{"rendered":"https:\/\/www.luleey.com\/?post_type=product&#038;p=14871"},"modified":"2026-03-28T00:54:24","modified_gmt":"2026-03-27T16:54:24","slug":"sc-apc-fixed-attenuator","status":"publish","type":"product","link":"https:\/\/www.luleey.com\/fr\/produit-2\/sc-apc-fixed-attenuator\/","title":{"rendered":"Att\u00e9nuateur fixe SC APC"},"content":{"rendered":"<h4 data-spm-anchor-id=\"a2g0o.detail.1000023.i0.525da32aC35IUk\">Caract\u00e9ristiques<\/h4>\n<ol>\n<li>Bonne r\u00e9p\u00e9tabilit\u00e9, bonne r\u00e9sistance \u00e0 l'abrasion, bonne stabilit\u00e9 \u00e0 la temp\u00e9rature. Fiabilit\u00e9 et performance, faible perte d'insertion, valeur moyenne de perte suppl\u00e9mentaire inf\u00e9rieure \u00e0 0,2 dB, perte de retour \u00e9lev\u00e9e, temps de branchement et de d\u00e9branchement sup\u00e9rieur \u00e0 1000 fois.<\/li>\n<li>Capacit\u00e9 de production suffisante, standardisation 5S, gestion scientifique sous la pr\u00e9misse d'assurer la qualit\u00e9 de la livraison plus rapide de l'usine avant des tests stricts pour s'assurer que chaque produit peut \u00eatre utilis\u00e9 correctement.<\/li>\n<li>Un \u00e9quipement de broyage avanc\u00e9 garantit que la fibre optique est circulairement d\u00e9cal\u00e9e, et la gaine blanche oxyd\u00e9e, r\u00e9sistante aux temp\u00e9ratures \u00e9lev\u00e9es, aux acides et aux alcalis et d'une grande duret\u00e9 (haute densit\u00e9), est utilis\u00e9e, ce qui lui conf\u00e8re de tr\u00e8s bonnes propri\u00e9t\u00e9s optiques et de meilleures propri\u00e9t\u00e9s m\u00e9caniques.<\/li>\n<li>plug-and-play<\/li>\n<\/ol>\n<div class=\"a-column a-span6\">\n<h3>Sp\u00e9cifications<\/h3>\n<table style=\"width: 100%; height: 827px;\" width=\"598\">\n<tbody>\n<tr style=\"height: 69px;\">\n<td style=\"height: 69px;\" width=\"211\">Nom de la marque<\/td>\n<td style=\"height: 69px;\" width=\"387\">LuLeey<\/td>\n<\/tr>\n<tr style=\"height: 69px;\">\n<td style=\"height: 69px;\" width=\"211\">Type de connecteur<\/td>\n<td style=\"height: 69px;\" width=\"387\">SC\/APC<\/td>\n<\/tr>\n<tr style=\"height: 69px;\">\n<td style=\"height: 69px;\" width=\"211\">Nom du produit<\/td>\n<td style=\"height: 69px;\" width=\"387\">Att\u00e9nuateur fixe SC APC<\/td>\n<\/tr>\n<tr style=\"height: 69px;\">\n<td style=\"height: 69px;\" width=\"211\">Origine<\/td>\n<td style=\"height: 69px;\" width=\"387\">Chine continentale<\/td>\n<\/tr>\n<tr style=\"height: 69px;\">\n<td style=\"height: 69px;\" width=\"211\">d\u00e9lais de r\u00e9utilisation<\/td>\n<td style=\"height: 69px;\" width=\"387\">plus de 1000<\/td>\n<\/tr>\n<tr style=\"height: 53px;\">\n<td style=\"height: 53px;\">Longueur d'onde de travail<\/td>\n<td style=\"height: 53px;\">SM, 1310nm\/1550nm<\/p>\n<p>MM, 850nm<\/td>\n<\/tr>\n<tr style=\"height: 53px;\">\n<td style=\"height: 53px;\">Mat\u00e9riau de base<\/td>\n<td style=\"height: 53px;\">c\u00e9ramique<\/td>\n<\/tr>\n<tr style=\"height: 53px;\">\n<td style=\"height: 53px;\">Humidit\u00e9<\/td>\n<td style=\"height: 53px;\">95%RH<\/td>\n<\/tr>\n<tr style=\"height: 53px;\">\n<td style=\"height: 53px;\">Perte de retour<\/td>\n<td style=\"height: 53px;\">\u226550dB<\/td>\n<\/tr>\n<tr style=\"height: 82px;\">\n<td style=\"height: 82px;\">Temp\u00e9rature de travail<\/td>\n<td style=\"height: 82px;\">-40~85\u2103<\/td>\n<\/tr>\n<tr style=\"height: 82px;\">\n<td style=\"height: 82px;\">Temp\u00e9rature de stockage<\/td>\n<td style=\"height: 82px;\">-55~85\u2103<\/td>\n<\/tr>\n<tr style=\"height: 53px;\">\n<td style=\"height: 53px;\">Att\u00e9nuateur \u00e0 valeur fixe<\/td>\n<td style=\"height: 53px;\">0-30dB<\/td>\n<\/tr>\n<\/tbody>\n<\/table>\n<\/div>","protected":false},"excerpt":{"rendered":"<ol>\n<li>L'att\u00e9nuateur fixe SC APC pr\u00e9sente une bonne r\u00e9p\u00e9tabilit\u00e9, une bonne r\u00e9sistance \u00e0 l'usure et une bonne stabilit\u00e9 \u00e0 la temp\u00e9rature.<\/li>\n<li>La perte additionnelle moyenne est inf\u00e9rieure \u00e0 0,2 dB et la perte de retour est \u00e9lev\u00e9e.<\/li>\n<li>temps de branchement et de d\u00e9branchement sup\u00e9rieur \u00e0 1000 fois<\/li>\n<\/ol>","protected":false},"featured_media":14879,"comment_status":"open","ping_status":"closed","template":"","meta":[],"product_brand":[],"product_cat":[365,788],"product_tag":[402,474],"class_list":{"0":"post-14871","1":"product","2":"type-product","3":"status-publish","4":"has-post-thumbnail","6":"product_cat-optical-adapters-and-flange-connectors-and-attenuator","7":"product_cat-optical-attenuator","8":"product_tag-attenuator","9":"product_tag-sc-apc-fixed-attenuator","11":"first","12":"instock","13":"shipping-taxable","14":"purchasable","15":"product-type-variable"},"_links":{"self":[{"href":"https:\/\/www.luleey.com\/fr\/wp-json\/wp\/v2\/product\/14871","targetHints":{"allow":["GET"]}}],"collection":[{"href":"https:\/\/www.luleey.com\/fr\/wp-json\/wp\/v2\/product"}],"about":[{"href":"https:\/\/www.luleey.com\/fr\/wp-json\/wp\/v2\/types\/product"}],"replies":[{"embeddable":true,"href":"https:\/\/www.luleey.com\/fr\/wp-json\/wp\/v2\/comments?post=14871"}],"wp:featuredmedia":[{"embeddable":true,"href":"https:\/\/www.luleey.com\/fr\/wp-json\/wp\/v2\/media\/14879"}],"wp:attachment":[{"href":"https:\/\/www.luleey.com\/fr\/wp-json\/wp\/v2\/media?parent=14871"}],"wp:term":[{"taxonomy":"product_brand","embeddable":true,"href":"https:\/\/www.luleey.com\/fr\/wp-json\/wp\/v2\/product_brand?post=14871"},{"taxonomy":"product_cat","embeddable":true,"href":"https:\/\/www.luleey.com\/fr\/wp-json\/wp\/v2\/product_cat?post=14871"},{"taxonomy":"product_tag","embeddable":true,"href":"https:\/\/www.luleey.com\/fr\/wp-json\/wp\/v2\/product_tag?post=14871"}],"curies":[{"name":"wp","href":"https:\/\/api.w.org\/{rel}","templated":true}]}}