{"id":14900,"date":"2024-09-01T21:07:01","date_gmt":"2024-09-01T13:07:01","guid":{"rendered":"https:\/\/www.luleey.com\/?post_type=product&#038;p=14900"},"modified":"2025-09-18T16:45:19","modified_gmt":"2025-09-18T08:45:19","slug":"mpo-to-lc-upc-12-core-sm","status":"publish","type":"product","link":"https:\/\/www.luleey.com\/fr\/produit-2\/mpo-to-lc-upc-12-core-sm\/","title":{"rendered":"MPO\/MTP vers LC UPC 12 fils, SM"},"content":{"rendered":"<p data-spm-anchor-id=\"a2g0o.detail.1000023.i0.525da32aC35IUk\"><span style=\"font-size: 12pt;\">Les cordons de raccordement en fibre optique MPO\/MTP sont utilis\u00e9s dans les syst\u00e8mes de c\u00e2blage de b\u00e2timent \u00e0 b\u00e2timent, les syst\u00e8mes de communication en fibre optique, le c\u00e2blage des r\u00e9seaux locaux et les \u00e9quipements optiques actifs. Syst\u00e8mes de t\u00e9l\u00e9communication, interconnexion de liens optiques dans le c\u00e2blage local, \u00e9quipement optique actif, syst\u00e8mes de communication C\u00e2blage en fibre optique dans les stations de base de t\u00e9l\u00e9communication, les salles de parc, les salles de b\u00e2timents commerciaux, les r\u00e9seaux de t\u00e9l\u00e9vision par c\u00e2ble, les r\u00e9seaux de t\u00e9l\u00e9communication, les r\u00e9seaux locaux (ILAN), les r\u00e9seaux \u00e9tendus (WAN) et les signaux optiques en fibre optique jusqu'au bureau (FTTX).<\/span><\/p>\n<h4 data-spm-anchor-id=\"a2g0o.detail.1000023.i0.525da32aC35IUk\">Caract\u00e9ristiques<\/h4>\n<ol>\n<li>Le c\u00e2ble MPO\/MTP vers LC UPC 12 est hautement compatible et peut \u00eatre utilis\u00e9 dans toutes sortes de r\u00e9seaux locaux \u00e0 fibre optique, de syst\u00e8mes de communication \u00e0 fibre optique, d'instruments et de compteurs, de r\u00e9seaux CATV.<\/li>\n<li>La faible perte d'insertion garantit une transmission stable et \u00e0 grande vitesse.<\/li>\n<li>C\u0153ur de fibre de haute qualit\u00e9, transmission stable, vitesse \u00e9lev\u00e9e et transmission stable jusqu'\u00e0 40G.<\/li>\n<li>LSZH : retardateur de flamme sans halog\u00e8ne et \u00e0 faible d\u00e9gagement de fum\u00e9e, forte r\u00e9sistance \u00e0 la traction et durabilit\u00e9.<\/li>\n<\/ol>\n<div class=\"a-column a-span6\">\n<h3>Sp\u00e9cifications<\/h3>\n<table style=\"width: 100%; height: 848px;\" width=\"598\">\n<tbody>\n<tr style=\"height: 53px;\">\n<td style=\"height: 53px;\" width=\"211\">Nom de la marque<\/td>\n<td style=\"height: 53px;\" width=\"387\">LuLeey<\/td>\n<\/tr>\n<tr style=\"height: 53px;\">\n<td style=\"height: 53px;\" width=\"211\">Origine<\/td>\n<td style=\"height: 53px;\" width=\"387\">Chine continentale<\/td>\n<\/tr>\n<tr style=\"height: 53px;\">\n<td style=\"height: 53px;\">Nom du produit<\/td>\n<td style=\"height: 53px;\" width=\"387\">MPO\/MTP vers LC UPC 12 core<\/td>\n<\/tr>\n<tr style=\"height: 53px;\">\n<td style=\"height: 53px;\">type de connecteur MPO<\/td>\n<td style=\"height: 53px;\">MPO\/MTP<\/td>\n<\/tr>\n<tr style=\"height: 53px;\">\n<td style=\"height: 53px;\">Connecteur<\/td>\n<td style=\"height: 53px;\">\u00a0FC, LC, SC, ST (en option)<\/td>\n<\/tr>\n<tr style=\"height: 53px;\">\n<td style=\"height: 53px;\">Type de fibre<\/td>\n<td style=\"height: 53px;\">\u00a0Mode unique<\/td>\n<\/tr>\n<tr style=\"height: 53px;\">\n<td style=\"height: 53px;\">Plage de longueur d'onde op\u00e9rationnelle<\/td>\n<td style=\"height: 53px;\">\u00a0au-dessus de 1310nm<\/td>\n<\/tr>\n<tr style=\"height: 53px;\">\n<td style=\"height: 53px;\">Longueur d'onde du test<\/td>\n<td style=\"height: 53px;\">\u00a01310nm 1550nm<\/td>\n<\/tr>\n<tr style=\"height: 53px;\">\n<td style=\"height: 53px;\">Perte d'insertion MPO<\/td>\n<td style=\"height: 53px;\">\u00a0Typique \u2264 0,20dB, Maximum \u2264 0,70dB<\/td>\n<\/tr>\n<tr style=\"height: 53px;\">\n<td style=\"height: 53px;\">Connecteur<\/td>\n<td style=\"height: 53px;\">\u00a0Typique \u2264 0,20dB, Maximum \u2264 0,30dB<\/td>\n<\/tr>\n<tr style=\"height: 53px;\">\n<td style=\"height: 53px;\">Perte de retour<\/td>\n<td style=\"height: 53px;\">\u00a0APC \u2265 60dB, UPC \u2265 50dB<\/td>\n<\/tr>\n<tr style=\"height: 53px;\">\n<td style=\"height: 53px;\">Test des temps d'insertion et de retrait du MPO<\/td>\n<td style=\"height: 53px;\">\u00a0\u2265500 fois<\/td>\n<\/tr>\n<tr style=\"height: 53px;\">\n<td style=\"height: 53px;\">Temps de branchement et de d\u00e9branchement des connecteurs de test<\/td>\n<td style=\"height: 53px;\">\u00a0\u22651000 fois<\/td>\n<\/tr>\n<tr style=\"height: 53px;\">\n<td style=\"height: 53px;\">R\u00e9sistance \u00e0 la traction<\/td>\n<td style=\"height: 53px;\">\u00a0\u2265120N (hors c\u00e2ble \u00e0 fibre optique de 0,9 mm)<\/td>\n<\/tr>\n<tr style=\"height: 53px;\">\n<td style=\"height: 53px;\">Temp\u00e9rature de fonctionnement<\/td>\n<td style=\"height: 53px;\">\u00a0-20~+70\u00b0C<\/td>\n<\/tr>\n<tr style=\"height: 53px;\">\n<td style=\"height: 53px;\">Temp\u00e9rature de stockage<\/td>\n<td style=\"height: 53px;\">\u00a0-20~+70\u00b0C<\/td>\n<\/tr>\n<\/tbody>\n<\/table>\n<\/div>","protected":false},"excerpt":{"rendered":"<ul>\n<li>Faible perte d'insertion, perte de retour \u00e9lev\u00e9e<\/li>\n<li>Inserts de haute qualit\u00e9, favorisant la r\u00e9utilisation<\/li>\n<li>MPO\/MTP to LC UPC 12 core, LSZH material, strong tensile strength<\/li>\n<\/ul>","protected":false},"featured_media":14907,"comment_status":"open","ping_status":"closed","template":"","meta":[],"product_brand":[],"product_cat":[475],"product_tag":[479,264,478,325],"class_list":{"0":"post-14900","1":"product","2":"type-product","3":"status-publish","4":"has-post-thumbnail","6":"product_cat-mtp-mpo-fiber-cables","7":"product_tag-12-core","8":"product_tag-mpo","9":"product_tag-mpo-to-lc","10":"product_tag-sm","12":"first","13":"instock","14":"shipping-taxable","15":"purchasable","16":"product-type-variable","17":"has-default-attributes"},"_links":{"self":[{"href":"https:\/\/www.luleey.com\/fr\/wp-json\/wp\/v2\/product\/14900","targetHints":{"allow":["GET"]}}],"collection":[{"href":"https:\/\/www.luleey.com\/fr\/wp-json\/wp\/v2\/product"}],"about":[{"href":"https:\/\/www.luleey.com\/fr\/wp-json\/wp\/v2\/types\/product"}],"replies":[{"embeddable":true,"href":"https:\/\/www.luleey.com\/fr\/wp-json\/wp\/v2\/comments?post=14900"}],"wp:featuredmedia":[{"embeddable":true,"href":"https:\/\/www.luleey.com\/fr\/wp-json\/wp\/v2\/media\/14907"}],"wp:attachment":[{"href":"https:\/\/www.luleey.com\/fr\/wp-json\/wp\/v2\/media?parent=14900"}],"wp:term":[{"taxonomy":"product_brand","embeddable":true,"href":"https:\/\/www.luleey.com\/fr\/wp-json\/wp\/v2\/product_brand?post=14900"},{"taxonomy":"product_cat","embeddable":true,"href":"https:\/\/www.luleey.com\/fr\/wp-json\/wp\/v2\/product_cat?post=14900"},{"taxonomy":"product_tag","embeddable":true,"href":"https:\/\/www.luleey.com\/fr\/wp-json\/wp\/v2\/product_tag?post=14900"}],"curies":[{"name":"wp","href":"https:\/\/api.w.org\/{rel}","templated":true}]}}