{"id":15003,"date":"2024-09-05T22:38:29","date_gmt":"2024-09-05T14:38:29","guid":{"rendered":"https:\/\/www.luleey.com\/?post_type=product&#038;p=15003"},"modified":"2024-12-16T09:24:21","modified_gmt":"2024-12-16T01:24:21","slug":"sc-upc-flange-single-mode-single-core-metal-adapter-6pcs","status":"publish","type":"product","link":"https:\/\/www.luleey.com\/fr\/produit-2\/sc-upc-flange-single-mode-single-core-metal-adapter-6pcs\/","title":{"rendered":"SC UPC Flange Single Mode Single Core Metal Adapter 6pcs"},"content":{"rendered":"<h3>Caract\u00e9ristiques<\/h3>\n<ol>\n<li>Entre les fibres optiques UPC, les c\u00e2bles sont connect\u00e9s ou patch\u00e9s par un manchon adaptateur de fibre optique SC \u00e0 SC UPC \u00e0 travers l'adaptateur int\u00e9rieur de l'ouverture.<\/li>\n<li>Les prolongateurs de coupleurs fibre optique SC femelle \u00e0 femelle sont adapt\u00e9s aux adaptateurs de panneaux de brassage fibre, ce qui signifie que vous pouvez les utiliser dans n'importe quel type de bo\u00eetier avec des d\u00e9coupes rectangulaires.<\/li>\n<li>La coquille est rectangulaire, utilisant la taille de la structure de la goupille et du manchon d'accouplement exactement la m\u00eame. La surface de l'extr\u00e9mit\u00e9 de l'axe est rectifi\u00e9e selon la m\u00e9thode UPC, le bouchon est facile \u00e0 utiliser, les fluctuations de perte d'insertion sont faibles, la r\u00e9sistance \u00e0 la compression est \u00e9lev\u00e9e, la densit\u00e9 de montage est \u00e9lev\u00e9e.<\/li>\n<li>Application : Syst\u00e8me de communication par fibre optique, r\u00e9seau d'acc\u00e8s par fibre optique, transmission de donn\u00e9es par fibre optique, CATV par fibre optique, LAN (LAN), \u00e9quipement de test, entreprises, locaux, s\u00e9curit\u00e9, FTTH, FTTP, FTTA, EMI \u00e9lev\u00e9e, et applications commerciales.<\/li>\n<\/ol>\n<h3>Sp\u00e9cifications<\/h3>\n<table style=\"width: 100%; height: 583px;\" width=\"745\">\n<tbody>\n<tr style=\"height: 53px;\">\n<td style=\"height: 53px;\" width=\"211\">Nom de la marque<\/td>\n<td style=\"height: 53px;\" width=\"534\">LuLeey<\/td>\n<\/tr>\n<tr style=\"height: 53px;\">\n<td style=\"height: 53px;\" width=\"211\">Origine<\/td>\n<td style=\"height: 53px;\" width=\"534\">Chine continentale<\/td>\n<\/tr>\n<tr style=\"height: 53px;\">\n<td style=\"height: 53px;\">Nom du produit<\/td>\n<td style=\"height: 53px;\" width=\"534\">SC UPC Flange Single Mode Single Core Metal Adapter<\/td>\n<\/tr>\n<tr>\n<td>Connecteur<\/td>\n<td>SC UPC femelle vers SC UPC femelle<\/td>\n<\/tr>\n<tr style=\"height: 53px;\">\n<td style=\"height: 53px;\">Quantit\u00e9<\/td>\n<td style=\"height: 53px;\" width=\"534\">6pcs<\/td>\n<\/tr>\n<tr style=\"height: 53px;\">\n<td style=\"height: 53px;\">Perte d'insertion<\/td>\n<td style=\"height: 53px;\">\u2264 0,30dB<\/td>\n<\/tr>\n<tr style=\"height: 53px;\">\n<td style=\"height: 53px;\">Perte de retour<\/td>\n<td style=\"height: 53px;\">\u2265 50dB<\/td>\n<\/tr>\n<tr style=\"height: 53px;\">\n<td style=\"height: 53px;\">Longueur d'onde de travail<\/td>\n<td style=\"height: 53px;\">1310nm \/ 1550nm<\/td>\n<\/tr>\n<tr style=\"height: 53px;\">\n<td style=\"height: 53px;\">Mode travail<\/td>\n<td style=\"height: 53px;\">Mode unique<\/td>\n<\/tr>\n<tr style=\"height: 53px;\">\n<td style=\"height: 53px;\">Noyau Non<\/td>\n<td style=\"height: 53px;\">Noyau unique<\/td>\n<\/tr>\n<tr style=\"height: 53px;\">\n<td style=\"height: 53px;\">Temp\u00e9rature de fonctionnement<\/td>\n<td style=\"height: 53px;\">\u00a0-40~+80\u00b0C<\/td>\n<\/tr>\n<tr style=\"height: 53px;\">\n<td style=\"height: 53px;\">Temp\u00e9rature de stockage<\/td>\n<td style=\"height: 53px;\">\u00a0-55~+85\u00b0C<\/td>\n<\/tr>\n<\/tbody>\n<\/table>","protected":false},"excerpt":{"rendered":"<ul>\n<li>Noyau en c\u00e9ramique pour des performances stables.<\/li>\n<li>Permet d'ins\u00e9rer et d'enlever 1000 fois, r\u00e9utilisable.<\/li>\n<li>Faible perte d'insertion, forte perte de rappel.<\/li>\n<li>Adaptateur m\u00e9tallique SC UPC Flange Single Mode Single Core pour une utilisation \u00e0 long terme.<\/li>\n<\/ul>","protected":false},"featured_media":15005,"comment_status":"open","ping_status":"closed","template":"","meta":[],"product_brand":[],"product_cat":[787],"product_tag":[308,485],"class_list":{"0":"post-15003","1":"product","2":"type-product","3":"status-publish","4":"has-post-thumbnail","6":"product_cat-fiber-flange-connectors","7":"product_tag-sc-upc","8":"product_tag-sc-upc-flange","10":"first","11":"instock","12":"shipping-taxable","13":"purchasable","14":"product-type-variable","15":"has-default-attributes"},"_links":{"self":[{"href":"https:\/\/www.luleey.com\/fr\/wp-json\/wp\/v2\/product\/15003","targetHints":{"allow":["GET"]}}],"collection":[{"href":"https:\/\/www.luleey.com\/fr\/wp-json\/wp\/v2\/product"}],"about":[{"href":"https:\/\/www.luleey.com\/fr\/wp-json\/wp\/v2\/types\/product"}],"replies":[{"embeddable":true,"href":"https:\/\/www.luleey.com\/fr\/wp-json\/wp\/v2\/comments?post=15003"}],"wp:featuredmedia":[{"embeddable":true,"href":"https:\/\/www.luleey.com\/fr\/wp-json\/wp\/v2\/media\/15005"}],"wp:attachment":[{"href":"https:\/\/www.luleey.com\/fr\/wp-json\/wp\/v2\/media?parent=15003"}],"wp:term":[{"taxonomy":"product_brand","embeddable":true,"href":"https:\/\/www.luleey.com\/fr\/wp-json\/wp\/v2\/product_brand?post=15003"},{"taxonomy":"product_cat","embeddable":true,"href":"https:\/\/www.luleey.com\/fr\/wp-json\/wp\/v2\/product_cat?post=15003"},{"taxonomy":"product_tag","embeddable":true,"href":"https:\/\/www.luleey.com\/fr\/wp-json\/wp\/v2\/product_tag?post=15003"}],"curies":[{"name":"wp","href":"https:\/\/api.w.org\/{rel}","templated":true}]}}