{"id":15009,"date":"2024-09-07T23:22:51","date_gmt":"2024-09-07T15:22:51","guid":{"rendered":"https:\/\/www.luleey.com\/?post_type=product&#038;p=15009"},"modified":"2025-06-14T13:57:30","modified_gmt":"2025-06-14T05:57:30","slug":"mpo-fiber-cable-8-core-female-to-female-om4-mm","status":"publish","type":"product","link":"https:\/\/www.luleey.com\/fr\/produit-2\/mpo-fiber-cable-8-core-female-to-female-om4-mm\/","title":{"rendered":"C\u00e2ble fibre MPO, 8 conducteurs, femelle \u00e0 femelle, OM4 MM"},"content":{"rendered":"<h4 data-spm-anchor-id=\"a2g0o.detail.1000023.i0.525da32aC35IUk\">Caract\u00e9ristiques<\/h4>\n<ol>\n<li class=\"a-spacing-mini\"><span class=\"a-list-item\">\u3010Transmission \u00e0 grande vitesse\u3011OM4 Fibre Multimode Standard : OM4 mpo supporte des d\u00e9bits de 10Gbps jusqu'\u00e0 et au-del\u00e0 de 100Gbps, id\u00e9al pour des applications telles que 40GBASE-SR4 et 100GBASE-SR4. Il offre une bande passante am\u00e9lior\u00e9e (une bande passante modale effective minimale de 4700 MHz-km) par rapport \u00e0 l'OM3, ce qui permet d'augmenter les distances de transmission et d'\u00e9largir le champ d'application.<\/span><\/li>\n<li class=\"a-spacing-mini\"><span class=\"a-list-item\">\u3010High-density Connectivity\u3011MPO (Multi-fiber Push On) cables feature a multi-fiber push-on connector interface, enabling simultaneous connection of multiple fibers in a single connector, tailored for high-density cabling scenarios prevalent in data centers and substantial network infrastructures, enhancing space efficiency and scalability.<\/span><\/li>\n<li class=\"a-spacing-mini\"><span class=\"a-list-item\">\u3010UPC (Ultra Physical Contact) Finish\u3011Avec une r\u00e9flectance plus faible (typiquement meilleure que 50dB), les extr\u00e9mit\u00e9s UPC assurent l'int\u00e9grit\u00e9 claire du signal et la stabilit\u00e9 du r\u00e9seau, convenant \u00e0 la plupart des sc\u00e9narios de transmission multimode.<\/span><\/li>\n<li class=\"a-spacing-mini\"><span class=\"a-list-item\">\u30108-Fiber Configuration\u3011Align\u00e9e sur les interfaces de p\u00e9riph\u00e9riques r\u00e9seau \u00e0 haut d\u00e9bit les plus r\u00e9pandues pour les applications Ethernet 40G\/100G, la configuration \u00e0 8 fibres permet une transmission efficace pour les exigences de bande passante \u00e9lev\u00e9e.<\/span><\/li>\n<li class=\"a-spacing-mini\"><span class=\"a-list-item\">\u3010Plug-and-Play Convenience\u3011La nature plug-and-play de l'interface MPO simplifie l'installation, r\u00e9duit le temps de d\u00e9ploiement et facilite la maintenance et les mises \u00e0 niveau, augmentant ainsi la flexibilit\u00e9 des centres de donn\u00e9es et des infrastructures de r\u00e9seau.<\/span><\/li>\n<\/ol>\n<div class=\"a-column a-span6\">\n<h3>Sp\u00e9cifications<\/h3>\n<table style=\"width: 100%; height: 637px;\" width=\"598\">\n<tbody>\n<tr style=\"height: 53px;\">\n<td style=\"height: 53px;\" width=\"211\">Nom de la marque<\/td>\n<td style=\"height: 53px;\" width=\"387\">LuLeey<\/td>\n<\/tr>\n<tr style=\"height: 53px;\">\n<td style=\"height: 53px;\" width=\"211\">Origine<\/td>\n<td style=\"height: 53px;\" width=\"387\">Chine continentale<\/td>\n<\/tr>\n<tr style=\"height: 53px;\">\n<td style=\"height: 53px;\">Nom du produit<\/td>\n<td style=\"height: 53px;\" width=\"387\">C\u00e2ble fibre MPO, 8 conducteurs, femelle \u00e0 femelle, OM4 MM<\/td>\n<\/tr>\n<tr style=\"height: 53px;\">\n<td style=\"height: 53px;\">type de connecteur MPO<\/td>\n<td style=\"height: 53px;\">\u00a0MPO Femme<\/td>\n<\/tr>\n<tr style=\"height: 53px;\">\n<td style=\"height: 53px;\">Type de fibre<\/td>\n<td style=\"height: 53px;\"><span class=\"a-list-item\">Multi<\/span> Mode<\/td>\n<\/tr>\n<tr style=\"height: 53px;\">\n<td style=\"height: 53px;\">Perte d'insertion MPO<\/td>\n<td style=\"height: 53px;\">\u00a0\u2264 0,35dB<\/td>\n<\/tr>\n<tr style=\"height: 53px;\">\n<td style=\"height: 53px;\">Perte de retour<\/td>\n<td style=\"height: 53px;\">\u2265 30dB<\/td>\n<\/tr>\n<tr style=\"height: 53px;\">\n<td style=\"height: 53px;\">Longueur d'onde de travail<\/td>\n<td style=\"height: 53px;\">850nm\/1300nm<\/td>\n<\/tr>\n<tr style=\"height: 53px;\">\n<td style=\"height: 53px;\">Petit rayon de courbure du c\u00e2ble optique (statique) mm<\/td>\n<td style=\"height: 53px;\">10 fois le diam\u00e8tre ext\u00e9rieur du c\u00e2ble optique<\/td>\n<\/tr>\n<tr style=\"height: 53px;\">\n<td style=\"height: 54px;\">Petit rayon de courbure du c\u00e2ble optique (dynamique) mm<\/td>\n<td style=\"height: 54px;\">20 fois le diam\u00e8tre ext\u00e9rieur du c\u00e2ble optique<\/td>\n<\/tr>\n<tr style=\"height: 53px;\">\n<td style=\"height: 53px;\">R\u00e9sistance \u00e0 la traction<\/td>\n<td style=\"height: 53px;\">\u00a0\u2265500N<\/td>\n<\/tr>\n<tr style=\"height: 53px;\">\n<td style=\"height: 53px;\">Temp\u00e9rature de stockage<\/td>\n<td style=\"height: 53px;\">\u00a0-40~+85\u00b0C<\/td>\n<\/tr>\n<\/tbody>\n<\/table>\n<\/div>","protected":false},"excerpt":{"rendered":"<p>Type de connecteur Mpo \u00e0 Mpo<br \/>\nType de c\u00e2ble Fibre optique<br \/>\nAppareils compatibles \u00c9quipement de r\u00e9seau \u00e0 fibres optiques<br \/>\nCaract\u00e9ristiques sp\u00e9ciales OM4\\8 Fibre\\40G ou 100G\\Type B<\/p>","protected":false},"featured_media":15010,"comment_status":"open","ping_status":"closed","template":"","meta":[],"product_brand":[],"product_cat":[475],"product_tag":[486,487],"class_list":{"0":"post-15009","1":"product","2":"type-product","3":"status-publish","4":"has-post-thumbnail","6":"product_cat-mtp-mpo-fiber-cables","7":"product_tag-mpo-fiber-cable","8":"product_tag-om4","10":"first","11":"instock","12":"shipping-taxable","13":"purchasable","14":"product-type-variable"},"_links":{"self":[{"href":"https:\/\/www.luleey.com\/fr\/wp-json\/wp\/v2\/product\/15009","targetHints":{"allow":["GET"]}}],"collection":[{"href":"https:\/\/www.luleey.com\/fr\/wp-json\/wp\/v2\/product"}],"about":[{"href":"https:\/\/www.luleey.com\/fr\/wp-json\/wp\/v2\/types\/product"}],"replies":[{"embeddable":true,"href":"https:\/\/www.luleey.com\/fr\/wp-json\/wp\/v2\/comments?post=15009"}],"wp:featuredmedia":[{"embeddable":true,"href":"https:\/\/www.luleey.com\/fr\/wp-json\/wp\/v2\/media\/15010"}],"wp:attachment":[{"href":"https:\/\/www.luleey.com\/fr\/wp-json\/wp\/v2\/media?parent=15009"}],"wp:term":[{"taxonomy":"product_brand","embeddable":true,"href":"https:\/\/www.luleey.com\/fr\/wp-json\/wp\/v2\/product_brand?post=15009"},{"taxonomy":"product_cat","embeddable":true,"href":"https:\/\/www.luleey.com\/fr\/wp-json\/wp\/v2\/product_cat?post=15009"},{"taxonomy":"product_tag","embeddable":true,"href":"https:\/\/www.luleey.com\/fr\/wp-json\/wp\/v2\/product_tag?post=15009"}],"curies":[{"name":"wp","href":"https:\/\/api.w.org\/{rel}","templated":true}]}}