{"id":15039,"date":"2024-09-08T01:20:38","date_gmt":"2024-09-07T17:20:38","guid":{"rendered":"https:\/\/www.luleey.com\/?post_type=product&#038;p=15039"},"modified":"2025-09-18T16:50:48","modified_gmt":"2025-09-18T08:50:48","slug":"mpo-fiber-cable-12-core-female-to-female-om3-mm","status":"publish","type":"product","link":"https:\/\/www.luleey.com\/fr\/produit-2\/mpo-fiber-cable-12-core-female-to-female-om3-mm\/","title":{"rendered":"C\u00e2ble fibre MPO\/MTP, 12 fils, femelle \u00e0 femelle, OM3 MM"},"content":{"rendered":"<h4 data-spm-anchor-id=\"a2g0o.detail.1000023.i0.525da32aC35IUk\">Caract\u00e9ristiques<\/h4>\n<ol>\n<li class=\"a-spacing-mini\">Haute performance : Le c\u00e2ble fibre MPO\/MTP est dot\u00e9 d'une fibre multimode OM3 de premi\u00e8re qualit\u00e9, assurant une transmission stable et une faible perte d'insertion (\u22640,35dB) pour le transfert de donn\u00e9es \u00e0 grande vitesse dans les environnements \u00e0 courte distance et \u00e0 haute densit\u00e9. Compatible avec les \u00e9metteurs-r\u00e9cepteurs QSFP+ et QSFP28, ce c\u00e2ble offre flexibilit\u00e9 et \u00e9volutivit\u00e9 \u00e0 votre syst\u00e8me r\u00e9seau.<\/li>\n<li class=\"a-spacing-mini\">Applications polyvalentes : Notre c\u00e2ble \u00e0 fibre optique MPO-MPO convient \u00e0 divers environnements de r\u00e9seau, notamment les centres de donn\u00e9es, les r\u00e9seaux d'entreprise, les infrastructures d'informatique en nuage, les r\u00e9seaux de transport optique et les applications GPON\/EPON. Qu'il s'agisse de connecter des serveurs, des commutateurs ou d'autres dispositifs de r\u00e9seau, Cables fournit des solutions de haute performance.<\/li>\n<li class=\"a-spacing-mini\">Sp\u00e9cifications du produit : Longueurs disponibles : 1m, 3m, 5m, 10m et 15m. Type de fibre : Fibre multimode OM3 \u00e0 12 c\u0153urs, polarit\u00e9 de type B. Connecteur : MPO (compatible MTP). Perte d'insertion : \u22640.35dB, perte de retour : \u226520dB. Longueur d'onde : 850\/1300 nm. Mode de fibre : OM3 50\/125 \u03bcm. Mat\u00e9riau de la gaine : LSZH, Couleur : Aqua.<\/li>\n<li class=\"a-spacing-mini\">S\u00e9curit\u00e9 et durabilit\u00e9 : La gaine \u00e0 faible d\u00e9gagement de fum\u00e9e et sans halog\u00e8ne (LSZH) garantit la r\u00e9sistance au feu et renforce la s\u00e9curit\u00e9 pendant le fonctionnement. Gr\u00e2ce \u00e0 une conception robuste et \u00e0 des normes de fabrication strictes, notre c\u00e2ble fibre MPO-MPO est con\u00e7u pour r\u00e9sister aux exigences d'une utilisation quotidienne et maintenir des performances optimales.<\/li>\n<li class=\"a-spacing-mini\">Un service et une valeur exceptionnels : RCables se consacre \u00e0 la fourniture de solutions de connectivit\u00e9 par fibre optique de haute qualit\u00e9. Nous nous effor\u00e7ons d'offrir un service client exceptionnel tout au long des \u00e9tapes d'achat, d'utilisation et d'apr\u00e8s-vente, afin de garantir une exp\u00e9rience satisfaisante. Si vous rencontrez des probl\u00e8mes, notre \u00e9quipe professionnelle est pr\u00eate \u00e0 vous fournir assistance et soutien. Choisissez Cables pour une connexion r\u00e9seau stable et efficace !<\/li>\n<\/ol>\n<div class=\"a-column a-span6\">\n<h3>Sp\u00e9cifications<\/h3>\n<table style=\"width: 100%; height: 637px;\" width=\"598\">\n<tbody>\n<tr style=\"height: 53px;\">\n<td style=\"height: 53px;\" width=\"211\">Nom de la marque<\/td>\n<td style=\"height: 53px;\" width=\"387\">LuLeey<\/td>\n<\/tr>\n<tr style=\"height: 53px;\">\n<td style=\"height: 53px;\" width=\"211\">Origine<\/td>\n<td style=\"height: 53px;\" width=\"387\">Chine continentale<\/td>\n<\/tr>\n<tr style=\"height: 53px;\">\n<td style=\"height: 53px;\">Nom du produit<\/td>\n<td style=\"height: 53px;\" width=\"387\">C\u00e2ble fibre MPO\/MTP, 12 fils, femelle \u00e0 femelle, OM3 MM<\/td>\n<\/tr>\n<tr style=\"height: 53px;\">\n<td style=\"height: 53px;\">type de connecteur MPO<\/td>\n<td style=\"height: 53px;\">MPO\/MTP Femme<\/td>\n<\/tr>\n<tr style=\"height: 53px;\">\n<td style=\"height: 53px;\">Type de fibre<\/td>\n<td style=\"height: 53px;\"><span class=\"a-list-item\">Multi<\/span> Mode<\/td>\n<\/tr>\n<tr style=\"height: 53px;\">\n<td style=\"height: 53px;\">Perte d'insertion MPO<\/td>\n<td style=\"height: 53px;\">\u00a0\u2264 0,35dB<\/td>\n<\/tr>\n<tr style=\"height: 53px;\">\n<td style=\"height: 53px;\">Perte de retour<\/td>\n<td style=\"height: 53px;\">\u2265 30dB<\/td>\n<\/tr>\n<tr style=\"height: 53px;\">\n<td style=\"height: 53px;\">Longueur d'onde de travail<\/td>\n<td style=\"height: 53px;\">850nm\/1300nm<\/td>\n<\/tr>\n<tr style=\"height: 53px;\">\n<td style=\"height: 53px;\">Petit rayon de courbure du c\u00e2ble optique (statique) mm<\/td>\n<td style=\"height: 53px;\">10 fois le diam\u00e8tre ext\u00e9rieur du c\u00e2ble optique<\/td>\n<\/tr>\n<tr style=\"height: 53px;\">\n<td style=\"height: 54px;\">Petit rayon de courbure du c\u00e2ble optique (dynamique) mm<\/td>\n<td style=\"height: 54px;\">20 fois le diam\u00e8tre ext\u00e9rieur du c\u00e2ble optique<\/td>\n<\/tr>\n<tr style=\"height: 53px;\">\n<td style=\"height: 53px;\">R\u00e9sistance \u00e0 la traction<\/td>\n<td style=\"height: 53px;\">\u00a0\u2265500N<\/td>\n<\/tr>\n<tr style=\"height: 53px;\">\n<td style=\"height: 53px;\">Temp\u00e9rature de stockage<\/td>\n<td style=\"height: 53px;\">\u00a0-40~+85\u00b0C<\/td>\n<\/tr>\n<\/tbody>\n<\/table>\n<\/div>","protected":false},"excerpt":{"rendered":"<p>Le c\u00e2ble fibre MPO\/MTP est dot\u00e9 d'une fibre multimode OM3 de premi\u00e8re qualit\u00e9, garantissant une transmission stable et une faible perte d'insertion (\u22640,35dB) pour le transfert de donn\u00e9es \u00e0 grande vitesse dans les environnements \u00e0 courte distance et \u00e0 haute densit\u00e9. Compatible avec les \u00e9metteurs-r\u00e9cepteurs QSFP+ et QSFP28, ce c\u00e2ble offre flexibilit\u00e9 et \u00e9volutivit\u00e9 \u00e0 votre syst\u00e8me r\u00e9seau.<\/p>","protected":false},"featured_media":15036,"comment_status":"open","ping_status":"closed","template":"","meta":[],"product_brand":[],"product_cat":[475],"product_tag":[486,1105,488],"class_list":{"0":"post-15039","1":"product","2":"type-product","3":"status-publish","4":"has-post-thumbnail","6":"product_cat-mtp-mpo-fiber-cables","7":"product_tag-mpo-fiber-cable","8":"product_tag-mpo-mtp","9":"product_tag-om3","11":"first","12":"instock","13":"featured","14":"shipping-taxable","15":"purchasable","16":"product-type-variable","17":"has-default-attributes"},"_links":{"self":[{"href":"https:\/\/www.luleey.com\/fr\/wp-json\/wp\/v2\/product\/15039","targetHints":{"allow":["GET"]}}],"collection":[{"href":"https:\/\/www.luleey.com\/fr\/wp-json\/wp\/v2\/product"}],"about":[{"href":"https:\/\/www.luleey.com\/fr\/wp-json\/wp\/v2\/types\/product"}],"replies":[{"embeddable":true,"href":"https:\/\/www.luleey.com\/fr\/wp-json\/wp\/v2\/comments?post=15039"}],"wp:featuredmedia":[{"embeddable":true,"href":"https:\/\/www.luleey.com\/fr\/wp-json\/wp\/v2\/media\/15036"}],"wp:attachment":[{"href":"https:\/\/www.luleey.com\/fr\/wp-json\/wp\/v2\/media?parent=15039"}],"wp:term":[{"taxonomy":"product_brand","embeddable":true,"href":"https:\/\/www.luleey.com\/fr\/wp-json\/wp\/v2\/product_brand?post=15039"},{"taxonomy":"product_cat","embeddable":true,"href":"https:\/\/www.luleey.com\/fr\/wp-json\/wp\/v2\/product_cat?post=15039"},{"taxonomy":"product_tag","embeddable":true,"href":"https:\/\/www.luleey.com\/fr\/wp-json\/wp\/v2\/product_tag?post=15039"}],"curies":[{"name":"wp","href":"https:\/\/api.w.org\/{rel}","templated":true}]}}