{"id":15079,"date":"2024-09-08T12:42:20","date_gmt":"2024-09-08T04:42:20","guid":{"rendered":"https:\/\/www.luleey.com\/?post_type=product&#038;p=15079"},"modified":"2025-06-14T13:57:12","modified_gmt":"2025-06-14T05:57:12","slug":"mpo-to-12-x-lc-6-duplex-om4-mm","status":"publish","type":"product","link":"https:\/\/www.luleey.com\/fr\/produit-2\/mpo-to-12-x-lc-6-duplex-om4-mm\/","title":{"rendered":"MPO vers 12 x LC (6 Duplex), OM4 MM"},"content":{"rendered":"<p data-spm-anchor-id=\"a2g0o.detail.1000023.i0.525da32aC35IUk\"><span style=\"font-size: 12pt;\">Les cordons de raccordement en fibre optique MPO sont utilis\u00e9s dans les syst\u00e8mes de c\u00e2blage de b\u00e2timent \u00e0 b\u00e2timent, les syst\u00e8mes de communication en fibre optique, le c\u00e2blage des r\u00e9seaux locaux et les \u00e9quipements optiques actifs. Syst\u00e8mes de t\u00e9l\u00e9communication, interconnexion de liens optiques dans le c\u00e2blage local, \u00e9quipements optiques actifs, syst\u00e8mes de communication C\u00e2blage en fibre optique dans les stations de base de t\u00e9l\u00e9communication, les salles de parc, les salles de b\u00e2timents commerciaux, les r\u00e9seaux de t\u00e9l\u00e9vision par c\u00e2ble, les r\u00e9seaux de t\u00e9l\u00e9communication, les r\u00e9seaux locaux (ILAN), les r\u00e9seaux \u00e9tendus (WAN) et les signaux optiques en fibre optique jusqu'\u00e0 l'ordinateur (FTTX).<\/span><\/p>\n<h4 data-spm-anchor-id=\"a2g0o.detail.1000023.i0.525da32aC35IUk\">Caract\u00e9ristiques<\/h4>\n<ol>\n<li>MPO vers 12 x LC est hautement compatible et peut \u00eatre utilis\u00e9 dans toutes sortes de r\u00e9seaux locaux \u00e0 fibre optique, de syst\u00e8mes de communication \u00e0 fibre optique, d'instruments et de compteurs, de r\u00e9seaux CATV.<\/li>\n<li>La faible perte d'insertion garantit une transmission stable et \u00e0 grande vitesse.<\/li>\n<li>C\u0153ur de fibre de haute qualit\u00e9, transmission stable, vitesse \u00e9lev\u00e9e et transmission stable jusqu'\u00e0 40G \/100G.<\/li>\n<li>LSZH : retardateur de flamme sans halog\u00e8ne et \u00e0 faible d\u00e9gagement de fum\u00e9e, forte r\u00e9sistance \u00e0 la traction et durabilit\u00e9.<\/li>\n<\/ol>\n<div class=\"a-column a-span6\">\n<h3>Sp\u00e9cifications<\/h3>\n<table style=\"width: 100%; height: 690px;\">\n<tbody>\n<tr style=\"height: 53px;\">\n<td style=\"height: 53px;\" width=\"211\">Nom de la marque<\/td>\n<td style=\"height: 53px;\" width=\"387\">LuLeey<\/td>\n<\/tr>\n<tr style=\"height: 53px;\">\n<td style=\"height: 53px;\" width=\"211\">Origine<\/td>\n<td style=\"height: 53px;\" width=\"387\">Chine continentale<\/td>\n<\/tr>\n<tr style=\"height: 53px;\">\n<td style=\"height: 53px;\">Nom du produit<\/td>\n<td style=\"height: 53px;\" width=\"387\">MPO vers 12 x LC (6 Duplex), OM4 MM<\/td>\n<\/tr>\n<tr style=\"height: 53px;\">\n<td style=\"height: 53px;\">Type de connecteur MPO<\/td>\n<td style=\"height: 53px;\">\u00a0MPO Femme<\/td>\n<\/tr>\n<tr style=\"height: 53px;\">\n<td style=\"height: 53px;\">Taux de transmission<\/td>\n<td style=\"height: 53px;\"><span class=\"a-list-item\">40G \/ 100G<\/span><\/td>\n<\/tr>\n<tr style=\"height: 53px;\">\n<td style=\"height: 53px;\">Type de fibre<\/td>\n<td style=\"height: 53px;\"><span class=\"a-list-item\">Multi<\/span> Mode<\/td>\n<\/tr>\n<tr style=\"height: 53px;\">\n<td style=\"height: 53px;\">Perte d'insertion MPO<\/td>\n<td style=\"height: 53px;\">\u00a0\u2264 0,2dB<\/td>\n<\/tr>\n<tr style=\"height: 53px;\">\n<td style=\"height: 53px;\">Perte de retour<\/td>\n<td style=\"height: 53px;\">\u2265 50dB<\/td>\n<\/tr>\n<tr style=\"height: 53px;\">\n<td style=\"height: 53px;\">Longueur d'onde de travail<\/td>\n<td style=\"height: 53px;\">850nm\/1300nm<\/td>\n<\/tr>\n<tr style=\"height: 53px;\">\n<td style=\"height: 53px;\">R\u00e9sistance \u00e0 la traction<\/td>\n<td style=\"height: 53px;\">\u00a0\u2265120N<\/td>\n<\/tr>\n<tr style=\"height: 53px;\">\n<td style=\"height: 53px;\">Temp\u00e9rature de stockage<\/td>\n<td style=\"height: 53px;\">\u00a0-20~+70\u00b0C<\/td>\n<\/tr>\n<\/tbody>\n<\/table>\n<\/div>","protected":false},"excerpt":{"rendered":"<ul>\n<li class=\"a-spacing-mini\"><span class=\"a-list-item\">C\u00e2ble en fibre de haute qualit\u00e9 de grade A avec un rayon de courbure minimal de 10 mm. Rayon de courbure<\/span><\/li>\n<li class=\"a-spacing-mini\"><span class=\"a-list-item\">Gaine ext\u00e9rieure LSZH OFNR, r\u00e9sistance au feu et faible d\u00e9gagement de fum\u00e9e pour minimiser les dommages.<\/span><\/li>\n<li class=\"a-spacing-mini\"><span class=\"a-list-item\">Id\u00e9al pour les connexions int\u00e9rieures 40G\/100G<\/span><\/li>\n<li class=\"a-spacing-mini\"><span class=\"a-list-item\">C\u00e2blage haute densit\u00e9 pour divers environnements<\/span><\/li>\n<\/ul>","protected":false},"featured_media":15086,"comment_status":"open","ping_status":"closed","template":"","meta":[],"product_brand":[],"product_cat":[475],"product_tag":[490,263,264,478,487],"class_list":{"0":"post-15079","1":"product","2":"type-product","3":"status-publish","4":"has-post-thumbnail","6":"product_cat-mtp-mpo-fiber-cables","7":"product_tag-12-lc","8":"product_tag-mm","9":"product_tag-mpo","10":"product_tag-mpo-to-lc","11":"product_tag-om4","13":"first","14":"instock","15":"shipping-taxable","16":"purchasable","17":"product-type-variable"},"_links":{"self":[{"href":"https:\/\/www.luleey.com\/fr\/wp-json\/wp\/v2\/product\/15079","targetHints":{"allow":["GET"]}}],"collection":[{"href":"https:\/\/www.luleey.com\/fr\/wp-json\/wp\/v2\/product"}],"about":[{"href":"https:\/\/www.luleey.com\/fr\/wp-json\/wp\/v2\/types\/product"}],"replies":[{"embeddable":true,"href":"https:\/\/www.luleey.com\/fr\/wp-json\/wp\/v2\/comments?post=15079"}],"wp:featuredmedia":[{"embeddable":true,"href":"https:\/\/www.luleey.com\/fr\/wp-json\/wp\/v2\/media\/15086"}],"wp:attachment":[{"href":"https:\/\/www.luleey.com\/fr\/wp-json\/wp\/v2\/media?parent=15079"}],"wp:term":[{"taxonomy":"product_brand","embeddable":true,"href":"https:\/\/www.luleey.com\/fr\/wp-json\/wp\/v2\/product_brand?post=15079"},{"taxonomy":"product_cat","embeddable":true,"href":"https:\/\/www.luleey.com\/fr\/wp-json\/wp\/v2\/product_cat?post=15079"},{"taxonomy":"product_tag","embeddable":true,"href":"https:\/\/www.luleey.com\/fr\/wp-json\/wp\/v2\/product_tag?post=15079"}],"curies":[{"name":"wp","href":"https:\/\/api.w.org\/{rel}","templated":true}]}}