{"id":15106,"date":"2024-09-08T15:19:30","date_gmt":"2024-09-08T07:19:30","guid":{"rendered":"https:\/\/www.luleey.com\/?post_type=product&#038;p=15106"},"modified":"2025-09-18T16:51:53","modified_gmt":"2025-09-18T08:51:53","slug":"mpo-to-12-x-st-om4-mm","status":"publish","type":"product","link":"https:\/\/www.luleey.com\/fr\/produit-2\/mpo-to-12-x-st-om4-mm\/","title":{"rendered":"MPO\/MTP vers 12 x ST , OM4 MM"},"content":{"rendered":"<p data-spm-anchor-id=\"a2g0o.detail.1000023.i0.525da32aC35IUk\"><span style=\"font-size: 12pt;\">Les cordons de raccordement en fibre optique MPO\/MTP sont utilis\u00e9s dans les syst\u00e8mes de c\u00e2blage de b\u00e2timent \u00e0 b\u00e2timent, les syst\u00e8mes de communication en fibre optique, le c\u00e2blage des r\u00e9seaux locaux et les \u00e9quipements optiques actifs. Syst\u00e8mes de t\u00e9l\u00e9communication, interconnexion de liens optiques dans le c\u00e2blage local, \u00e9quipement optique actif, syst\u00e8mes de communication C\u00e2blage en fibre optique dans les stations de base de t\u00e9l\u00e9communication, les salles de parc, les salles de b\u00e2timents commerciaux, les r\u00e9seaux de t\u00e9l\u00e9vision par c\u00e2ble, les r\u00e9seaux de t\u00e9l\u00e9communication, les r\u00e9seaux locaux (ILAN), les r\u00e9seaux \u00e9tendus (WAN) et les signaux optiques en fibre optique jusqu'au bureau (FTTX).<\/span><\/p>\n<h4 data-spm-anchor-id=\"a2g0o.detail.1000023.i0.525da32aC35IUk\">Caract\u00e9ristiques<\/h4>\n<ol>\n<li>Le noyau MPO\/MTP vers FC UPC 12 est hautement compatible et peut \u00eatre utilis\u00e9 dans toutes sortes de r\u00e9seaux locaux \u00e0 fibre optique, de syst\u00e8mes de communication \u00e0 fibre optique, d'instruments et de compteurs, de r\u00e9seaux CATV.<\/li>\n<li>La faible perte d'insertion garantit une transmission stable et \u00e0 grande vitesse.<\/li>\n<li>C\u0153ur de fibre de haute qualit\u00e9, transmission stable, vitesse \u00e9lev\u00e9e et transmission stable jusqu'\u00e0 40G \/ 100G.<\/li>\n<li>LSZH : retardateur de flamme sans halog\u00e8ne et \u00e0 faible d\u00e9gagement de fum\u00e9e, forte r\u00e9sistance \u00e0 la traction et durabilit\u00e9.<\/li>\n<\/ol>\n<div class=\"a-column a-span6\">\n<h3>Sp\u00e9cifications<\/h3>\n<table style=\"width: 100%; height: 848px;\" width=\"598\">\n<tbody>\n<tr style=\"height: 53px;\">\n<td style=\"height: 53px; width: 35.2364%;\" width=\"211\">Nom de la marque<\/td>\n<td style=\"height: 53px; width: 64.6744%;\" width=\"387\">LuLeey<\/td>\n<\/tr>\n<tr style=\"height: 53px;\">\n<td style=\"height: 53px; width: 35.2364%;\" width=\"211\">Origine<\/td>\n<td style=\"height: 53px; width: 64.6744%;\" width=\"387\">Chine continentale<\/td>\n<\/tr>\n<tr style=\"height: 53px;\">\n<td style=\"height: 53px; width: 35.2364%;\">Nom du produit<\/td>\n<td style=\"height: 53px; width: 64.6744%;\" width=\"387\">MPO\/MTP vers 12 x ST , OM4 MM<\/td>\n<\/tr>\n<tr style=\"height: 53px;\">\n<td style=\"height: 53px; width: 35.2364%;\">type de connecteur MPO<\/td>\n<td style=\"height: 53px; width: 64.6744%;\">\u00a0MPO ou MTP<\/td>\n<\/tr>\n<tr style=\"height: 53px;\">\n<td style=\"height: 53px; width: 35.2364%;\">Connecteur<\/td>\n<td style=\"height: 53px; width: 64.6744%;\">\u00a0FC, LC, SC, ST (en option)<\/td>\n<\/tr>\n<tr style=\"height: 53px;\">\n<td style=\"height: 53px; width: 35.2364%;\">Type de fibre<\/td>\n<td style=\"height: 53px; width: 64.6744%;\">Mode multiple<\/td>\n<\/tr>\n<tr style=\"height: 53px;\">\n<td style=\"height: 53px; width: 35.2364%;\">Longueur d'onde du test<\/td>\n<td style=\"height: 53px; width: 64.6744%;\">850nm 1300nm<\/td>\n<\/tr>\n<tr style=\"height: 53px;\">\n<td style=\"height: 53px; width: 35.2364%;\">Perte d'insertion MPO<\/td>\n<td style=\"height: 53px; width: 64.6744%;\">\u00a0Typique \u2264 0,20dB, Maximum \u2264 0,70dB<\/td>\n<\/tr>\n<tr style=\"height: 53px;\">\n<td style=\"height: 53px; width: 35.2364%;\">Connecteur<\/td>\n<td style=\"height: 53px; width: 64.6744%;\">\u00a0Typique \u2264 0,20dB, Maximum \u2264 0,30dB<\/td>\n<\/tr>\n<tr style=\"height: 53px;\">\n<td style=\"height: 53px; width: 35.2364%;\">Perte de retour<\/td>\n<td style=\"height: 53px; width: 64.6744%;\">\u00a0APC \u2265 60dB, UPC \u2265 50dB<\/td>\n<\/tr>\n<tr style=\"height: 53px;\">\n<td style=\"height: 53px; width: 35.2364%;\">Test des temps d'insertion et de retrait du MPO<\/td>\n<td style=\"height: 53px; width: 64.6744%;\">\u00a0\u2265500 fois<\/td>\n<\/tr>\n<tr style=\"height: 53px;\">\n<td style=\"height: 53px; width: 35.2364%;\">Temps de branchement et de d\u00e9branchement des connecteurs de test<\/td>\n<td style=\"height: 53px; width: 64.6744%;\">\u00a0\u22651000 fois<\/td>\n<\/tr>\n<tr style=\"height: 53px;\">\n<td style=\"height: 53px; width: 35.2364%;\">R\u00e9sistance \u00e0 la traction<\/td>\n<td style=\"height: 53px; width: 64.6744%;\">\u00a0\u2265120N (hors c\u00e2ble \u00e0 fibre optique de 0,9 mm)<\/td>\n<\/tr>\n<tr style=\"height: 53px;\">\n<td style=\"height: 53px; width: 35.2364%;\">Temp\u00e9rature de fonctionnement<\/td>\n<td style=\"height: 53px; width: 64.6744%;\">\u00a0-20~+70\u00b0C<\/td>\n<\/tr>\n<tr style=\"height: 53px;\">\n<td style=\"height: 53px; width: 35.2364%;\">Temp\u00e9rature de stockage<\/td>\n<td style=\"height: 53px; width: 64.6744%;\">\u00a0-35~+75\u00b0C<\/td>\n<\/tr>\n<\/tbody>\n<\/table>\n<\/div>","protected":false},"excerpt":{"rendered":"<ul>\n<li class=\"a-spacing-mini\"><span class=\"a-list-item\">C\u00e2ble en fibre de haute qualit\u00e9 de grade A avec un rayon de courbure minimal de 10 mm. Rayon de courbure<\/span><\/li>\n<li class=\"a-spacing-mini\"><span class=\"a-list-item\">Gaine ext\u00e9rieure LSZH OFNR, r\u00e9sistance au feu et faible d\u00e9gagement de fum\u00e9e pour minimiser les dommages.<\/span><\/li>\n<li class=\"a-spacing-mini\"><span class=\"a-list-item\">Id\u00e9al pour les connexions int\u00e9rieures 40G\/100G<\/span><\/li>\n<li class=\"a-spacing-mini\"><span class=\"a-list-item\">MPO\/MTP C\u00e2blage haute densit\u00e9 pour divers environnements<\/span><\/li>\n<\/ul>","protected":false},"featured_media":15119,"comment_status":"open","ping_status":"closed","template":"","meta":[],"product_brand":[],"product_cat":[475],"product_tag":[493,263,264,1105,492,487],"class_list":{"0":"post-15106","1":"product","2":"type-product","3":"status-publish","4":"has-post-thumbnail","6":"product_cat-mtp-mpo-fiber-cables","7":"product_tag-12-sc","8":"product_tag-mm","9":"product_tag-mpo","10":"product_tag-mpo-mtp","11":"product_tag-mpt-to-sc","12":"product_tag-om4","14":"first","15":"instock","16":"shipping-taxable","17":"purchasable","18":"product-type-variable","19":"has-default-attributes"},"_links":{"self":[{"href":"https:\/\/www.luleey.com\/fr\/wp-json\/wp\/v2\/product\/15106","targetHints":{"allow":["GET"]}}],"collection":[{"href":"https:\/\/www.luleey.com\/fr\/wp-json\/wp\/v2\/product"}],"about":[{"href":"https:\/\/www.luleey.com\/fr\/wp-json\/wp\/v2\/types\/product"}],"replies":[{"embeddable":true,"href":"https:\/\/www.luleey.com\/fr\/wp-json\/wp\/v2\/comments?post=15106"}],"wp:featuredmedia":[{"embeddable":true,"href":"https:\/\/www.luleey.com\/fr\/wp-json\/wp\/v2\/media\/15119"}],"wp:attachment":[{"href":"https:\/\/www.luleey.com\/fr\/wp-json\/wp\/v2\/media?parent=15106"}],"wp:term":[{"taxonomy":"product_brand","embeddable":true,"href":"https:\/\/www.luleey.com\/fr\/wp-json\/wp\/v2\/product_brand?post=15106"},{"taxonomy":"product_cat","embeddable":true,"href":"https:\/\/www.luleey.com\/fr\/wp-json\/wp\/v2\/product_cat?post=15106"},{"taxonomy":"product_tag","embeddable":true,"href":"https:\/\/www.luleey.com\/fr\/wp-json\/wp\/v2\/product_tag?post=15106"}],"curies":[{"name":"wp","href":"https:\/\/api.w.org\/{rel}","templated":true}]}}