{"id":15143,"date":"2024-09-08T20:48:27","date_gmt":"2024-09-08T12:48:27","guid":{"rendered":"https:\/\/www.luleey.com\/?post_type=product&#038;p=15143"},"modified":"2024-10-23T14:48:36","modified_gmt":"2024-10-23T06:48:36","slug":"mtp-mpo-fiber-optic-loopback-om4-mm","status":"publish","type":"product","link":"https:\/\/www.luleey.com\/fr\/produit-2\/mtp-mpo-fiber-optic-loopback-om4-mm\/","title":{"rendered":"MTP\/MPO Fibre optique Loopback, OM4 MM"},"content":{"rendered":"<h4 data-spm-anchor-id=\"a2g0o.detail.1000023.i0.525da32aC35IUk\">Caract\u00e9ristiques<\/h4>\n<ol>\n<li>Le bouclage de fibre optique MTP\/MPO est hautement compatible et peut \u00eatre utilis\u00e9 dans toutes sortes de r\u00e9seaux locaux \u00e0 fibre optique, de syst\u00e8mes de communication \u00e0 fibre optique, d'instruments et de compteurs, de r\u00e9seaux CATV.<\/li>\n<li>La faible perte d'insertion garantit une transmission stable et \u00e0 grande vitesse.<\/li>\n<li>C\u0153ur de fibre de haute qualit\u00e9, transmission stable, vitesse \u00e9lev\u00e9e et transmission stable jusqu'\u00e0 40G \/100G.<\/li>\n<li>LSZH : retardateur de flamme sans halog\u00e8ne et \u00e0 faible d\u00e9gagement de fum\u00e9e, forte r\u00e9sistance \u00e0 la traction et durabilit\u00e9.<\/li>\n<\/ol>\n<div class=\"a-column a-span6\">\n<h3>Sp\u00e9cifications<\/h3>\n<table style=\"width: 100%; height: 690px;\">\n<tbody>\n<tr style=\"height: 53px;\">\n<td style=\"height: 53px;\" width=\"211\">Nom de la marque<\/td>\n<td style=\"height: 53px;\" width=\"387\">LuLeey<\/td>\n<\/tr>\n<tr style=\"height: 53px;\">\n<td style=\"height: 53px;\" width=\"211\">Origine<\/td>\n<td style=\"height: 53px;\" width=\"387\">Chine continentale<\/td>\n<\/tr>\n<tr style=\"height: 53px;\">\n<td style=\"height: 53px;\">Nom du produit<\/td>\n<td style=\"height: 53px;\" width=\"387\">MTP\/MPO Fibre optique Loopback, OM4 MM<\/td>\n<\/tr>\n<tr style=\"height: 53px;\">\n<td style=\"height: 53px;\">Type de connecteur MPO<\/td>\n<td style=\"height: 53px;\">\u00a0MPO Femme<\/td>\n<\/tr>\n<tr style=\"height: 53px;\">\n<td style=\"height: 53px;\">Taux de transmission<\/td>\n<td style=\"height: 53px;\"><span class=\"a-list-item\">40G \/ 100G<\/span><\/td>\n<\/tr>\n<tr style=\"height: 53px;\">\n<td style=\"height: 53px;\">Type de fibre<\/td>\n<td style=\"height: 53px;\"><span class=\"a-list-item\">Multi<\/span> Mode<\/td>\n<\/tr>\n<tr style=\"height: 53px;\">\n<td style=\"height: 53px;\">Perte d'insertion MPO<\/td>\n<td style=\"height: 53px;\">\u00a0\u2264 0,35dB<\/td>\n<\/tr>\n<tr style=\"height: 53px;\">\n<td style=\"height: 53px;\">Perte de retour<\/td>\n<td style=\"height: 53px;\">\u2265 50dB<\/td>\n<\/tr>\n<tr style=\"height: 53px;\">\n<td style=\"height: 53px;\">Longueur d'onde de travail<\/td>\n<td style=\"height: 53px;\">850nm\/1300nm<\/td>\n<\/tr>\n<tr style=\"height: 53px;\">\n<td style=\"height: 53px;\">Petit rayon de courbure du c\u00e2ble optique (statique) mm<\/td>\n<td style=\"height: 53px;\">10 fois le diam\u00e8tre ext\u00e9rieur du c\u00e2ble optique<\/td>\n<\/tr>\n<tr style=\"height: 53px;\">\n<td style=\"height: 54px;\">Petit rayon de courbure du c\u00e2ble optique (dynamique) mm<\/td>\n<td style=\"height: 54px;\">20 fois le diam\u00e8tre ext\u00e9rieur du c\u00e2ble optique<\/td>\n<\/tr>\n<tr style=\"height: 53px;\">\n<td style=\"height: 53px;\">R\u00e9sistance \u00e0 la traction<\/td>\n<td style=\"height: 53px;\">\u00a0\u2265500N<\/td>\n<\/tr>\n<tr style=\"height: 53px;\">\n<td style=\"height: 53px;\">Temp\u00e9rature de stockage<\/td>\n<td style=\"height: 53px;\">\u00a0-40~+85\u00b0C<\/td>\n<\/tr>\n<\/tbody>\n<\/table>\n<\/div>","protected":false},"excerpt":{"rendered":"<ul class=\"a-unordered-list a-vertical a-spacing-mini\">\n<li class=\"a-spacing-mini\"><span class=\"a-list-item\">Testeur de boucle MPO (Multimode OM4 ) Type-B, compatible 8\/12\/24 Fibres<\/span><\/li>\n<li class=\"a-spacing-mini\"><span class=\"a-list-item\">Ce connecteur MPO push\/pull est le standard que l'on retrouve dans tous les modules QSFP et QSFP+. Plug-and-play, ne n\u00e9cessite pas d'installation suppl\u00e9mentaire.<\/span><\/li>\n<li class=\"a-spacing-mini\"><span class=\"a-list-item\">Chaque connecteur MPO est dot\u00e9 d'un contact physique (PC) poli pour r\u00e9duire la perte d'insertion pendant les tests.<\/span><\/li>\n<li class=\"a-spacing-mini\"><span class=\"a-list-item\">Enti\u00e8rement conforme aux sp\u00e9cifications MPO Prend en charge les \u00e9metteurs-r\u00e9cepteurs QSFP<\/span><\/li>\n<li class=\"a-spacing-mini\"><span class=\"a-list-item\">Id\u00e9al pour une multitude d'applications qui n\u00e9cessitent une boucle de signal dans un facteur de forme MPO, testez rapidement les \u00e9metteurs-r\u00e9cepteurs multimodes \u00e0 fibre QSFP et QSFP+ \u00e0 des taux de 10Gb, 40GB et 100GB.<\/span><\/li>\n<\/ul>","protected":false},"featured_media":15147,"comment_status":"open","ping_status":"closed","template":"","meta":[],"product_brand":[],"product_cat":[496],"product_tag":[263,500,487],"class_list":{"0":"post-15143","1":"product","2":"type-product","3":"status-publish","4":"has-post-thumbnail","6":"product_cat-fiber-optic-loopback","7":"product_tag-mm","8":"product_tag-mpo-fiber-optic-loopback","9":"product_tag-om4","11":"first","12":"instock","13":"shipping-taxable","14":"purchasable","15":"product-type-variable"},"_links":{"self":[{"href":"https:\/\/www.luleey.com\/fr\/wp-json\/wp\/v2\/product\/15143","targetHints":{"allow":["GET"]}}],"collection":[{"href":"https:\/\/www.luleey.com\/fr\/wp-json\/wp\/v2\/product"}],"about":[{"href":"https:\/\/www.luleey.com\/fr\/wp-json\/wp\/v2\/types\/product"}],"replies":[{"embeddable":true,"href":"https:\/\/www.luleey.com\/fr\/wp-json\/wp\/v2\/comments?post=15143"}],"wp:featuredmedia":[{"embeddable":true,"href":"https:\/\/www.luleey.com\/fr\/wp-json\/wp\/v2\/media\/15147"}],"wp:attachment":[{"href":"https:\/\/www.luleey.com\/fr\/wp-json\/wp\/v2\/media?parent=15143"}],"wp:term":[{"taxonomy":"product_brand","embeddable":true,"href":"https:\/\/www.luleey.com\/fr\/wp-json\/wp\/v2\/product_brand?post=15143"},{"taxonomy":"product_cat","embeddable":true,"href":"https:\/\/www.luleey.com\/fr\/wp-json\/wp\/v2\/product_cat?post=15143"},{"taxonomy":"product_tag","embeddable":true,"href":"https:\/\/www.luleey.com\/fr\/wp-json\/wp\/v2\/product_tag?post=15143"}],"curies":[{"name":"wp","href":"https:\/\/api.w.org\/{rel}","templated":true}]}}