{"id":15164,"date":"2024-09-08T21:54:29","date_gmt":"2024-09-08T13:54:29","guid":{"rendered":"https:\/\/www.luleey.com\/?post_type=product&#038;p=15164"},"modified":"2024-09-09T09:29:04","modified_gmt":"2024-09-09T01:29:04","slug":"fiber-optic-loopback-lc-upc-om4-mm","status":"publish","type":"product","link":"https:\/\/www.luleey.com\/fr\/produit-2\/fiber-optic-loopback-lc-upc-om4-mm\/","title":{"rendered":"Boucle \u00e0 fibre optique, LC UPC, OM4 MM"},"content":{"rendered":"<h4 data-spm-anchor-id=\"a2g0o.detail.1000023.i0.525da32aC35IUk\">Caract\u00e9ristiques<\/h4>\n<ol>\n<li class=\"a-spacing-mini\"><span class=\"a-list-item\">Performance de haute qualit\u00e9 : Adaptateur de bouclage pour fibre optique multimode 50\/125\u03bcm LC\/UPC. Il est con\u00e7u pour tester les \u00e9metteurs-r\u00e9cepteurs \u00e0 fibre multimode SFP et SFP+ \u00e0 des d\u00e9bits de 1Gb, 10GB et 100GB, en utilisant ce bouclage compact de fibre LC.<\/span><\/li>\n<li class=\"a-spacing-mini\"><span class=\"a-list-item\">Diagnostic efficace : L'adaptateur Loopback Duplex LC Connector simplifie le processus de diagnostic et de gestion des \u00e9quipements de r\u00e9seau, offrant une solution directe pour la maintenance et le d\u00e9pannage.<\/span><\/li>\n<li class=\"a-spacing-mini\"><span class=\"a-list-item\">Facile \u00e0 utiliser : Le testeur de bouclage de fibre optique LC est con\u00e7u pour \u00eatre simple, permettant des tests rapides et efficaces sans n\u00e9cessiter de configuration complexe, ce qui en fait un outil de choix pour les techniciens de r\u00e9seau de tous niveaux.<\/span><\/li>\n<li class=\"a-spacing-mini\"><span class=\"a-list-item\">Conception robuste : Con\u00e7u pour durer, l'adaptateur LC Fiber r\u00e9siste aux rigueurs d'une utilisation r\u00e9guli\u00e8re dans des environnements de r\u00e9seau actifs, garantissant ainsi une long\u00e9vit\u00e9 et une qualit\u00e9 durables.<\/span><\/li>\n<li class=\"a-spacing-mini\"><span class=\"a-list-item\">Compatibilit\u00e9 universelle : Parfaitement compatible avec les fibres multimodes OM4, le testeur de bouclage de fibre optique LC garantit des performances fiables dans une grande vari\u00e9t\u00e9 d'infrastructures de r\u00e9seau.<\/span><\/li>\n<\/ol>\n<div class=\"a-column a-span6\">\n<h3>Sp\u00e9cifications<\/h3>\n<table style=\"width: 100%; height: 584px;\">\n<tbody>\n<tr style=\"height: 53px;\">\n<td style=\"height: 53px;\" width=\"211\">Nom de la marque<\/td>\n<td style=\"height: 53px;\" width=\"387\">LuLeey<\/td>\n<\/tr>\n<tr style=\"height: 53px;\">\n<td style=\"height: 53px;\" width=\"211\">Origine<\/td>\n<td style=\"height: 53px;\" width=\"387\">Chine continentale<\/td>\n<\/tr>\n<tr style=\"height: 53px;\">\n<td style=\"height: 53px;\">Nom du produit<\/td>\n<td style=\"height: 53px;\" width=\"387\">Boucle \u00e0 fibre optique, LC UPC, OM4 MM<\/td>\n<\/tr>\n<tr style=\"height: 53px;\">\n<td style=\"height: 53px;\">Type de connexion<\/td>\n<td style=\"height: 53px;\">LC\/UPC<\/td>\n<\/tr>\n<tr style=\"height: 53px;\">\n<td style=\"height: 53px;\">Longueur d'onde du test<\/td>\n<td style=\"height: 53px;\">1300 nm\/850 nm<\/td>\n<\/tr>\n<tr style=\"height: 53px;\">\n<td style=\"height: 53px;\">Perte d'insertion<\/td>\n<td style=\"height: 53px;\">\u2264 0,2dB<\/td>\n<\/tr>\n<tr style=\"height: 53px;\">\n<td style=\"height: 53px;\">Perte de retour<\/td>\n<td style=\"height: 53px;\">\u226560dB<\/td>\n<\/tr>\n<tr style=\"height: 53px;\">\n<td style=\"height: 53px;\">C\u0153ur de m\u00e9tier<\/td>\n<td style=\"height: 53px;\">C\u00e9ramique zircone<\/td>\n<\/tr>\n<tr style=\"height: 53px;\">\n<td style=\"height: 53px;\">Brancher la performance<\/td>\n<td style=\"height: 53px;\">Brancher 1000 fois<\/td>\n<\/tr>\n<tr style=\"height: 53px;\">\n<td style=\"height: 54px;\">Temp\u00e9rature de stockage<\/td>\n<td style=\"height: 54px;\">\u00a0-55~+85\u00b0C<\/td>\n<\/tr>\n<tr style=\"height: 53px;\">\n<td style=\"height: 53px;\">Temp\u00e9rature de stockage<\/td>\n<td style=\"height: 53px;\">\u00a0-40~+80\u00b0C<\/td>\n<\/tr>\n<\/tbody>\n<\/table>\n<\/div>","protected":false},"excerpt":{"rendered":"<ul class=\"a-unordered-list a-vertical a-spacing-mini\">\n<li class=\"a-spacing-mini\"><span class=\"a-list-item\">Le Loopback en fibre optique fournit un m\u00e9dia de retour pour un signal, que ce soit \u00e0 des fins de test ou en raison d'une restauration du r\u00e9seau.<\/span><\/li>\n<li class=\"a-spacing-mini\"><span class=\"a-list-item\">Dans le cas d'un test, le signal de bouclage est utilis\u00e9 pour diagnostiquer un probl\u00e8me<\/span><\/li>\n<li class=\"a-spacing-mini\"><span class=\"a-list-item\">L'envoi d'un test de bouclage \u00e0 un \u00e9quipement r\u00e9seau, un par un, est une technique permettant d'isoler un probl\u00e8me.<\/span><\/li>\n<li class=\"a-spacing-mini\"><span class=\"a-list-item\">Faible perte d'insertion\uff0cFaible perte de retour<\/span><\/li>\n<li class=\"a-spacing-mini\"><span class=\"a-list-item\">L'interface LC\/UPC est disponible OM4<\/span><\/li>\n<\/ul>","protected":false},"featured_media":15166,"comment_status":"open","ping_status":"closed","template":"","meta":[],"product_brand":[],"product_cat":[496],"product_tag":[501,246,263,487],"class_list":{"0":"post-15164","1":"product","2":"type-product","3":"status-publish","4":"has-post-thumbnail","6":"product_cat-fiber-optic-loopback","7":"product_tag-fiber-optic-loopback","8":"product_tag-lc-upc","9":"product_tag-mm","10":"product_tag-om4","12":"first","13":"instock","14":"shipping-taxable","15":"purchasable","16":"product-type-simple"},"_links":{"self":[{"href":"https:\/\/www.luleey.com\/fr\/wp-json\/wp\/v2\/product\/15164","targetHints":{"allow":["GET"]}}],"collection":[{"href":"https:\/\/www.luleey.com\/fr\/wp-json\/wp\/v2\/product"}],"about":[{"href":"https:\/\/www.luleey.com\/fr\/wp-json\/wp\/v2\/types\/product"}],"replies":[{"embeddable":true,"href":"https:\/\/www.luleey.com\/fr\/wp-json\/wp\/v2\/comments?post=15164"}],"wp:featuredmedia":[{"embeddable":true,"href":"https:\/\/www.luleey.com\/fr\/wp-json\/wp\/v2\/media\/15166"}],"wp:attachment":[{"href":"https:\/\/www.luleey.com\/fr\/wp-json\/wp\/v2\/media?parent=15164"}],"wp:term":[{"taxonomy":"product_brand","embeddable":true,"href":"https:\/\/www.luleey.com\/fr\/wp-json\/wp\/v2\/product_brand?post=15164"},{"taxonomy":"product_cat","embeddable":true,"href":"https:\/\/www.luleey.com\/fr\/wp-json\/wp\/v2\/product_cat?post=15164"},{"taxonomy":"product_tag","embeddable":true,"href":"https:\/\/www.luleey.com\/fr\/wp-json\/wp\/v2\/product_tag?post=15164"}],"curies":[{"name":"wp","href":"https:\/\/api.w.org\/{rel}","templated":true}]}}