{"id":15168,"date":"2024-09-08T22:00:41","date_gmt":"2024-09-08T14:00:41","guid":{"rendered":"https:\/\/www.luleey.com\/?post_type=product&#038;p=15168"},"modified":"2024-10-23T14:48:29","modified_gmt":"2024-10-23T06:48:29","slug":"fiber-optic-loopback-sc-upc-mm","status":"publish","type":"product","link":"https:\/\/www.luleey.com\/fr\/produit-2\/fiber-optic-loopback-sc-upc-mm\/","title":{"rendered":"Boucle de fermeture pour fibre optique, SC UPC, MM"},"content":{"rendered":"<h4 data-spm-anchor-id=\"a2g0o.detail.1000023.i0.525da32aC35IUk\">Caract\u00e9ristiques<\/h4>\n<ol>\n<li>Boucle de fermeture pour tester les composants du r\u00e9seau<\/li>\n<li>Connexions de communication<\/li>\n<li>Applications du panneau de raccordement<\/li>\n<li>Raccordements de dispositifsR\u00e9seaux locaux<\/li>\n<li>Interconnexion des \u00e9quipements<\/li>\n<li>Essais de t\u00e9l\u00e9communications<\/li>\n<\/ol>\n<div class=\"a-column a-span6\">\n<h3>Sp\u00e9cifications<\/h3>\n<table style=\"width: 100%; height: 690px;\">\n<tbody>\n<tr style=\"height: 53px;\">\n<td style=\"height: 53px;\" width=\"211\">Nom de la marque<\/td>\n<td style=\"height: 53px;\" width=\"387\">LuLeey<\/td>\n<\/tr>\n<tr style=\"height: 53px;\">\n<td style=\"height: 53px;\" width=\"211\">Origine<\/td>\n<td style=\"height: 53px;\" width=\"387\">Chine continentale<\/td>\n<\/tr>\n<tr style=\"height: 53px;\">\n<td style=\"height: 53px;\">Nom du produit<\/td>\n<td style=\"height: 53px;\" width=\"387\">Boucle de fermeture pour fibre optique, SC UPC, MM<\/td>\n<\/tr>\n<tr style=\"height: 53px;\">\n<td style=\"height: 53px;\">Type de connexion<\/td>\n<td style=\"height: 53px;\">SC\/UPC<\/td>\n<\/tr>\n<tr style=\"height: 53px;\">\n<td style=\"height: 53px;\">Longueur d'onde du test<\/td>\n<td style=\"height: 53px;\">1300 nm\/850 nm<\/td>\n<\/tr>\n<tr style=\"height: 53px;\">\n<td style=\"height: 53px;\">Perte d'insertion<\/td>\n<td style=\"height: 53px;\">Valeur typique \u2264 0,1dB<\/td>\n<\/tr>\n<tr style=\"height: 53px;\">\n<td style=\"height: 53px;\">Perte de retour<\/td>\n<td style=\"height: 53px;\">\u226560dB<\/td>\n<\/tr>\n<tr style=\"height: 53px;\">\n<td style=\"height: 53px;\">R\u00e9p\u00e9tabilit\u00e9<\/td>\n<td style=\"height: 53px;\">\u22640,1dB<\/td>\n<\/tr>\n<tr style=\"height: 53px;\">\n<td style=\"height: 53px;\">\u00c9changeabilit\u00e9<\/td>\n<td style=\"height: 53px;\">\u22640.20dB<\/td>\n<\/tr>\n<tr style=\"height: 53px;\">\n<td style=\"height: 53px;\">Brancher la performance<\/td>\n<td style=\"height: 53px;\">Brancher 1000 fois<\/td>\n<\/tr>\n<tr style=\"height: 53px;\">\n<td style=\"height: 54px;\">Temp\u00e9rature de stockage<\/td>\n<td style=\"height: 54px;\">\u00a0-55~+85\u00b0C<\/td>\n<\/tr>\n<tr style=\"height: 53px;\">\n<td style=\"height: 53px;\">Temp\u00e9rature de stockage<\/td>\n<td style=\"height: 53px;\">\u00a0-40~+80\u00b0C<\/td>\n<\/tr>\n<\/tbody>\n<\/table>\n<\/div>","protected":false},"excerpt":{"rendered":"<ul class=\"a-unordered-list a-vertical a-spacing-mini\">\n<li class=\"a-spacing-mini\">Adaptateur de bouclage pour fibre optique<\/li>\n<li class=\"a-spacing-mini\"><span class=\"a-list-item\">SC UPC MM Connexions de communication<\/span><\/li>\n<li class=\"a-spacing-mini\"><span class=\"a-list-item\">Applications du panneau de raccordement<\/span><\/li>\n<li class=\"a-spacing-mini\"><span class=\"a-list-item\">Raccordements de dispositifsR\u00e9seaux locaux<\/span><\/li>\n<li class=\"a-spacing-mini\"><span class=\"a-list-item\">Interconnexion des \u00e9quipements<\/span><\/li>\n<\/ul>","protected":false},"featured_media":15172,"comment_status":"open","ping_status":"closed","template":"","meta":[],"product_brand":[],"product_cat":[496],"product_tag":[501,263,308],"class_list":{"0":"post-15168","1":"product","2":"type-product","3":"status-publish","4":"has-post-thumbnail","6":"product_cat-fiber-optic-loopback","7":"product_tag-fiber-optic-loopback","8":"product_tag-mm","9":"product_tag-sc-upc","11":"first","12":"instock","13":"shipping-taxable","14":"purchasable","15":"product-type-simple"},"_links":{"self":[{"href":"https:\/\/www.luleey.com\/fr\/wp-json\/wp\/v2\/product\/15168","targetHints":{"allow":["GET"]}}],"collection":[{"href":"https:\/\/www.luleey.com\/fr\/wp-json\/wp\/v2\/product"}],"about":[{"href":"https:\/\/www.luleey.com\/fr\/wp-json\/wp\/v2\/types\/product"}],"replies":[{"embeddable":true,"href":"https:\/\/www.luleey.com\/fr\/wp-json\/wp\/v2\/comments?post=15168"}],"wp:featuredmedia":[{"embeddable":true,"href":"https:\/\/www.luleey.com\/fr\/wp-json\/wp\/v2\/media\/15172"}],"wp:attachment":[{"href":"https:\/\/www.luleey.com\/fr\/wp-json\/wp\/v2\/media?parent=15168"}],"wp:term":[{"taxonomy":"product_brand","embeddable":true,"href":"https:\/\/www.luleey.com\/fr\/wp-json\/wp\/v2\/product_brand?post=15168"},{"taxonomy":"product_cat","embeddable":true,"href":"https:\/\/www.luleey.com\/fr\/wp-json\/wp\/v2\/product_cat?post=15168"},{"taxonomy":"product_tag","embeddable":true,"href":"https:\/\/www.luleey.com\/fr\/wp-json\/wp\/v2\/product_tag?post=15168"}],"curies":[{"name":"wp","href":"https:\/\/api.w.org\/{rel}","templated":true}]}}