{"id":15198,"date":"2024-09-09T22:07:19","date_gmt":"2024-09-09T14:07:19","guid":{"rendered":"https:\/\/www.luleey.com\/?post_type=product&#038;p=15198"},"modified":"2024-09-22T17:14:34","modified_gmt":"2024-09-22T09:14:34","slug":"pressure-alcohol-bottle-200ml","status":"publish","type":"product","link":"https:\/\/www.luleey.com\/fr\/produit-2\/pressure-alcohol-bottle-200ml\/","title":{"rendered":"Bouteille d'alcool \u00e0 pression, 200ml"},"content":{"rendered":"<h4 data-spm-anchor-id=\"a2g0o.detail.1000023.i0.525da32aC35IUk\">Caract\u00e9ristiques<\/h4>\n<ol>\n<li class=\"a-spacing-mini\">Volume de 200ml\/6.8oz, 4.7*2.3inch, l\u00e9ger et facile \u00e0 transporter<\/li>\n<li class=\"a-spacing-mini\">Mat\u00e9riau de premi\u00e8re qualit\u00e9, nos bouteilles de distribution \u00e0 pompe vide sont fabriqu\u00e9es en plastique de haute qualit\u00e9, l\u00e9ger et durable. Ressort de pression int\u00e9gr\u00e9, utilis\u00e9 de nombreuses fois sans d\u00e9formation, ce qui peut vous servir pendant longtemps.<\/li>\n<li class=\"a-spacing-mini\">Verrouillable et pratique, la t\u00eate verrouillable \u00e9vite d'appuyer par erreur. Il suffit de placer un coton sur le dessus et d'appuyer au centre de la bouteille pour que le liquide remonte \u00e0 la surface, se remplisse et imbibe le coton, \u00e9vitant ainsi les d\u00e9bordements.<\/li>\n<li class=\"a-spacing-mini\">Large application, ces flacons distributeurs \u00e0 pompe rechargeable peuvent \u00eatre largement utilis\u00e9s pour contenir de l'alcool, du nettoyant, du nettoyant pour fibres, du dissolvant pour vernis \u00e0 ongles, du d\u00e9maquillant, etc. Parfaitement<\/li>\n<\/ol>\n<div class=\"a-column a-span6\">\n<h3>Sp\u00e9cifications<\/h3>\n<table style=\"border-collapse: collapse; width: 100%; height: 281px;\">\n<tbody>\n<tr style=\"height: 69px;\">\n<td style=\"width: 50%; height: 69px;\">Marque<\/td>\n<td style=\"width: 50%; height: 69px;\">LuLeey<\/td>\n<\/tr>\n<tr style=\"height: 53px;\">\n<td style=\"width: 50%; height: 53px;\">Nom du produit<\/td>\n<td style=\"width: 50%; height: 53px;\">Bouteille d'alcool \u00e0 pression, 200ml<\/td>\n<\/tr>\n<tr style=\"height: 53px;\">\n<td style=\"width: 50%; height: 53px;\">Mat\u00e9riau<\/td>\n<td style=\"width: 50%; height: 53px;\">Plastique<\/td>\n<\/tr>\n<tr style=\"height: 53px;\">\n<td style=\"width: 50%; height: 53px;\">Forme<\/td>\n<td style=\"width: 50%; height: 53px;\">Rond<\/td>\n<\/tr>\n<tr style=\"height: 53px;\">\n<td style=\"width: 50%; height: 53px;\">Volume<\/td>\n<td style=\"width: 50%; height: 53px;\">200ml<\/td>\n<\/tr>\n<\/tbody>\n<\/table>\n<\/div>","protected":false},"excerpt":{"rendered":"<ul class=\"a-unordered-list a-vertical a-spacing-mini\">\n<li class=\"a-spacing-mini\"><span class=\"a-list-item\">Bouteille d'alcool \u00e0 pression, nettoyage par fibre, volume 200ml\/6.8oz, 4.7*2.3inch, l\u00e9ger et facile \u00e0 transporter<\/span><\/li>\n<li class=\"a-spacing-mini\"><span class=\"a-list-item\">Fabriqu\u00e9 en mati\u00e8re plastique sp\u00e9ciale avec une bonne r\u00e9sistance \u00e0 la corrosion, parfait pour l'alcool, l'ac\u00e9tone, le dissolvant de vernis \u00e0 ongles, le d\u00e9maquillant et le d\u00e9tergent liquide, etc.<\/span><\/li>\n<li class=\"a-spacing-mini\"><span class=\"a-list-item\">Le r\u00e9cipient ne gaspille pas le liquide car il est \u00e9tanche et vous pouvez contr\u00f4ler la quantit\u00e9 de liquide souhait\u00e9e en fonction du nombre de pouss\u00e9es que vous effectuez.<\/span><\/li>\n<li class=\"a-spacing-mini\"><span class=\"a-list-item\">Le couvercle sup\u00e9rieur est dot\u00e9 d'un dispositif de verrouillage qui emp\u00eache de pousser accidentellement le piston.<\/span><\/li>\n<li class=\"a-spacing-mini\"><span class=\"a-list-item\">Bouteille transparente avec ressort \u00e0 haute pression, sans fuite, facile \u00e0 presser et \u00e0 utiliser, avec une dur\u00e9e de vie plus longue.<\/span><\/li>\n<\/ul>","protected":false},"featured_media":15199,"comment_status":"open","ping_status":"closed","template":"","meta":[],"product_brand":[],"product_cat":[354],"product_tag":[503,222,504],"class_list":{"0":"post-15198","1":"product","2":"type-product","3":"status-publish","4":"has-post-thumbnail","6":"product_cat-fiber-optic-cleaners","7":"product_tag-200ml","8":"product_tag-fiber-cleaning","9":"product_tag-pressure-alcohol-bottle","11":"first","12":"instock","13":"shipping-taxable","14":"purchasable","15":"product-type-simple"},"_links":{"self":[{"href":"https:\/\/www.luleey.com\/fr\/wp-json\/wp\/v2\/product\/15198","targetHints":{"allow":["GET"]}}],"collection":[{"href":"https:\/\/www.luleey.com\/fr\/wp-json\/wp\/v2\/product"}],"about":[{"href":"https:\/\/www.luleey.com\/fr\/wp-json\/wp\/v2\/types\/product"}],"replies":[{"embeddable":true,"href":"https:\/\/www.luleey.com\/fr\/wp-json\/wp\/v2\/comments?post=15198"}],"wp:featuredmedia":[{"embeddable":true,"href":"https:\/\/www.luleey.com\/fr\/wp-json\/wp\/v2\/media\/15199"}],"wp:attachment":[{"href":"https:\/\/www.luleey.com\/fr\/wp-json\/wp\/v2\/media?parent=15198"}],"wp:term":[{"taxonomy":"product_brand","embeddable":true,"href":"https:\/\/www.luleey.com\/fr\/wp-json\/wp\/v2\/product_brand?post=15198"},{"taxonomy":"product_cat","embeddable":true,"href":"https:\/\/www.luleey.com\/fr\/wp-json\/wp\/v2\/product_cat?post=15198"},{"taxonomy":"product_tag","embeddable":true,"href":"https:\/\/www.luleey.com\/fr\/wp-json\/wp\/v2\/product_tag?post=15198"}],"curies":[{"name":"wp","href":"https:\/\/api.w.org\/{rel}","templated":true}]}}