{"id":15564,"date":"2024-10-13T23:35:41","date_gmt":"2024-10-13T15:35:41","guid":{"rendered":"https:\/\/www.luleey.com\/?post_type=product&#038;p=15564"},"modified":"2025-01-21T10:49:43","modified_gmt":"2025-01-21T02:49:43","slug":"4ge-gigabit-epon-olt","status":"publish","type":"product","link":"https:\/\/www.luleey.com\/fr\/produit-2\/4ge-gigabit-epon-olt\/","title":{"rendered":"4GE Gigabit EPON OLT"},"content":{"rendered":"<h3>Caract\u00e9ristiques<\/h3>\n<ul>\n<li>Table d'adresses MAC 8K<\/li>\n<li>Support EPON\/XPON ONU<\/li>\n<li>Prise en charge de la d\u00e9couverte et de l'enregistrement automatiques des ONU (plug and play)<\/li>\n<li>Prise en charge de 256 OUN au maximum<\/li>\n<li data-spm-anchor-id=\"a2g0o.detail.1000023.i0.64ddCCNCCCNCkl\">Gestion du r\u00e9seau Gestion du port s\u00e9rie local bas\u00e9e sur l'interface CLI et gestion de l'interface graphique \u00e0 distance<\/li>\n<li>Rapport de division maximal 1\uff1a64<\/li>\n<li>Prise en charge des modules PX20+, PX20++, PX20+++.<\/li>\n<\/ul>\n<h3>Sp\u00e9cifications<\/h3>\n<table style=\"border-collapse: collapse; width: 100%; height: 530px;\">\n<tbody>\n<tr style=\"height: 53px;\">\n<td style=\"width: 50%; height: 53px;\">Marque<\/td>\n<td style=\"width: 50%; height: 53px;\">LuLeey<\/td>\n<\/tr>\n<tr style=\"height: 53px;\">\n<td style=\"width: 50%; height: 53px;\">Nom du produit<\/td>\n<td style=\"width: 50%; height: 53px;\">4GE Gigabit EPON OLT<\/td>\n<\/tr>\n<tr style=\"height: 53px;\">\n<td style=\"width: 50%; height: 53px;\">Capacit\u00e9 de l'utilisateur<\/td>\n<td style=\"width: 50%; height: 53px;\">4 PON, 256 ONU<\/td>\n<\/tr>\n<tr style=\"height: 53px;\">\n<td style=\"width: 50%; height: 53px;\">Liaison montante<\/td>\n<td style=\"width: 50%; height: 53px;\">4GE<\/td>\n<\/tr>\n<tr style=\"height: 53px;\">\n<td style=\"width: 50%; height: 53px;\">Longueur d'onde de travail<\/td>\n<td style=\"width: 50%; height: 53px;\">1310RX\/1490TX<\/td>\n<\/tr>\n<tr style=\"height: 53px;\">\n<td style=\"width: 50%; height: 53px;\">Sensibilit\u00e9 \u00e0 la r\u00e9ception<\/td>\n<td style=\"width: 50%; height: 53px;\">-27dBm<\/td>\n<\/tr>\n<tr style=\"height: 53px;\">\n<td style=\"width: 50%; height: 53px;\">Distance de transmission maximale<\/td>\n<td style=\"width: 50%; height: 53px;\">20 km<\/td>\n<\/tr>\n<tr style=\"height: 53px;\">\n<td style=\"width: 50%; height: 53px;\">Taille<\/td>\n<td style=\"width: 50%; height: 53px;\">27,6x16x4,4cm<\/td>\n<\/tr>\n<tr style=\"height: 53px;\">\n<td style=\"width: 50%; height: 53px;\">Alimentation \u00e9lectrique int\u00e9gr\u00e9e<\/td>\n<td style=\"width: 50%; height: 53px;\">AC 100~240V<\/td>\n<\/tr>\n<tr style=\"height: 53px;\">\n<td style=\"width: 50%; height: 53px;\">Largeur de bande en liaison montante et descendante<\/td>\n<td style=\"width: 50%; height: 53px;\">1,25Gbps<\/td>\n<\/tr>\n<tr>\n<td style=\"width: 50%;\">Temp\u00e9rature de travail<\/td>\n<td style=\"width: 50%;\">-10~55 degr\u00e9s Celsius<\/td>\n<\/tr>\n<tr>\n<td style=\"width: 50%;\">Temp\u00e9rature de stockage<\/td>\n<td style=\"width: 50%;\">-40~80 degr\u00e9s Celsius<\/td>\n<\/tr>\n<tr>\n<td style=\"width: 50%;\">Support VLAN<\/td>\n<td style=\"width: 50%;\">Oui<\/td>\n<\/tr>\n<\/tbody>\n<\/table>","protected":false},"excerpt":{"rendered":"<ul>\n<li>Logistique efficace : b\u00e9n\u00e9ficiez d'un service de livraison stable et fiable avec une garantie de qualit\u00e9.<\/li>\n<li>Puissance optique : la puissance optique de 7 \u00e0 8 dB garantit une transmission fiable jusqu'\u00e0 20 km.<\/li>\n<li>Capacit\u00e9 d'utilisation \u00e9lev\u00e9e : prend en charge 4 PON et 256 ONU, ce qui permet un d\u00e9ploiement \u00e0 grande \u00e9chelle.<\/li>\n<li>Plug and Play : aucune configuration n'est n\u00e9cessaire ; installation transparente pour les r\u00e9seaux FTTH\/FTTB\/FTTZ.<\/li>\n<li>Compatibilit\u00e9 \u00e9lev\u00e9e : compatible avec un large \u00e9ventail de marques, notamment Huawei, ZTE et Cisco.<\/li>\n<\/ul>","protected":false},"featured_media":15565,"comment_status":"open","ping_status":"closed","template":"","meta":[],"product_brand":[],"product_cat":[361],"product_tag":[569,206],"class_list":{"0":"post-15564","1":"product","2":"type-product","3":"status-publish","4":"has-post-thumbnail","6":"product_cat-epon-olt","7":"product_tag-4ge-epon-olt","8":"product_tag-epon-olt","10":"first","11":"instock","12":"shipping-taxable","13":"purchasable","14":"product-type-variable","15":"has-default-attributes"},"_links":{"self":[{"href":"https:\/\/www.luleey.com\/fr\/wp-json\/wp\/v2\/product\/15564","targetHints":{"allow":["GET"]}}],"collection":[{"href":"https:\/\/www.luleey.com\/fr\/wp-json\/wp\/v2\/product"}],"about":[{"href":"https:\/\/www.luleey.com\/fr\/wp-json\/wp\/v2\/types\/product"}],"replies":[{"embeddable":true,"href":"https:\/\/www.luleey.com\/fr\/wp-json\/wp\/v2\/comments?post=15564"}],"wp:featuredmedia":[{"embeddable":true,"href":"https:\/\/www.luleey.com\/fr\/wp-json\/wp\/v2\/media\/15565"}],"wp:attachment":[{"href":"https:\/\/www.luleey.com\/fr\/wp-json\/wp\/v2\/media?parent=15564"}],"wp:term":[{"taxonomy":"product_brand","embeddable":true,"href":"https:\/\/www.luleey.com\/fr\/wp-json\/wp\/v2\/product_brand?post=15564"},{"taxonomy":"product_cat","embeddable":true,"href":"https:\/\/www.luleey.com\/fr\/wp-json\/wp\/v2\/product_cat?post=15564"},{"taxonomy":"product_tag","embeddable":true,"href":"https:\/\/www.luleey.com\/fr\/wp-json\/wp\/v2\/product_tag?post=15564"}],"curies":[{"name":"wp","href":"https:\/\/api.w.org\/{rel}","templated":true}]}}