{"id":15669,"date":"2024-10-20T13:47:31","date_gmt":"2024-10-20T05:47:31","guid":{"rendered":"https:\/\/www.luleey.com\/?post_type=product&#038;p=15669"},"modified":"2025-01-08T10:15:53","modified_gmt":"2025-01-08T02:15:53","slug":"passive-poe-switch-2sc-2rj45-1000m-fiber-optic-media-converter-ethernet-switch-pcba-board","status":"publish","type":"product","link":"https:\/\/www.luleey.com\/fr\/produit-2\/passive-poe-switch-2sc-2rj45-1000m-fiber-optic-media-converter-ethernet-switch-pcba-board\/","title":{"rendered":"Commutateur POE passif 2SC 2RJ45 1000M Fibre Optique Media Converter Ethernet Switch PCBA Board Industrial Grade"},"content":{"rendered":"<div class=\"title--wrap--Ms9Zv4A\">\n<h3>Caract\u00e9ristiques<\/h3>\n<ul>\n<li>Transmission de donn\u00e9es \u00e0 tr\u00e8s faible latence : B\u00e9n\u00e9ficiez de taux de transfert de donn\u00e9es rapides comme l'\u00e9clair avec un d\u00e9lai minimal, garantissant une communication transparente pour les applications critiques.<\/li>\n<li>Commodit\u00e9 \"Plug-and-Play\" (pr\u00eat \u00e0 l'emploi) : Nos \u00e9metteurs-r\u00e9cepteurs sont con\u00e7us pour une installation facile, ne n\u00e9cessitant aucune configuration. Il suffit de les connecter et de les utiliser imm\u00e9diatement.<\/li>\n<li>Structure simple et entretien facile : La conception simple de notre \u00e9metteur-r\u00e9cepteur permet une maintenance ais\u00e9e, garantissant fiabilit\u00e9 et long\u00e9vit\u00e9 dans divers environnements.<\/li>\n<li>\u00a0Haute fiabilit\u00e9 et forte r\u00e9sistance aux interf\u00e9rences : Construit pour r\u00e9sister \u00e0 des conditions difficiles, notre \u00e9metteur-r\u00e9cepteur offre une fiabilit\u00e9 exceptionnelle et une forte r\u00e9sistance aux interf\u00e9rences, ce qui le rend id\u00e9al pour les applications exigeantes.<\/li>\n<li>\u00a0Large gamme d'applications : Nos \u00e9metteurs-r\u00e9cepteurs \u00e0 fibre optique sont largement utilis\u00e9s dans la vid\u00e9osurveillance, les r\u00e9seaux informatiques, le contr\u00f4le industriel et les syst\u00e8mes de construction intelligents, fournissant des solutions polyvalentes pour divers secteurs.<\/li>\n<\/ul>\n<\/div>\n<h3>Sp\u00e9cifications<\/h3>\n<table style=\"border-collapse: collapse; width: 100%; height: 665px;\">\n<tbody>\n<tr style=\"height: 53px;\">\n<td style=\"width: 50%; height: 53px;\">Marque<\/td>\n<td style=\"width: 50%; height: 53px;\">LuLeey<\/td>\n<\/tr>\n<tr style=\"height: 82px;\">\n<td style=\"width: 50%; height: 82px;\">Nom du produit<\/td>\n<td style=\"width: 50%; height: 82px;\">Commutateur POE invers\u00e9 2SC 2RJ45 1000M Fibre Optique Media Converter Ethernet Switch PCBA Board<\/td>\n<\/tr>\n<tr style=\"height: 53px;\">\n<td style=\"width: 50%; height: 53px;\">Nombre de ports de fibre optique<\/td>\n<td style=\"width: 50%; height: 53px;\">2<\/td>\n<\/tr>\n<tr style=\"height: 53px;\">\n<td style=\"width: 50%; height: 53px;\">Taux SC<\/td>\n<td style=\"width: 50%; height: 53px;\">1000M<\/td>\n<\/tr>\n<tr style=\"height: 53px;\">\n<td style=\"width: 50%; height: 53px;\">Nombre de RJ45<\/td>\n<td style=\"width: 50%; height: 53px;\">2<\/td>\n<\/tr>\n<tr style=\"height: 53px;\">\n<td style=\"width: 50%; height: 53px;\">Taux RJ45<\/td>\n<td style=\"width: 50%; height: 53px;\">10\/100\/1000M<\/td>\n<\/tr>\n<tr style=\"height: 53px;\">\n<td style=\"width: 50%; height: 53px;\">alimentation \u00e9lectrique<\/td>\n<td style=\"width: 50%; height: 53px;\">5-12V DC<\/td>\n<\/tr>\n<tr style=\"height: 53px;\">\n<td style=\"width: 50%; height: 53px;\">Type d'interface<\/td>\n<td style=\"width: 50%; height: 53px;\">SC (A+B)<\/td>\n<\/tr>\n<tr style=\"height: 53px;\">\n<td style=\"width: 50%; height: 53px;\">Distance de transmission<\/td>\n<td style=\"width: 50%; height: 53px;\">20 km<\/td>\n<\/tr>\n<tr style=\"height: 53px;\">\n<td style=\"width: 50%; height: 53px;\">Longueur d'onde de travail<\/td>\n<td style=\"width: 50%; height: 53px;\">1310\/1550 (nm)<\/td>\n<\/tr>\n<tr style=\"height: 53px;\">\n<td style=\"width: 50%; height: 53px;\">Environnement<\/td>\n<td style=\"width: 50%;\">Temp\u00e9rature de stockage : -40\uff5e85\u2103<\/p>\n<p>Temp\u00e9rature de fonctionnement : -40\uff5e85\u2103<\/p>\n<p data-spm-anchor-id=\"a2g0o.detail.1000023.i3.692dYr9OYr9O5Q\">Humidit\u00e9 relative : 5-90% (sans condensation)<\/p>\n<\/td>\n<\/tr>\n<tr>\n<td style=\"width: 50%;\">\n<div class=\"left\" data-spm-anchor-id=\"a2700.details.0.i41.5e2f6544LAAXZ9\">Support PoE<\/div>\n<\/td>\n<td style=\"width: 50%;\">\n<div class=\"attribute-list\">\n<div class=\"attribute-item\">\n<div class=\"right\" data-spm-anchor-id=\"a2700.details.0.i42.5e2f6544LAAXZ9\"><span data-spm-anchor-id=\"a2700.details.0.i44.5e2f6544LAAXZ9\">5V 24V<\/span><\/div>\n<\/div>\n<\/div>\n<\/td>\n<\/tr>\n<tr style=\"height: 53px;\">\n<td style=\"width: 50%; height: 53px;\">Type de fibre<\/td>\n<td style=\"width: 50%; height: 53px;\">Fibre unique Mode unique<\/td>\n<\/tr>\n<\/tbody>\n<\/table>\n<p>&nbsp;<\/p>","protected":false},"excerpt":{"rendered":"<div class=\"title--wrap--Ms9Zv4A\">\n<ul>\n<li data-pl=\"product-title\" data-spm-anchor-id=\"a2g0o.detail.0.i7.7accWMLZWMLZie\">Prise en charge de la fonction POE<\/li>\n<li data-pl=\"product-title\" data-spm-anchor-id=\"a2g0o.detail.0.i7.7accWMLZWMLZie\">2 optique 2 rj54 media converter switch PCBA Board<\/li>\n<li data-pl=\"product-title\" data-spm-anchor-id=\"a2g0o.detail.0.i7.7accWMLZWMLZie\">Taux de 1000M<\/li>\n<li data-pl=\"product-title\" data-spm-anchor-id=\"a2g0o.detail.0.i7.7accWMLZWMLZie\">mode unique<\/li>\n<li data-pl=\"product-title\" data-spm-anchor-id=\"a2g0o.detail.0.i7.7accWMLZWMLZie\">20 km<\/li>\n<li data-pl=\"product-title\" data-spm-anchor-id=\"a2g0o.detail.0.i7.7accWMLZWMLZie\">Entr\u00e9e 5-12v DC<\/li>\n<\/ul>\n<\/div>","protected":false},"featured_media":15672,"comment_status":"open","ping_status":"closed","template":"","meta":[],"product_brand":[],"product_cat":[286],"product_tag":[89,606,285,293,330],"class_list":{"0":"post-15669","1":"product","2":"type-product","3":"status-publish","4":"has-post-thumbnail","6":"product_cat-fiber-media-converter-pcba-board","7":"product_tag-1000m","8":"product_tag-2sc-2rj45","9":"product_tag-pcba","10":"product_tag-poe-switch","11":"product_tag-switch-board","13":"first","14":"instock","15":"shipping-taxable","16":"purchasable","17":"product-type-variable","18":"has-default-attributes"},"_links":{"self":[{"href":"https:\/\/www.luleey.com\/fr\/wp-json\/wp\/v2\/product\/15669","targetHints":{"allow":["GET"]}}],"collection":[{"href":"https:\/\/www.luleey.com\/fr\/wp-json\/wp\/v2\/product"}],"about":[{"href":"https:\/\/www.luleey.com\/fr\/wp-json\/wp\/v2\/types\/product"}],"replies":[{"embeddable":true,"href":"https:\/\/www.luleey.com\/fr\/wp-json\/wp\/v2\/comments?post=15669"}],"wp:featuredmedia":[{"embeddable":true,"href":"https:\/\/www.luleey.com\/fr\/wp-json\/wp\/v2\/media\/15672"}],"wp:attachment":[{"href":"https:\/\/www.luleey.com\/fr\/wp-json\/wp\/v2\/media?parent=15669"}],"wp:term":[{"taxonomy":"product_brand","embeddable":true,"href":"https:\/\/www.luleey.com\/fr\/wp-json\/wp\/v2\/product_brand?post=15669"},{"taxonomy":"product_cat","embeddable":true,"href":"https:\/\/www.luleey.com\/fr\/wp-json\/wp\/v2\/product_cat?post=15669"},{"taxonomy":"product_tag","embeddable":true,"href":"https:\/\/www.luleey.com\/fr\/wp-json\/wp\/v2\/product_tag?post=15669"}],"curies":[{"name":"wp","href":"https:\/\/api.w.org\/{rel}","templated":true}]}}