{"id":15769,"date":"2024-10-29T22:34:27","date_gmt":"2024-10-29T14:34:27","guid":{"rendered":"https:\/\/www.luleey.com\/?post_type=product&#038;p=15769"},"modified":"2026-02-11T20:14:04","modified_gmt":"2026-02-11T12:14:04","slug":"10g-xgpon-optical-power-meter","status":"publish","type":"product","link":"https:\/\/www.luleey.com\/fr\/produit-2\/10g-xgpon-optical-power-meter\/","title":{"rendered":"Mesureur de puissance optique 10G XGPON"},"content":{"rendered":"<h3>Caract\u00e9ristiques<\/h3>\n<ol>\n<li>Batterie au lithium int\u00e9gr\u00e9e : stabilisation de la gestion de la batterie. Chargement rapide pendant 3 heures, utilisation continue en mode mesure de puissance optique pendant 60 heures, arr\u00eat complet pour 90 jours d'autonomie en veille.<\/li>\n<li>Appliquer \u00e0 l'installation, aux essais et \u00e0 la maintenance des r\u00e9seaux Gigabit et 10 Gigabit<\/li>\n<li>Fournit 10 groupes de seuils, analyse et affiche l'\u00e9tat de r\u00e9ussite ou d'\u00e9chec de la s\u00e9lection de la valeur relative.<\/li>\n<li>L'enregistrement des tests peut \u00eatre m\u00e9moris\u00e9 1000 fois<\/li>\n<li>Le Power Meter optique XGPON supporte jusqu'\u00e0 6 longueurs d'onde 1310nm\/1490nm\/1270nm\/1577nm\/1610nm\/1550nm<\/li>\n<li>Soutien SC UPC\/APC<\/li>\n<li>Entr\u00e9e d'alimentation de type C<\/li>\n<li>soutenir VFL<\/li>\n<\/ol>\n<p><strong>Note : Pour la version 1490\/1577, il n'y a qu'un seul connecteur SC APC.<\/strong><\/p>\n<h3>Sp\u00e9cifications<\/h3>\n<p>&nbsp;<\/p>\n<table width=\"843\">\n<tbody>\n<tr>\n<td>Marque<\/td>\n<td colspan=\"6\">LuLeey<\/td>\n<\/tr>\n<tr>\n<td>Mod\u00e8le<\/td>\n<td colspan=\"6\">XPOM002<\/td>\n<\/tr>\n<tr>\n<td>Lieu de fabrication<\/td>\n<td colspan=\"6\">Fabriqu\u00e9 en Chine<\/td>\n<\/tr>\n<tr>\n<td width=\"176\">Longueur d'onde (nm)<\/td>\n<td width=\"257\">1310(haut)<\/td>\n<td width=\"76\">1490(en baisse)<\/td>\n<td width=\"122\">1550(en baisse)<\/td>\n<td width=\"68\">1270(haut)<\/td>\n<td width=\"76\">1577(en baisse)<\/td>\n<td width=\"68\">1610(haut)<\/td>\n<\/tr>\n<tr>\n<td>Bande passante spectrale (nm)<\/td>\n<td>1290~1330<\/td>\n<td>1470~1505<\/td>\n<td>1535~1570<\/td>\n<td>1260~1280<\/td>\n<td>1577+3nm<\/td>\n<td>1595~1650<\/td>\n<\/tr>\n<tr>\n<td>Gamme (DBM)<\/td>\n<td>-40~+10<\/td>\n<td>.45~+10<\/td>\n<td>-45~+10<\/td>\n<td>-40~+10<\/td>\n<td>-45~+10<\/td>\n<td>.40~+10<\/td>\n<\/tr>\n<tr>\n<td>Isolation@ 1310nm (dB)<\/td>\n<td><\/td>\n<td>&gt;40<\/td>\n<td>&gt;40<\/td>\n<td>&gt;40<\/td>\n<td>&gt;40<\/td>\n<td>&gt;40<\/td>\n<\/tr>\n<tr>\n<td>lsolation@1490nm(dB)<\/td>\n<td>&gt;40<\/td>\n<td><\/td>\n<td>&gt;40<\/td>\n<td>&gt;40<\/td>\n<td>&gt;40<\/td>\n<td>&gt;40<\/td>\n<\/tr>\n<tr>\n<td>Isolation@1550nm(dB)<\/td>\n<td>&gt;40<\/td>\n<td>&gt;40<\/td>\n<td><\/td>\n<td>&gt;40<\/td>\n<td>&gt;40<\/td>\n<td>&gt;35<\/td>\n<\/tr>\n<tr>\n<td>Isolation@1270(dB)<\/td>\n<td>&gt;40<\/td>\n<td>&gt;40<\/td>\n<td>&gt;40<\/td>\n<td><\/td>\n<td>&gt;40<\/td>\n<td>&gt;40<\/td>\n<\/tr>\n<tr>\n<td>Isolation@1577(dB)<\/td>\n<td>&gt;40<\/td>\n<td>&gt;40<\/td>\n<td>&gt;40<\/td>\n<td>&gt;40<\/td>\n<td><\/td>\n<td>&gt;40<\/td>\n<\/tr>\n<tr>\n<td>Isolation@1610(dB)<\/td>\n<td>&gt;40<\/td>\n<td>&gt;40<\/td>\n<td>&gt;40<\/td>\n<td>&gt;40<\/td>\n<td>&gt;40<\/td>\n<td><\/td>\n<\/tr>\n<tr>\n<td>Pr\u00e9cision<\/td>\n<td colspan=\"6\"><\/td>\n<\/tr>\n<tr>\n<td>Incertitude<\/td>\n<td colspan=\"6\">\u00b10,5dB<\/td>\n<\/tr>\n<tr>\n<td>Perte de polarisation<\/td>\n<td colspan=\"6\">&lt;\u00b10,25dB<\/td>\n<\/tr>\n<tr>\n<td>Lin\u00e9aire<\/td>\n<td colspan=\"6\">\u00b10,1dB<\/td>\n<\/tr>\n<tr>\n<td>Perte d'insertion<\/td>\n<td colspan=\"6\">&lt;1,5dB<\/td>\n<\/tr>\n<tr>\n<td>R\u00e9solution de l'\u00e9cran<\/td>\n<td colspan=\"6\">0,01dB<\/td>\n<\/tr>\n<tr>\n<td>Unit\u00e9<\/td>\n<td colspan=\"6\">dBm\/xW<\/td>\n<\/tr>\n<tr>\n<td>LCD<\/td>\n<td colspan=\"6\">320*240\uff0c3.2 pouces \u00c9cran LCD couleurs r\u00e9elles<\/td>\n<\/tr>\n<tr>\n<td>Batterie<\/td>\n<td colspan=\"6\">Batterie rechargeable 4.2V 2400mAh<\/td>\n<\/tr>\n<tr>\n<td>Dur\u00e9e de fonctionnement de la batterie<\/td>\n<td colspan=\"6\">20 heures environ<\/td>\n<\/tr>\n<tr>\n<td>Temp\u00e9rature de fonctionnement<\/td>\n<td colspan=\"6\">0~60\u2103<\/td>\n<\/tr>\n<tr>\n<td>Temp\u00e9rature de stockage<\/td>\n<td colspan=\"6\">25~70\u2103<\/td>\n<\/tr>\n<tr>\n<td>Taille (mm)<\/td>\n<td colspan=\"6\">155x85x40<\/td>\n<\/tr>\n<\/tbody>\n<\/table>","protected":false},"excerpt":{"rendered":"<ol>\n<li>\u00a0utilisation continue en mode mesure de la puissance optique pendant 60 heures, arr\u00eat complet de l'alimentation pour 90 jours de veille prolong\u00e9e<\/li>\n<li>Appliquer \u00e0 l'installation, aux essais et \u00e0 la maintenance des r\u00e9seaux Gigabit et 10 Gigabit<\/li>\n<li>Fournit 10 groupes de seuils, analyse et affiche l'\u00e9tat de r\u00e9ussite ou d'\u00e9chec de la s\u00e9lection de la valeur relative.<\/li>\n<li>L'enregistrement des tests peut \u00eatre m\u00e9moris\u00e9 1000 fois<\/li>\n<li>Le Power Meter optique XGPON supporte jusqu'\u00e0 6 longueurs d'onde 1310nm\/1490nm\/1270nm\/1577nm\/1610nm\/1550nm<\/li>\n<li>Soutien SC UPC\/APC<\/li>\n<\/ol>","protected":false},"featured_media":15767,"comment_status":"open","ping_status":"closed","template":"","meta":[],"product_brand":[],"product_cat":[363],"product_tag":[564,615],"class_list":{"0":"post-15769","1":"product","2":"type-product","3":"status-publish","4":"has-post-thumbnail","6":"product_cat-optical-power-meter-and-visual-fault-locator","7":"product_tag-xgpon","8":"product_tag-xgpon-optical-power-meter","10":"first","11":"instock","12":"shipping-taxable","13":"purchasable","14":"product-type-variable","15":"has-default-attributes"},"_links":{"self":[{"href":"https:\/\/www.luleey.com\/fr\/wp-json\/wp\/v2\/product\/15769","targetHints":{"allow":["GET"]}}],"collection":[{"href":"https:\/\/www.luleey.com\/fr\/wp-json\/wp\/v2\/product"}],"about":[{"href":"https:\/\/www.luleey.com\/fr\/wp-json\/wp\/v2\/types\/product"}],"replies":[{"embeddable":true,"href":"https:\/\/www.luleey.com\/fr\/wp-json\/wp\/v2\/comments?post=15769"}],"wp:featuredmedia":[{"embeddable":true,"href":"https:\/\/www.luleey.com\/fr\/wp-json\/wp\/v2\/media\/15767"}],"wp:attachment":[{"href":"https:\/\/www.luleey.com\/fr\/wp-json\/wp\/v2\/media?parent=15769"}],"wp:term":[{"taxonomy":"product_brand","embeddable":true,"href":"https:\/\/www.luleey.com\/fr\/wp-json\/wp\/v2\/product_brand?post=15769"},{"taxonomy":"product_cat","embeddable":true,"href":"https:\/\/www.luleey.com\/fr\/wp-json\/wp\/v2\/product_cat?post=15769"},{"taxonomy":"product_tag","embeddable":true,"href":"https:\/\/www.luleey.com\/fr\/wp-json\/wp\/v2\/product_tag?post=15769"}],"curies":[{"name":"wp","href":"https:\/\/api.w.org\/{rel}","templated":true}]}}