{"id":15794,"date":"2024-11-09T13:59:20","date_gmt":"2024-11-09T05:59:20","guid":{"rendered":"https:\/\/www.luleey.com\/?post_type=product&#038;p=15794"},"modified":"2025-07-23T12:15:04","modified_gmt":"2025-07-23T04:15:04","slug":"single-mode-fiber-optic-otdr-launch-cable-box","status":"publish","type":"product","link":"https:\/\/www.luleey.com\/fr\/produit-2\/single-mode-fiber-optic-otdr-launch-cable-box\/","title":{"rendered":"Bo\u00eete de lancement de c\u00e2ble OTDR \u00e0 fibre optique monomode"},"content":{"rendered":"<div class=\"title--wrap--Ms9Zv4A\">\n<h3>Caract\u00e9ristiques<\/h3>\n<ul>\n<li>La fibre optique est principalement utilis\u00e9e pour compenser la zone morte du test OTDR.<\/li>\n<li>Il n'y a pas de connecteur d'\u00e9pissure au milieu de la fibre optique. La fibre optique est donc petite, l\u00e9g\u00e8re et facile \u00e0 transporter.<\/li>\n<li>monomode (9125) ou multimode (62.5125).<\/li>\n<li>Plusieurs longueurs peuvent \u00eatre s\u00e9lectionn\u00e9es.<\/li>\n<li>Perte inf\u00e9rieure ou \u00e9gale \u00e0 0,3 dBm\/km.<\/li>\n<li>Bo\u00eete de protection incluse, excellente performance d'\u00e9tanch\u00e9it\u00e9, imperm\u00e9able, antisalissure et antid\u00e9flagrante.<\/li>\n<li>Connecteur de c\u00e2ble d'extension en option : MU, E2000, SC FC LC ST (UPC ou APC)<\/li>\n<\/ul>\n<\/div>\n<h3>Sp\u00e9cifications<\/h3>\n<table style=\"border-collapse: collapse; width: 100%; height: 477px;\">\n<tbody>\n<tr style=\"height: 53px;\">\n<td style=\"width: 50%; height: 53px;\">Marque<\/td>\n<td style=\"width: 50%; height: 53px;\">LuLeey<\/td>\n<\/tr>\n<tr style=\"height: 53px;\">\n<td style=\"width: 50%; height: 53px;\">Nom du produit<\/td>\n<td style=\"width: 50%; height: 53px;\">Bo\u00eete de lancement de c\u00e2ble OTDR \u00e0 fibre optique monomode<\/td>\n<\/tr>\n<tr style=\"height: 53px;\">\n<td style=\"width: 50%; height: 53px;\">Origine<\/td>\n<td style=\"width: 50%; height: 53px;\">Chine continentale<\/td>\n<\/tr>\n<tr style=\"height: 53px;\">\n<td style=\"width: 50%; height: 53px;\">Connecteur<\/td>\n<td style=\"width: 50%; height: 53px;\">SC FC LC ST (UPC ou APC)<\/td>\n<\/tr>\n<tr style=\"height: 53px;\">\n<td style=\"width: 50%; height: 53px;\">Mode travail<\/td>\n<td style=\"width: 50%; height: 53px;\">Mode unique 9\/125\u03bcm<\/td>\n<\/tr>\n<tr style=\"height: 53px;\">\n<td style=\"width: 50%; height: 53px;\">Longueur du c\u00e2ble<\/td>\n<td style=\"width: 50%; height: 53px;\">150 m-2,0 km<\/td>\n<\/tr>\n<tr>\n<td style=\"width: 50%;\">Taille de la bo\u00eete<\/td>\n<td style=\"width: 50%;\">25cm*15cm*6.5cm<\/td>\n<\/tr>\n<tr style=\"height: 53px;\">\n<td style=\"width: 50%; height: 53px;\">couleur de la bo\u00eete<\/td>\n<td style=\"width: 50%; height: 53px;\">jaune ou vert<\/td>\n<\/tr>\n<tr style=\"height: 53px;\">\n<td style=\"width: 50%; height: 53px;\">Temp\u00e9rature de fonctionnement<\/td>\n<td style=\"width: 50%; height: 53px;\">-40~85\u2103<\/td>\n<\/tr>\n<tr style=\"height: 53px;\">\n<td style=\"width: 50%; height: 53px;\">Temp\u00e9rature de stockage<\/td>\n<td style=\"width: 50%; height: 53px;\">-40~85\u2103<\/td>\n<\/tr>\n<\/tbody>\n<\/table>","protected":false},"excerpt":{"rendered":"<ol>\n<li><strong>Compensation efficace de la zone morte des tests OTDR<\/strong>: Sp\u00e9cialement con\u00e7u pour minimiser l'impact de la zone morte dans les tests OTDR, am\u00e9liorant ainsi la pr\u00e9cision des mesures pour les r\u00e9seaux de fibres optiques.<\/li>\n<li><strong>Solution fibre optique l\u00e9g\u00e8re et portable<\/strong>: L'absence de connecteurs d'\u00e9pissure interm\u00e9diaires se traduit par une conception compacte et l\u00e9g\u00e8re, ce qui en fait un choix id\u00e9al pour les techniciens de terrain et les installations sur site.<\/li>\n<li><strong>Options polyvalentes de fibres monomodes et multimodes<\/strong>: Disponible en monomode (9125) et multimode (62,5\/125), ce qui permet aux utilisateurs de choisir la solution la mieux adapt\u00e9e \u00e0 leurs besoins sp\u00e9cifiques en mati\u00e8re de r\u00e9seau.<\/li>\n<li><strong>Longueurs personnalis\u00e9es pour les applications de fibre optique<\/strong>: Offrant une gamme de longueurs, cette bo\u00eete \u00e0 c\u00e2ble de lancement offre une flexibilit\u00e9 pour divers sc\u00e9narios d'installation, r\u00e9pondant ainsi aux divers besoins des projets.<\/li>\n<li><strong>Bo\u00eete de protection durable, \u00e9tanche et antid\u00e9flagrante<\/strong>: Le bo\u00eetier de protection fourni pr\u00e9sente d'excellentes performances en mati\u00e8re d'\u00e9tanch\u00e9it\u00e9, ce qui le rend \u00e9tanche, antisalissure et antid\u00e9flagrant, garantissant ainsi la fiabilit\u00e9 dans des environnements difficiles.<\/li>\n<\/ol>","protected":false},"featured_media":15832,"comment_status":"open","ping_status":"closed","template":"","meta":[],"product_brand":[],"product_cat":[367],"product_tag":[283,655],"class_list":{"0":"post-15794","1":"product","2":"type-product","3":"status-publish","4":"has-post-thumbnail","6":"product_cat-otdr","7":"product_tag-otdr","8":"product_tag-otdr-launch-cable-box","10":"first","11":"instock","12":"shipping-taxable","13":"purchasable","14":"product-type-variable","15":"has-default-attributes"},"_links":{"self":[{"href":"https:\/\/www.luleey.com\/fr\/wp-json\/wp\/v2\/product\/15794","targetHints":{"allow":["GET"]}}],"collection":[{"href":"https:\/\/www.luleey.com\/fr\/wp-json\/wp\/v2\/product"}],"about":[{"href":"https:\/\/www.luleey.com\/fr\/wp-json\/wp\/v2\/types\/product"}],"replies":[{"embeddable":true,"href":"https:\/\/www.luleey.com\/fr\/wp-json\/wp\/v2\/comments?post=15794"}],"wp:featuredmedia":[{"embeddable":true,"href":"https:\/\/www.luleey.com\/fr\/wp-json\/wp\/v2\/media\/15832"}],"wp:attachment":[{"href":"https:\/\/www.luleey.com\/fr\/wp-json\/wp\/v2\/media?parent=15794"}],"wp:term":[{"taxonomy":"product_brand","embeddable":true,"href":"https:\/\/www.luleey.com\/fr\/wp-json\/wp\/v2\/product_brand?post=15794"},{"taxonomy":"product_cat","embeddable":true,"href":"https:\/\/www.luleey.com\/fr\/wp-json\/wp\/v2\/product_cat?post=15794"},{"taxonomy":"product_tag","embeddable":true,"href":"https:\/\/www.luleey.com\/fr\/wp-json\/wp\/v2\/product_tag?post=15794"}],"curies":[{"name":"wp","href":"https:\/\/api.w.org\/{rel}","templated":true}]}}