{"id":15856,"date":"2024-11-09T19:49:40","date_gmt":"2024-11-09T11:49:40","guid":{"rendered":"https:\/\/www.luleey.com\/?post_type=product&#038;p=15856"},"modified":"2025-06-28T10:47:28","modified_gmt":"2025-06-28T02:47:28","slug":"5-port-gigabit-ethernet-switch-unmanaged-switches-and-hub","status":"publish","type":"product","link":"https:\/\/www.luleey.com\/fr\/produit-2\/5-port-gigabit-ethernet-switch-unmanaged-switches-and-hub\/","title":{"rendered":"Commutateur Gigabit Ethernet \u00e0 5 ports, Commutateurs non administrables et Hub"},"content":{"rendered":"<h3>Caract\u00e9ristiques<\/h3>\n<ol>\n<li>Ports Gigabit Ethernet complets, chaque port peut fournir une transmission de 1Gbps, commutateurs non g\u00e9r\u00e9s, commutateurs Ethernet<\/li>\n<li>Le port est automatiquement ajust\u00e9 et transmis avec soin, il est facile \u00e0 utiliser et aucune configuration n'est n\u00e9cessaire.<\/li>\n<li>Dissipation thermique de haute qualit\u00e9, utilisation stable et longue dur\u00e9e de vie.<\/li>\n<li>Prise en charge de l'isolation des ports<\/li>\n<li>Plug and Play<\/li>\n<li>Bo\u00eetier m\u00e9tallique et bonne dissipation de la chaleur<\/li>\n<li>10M\/100M\/1000M Base-T \u00e0 d\u00e9tection automatique, full\/duplex MDI\/MDI-X adaptatif<\/li>\n<\/ol>\n<h3>Sp\u00e9cifications<\/h3>\n<table style=\"width: 100%; height: 897px;\" width=\"598\">\n<tbody>\n<tr style=\"height: 69px;\">\n<td style=\"height: 69px; width: 35.2744%;\" width=\"211\">Nom de la marque<\/td>\n<td style=\"height: 69px; width: 64.6586%;\" width=\"387\">LuLeey<\/td>\n<\/tr>\n<tr>\n<td style=\"width: 35.2744%;\">\n<div class=\"specification--title--SfH3sA8\"><span data-spm-anchor-id=\"a2g0o.detail.0.i10.73c8G5LJG5LJdG\">Num\u00e9ro de mod\u00e8le<\/span><\/div>\n<\/td>\n<td style=\"width: 64.6586%;\" width=\"158\">LL-UM-1000M-5<\/td>\n<\/tr>\n<tr style=\"height: 69px;\">\n<td style=\"height: 69px; width: 35.2744%;\" width=\"211\">Certification<\/td>\n<td style=\"height: 69px; width: 64.6586%;\" width=\"387\">CE, FCC, RoHS<\/td>\n<\/tr>\n<tr style=\"height: 69px;\">\n<td style=\"height: 69px; width: 35.2744%;\" width=\"211\">type d'appareil<\/td>\n<td style=\"height: 69px; width: 64.6586%;\" width=\"387\">Commutateur Gigabit \u00e0 5 ports<\/td>\n<\/tr>\n<tr style=\"height: 69px;\">\n<td style=\"height: 69px; width: 35.2744%;\" width=\"211\">Taux de transmission des paquets<\/td>\n<td style=\"height: 69px; width: 64.6586%;\" width=\"387\">14.388MBps<\/td>\n<\/tr>\n<tr style=\"height: 69px;\">\n<td style=\"height: 69px; width: 35.2744%;\" width=\"211\">Tension d'alimentation<\/td>\n<td style=\"height: 69px; width: 64.6586%;\" width=\"387\">5V<\/td>\n<\/tr>\n<tr style=\"height: 69px;\">\n<td style=\"height: 69px; width: 35.2744%;\" width=\"211\">Origine<\/td>\n<td style=\"height: 69px; width: 64.6586%;\" width=\"387\">Chine continentale<\/td>\n<\/tr>\n<tr>\n<td style=\"width: 35.2744%;\">Temp\u00e9rature de fonctionnement<\/td>\n<td style=\"width: 64.6586%;\">-20~80\u2103, 5%~90% RH sans condensation<\/td>\n<\/tr>\n<tr>\n<td style=\"width: 35.2744%;\">Temp\u00e9rature de stockage<\/td>\n<td style=\"width: 64.6586%;\">-24~85\u2103, 5%~90% RH sans condensation<\/td>\n<\/tr>\n<tr>\n<td style=\"width: 35.2744%;\">Cache de transmission de paquets<\/td>\n<td style=\"width: 64.6586%;\">1M<\/td>\n<\/tr>\n<tr>\n<td style=\"width: 35.2744%;\">Table des adresses MAC<\/td>\n<td style=\"width: 64.6586%;\">2K<\/td>\n<\/tr>\n<tr>\n<td style=\"width: 35.2744%;\">Chips<\/td>\n<td style=\"width: 64.6586%;\">RTL<\/td>\n<\/tr>\n<tr style=\"height: 69px;\">\n<td style=\"height: 69px; width: 35.2744%;\" width=\"211\">Tension d'alimentation<\/td>\n<td style=\"height: 69px; width: 64.6586%;\" width=\"387\">AC 220V\/ DC5-12V<\/td>\n<\/tr>\n<tr style=\"height: 69px;\">\n<td style=\"height: 69px; width: 35.2744%;\" width=\"211\">Taille<\/td>\n<td style=\"height: 69px; width: 64.6586%;\" width=\"387\">100*65*25mm<\/td>\n<\/tr>\n<tr style=\"height: 69px;\">\n<td style=\"height: 69px; width: 35.2744%;\" width=\"211\">Le nombre de ports<\/td>\n<td style=\"height: 69px; width: 64.6586%;\" width=\"387\">5<\/td>\n<\/tr>\n<tr style=\"height: 69px;\">\n<td style=\"height: 69px; width: 35.2744%;\" width=\"211\">Mode de transmission<\/td>\n<td style=\"height: 69px; width: 64.6586%;\" width=\"387\">Duplex int\u00e9gral \/ semi-duplex adaptatif<\/td>\n<\/tr>\n<tr style=\"height: 69px;\">\n<td style=\"height: 69px; width: 35.2744%;\" width=\"211\">Taux de transmission<\/td>\n<td style=\"height: 69px; width: 64.6586%;\" width=\"387\">\n<p data-spm-anchor-id=\"a2g0o.detail.0.i6.73c8G5LJG5LJdG\">10M\/100M\/1000Mbps<\/p>\n<\/td>\n<\/tr>\n<tr style=\"height: 69px;\">\n<td style=\"height: 69px; width: 35.2744%;\" width=\"211\">Type d'\u00e9change<\/td>\n<td style=\"height: 69px; width: 64.6586%;\" width=\"387\">\u00c9changeur commun<\/td>\n<\/tr>\n<tr style=\"height: 69px;\">\n<td style=\"height: 69px; width: 35.2744%;\" width=\"211\">Largeur de bande du fond de panier<\/td>\n<td style=\"height: 69px; width: 64.6586%;\" width=\"387\">16GB<\/td>\n<\/tr>\n<\/tbody>\n<\/table>","protected":false},"excerpt":{"rendered":"<p>Taille : 10\u00d76.5\u00d72.5cm<\/p>\n<p>Type de port r\u00e9seau : Commutateur Ethernet RJ45<\/p>\n<p>Vitesse de transmission : 1000M<\/p>\n<p>Nombre de ports r\u00e9seau : 5 ports<\/p>\n<p>Coquille : M\u00e9tal<\/p>\n<p>Switch Tppe:Commutateurs non administrables<\/p>","protected":false},"featured_media":15860,"comment_status":"open","ping_status":"closed","template":"","meta":[],"product_brand":[],"product_cat":[356],"product_tag":[173,208,386,385],"class_list":{"0":"post-15856","1":"product","2":"type-product","3":"status-publish","4":"has-post-thumbnail","6":"product_cat-unmanaged-switches","7":"product_tag-8-port","8":"product_tag-ethernet-switch","9":"product_tag-hub","10":"product_tag-unmanaged-switches","12":"first","13":"instock","14":"featured","15":"shipping-taxable","16":"purchasable","17":"product-type-variable"},"_links":{"self":[{"href":"https:\/\/www.luleey.com\/fr\/wp-json\/wp\/v2\/product\/15856","targetHints":{"allow":["GET"]}}],"collection":[{"href":"https:\/\/www.luleey.com\/fr\/wp-json\/wp\/v2\/product"}],"about":[{"href":"https:\/\/www.luleey.com\/fr\/wp-json\/wp\/v2\/types\/product"}],"replies":[{"embeddable":true,"href":"https:\/\/www.luleey.com\/fr\/wp-json\/wp\/v2\/comments?post=15856"}],"wp:featuredmedia":[{"embeddable":true,"href":"https:\/\/www.luleey.com\/fr\/wp-json\/wp\/v2\/media\/15860"}],"wp:attachment":[{"href":"https:\/\/www.luleey.com\/fr\/wp-json\/wp\/v2\/media?parent=15856"}],"wp:term":[{"taxonomy":"product_brand","embeddable":true,"href":"https:\/\/www.luleey.com\/fr\/wp-json\/wp\/v2\/product_brand?post=15856"},{"taxonomy":"product_cat","embeddable":true,"href":"https:\/\/www.luleey.com\/fr\/wp-json\/wp\/v2\/product_cat?post=15856"},{"taxonomy":"product_tag","embeddable":true,"href":"https:\/\/www.luleey.com\/fr\/wp-json\/wp\/v2\/product_tag?post=15856"}],"curies":[{"name":"wp","href":"https:\/\/api.w.org\/{rel}","templated":true}]}}