{"id":15863,"date":"2024-11-09T21:59:32","date_gmt":"2024-11-09T13:59:32","guid":{"rendered":"https:\/\/www.luleey.com\/?post_type=product&#038;p=15863"},"modified":"2025-06-22T15:20:47","modified_gmt":"2025-06-22T07:20:47","slug":"40g-qsfp-mmf-850nm-150m-qsfp-40g-sr4-mpo-12-upc-mmf-optical-transceiver-module","status":"publish","type":"product","link":"https:\/\/www.luleey.com\/fr\/produit-2\/40g-qsfp-mmf-850nm-150m-qsfp-40g-sr4-mpo-12-upc-mmf-optical-transceiver-module\/","title":{"rendered":"Module \u00e9metteur-r\u00e9cepteur optique 40G QSFP+ MMF 850nm 150m QSFP-40G-SR4, MPO-12\/UPC MMF"},"content":{"rendered":"<h3>Caract\u00e9ristiques<\/h3>\n<ol>\n<li>Largement utilis\u00e9 dans les commutateurs optiques 40G QSFP+, les cartes de r\u00e9seau \u00e0 fibre optique, les serveurs, les murs de protection, les routeurs, les contr\u00f4leurs industriels, les cartes de d\u00e9veloppement FPGA et d'autres \u00e9quipements.<\/li>\n<li>Plug and Play<\/li>\n<li>Avec diagnostic des donn\u00e9es DDM, faible consommation d'\u00e9nergie, pour assurer la stabilit\u00e9 du signal, transmission \u00e0 grande vitesse<\/li>\n<li>Marques compatibles : enti\u00e8rement compatible<\/li>\n<\/ol>\n<h3>Sp\u00e9cifications<\/h3>\n<table width=\"323\">\n<tbody>\n<tr>\n<td width=\"101\">Marque<\/td>\n<td width=\"222\">\u00a0LuLeey<\/td>\n<\/tr>\n<tr>\n<td>Lieu d'origine<\/td>\n<td>\u00a0Chine continentale<\/td>\n<\/tr>\n<tr>\n<td>Mod\u00e8le<\/td>\n<td>\u00a0QSFP-40G-SR4<\/td>\n<\/tr>\n<tr>\n<td>Vitesse<\/td>\n<td>\u00a040G<\/td>\n<\/tr>\n<tr>\n<td>Port<\/td>\n<td>\u00a0MPO<\/td>\n<\/tr>\n<tr>\n<td>Distance<\/td>\n<td>\u00a0150m<\/td>\n<\/tr>\n<tr>\n<td>Longueur d'onde<\/td>\n<td>\u00a0850nm<\/td>\n<\/tr>\n<tr>\n<td>Temp\u00e9rature de fonctionnement<\/td>\n<td>\u00a0-20~70\u00b0C<\/td>\n<\/tr>\n<tr>\n<td>Tension de fonctionnement<\/td>\n<td>\u00a03.3V<\/td>\n<\/tr>\n<tr>\n<td>Mode<\/td>\n<td>\u00a0Multimode<\/td>\n<\/tr>\n<tr>\n<td>Soutenir le DDM<\/td>\n<td>\u00a0Oui<\/td>\n<\/tr>\n<tr>\n<td>Rempla\u00e7able \u00e0 chaud<\/td>\n<td>\u00a0Oui<\/td>\n<\/tr>\n<tr>\n<td>Marques compatibles<\/td>\n<td>\u00a0Enti\u00e8rement compatible, comme HUAWEI\/H3C\/CISCO\/RUIJIE\/TP-LINK\/D-LINK\/HIKVISION\/ZTE\/JUNIPER\/DELL\/MIKROTIK\/INTEL\/MELANOX\/IBM...<\/td>\n<\/tr>\n<\/tbody>\n<\/table>\n<p>&nbsp;<\/p>","protected":false},"excerpt":{"rendered":"<ul class=\"a-unordered-list a-vertical a-spacing-mini\">\n<li class=\"a-spacing-mini\"><span class=\"a-list-item\">Compatibilit\u00e9 totale : Compatible avec la carte QSFP-40G-SR4 d'Arista Networks. Ethernet 40G, Infiniband QDR, SATA\/SAS3, norme IEEE 802.3ba, conforme \u00e0 la norme MSA.<\/span><\/li>\n<li class=\"a-spacing-mini\"><span class=\"a-list-item\">\u00c9metteurs-r\u00e9cepteurs multimodes 40G QSFP+ QSFP-40G-SR4 : D\u00e9bit de donn\u00e9es 40Gb\/s, connecteur MPO\/MTP, longueur d'onde 850nm, la distance de transmission jusqu'\u00e0 150m, temp\u00e9rature de travail : 0\u2103 ~ +70\u2103, Puissance Tx(dBm) : -7 ~ +1, Rx Sens.(dBm) : \uff1c -9.5.<\/span><\/li>\n<li class=\"a-spacing-mini\"><span class=\"a-list-item\">Facile \u00e0 utiliser : Plug and play, branchement \u00e0 chaud. Prise en charge DDM : DDM vous permet de surveiller les informations critiques et de d\u00e9tecter les probl\u00e8mes potentiels. Largement utilis\u00e9 dans les commutateurs \u00e0 fibre optique, les routeurs, les cartes d'interface r\u00e9seau, les serveurs et autres \u00e9quipements \u00e0 fibre optique dot\u00e9s de ports QSFP+ de 40 Gb.<\/span><\/li>\n<\/ul>","protected":false},"featured_media":15865,"comment_status":"open","ping_status":"closed","template":"","meta":[],"product_brand":[],"product_cat":[297],"product_tag":[659,658,263,264,278],"class_list":{"0":"post-15863","1":"product","2":"type-product","3":"status-publish","4":"has-post-thumbnail","6":"product_cat-qsfp28-qsfp-sfp28-100g-40g-25g","7":"product_tag-150m","8":"product_tag-40g-qsfp","9":"product_tag-mm","10":"product_tag-mpo","11":"product_tag-optical-module","13":"first","14":"instock","15":"shipping-taxable","16":"purchasable","17":"product-type-variable","18":"has-default-attributes"},"_links":{"self":[{"href":"https:\/\/www.luleey.com\/fr\/wp-json\/wp\/v2\/product\/15863","targetHints":{"allow":["GET"]}}],"collection":[{"href":"https:\/\/www.luleey.com\/fr\/wp-json\/wp\/v2\/product"}],"about":[{"href":"https:\/\/www.luleey.com\/fr\/wp-json\/wp\/v2\/types\/product"}],"replies":[{"embeddable":true,"href":"https:\/\/www.luleey.com\/fr\/wp-json\/wp\/v2\/comments?post=15863"}],"wp:featuredmedia":[{"embeddable":true,"href":"https:\/\/www.luleey.com\/fr\/wp-json\/wp\/v2\/media\/15865"}],"wp:attachment":[{"href":"https:\/\/www.luleey.com\/fr\/wp-json\/wp\/v2\/media?parent=15863"}],"wp:term":[{"taxonomy":"product_brand","embeddable":true,"href":"https:\/\/www.luleey.com\/fr\/wp-json\/wp\/v2\/product_brand?post=15863"},{"taxonomy":"product_cat","embeddable":true,"href":"https:\/\/www.luleey.com\/fr\/wp-json\/wp\/v2\/product_cat?post=15863"},{"taxonomy":"product_tag","embeddable":true,"href":"https:\/\/www.luleey.com\/fr\/wp-json\/wp\/v2\/product_tag?post=15863"}],"curies":[{"name":"wp","href":"https:\/\/api.w.org\/{rel}","templated":true}]}}