{"id":15867,"date":"2024-11-09T22:28:44","date_gmt":"2024-11-09T14:28:44","guid":{"rendered":"https:\/\/www.luleey.com\/?post_type=product&#038;p=15867"},"modified":"2025-06-22T15:20:17","modified_gmt":"2025-06-22T07:20:17","slug":"40g-qsfp-smf-qsfp-40g-lr4-10km","status":"publish","type":"product","link":"https:\/\/www.luleey.com\/fr\/produit-2\/40g-qsfp-smf-qsfp-40g-lr4-10km\/","title":{"rendered":"40G QSFP+ SMF QSFP-40G-LR4 10KM 40GBASE-LR4"},"content":{"rendered":"<h3>Caract\u00e9ristiques<\/h3>\n<ol>\n<li>Largement utilis\u00e9 dans les commutateurs optiques 40G QSFP+, les cartes de r\u00e9seau \u00e0 fibre optique, les serveurs, les murs de protection, les routeurs, les contr\u00f4leurs industriels, les cartes de d\u00e9veloppement FPGA et d'autres \u00e9quipements.<\/li>\n<li>40GBASE-LR4,Plug and Play<\/li>\n<li>Avec diagnostic des donn\u00e9es DDM, faible consommation d'\u00e9nergie, pour assurer la stabilit\u00e9 du signal, transmission \u00e0 grande vitesse<\/li>\n<li>Marques compatibles : enti\u00e8rement compatible<\/li>\n<\/ol>\n<h3>Sp\u00e9cifications<\/h3>\n<table width=\"323\">\n<tbody>\n<tr>\n<td width=\"101\">Marque<\/td>\n<td width=\"222\">\u00a0LuLeey<\/td>\n<\/tr>\n<tr>\n<td>Lieu d'origine<\/td>\n<td>\u00a0Chine continentale<\/td>\n<\/tr>\n<tr>\n<td>Mod\u00e8le<\/td>\n<td>\u00a0QSFP-40G-SR4<\/td>\n<\/tr>\n<tr>\n<td>Vitesse<\/td>\n<td>\u00a040G<\/td>\n<\/tr>\n<tr>\n<td>Port<\/td>\n<td>Double LC<\/td>\n<\/tr>\n<tr>\n<td>Distance<\/td>\n<td>\u00a010 km<\/td>\n<\/tr>\n<tr>\n<td>Longueur d'onde<\/td>\n<td>4 voies CWDM : 1270nm, 1290nm, 1310nnm, 1330nm<\/td>\n<\/tr>\n<tr>\n<td>Temp\u00e9rature de fonctionnement<\/td>\n<td>\u00a0-20~70\u00b0C<\/td>\n<\/tr>\n<tr>\n<td>Tension de fonctionnement<\/td>\n<td>\u00a03.3V<\/td>\n<\/tr>\n<tr>\n<td>Mode<\/td>\n<td>Mode unique<\/td>\n<\/tr>\n<tr>\n<td>Soutenir le DDM<\/td>\n<td>\u00a0Oui<\/td>\n<\/tr>\n<tr>\n<td>Rempla\u00e7able \u00e0 chaud<\/td>\n<td>\u00a0Oui<\/td>\n<\/tr>\n<tr>\n<td>Marques compatibles<\/td>\n<td>\u00a0Enti\u00e8rement compatible, comme HUAWEI\/H3C\/CISCO\/RUIJIE\/TP-LINK\/D-LINK\/HIKVISION\/ZTE\/JUNIPER\/DELL\/MIKROTIK\/INTEL\/MELANOX\/IBM...<\/td>\n<\/tr>\n<\/tbody>\n<\/table>\n<p>&nbsp;<\/p>","protected":false},"excerpt":{"rendered":"<ul class=\"a-unordered-list a-vertical a-spacing-mini\">\n<li class=\"a-spacing-mini\"><span class=\"a-list-item\">40GBASE-LR4 Compatible pour les \u00e9quipements de marque compl\u00e8te, QSFP-40G-LR4. 40G Ethernet, 4 voies CWDM : 1270nm, 1290nm, 1310nnm, 1330nm. Connecteur LC duplex, support DDM, jusqu'\u00e0 10km.<\/span><\/li>\n<li class=\"a-spacing-mini\"><span class=\"a-list-item\">\u00c9metteurs-r\u00e9cepteurs monomodes QSFP+ 40G : Conforme \u00e0 la norme IEEE 802.3ba, SFF 8436 et QSFP Multisource Agreement (MSA). Temp\u00e9rature de fonctionnement : 0\u2103 ~ +70\u2103, Puissance Tx(dBm) : -7 ~ +2.3, Rx Sens.(dBm) : \uff1c -13.7.<\/span><\/li>\n<li class=\"a-spacing-mini\"><span class=\"a-list-item\">Facile \u00e0 utiliser : Plug and play, branchement \u00e0 chaud. Prise en charge DDM : DDM vous permet de surveiller les informations critiques et de d\u00e9tecter les probl\u00e8mes potentiels. Largement utilis\u00e9 dans les commutateurs \u00e0 fibre optique, les routeurs, les cartes d'interface r\u00e9seau, les serveurs et autres \u00e9quipements \u00e0 fibre optique dot\u00e9s de ports QSFP+ de 40 Gb.<\/span><\/li>\n<\/ul>","protected":false},"featured_media":15869,"comment_status":"open","ping_status":"closed","template":"","meta":[],"product_brand":[],"product_cat":[297],"product_tag":[660,658,662,278,661],"class_list":{"0":"post-15867","1":"product","2":"type-product","3":"status-publish","4":"has-post-thumbnail","6":"product_cat-qsfp28-qsfp-sfp28-100g-40g-25g","7":"product_tag-10km","8":"product_tag-40g-qsfp","9":"product_tag-40gbase-lr4","10":"product_tag-optical-module","11":"product_tag-qsfp-40g-lr4","13":"first","14":"instock","15":"shipping-taxable","16":"purchasable","17":"product-type-variable","18":"has-default-attributes"},"_links":{"self":[{"href":"https:\/\/www.luleey.com\/fr\/wp-json\/wp\/v2\/product\/15867","targetHints":{"allow":["GET"]}}],"collection":[{"href":"https:\/\/www.luleey.com\/fr\/wp-json\/wp\/v2\/product"}],"about":[{"href":"https:\/\/www.luleey.com\/fr\/wp-json\/wp\/v2\/types\/product"}],"replies":[{"embeddable":true,"href":"https:\/\/www.luleey.com\/fr\/wp-json\/wp\/v2\/comments?post=15867"}],"wp:featuredmedia":[{"embeddable":true,"href":"https:\/\/www.luleey.com\/fr\/wp-json\/wp\/v2\/media\/15869"}],"wp:attachment":[{"href":"https:\/\/www.luleey.com\/fr\/wp-json\/wp\/v2\/media?parent=15867"}],"wp:term":[{"taxonomy":"product_brand","embeddable":true,"href":"https:\/\/www.luleey.com\/fr\/wp-json\/wp\/v2\/product_brand?post=15867"},{"taxonomy":"product_cat","embeddable":true,"href":"https:\/\/www.luleey.com\/fr\/wp-json\/wp\/v2\/product_cat?post=15867"},{"taxonomy":"product_tag","embeddable":true,"href":"https:\/\/www.luleey.com\/fr\/wp-json\/wp\/v2\/product_tag?post=15867"}],"curies":[{"name":"wp","href":"https:\/\/api.w.org\/{rel}","templated":true}]}}