{"id":15870,"date":"2024-11-09T23:04:59","date_gmt":"2024-11-09T15:04:59","guid":{"rendered":"https:\/\/www.luleey.com\/?post_type=product&#038;p=15870"},"modified":"2025-06-22T15:19:37","modified_gmt":"2025-06-22T07:19:37","slug":"40g-qsfp-smf-qsfp40g-sr4-40km-40gbase-er4-qsfp-module-1310nm","status":"publish","type":"product","link":"https:\/\/www.luleey.com\/fr\/produit-2\/40g-qsfp-smf-qsfp40g-sr4-40km-40gbase-er4-qsfp-module-1310nm\/","title":{"rendered":"40G QSFP+ SMF QSFP+40G-SR4 40KM 40GBASE-ER4 QSFP+ Module 1310nm"},"content":{"rendered":"<h3>Caract\u00e9ristiques<\/h3>\n<ol>\n<li>Largement utilis\u00e9 dans les commutateurs optiques 40G QSFP+, les cartes de r\u00e9seau \u00e0 fibre optique, les serveurs, les murs de protection, les routeurs, les contr\u00f4leurs industriels, les cartes de d\u00e9veloppement FPGA et d'autres \u00e9quipements.<\/li>\n<li>Plug and Play<\/li>\n<li>Avec diagnostic des donn\u00e9es DDM, faible consommation d'\u00e9nergie, pour assurer la stabilit\u00e9 du signal, transmission \u00e0 grande vitesse<\/li>\n<li>Marques compatibles : enti\u00e8rement compatible<\/li>\n<\/ol>\n<h3>Sp\u00e9cifications<\/h3>\n<table style=\"width: 100%; height: 718px;\" width=\"323\">\n<tbody>\n<tr style=\"height: 53px;\">\n<td style=\"height: 53px;\" width=\"101\">Marque<\/td>\n<td style=\"height: 53px;\" width=\"222\">\u00a0LuLeey<\/td>\n<\/tr>\n<tr style=\"height: 53px;\">\n<td style=\"height: 53px;\">Lieu d'origine<\/td>\n<td style=\"height: 53px;\">\u00a0Chine continentale<\/td>\n<\/tr>\n<tr style=\"height: 53px;\">\n<td style=\"height: 53px;\">Mod\u00e8le<\/td>\n<td style=\"height: 53px;\">\u00a0QSFP-40G-SR4<\/td>\n<\/tr>\n<tr style=\"height: 53px;\">\n<td style=\"height: 53px;\">Vitesse<\/td>\n<td style=\"height: 53px;\">\u00a040G<\/td>\n<\/tr>\n<tr style=\"height: 53px;\">\n<td style=\"height: 53px;\">Port<\/td>\n<td style=\"height: 53px;\">Double LC<\/td>\n<\/tr>\n<tr style=\"height: 53px;\">\n<td style=\"height: 53px;\">Distance<\/td>\n<td style=\"height: 53px;\">\u00a040 km<\/td>\n<\/tr>\n<tr style=\"height: 53px;\">\n<td style=\"height: 53px;\">Temp\u00e9rature de fonctionnement<\/td>\n<td style=\"height: 53px;\">\u00a0-20~70\u00b0C<\/td>\n<\/tr>\n<tr style=\"height: 53px;\">\n<td style=\"height: 53px;\">Tension de fonctionnement<\/td>\n<td style=\"height: 53px;\">\u00a03.3V<\/td>\n<\/tr>\n<tr style=\"height: 53px;\">\n<td style=\"height: 53px;\">Mode<\/td>\n<td style=\"height: 53px;\">Mode unique<\/td>\n<\/tr>\n<tr style=\"height: 53px;\">\n<td style=\"height: 53px;\">Soutenir le DDM<\/td>\n<td style=\"height: 53px;\">\u00a0Oui<\/td>\n<\/tr>\n<tr style=\"height: 53px;\">\n<td style=\"height: 53px;\">Rempla\u00e7able \u00e0 chaud<\/td>\n<td style=\"height: 53px;\">\u00a0Oui<\/td>\n<\/tr>\n<tr style=\"height: 82px;\">\n<td style=\"height: 82px;\">Marques compatibles<\/td>\n<td style=\"height: 82px;\">\u00a0Enti\u00e8rement compatible, comme HUAWEI\/H3C\/CISCO\/RUIJIE\/TP-LINK\/D-LINK\/HIKVISION\/ZTE\/JUNIPER\/DELL\/MIKROTIK\/INTEL\/MELANOX\/IBM...<\/td>\n<\/tr>\n<\/tbody>\n<\/table>\n<p>&nbsp;<\/p>","protected":false},"excerpt":{"rendered":"<ul class=\"a-unordered-list a-vertical a-spacing-mini\">\n<li class=\"a-spacing-mini\"><span class=\"a-list-item\">Compatibilit\u00e9 totale : Compatible avec la carte QSFP-40G-ER4 d'Arista Networks. OTN OTU3, 40G Ethernet, Infini-band, Fiber Channel, SATA\/SAS3, MSA Compliant.<\/span><\/li>\n<li class=\"a-spacing-mini\"><span class=\"a-list-item\">\u00c9metteurs-r\u00e9cepteurs QSFP+ monomode 40G : D\u00e9bit de donn\u00e9es de 40 Gb\/s, connecteur LC duplex, longueur d'onde de 1310 nm. Longueur de liaison maximale de 40 km sur fibre monomode (SMF). \u00c9metteur CWDM 4x10Gb\/s non refroidi, temp\u00e9rature de fonctionnement : 0\u2103 ~ +70\u2103, Puissance Tx (DBM)\uff1a -2.7~4.5Tx Sens (DBM)\uff1a -19<\/span><\/li>\n<li class=\"a-spacing-mini\"><span class=\"a-list-item\">Facile \u00e0 utiliser : Plug and play, branchement \u00e0 chaud. Prise en charge DDM : DDM vous permet de surveiller les informations critiques et de d\u00e9tecter les probl\u00e8mes potentiels. Largement utilis\u00e9 dans les commutateurs \u00e0 fibre optique, les routeurs, les cartes d'interface r\u00e9seau, les serveurs et autres \u00e9quipements \u00e0 fibre optique dot\u00e9s de ports QSFP+ de 40 Gb.<\/span><\/li>\n<\/ul>","protected":false},"featured_media":15873,"comment_status":"open","ping_status":"closed","template":"","meta":[],"product_brand":[],"product_cat":[297],"product_tag":[660,658,278,663],"class_list":{"0":"post-15870","1":"product","2":"type-product","3":"status-publish","4":"has-post-thumbnail","6":"product_cat-qsfp28-qsfp-sfp28-100g-40g-25g","7":"product_tag-10km","8":"product_tag-40g-qsfp","9":"product_tag-optical-module","10":"product_tag-qsfp-40g-er4","12":"first","13":"instock","14":"shipping-taxable","15":"purchasable","16":"product-type-variable","17":"has-default-attributes"},"_links":{"self":[{"href":"https:\/\/www.luleey.com\/fr\/wp-json\/wp\/v2\/product\/15870","targetHints":{"allow":["GET"]}}],"collection":[{"href":"https:\/\/www.luleey.com\/fr\/wp-json\/wp\/v2\/product"}],"about":[{"href":"https:\/\/www.luleey.com\/fr\/wp-json\/wp\/v2\/types\/product"}],"replies":[{"embeddable":true,"href":"https:\/\/www.luleey.com\/fr\/wp-json\/wp\/v2\/comments?post=15870"}],"wp:featuredmedia":[{"embeddable":true,"href":"https:\/\/www.luleey.com\/fr\/wp-json\/wp\/v2\/media\/15873"}],"wp:attachment":[{"href":"https:\/\/www.luleey.com\/fr\/wp-json\/wp\/v2\/media?parent=15870"}],"wp:term":[{"taxonomy":"product_brand","embeddable":true,"href":"https:\/\/www.luleey.com\/fr\/wp-json\/wp\/v2\/product_brand?post=15870"},{"taxonomy":"product_cat","embeddable":true,"href":"https:\/\/www.luleey.com\/fr\/wp-json\/wp\/v2\/product_cat?post=15870"},{"taxonomy":"product_tag","embeddable":true,"href":"https:\/\/www.luleey.com\/fr\/wp-json\/wp\/v2\/product_tag?post=15870"}],"curies":[{"name":"wp","href":"https:\/\/api.w.org\/{rel}","templated":true}]}}