{"id":15876,"date":"2024-11-10T20:36:10","date_gmt":"2024-11-10T12:36:10","guid":{"rendered":"https:\/\/www.luleey.com\/?post_type=product&#038;p=15876"},"modified":"2025-02-10T22:31:42","modified_gmt":"2025-02-10T14:31:42","slug":"qsa-adapter-100g-qsfp28-to-25g-sfp28-converter-module","status":"publish","type":"product","link":"https:\/\/www.luleey.com\/fr\/produit-2\/qsa-adapter-100g-qsfp28-to-25g-sfp28-converter-module\/","title":{"rendered":"Adaptateur QSA 100G QSFP28 vers 25G SFP28 Module de conversion"},"content":{"rendered":"<h3>Caract\u00e9ristiques<\/h3>\r\n<ol>\r\n<li>Compatibilit\u00e9 polyvalente : Ce produit offre une compatibilit\u00e9 \u00e9tendue avec les \u00e9quipements QSFP28 MSA de marques renomm\u00e9es telles que Dell, Juniper, Arista, Extreme et bien d'autres.<\/li>\r\n<li>Prise en charge compl\u00e8te du SFP28 : L'adaptateur QSA est con\u00e7u pour s'adapter \u00e0 toutes les optiques et c\u00e2bles SFP28, y compris SFP28-SR, SFP28-LR, c\u00e2ble cuivre passif SFP28 et c\u00e2ble optique actif SFP28.<\/li>\r\n<li>Conversion rentable : Le module adaptateur 100G vers 25G permet une migration transparente et \u00e9conomique vers 40 Gigabit Ethernet. Il offre la possibilit\u00e9 d'utiliser des vitesses inf\u00e9rieures et est pr\u00eat \u00e0 l'emploi, sans aucune configuration requise.<\/li>\r\n<li>Performances stables : B\u00e9n\u00e9ficiant d'une faible perte d'insertion, d'une faible diaphonie et d'une faible \u00e9mission EMI, ce produit est dot\u00e9 d'une conception de bo\u00eetier enti\u00e8rement m\u00e9tallique et d'un m\u00e9canisme de verrouillage s\u00e9curis\u00e9. Il fonctionne dans une plage de temp\u00e9rature de -20 \u00e0 85\u2103, ce qui garantit des performances stables.<\/li>\r\n<\/ol>\r\n<h3>Sp\u00e9cifications<\/h3>\r\n<table style=\"width: 100%; height: 665px;\" width=\"323\">\r\n<tbody>\r\n<tr style=\"height: 53px;\">\r\n<td style=\"height: 53px;\" width=\"101\">Marque<\/td>\r\n<td style=\"height: 53px;\" width=\"222\">\u00a0LuLeey<\/td>\r\n<\/tr>\r\n<tr style=\"height: 53px;\">\r\n<td style=\"height: 53px;\">Lieu d'origine<\/td>\r\n<td style=\"height: 53px;\">\u00a0Chine continentale<\/td>\r\n<\/tr>\r\n<tr style=\"height: 53px;\">\r\n<td style=\"height: 53px;\">Nom du produit<\/td>\r\n<td style=\"height: 53px;\">Adaptateur QSA 100G QSFP28 vers 25G SFP28 Module de conversion<\/td>\r\n<\/tr>\r\n<tr style=\"height: 53px;\">\r\n<td style=\"height: 53px;\">Vitesse<\/td>\r\n<td style=\"height: 53px;\">\u00a0100G \u00e0 25G<\/td>\r\n<\/tr>\r\n<tr style=\"height: 53px;\">\r\n<td style=\"height: 53px;\">Port<\/td>\r\n<td style=\"height: 53px;\">QSFP vers SFP28<\/td>\r\n<\/tr>\r\n<tr style=\"height: 82px;\">\r\n<td style=\"height: 82px;\">Marques compatibles<\/td>\r\n<td style=\"height: 82px;\">\u00a0Enti\u00e8rement compatible, comme HUAWEI\/H3C\/CISCO\/RUIJIE\/TP-LINK\/D-LINK\/HIKVISION\/ZTE\/JUNIPER\/DELL\/MIKROTIK\/INTEL\/MELANOX\/IBM...<\/td>\r\n<\/tr>\r\n<\/tbody>\r\n<\/table>\r\n<p>\u00a0<\/p>\r\n\r\n\r\n<a id=\"wd-6e07eaa6\" class=\"wp-block-wd-button btn btn-style-default btn-color-primary btn-size-default btn-shape-rectangle\" href=\"https:\/\/www.luleey.com\/\/wp-content\/uploads\/resource\/documents\/LuLeey%20QSFP28%20to%20SFP28%20Adapter%20(QSA)%20Module%20Datasheet%20V1.0.pdf\"><span>Fiche technique du module adaptateur QSFP28 vers SFP28 (QSA) de LuLeey<\/span><\/a>\r\n\r\n\r\n\r\n<p><\/p>","protected":false},"excerpt":{"rendered":"<ul class=\"a-unordered-list a-vertical a-spacing-mini\">\n<li class=\"a-spacing-mini\">Adaptateur QSA 100G \u00e0 40G<\/li>\n<li class=\"a-spacing-mini\">Module de conversion QSFP28 vers SFP28 25G QSFP vers SFP28<\/li>\n<\/ul>","protected":false},"featured_media":15879,"comment_status":"open","ping_status":"closed","template":"","meta":[],"product_brand":[],"product_cat":[297],"product_tag":[664,666,665],"class_list":{"0":"post-15876","1":"product","2":"type-product","3":"status-publish","4":"has-post-thumbnail","6":"product_cat-qsfp28-qsfp-sfp28-100g-40g-25g","7":"product_tag-100g-qsfp28-to-25g-sfp28","8":"product_tag-100g-to-40g","9":"product_tag-qsa-adapter","11":"first","12":"instock","13":"shipping-taxable","14":"purchasable","15":"product-type-variable"},"_links":{"self":[{"href":"https:\/\/www.luleey.com\/fr\/wp-json\/wp\/v2\/product\/15876","targetHints":{"allow":["GET"]}}],"collection":[{"href":"https:\/\/www.luleey.com\/fr\/wp-json\/wp\/v2\/product"}],"about":[{"href":"https:\/\/www.luleey.com\/fr\/wp-json\/wp\/v2\/types\/product"}],"replies":[{"embeddable":true,"href":"https:\/\/www.luleey.com\/fr\/wp-json\/wp\/v2\/comments?post=15876"}],"wp:featuredmedia":[{"embeddable":true,"href":"https:\/\/www.luleey.com\/fr\/wp-json\/wp\/v2\/media\/15879"}],"wp:attachment":[{"href":"https:\/\/www.luleey.com\/fr\/wp-json\/wp\/v2\/media?parent=15876"}],"wp:term":[{"taxonomy":"product_brand","embeddable":true,"href":"https:\/\/www.luleey.com\/fr\/wp-json\/wp\/v2\/product_brand?post=15876"},{"taxonomy":"product_cat","embeddable":true,"href":"https:\/\/www.luleey.com\/fr\/wp-json\/wp\/v2\/product_cat?post=15876"},{"taxonomy":"product_tag","embeddable":true,"href":"https:\/\/www.luleey.com\/fr\/wp-json\/wp\/v2\/product_tag?post=15876"}],"curies":[{"name":"wp","href":"https:\/\/api.w.org\/{rel}","templated":true}]}}