{"id":15880,"date":"2024-11-10T21:16:03","date_gmt":"2024-11-10T13:16:03","guid":{"rendered":"https:\/\/www.luleey.com\/?post_type=product&#038;p=15880"},"modified":"2025-02-08T14:25:48","modified_gmt":"2025-02-08T06:25:48","slug":"qsa-adapter-40g-qsfp-to-10g-sfp-converter-module","status":"publish","type":"product","link":"https:\/\/www.luleey.com\/fr\/produit-2\/qsa-adapter-40g-qsfp-to-10g-sfp-converter-module\/","title":{"rendered":"QSA Adapter 40G QSFP+ vers 10G SFP+ Converter Module"},"content":{"rendered":"<h3>Caract\u00e9ristiques<\/h3>\n<ol>\n<li>Compatibilit\u00e9 polyvalente : Ce produit est largement compatible avec les \u00e9quipements SFF 8436 et QSFP MSA de grandes marques telles que Mellanox, Dell, Juniper, Arista, Extreme, NOKIA, H3C, et bien d'autres encore.<br \/>\nPrise en charge compl\u00e8te de SFP+ : L'adaptateur QSA est parfaitement adapt\u00e9 \u00e0 toutes les optiques et c\u00e2bles SFP+, y compris SFP-10G-SR, SFP-10G-LR, SFP-10G-ER, SFP-10G-ZR, c\u00e2ble cuivre 10G SFP+ et c\u00e2ble optique actif 10G SFP+.<br \/>\nConversion rentable : Le module adaptateur 40G vers 10G permet une migration transparente et \u00e9conomique vers le 40 Gigabit Ethernet en offrant la possibilit\u00e9 d'utiliser des vitesses inf\u00e9rieures. Il est pr\u00eat \u00e0 l'emploi et ne n\u00e9cessite aucune configuration.<br \/>\nPerformance stable : Avec une faible perte d'insertion, une faible diaphonie et une faible \u00e9mission EMI, ce produit pr\u00e9sente une conception de bo\u00eetier enti\u00e8rement m\u00e9tallique et un m\u00e9canisme de verrouillage s\u00e9curis\u00e9. Il fonctionne dans une plage de temp\u00e9rature de -20 \u00e0 85\u2103, ce qui garantit des performances stables et fiables.<\/li>\n<\/ol>\n<h3>Sp\u00e9cifications<\/h3>\n<table style=\"width: 100%; height: 665px;\" width=\"323\">\n<tbody>\n<tr style=\"height: 53px;\">\n<td style=\"height: 53px;\" width=\"101\">Marque<\/td>\n<td style=\"height: 53px;\" width=\"222\">\u00a0LuLeey<\/td>\n<\/tr>\n<tr style=\"height: 53px;\">\n<td style=\"height: 53px;\">Lieu d'origine<\/td>\n<td style=\"height: 53px;\">\u00a0Chine continentale<\/td>\n<\/tr>\n<tr style=\"height: 53px;\">\n<td style=\"height: 53px;\">Nom du produit<\/td>\n<td style=\"height: 53px;\">QSA Adapter 40G QSFP+ vers 10G SFP+ Converter Module<\/td>\n<\/tr>\n<tr style=\"height: 53px;\">\n<td style=\"height: 53px;\">Vitesse<\/td>\n<td style=\"height: 53px;\">\u00a040G \u00e0 10G<\/td>\n<\/tr>\n<tr style=\"height: 53px;\">\n<td style=\"height: 53px;\">Port<\/td>\n<td style=\"height: 53px;\">QSFP+ vers SFP+<\/td>\n<\/tr>\n<tr style=\"height: 82px;\">\n<td style=\"height: 82px;\">Marques compatibles<\/td>\n<td style=\"height: 82px;\">\u00a0Enti\u00e8rement compatible, comme HUAWEI\/H3C\/CISCO\/RUIJIE\/TP-LINK\/D-LINK\/HIKVISION\/ZTE\/JUNIPER\/DELL\/MIKROTIK\/INTEL\/MELANOX\/IBM...<\/td>\n<\/tr>\n<\/tbody>\n<\/table>\n<p>&nbsp;<\/p>","protected":false},"excerpt":{"rendered":"<ul class=\"a-unordered-list a-vertical a-spacing-mini\">\n<li class=\"a-spacing-mini\">Adaptateur QSA 40G \u00e0 10G<\/li>\n<li class=\"a-spacing-mini\">Module convertisseur 40G QSFP+ vers 10G SFP+ QSFP+ vers SFP+<\/li>\n<\/ul>","protected":false},"featured_media":15878,"comment_status":"open","ping_status":"closed","template":"","meta":[],"product_brand":[],"product_cat":[297],"product_tag":[667,668,665],"class_list":{"0":"post-15880","1":"product","2":"type-product","3":"status-publish","4":"has-post-thumbnail","6":"product_cat-qsfp28-qsfp-sfp28-100g-40g-25g","7":"product_tag-40g-qsfp-to-10g-sfp","8":"product_tag-40g-to-10g","9":"product_tag-qsa-adapter","11":"first","12":"instock","13":"shipping-taxable","14":"purchasable","15":"product-type-variable","16":"has-default-attributes"},"_links":{"self":[{"href":"https:\/\/www.luleey.com\/fr\/wp-json\/wp\/v2\/product\/15880","targetHints":{"allow":["GET"]}}],"collection":[{"href":"https:\/\/www.luleey.com\/fr\/wp-json\/wp\/v2\/product"}],"about":[{"href":"https:\/\/www.luleey.com\/fr\/wp-json\/wp\/v2\/types\/product"}],"replies":[{"embeddable":true,"href":"https:\/\/www.luleey.com\/fr\/wp-json\/wp\/v2\/comments?post=15880"}],"wp:featuredmedia":[{"embeddable":true,"href":"https:\/\/www.luleey.com\/fr\/wp-json\/wp\/v2\/media\/15878"}],"wp:attachment":[{"href":"https:\/\/www.luleey.com\/fr\/wp-json\/wp\/v2\/media?parent=15880"}],"wp:term":[{"taxonomy":"product_brand","embeddable":true,"href":"https:\/\/www.luleey.com\/fr\/wp-json\/wp\/v2\/product_brand?post=15880"},{"taxonomy":"product_cat","embeddable":true,"href":"https:\/\/www.luleey.com\/fr\/wp-json\/wp\/v2\/product_cat?post=15880"},{"taxonomy":"product_tag","embeddable":true,"href":"https:\/\/www.luleey.com\/fr\/wp-json\/wp\/v2\/product_tag?post=15880"}],"curies":[{"name":"wp","href":"https:\/\/api.w.org\/{rel}","templated":true}]}}