{"id":16612,"date":"2024-12-15T14:42:33","date_gmt":"2024-12-15T06:42:33","guid":{"rendered":"https:\/\/www.luleey.com\/?post_type=product&#038;p=16612"},"modified":"2024-12-17T10:53:11","modified_gmt":"2024-12-17T02:53:11","slug":"8xsfp-l2-web-managed-switch","status":"publish","type":"product","link":"https:\/\/www.luleey.com\/fr\/produit-2\/8xsfp-l2-web-managed-switch\/","title":{"rendered":"8xSFP+ L2+ Web Managed Switch"},"content":{"rendered":"<div class=\"title--wrap--Ms9Zv4A\">\n<h3>Caract\u00e9ristiques<\/h3>\n<ul>\n<li>8 ports SFP+ 10G, supportant un d\u00e9bit de 1,25G\/2,5G\/10G, peuvent \u00eatre configur\u00e9s en WEB.<\/li>\n<li>Prise en charge de la gestion WEB, de la configuration, de la surveillance et du d\u00e9pannage de l'appareil.<\/li>\n<li>Bo\u00eetier m\u00e9tallique pour une dissipation efficace de la chaleur.<\/li>\n<li>Puce de r\u00e9seau \u00e0 grande vitesse.<\/li>\n<li>Prise en charge de l'agr\u00e9gation de liens LACP et du VLAN 802.1Q.<\/li>\n<li>Conception r\u00e9sistante aux hautes et basses temp\u00e9ratures.<\/li>\n<li>Adopte un m\u00e9canisme de stockage et de transfert et int\u00e8gre un cache de grande capacit\u00e9 pour garantir que tous les ports peuvent r\u00e9aliser un transfert de 10 Gigabits.<\/li>\n<li>Capacit\u00e9 de commutation de 160 Gbps, conception IC de haute qualit\u00e9, puce IC avec une forte capacit\u00e9 \u00e0 large bande.<\/li>\n<\/ul>\n<\/div>\n<h3>Sp\u00e9cifications<\/h3>\n<table style=\"width: 77.1409%;\" width=\"323\">\n<tbody>\n<tr>\n<td style=\"width: 28.6673%;\" width=\"101\">Marque<\/td>\n<td style=\"width: 70.5657%;\" width=\"222\">\u00a0LuLeey<\/td>\n<\/tr>\n<tr>\n<td style=\"width: 28.6673%;\">Lieu d'origine<\/td>\n<td style=\"width: 70.5657%;\">\u00a0Chine continentale<\/td>\n<\/tr>\n<tr>\n<td style=\"width: 28.6673%;\">Mod\u00e8le<\/td>\n<td style=\"width: 70.5657%;\">LL-L2+MES-8SFP+<\/td>\n<\/tr>\n<tr>\n<td style=\"width: 28.6673%;\">Nom du produit<\/td>\n<td style=\"width: 70.5657%;\">8xSFP+ L2+ Web Managed Switch<\/td>\n<\/tr>\n<tr>\n<td style=\"width: 28.6673%;\">D\u00e9finition du port<\/td>\n<td style=\"width: 70.5657%;\">\u00a08x10G SFP+ (supporte 1.25G\/2.5G\/10G)<\/td>\n<\/tr>\n<tr>\n<td style=\"width: 28.6673%;\">Capacit\u00e9 de commutation<\/td>\n<td style=\"width: 70.5657%;\">\u00a0160Gbps<\/td>\n<\/tr>\n<tr>\n<td style=\"width: 28.6673%;\">Taux de transmission des paquets<\/td>\n<td style=\"width: 70.5657%;\">\u00a0119.04Mpps<\/td>\n<\/tr>\n<tr>\n<td style=\"width: 28.6673%;\">Cache de paquets<\/td>\n<td style=\"width: 70.5657%;\">\u00a012Mbit<\/td>\n<\/tr>\n<tr>\n<td style=\"width: 28.6673%;\">Table des adresses MAC<\/td>\n<td style=\"width: 70.5657%;\">\u00a016K<\/td>\n<\/tr>\n<tr>\n<td style=\"width: 28.6673%;\">VLAN<\/td>\n<td style=\"width: 70.5657%;\">\u00a0plage 1-4094, VLAN actif maximal 4K<\/td>\n<\/tr>\n<tr>\n<td style=\"width: 28.6673%;\">Programme des puces<\/td>\n<td style=\"width: 70.5657%;\">\u00a0RTL9303<\/td>\n<\/tr>\n<tr>\n<td style=\"width: 28.6673%;\">Alimentation \u00e9lectrique<\/td>\n<td style=\"width: 70.5657%;\">\u00a0DC 12V2A<\/td>\n<\/tr>\n<tr>\n<td style=\"width: 28.6673%;\">Protocole de r\u00e9seau<\/td>\n<td style=\"width: 70.5657%;\">\u00a0IEEE802.3,IEEE802.3i,IEEE802.3u,IEEE802.3ab,IEEE802.3z,IEEE802.3z,IEEE802.3x,IEEE802.3az,IEEE802.3ae,IEEE802.3bz<\/td>\n<\/tr>\n<tr>\n<td style=\"width: 28.6673%;\">Temp\u00e9rature de fonctionnement<\/td>\n<td style=\"width: 70.5657%;\">\u00a00~40\u2103<\/td>\n<\/tr>\n<tr>\n<td style=\"width: 28.6673%;\">Temp\u00e9rature de stockage<\/td>\n<td style=\"width: 70.5657%;\">\u00a0-40~70\u2103<\/td>\n<\/tr>\n<tr>\n<td style=\"width: 28.6673%;\">Humidit\u00e9 de fonctionnement<\/td>\n<td style=\"width: 70.5657%;\">\u00a010%~90%, non-condensing<\/td>\n<\/tr>\n<tr>\n<td style=\"width: 28.6673%;\">Humidit\u00e9 de stockage<\/td>\n<td style=\"width: 70.5657%;\">\u00a05%~95%, sans condensation<\/td>\n<\/tr>\n<tr>\n<td style=\"width: 28.6673%;\">Taille du produit<\/td>\n<td style=\"width: 70.5657%;\">\u00a0220*125*28mm<\/td>\n<\/tr>\n<\/tbody>\n<\/table>","protected":false},"excerpt":{"rendered":"<p>1. Connectivit\u00e9 10Gbps ultra-rapide : Le commutateur administrable \u00e0 8 ports 10Gb est dot\u00e9 de 8 ports SFP+ 10Gb, offrant une \u00e9volutivit\u00e9 et une flexibilit\u00e9 exceptionnelles pour les r\u00e9seaux 10G \u00e0 haute densit\u00e9.<br \/>\n*Note : Le taux de port par d\u00e9faut du commutateur est 10G\/2.5G adaptatif ; des r\u00e9glages manuels sont n\u00e9cessaires pour 10G\/1000M sur la page de gestion.<\/p>\n<p>2. 10G Easy Web Management : G\u00e9rez votre commutateur Web 10Gb sans effort gr\u00e2ce \u00e0 une interface Web intuitive, permettant d'acc\u00e9der \u00e0 l'\u00e9tat et aux configurations de l'appareil, y compris l'agr\u00e9gation de liens, le LACP, le Storm Control, le Port Mirroring, la gestion des VLAN, l'adresse MAC, le protocole Spanning Tree, le Multicast, la QoS, le DHCP Snooping, le SNMP et le RSTP.<br \/>\n*Note : Veuillez d\u00e9finir l'adresse IP via IPv4 avant de vous connecter.<\/p>\n<p>3. Bande passante impressionnante de 160G : ce commutateur offre une bande passante robuste de **160G sur le fond de panier**, ce qui permet de g\u00e9rer efficacement les charges de trafic \u00e9lev\u00e9es et de garantir des op\u00e9rations fluides pendant les p\u00e9riodes d'utilisation maximale.<\/p>\n<p>4. Commutateur SFP+ mural : Con\u00e7u pour la polyvalence, ce commutateur multi-gigabit prend en charge le montage mural, dispose d'une conception de refroidissement bilat\u00e9ral sans ventilateur et est construit avec un bo\u00eetier m\u00e9tallique de haute qualit\u00e9 pour une durabilit\u00e9 et une exp\u00e9rience utilisateur accrues.<\/p>\n<p>5. Des performances pr\u00eates pour l'avenir : Lib\u00e9rez le potentiel de votre r\u00e9seau gr\u00e2ce \u00e0 notre manuel web complet et am\u00e9liorez votre exp\u00e9rience de jeu gr\u00e2ce \u00e0 la vitesse et \u00e0 la simplicit\u00e9.<\/p>","protected":false},"featured_media":16613,"comment_status":"open","ping_status":"closed","template":"","meta":[],"product_brand":[],"product_cat":[258],"product_tag":[791,322],"class_list":{"0":"post-16612","1":"product","2":"type-product","3":"status-publish","4":"has-post-thumbnail","6":"product_cat-managed-switches","7":"product_tag-managed-switch","8":"product_tag-sfp","10":"first","11":"instock","12":"shipping-taxable","13":"purchasable","14":"product-type-variable"},"_links":{"self":[{"href":"https:\/\/www.luleey.com\/fr\/wp-json\/wp\/v2\/product\/16612","targetHints":{"allow":["GET"]}}],"collection":[{"href":"https:\/\/www.luleey.com\/fr\/wp-json\/wp\/v2\/product"}],"about":[{"href":"https:\/\/www.luleey.com\/fr\/wp-json\/wp\/v2\/types\/product"}],"replies":[{"embeddable":true,"href":"https:\/\/www.luleey.com\/fr\/wp-json\/wp\/v2\/comments?post=16612"}],"wp:featuredmedia":[{"embeddable":true,"href":"https:\/\/www.luleey.com\/fr\/wp-json\/wp\/v2\/media\/16613"}],"wp:attachment":[{"href":"https:\/\/www.luleey.com\/fr\/wp-json\/wp\/v2\/media?parent=16612"}],"wp:term":[{"taxonomy":"product_brand","embeddable":true,"href":"https:\/\/www.luleey.com\/fr\/wp-json\/wp\/v2\/product_brand?post=16612"},{"taxonomy":"product_cat","embeddable":true,"href":"https:\/\/www.luleey.com\/fr\/wp-json\/wp\/v2\/product_cat?post=16612"},{"taxonomy":"product_tag","embeddable":true,"href":"https:\/\/www.luleey.com\/fr\/wp-json\/wp\/v2\/product_tag?post=16612"}],"curies":[{"name":"wp","href":"https:\/\/api.w.org\/{rel}","templated":true}]}}