{"id":16797,"date":"2024-12-30T21:20:17","date_gmt":"2024-12-30T13:20:17","guid":{"rendered":"https:\/\/www.luleey.com\/?post_type=product&#038;p=16797"},"modified":"2025-01-21T10:39:56","modified_gmt":"2025-01-21T02:39:56","slug":"8ge-gigabit-epon-olt","status":"publish","type":"product","link":"https:\/\/www.luleey.com\/fr\/produit-2\/8ge-gigabit-epon-olt\/","title":{"rendered":"8GE Gigabit EPON OLT"},"content":{"rendered":"<h3>Caract\u00e9ristiques<\/h3>\n<p data-key=\"23\" data-slate-type=\"p\" data-style=\"{}\"><span class=\"slate-node-text\" data-key=\"24\"><span data-offset-key=\"24:0\">L'\u00e9quipement OLT \u00e0 8 ports peut coop\u00e9rer avec l'ONU et le r\u00e9seau de distribution optique passif (ODN) pour former un r\u00e9seau optique passif afin de r\u00e9aliser la gestion des performances, la gestion des pannes et la gestion de la configuration de l'\u00e9quipement. Il adopte une conception de montage en rack 1U, prend en charge 8 syst\u00e8mes EPON SFP, 4 ports optiques Gigabit et 4 ports Combo Gigabit (c'est-\u00e0-dire un port optique SFP de 1000M et un port \u00e9lectrique RJ45 adaptatif de 1000M) en liaison montante, \u00e0 1 : 8 ports PON sous 64 divisions peuvent prendre en charge jusqu'\u00e0 512 acc\u00e8s d'appareils ONU. Dans le cas d'une bande passante \u00e9lev\u00e9e, une distance de transmission de 20 km est garantie, peut fournir des capacit\u00e9s de transfert de la couche L2 \u00e0 pleine vitesse, et prend en charge la gestion de l'interface graphique SNMP.<\/span><\/span><\/p>\n<p data-key=\"25\" data-slate-type=\"p\" data-style=\"{}\" data-spm-anchor-id=\"5261.product_publish.0.i27.42324edf4rB1gC\" data-slate-fragment=\"JTdCJTIyb2JqZWN0JTIyJTNBJTIyZG9jdW1lbnQlMjIlMkMlMjJkYXRhJTIyJTNBJTdCJTdEJTJDJTIybm9kZXMlMjIlM0ElNUIlN0IlMjJvYmplY3QlMjIlM0ElMjJibG9jayUyMiUyQyUyMnR5cGUlMjIlM0ElMjJkaXYlMjIlMkMlMjJpc1ZvaWQlMjIlM0FmYWxzZSUyQyUyMmRhdGElMjIlM0ElN0IlMjJjbGFzc05hbWUlMjIlM0ElMjJkZXRhaWxtb2R1bGVfaHRtbCUyMiU3RCUyQyUyMm5vZGVzJTIyJTNBJTVCJTdCJTIyb2JqZWN0JTIyJTNBJTIyYmxvY2slMjIlMkMlMjJ0eXBlJTIyJTNBJTIyZGl2JTIyJTJDJTIyaXNWb2lkJTIyJTNBZmFsc2UlMkMlMjJkYXRhJTIyJTNBJTdCJTIyY2xhc3NOYW1lJTIyJTNBJTIyZGV0YWlsLWRlc2MtZGVjb3JhdGUtcmljaHRleHQlMjIlN0QlMkMlMjJub2RlcyUyMiUzQSU1QiU3QiUyMm9iamVjdCUyMiUzQSUyMmJsb2NrJTIyJTJDJTIydHlwZSUyMiUzQSUyMmRpdiUyMiUyQyUyMmlzVm9pZCUyMiUzQWZhbHNlJTJDJTIyZGF0YSUyMiUzQSU3QiU3RCUyQyUyMm5vZGVzJTIyJTNBJTVCJTdCJTIyb2JqZWN0JTIyJTNBJTIyYmxvY2slMjIlMkMlMjJ0eXBlJTIyJTNBJTIyZGl2JTIyJTJDJTIyaXNWb2lkJTIyJTNBZmFsc2UlMkMlMjJkYXRhJTIyJTNBJTdCJTIyaWQlMjIlM0ElMjJvZmZlci10ZW1wbGF0ZS0wJTIyJTdEJTJDJTIybm9kZXMlMjIlM0ElNUIlN0IlMjJvYmplY3QlMjIlM0ElMjJibG9jayUyMiUyQyUyMnR5cGUlMjIlM0ElMjJkaXYlMjIlMkMlMjJpc1ZvaWQlMjIlM0FmYWxzZSUyQyUyMmRhdGElMjIlM0ElN0IlMjJhbGlnbiUyMiUzQSUyMnN0YXJ0JTIyJTJDJTIyc3R5bGUlMjIlM0ElN0IlMjJmb250RmFtaWx5JTIyJTNBJTIyJTVDJTIyT3BlbiUyMFNhbnMlNUMlMjIlMkMlMjBBcmlhbCUyQyUyMEhlbHZldGljYSUyQyUyMHNhbnMtc2VyaWYlMkMlMjBIZWl0aSUyMiUyQyUyMmZvbnRTaXplJTIyJTNBJTIyMTRweCUyMiUyQyUyMmZvbnRXZWlnaHQlMjIlM0ElMjI0MDAlMjIlMkMlMjJsZXR0ZXJTcGFjaW5nJTIyJTNBJTIybm9ybWFsJTIyJTJDJTIydGV4dEFsaWduJTIyJTNBJTIyc3RhcnQlMjIlMkMlMjJ3aGl0ZVNwYWNlJTIyJTNBJTIybm9ybWFsJTIyJTJDJTIyY29sb3IlMjIlM0ElMjJyZ2IoMCUyQyUyMDAlMkMlMjAwKSUyMiUyQyUyMmJhY2tncm91bmRDb2xvciUyMiUzQSUyMnJnYigyNTUlMkMlMjAyNTUlMkMlMjAyNTUpJTIyJTJDJTIybWFyZ2luJTIyJTNBJTIyMHB4JTIyJTJDJTIybWFyZ2luQm90dG9tJTIyJTNBJTIyMHB4JTIyJTJDJTIybWFyZ2luVG9wJTIyJTNBJTIyMHB4JTIyJTJDJTIybWFyZ2luTGVmdCUyMiUzQSUyMjBweCUyMiUyQyUyMm1hcmdpblJpZ2h0JTIyJTNBJTIyMHB4JTIyJTJDJTIycGFkZGluZyUyMiUzQSUyMjBweCUyMDBweCUyMDBweCUyMDBlbSUyMiUyQyUyMnBhZGRpbmdCb3R0b20lMjIlM0ElMjIwcHglMjIlMkMlMjJwYWRkaW5nVG9wJTIyJTNBJTIyMHB4JTIyJTJDJTIycGFkZGluZ1JpZ2h0JTIyJTNBJTIyMHB4JTIyJTdEJTdEJTJDJTIybm9kZXMlMjIlM0ElNUIlN0IlMjJvYmplY3QlMjIlM0ElMjJibG9jayUyMiUyQyUyMnR5cGUlMjIlM0ElMjJkaXYlMjIlMkMlMjJpc1ZvaWQlMjIlM0FmYWxzZSUyQyUyMmRhdGElMjIlM0ElN0IlMjJsaW5lSGVpZ2h0JTIyJTNBJTIyaW5oZXJpdCUyMiUyQyUyMnN0eWxlJTIyJTNBJTdCJTIyZm9udEZhbWlseSUyMiUzQSUyMiU1QyUyMk9wZW4lMjBTYW5zJTVDJTIyJTJDJTIwQXJpYWwlMkMlMjBIZWx2ZXRpY2ElMkMlMjBzYW5zLXNlcmlmJTJDJTIwSGVpdGklMjIlMkMlMjJmb250U2l6ZSUyMiUzQSUyMjE0cHglMjIlMkMlMjJmb250V2VpZ2h0JTIyJTNBJTIyNDAwJTIyJTJDJTIybGV0dGVyU3BhY2luZyUyMiUzQSUyMm5vcm1hbCUyMiUyQyUyMmxpbmVIZWlnaHQlMjIlM0ElMjJpbmhlcml0JTIyJTJDJTIyd2hpdGVTcGFjZSUyMiUzQSUyMm5vcm1hbCUyMiUyQyUyMmNvbG9yJTIyJTNBJTIycmdiKDAlMkMlMjAwJTJDJTIwMCklMjIlMkMlMjJiYWNrZ3JvdW5kQ29sb3IlMjIlM0ElMjJyZ2IoMjU1JTJDJTIwMjU1JTJDJTIwMjU1KSUyMiUyQyUyMm1hcmdpbiUyMiUzQSUyMjBweCUyMiUyQyUyMm1hcmdpbkJvdHRvbSUyMiUzQSUyMjBweCUyMiUyQyUyMm1hcmdpblRvcCUyMiUzQSUyMjBweCUyMiUyQyUyMm1hcmdpbkxlZnQlMjIlM0ElMjIwcHglMjIlMkMlMjJtYXJnaW5SaWdodCUyMiUzQSUyMjBweCUyMiUyQyUyMnBhZGRpbmclMjIlM0ElMjIwcHglMjIlMkMlMjJwYWRkaW5nQm90dG9tJTIyJTNBJTIyMHB4JTIyJTJDJTIycGFkZGluZ1RvcCUyMiUzQSUyMjBweCUyMiUyQyUyMnBhZGRpbmdMZWZ0JTIyJTNBJTIyMHB4JTIyJTJDJTIycGFkZGluZ1JpZ2h0JTIyJTNBJTIyMHB4JTIyJTJDJTIyYm94U2l6aW5nJTIyJTNBJTIyYm9yZGVyLWJveCUyMiU3RCU3RCUyQyUyMm5vZGVzJTIyJTNBJTVCJTdCJTIyb2JqZWN0JTIyJTNBJTIyYmxvY2slMjIlMkMlMjJ0eXBlJTIyJTNBJTIycGFyYWdyYXBoJTIyJTJDJTIyaXNWb2lkJTIyJTNBZmFsc2UlMkMlMjJkYXRhJTIyJTNBJTdCJTdEJTJDJTIybm9kZXMlMjIlM0ElNUIlN0IlMjJvYmplY3QlMjIlM0ElMjJ0ZXh0JTIyJTJDJTIybGVhdmVzJTIyJTNBJTVCJTdCJTIyb2JqZWN0JTIyJTNBJTIybGVhZiUyMiUyQyUyMnRleHQlMjIlM0ElMjI4LXBvcnQlMjBPTFQlMjBlcXVpcG1lbnQlMjBjYW4lMjBjb29wZXJhdGUlMjB3aXRoJTIwT05VJTIwYW5kJTIwcGFzc2l2ZSUyMG9wdGljYWwlMjBkaXN0cmlidXRpb24lMjBuZXR3b3JrJTIwKE9ETiklMjB0byUyMGZvcm0lMjBhJTIwcGFzc2l2ZSUyMG9wdGljYWwlMjBuZXR3b3JrJTIwdG8lMjByZWFsaXplJTIwdGhlJTIwcGVyZm9ybWFuY2UlMjBtYW5hZ2VtZW50JTJDJTIwZmF1bHQlMjBtYW5hZ2VtZW50JTIwYW5kJTIwY29uZmlndXJhdGlvbiUyMG1hbmFnZW1lbnQlMjBvZiUyMHRoZSUyMGVxdWlwbWVudC4lMjBJdCUyMGFkb3B0cyUyMDFVJTIwcmFjay1tb3VudCUyMGRlc2lnbiUyQyUyMHN1cHBvcnRzJTIwOCUyMFNGUCUyMEVQT04lMjBzeXN0ZW1zJTJDJTIwc3VwcG9ydHMlMjA0JTIwR2lnYWJpdCUyMG9wdGljYWwlMjBwb3J0cyUyMGFuZCUyMDQlMjBHaWdhYml0JTIwQ29tYm8lMjBwb3J0cyUyMChpZSUyMDEwMDBNJTIwU0ZQJTIwb3B0aWNhbCUyMHBvcnQlMjBhbmQlMjAxMDAwTSUyMGFkYXB0aXZlJTIwUko0NSUyMGVsZWN0cmljYWwlMjBwb3J0JTIwaW50ZXJjaGFuZ2UpJTIwdXBsaW5rJTJDJTIwYXQlMjAxJTNBJTIwOCUyMFBPTiUyMHBvcnRzJTIwdW5kZXIlMjA2NCUyMHNwbGl0dGluZyUyMGNhbiUyMHN1cHBvcnQlMjB1cCUyMHRvJTIwNTEyJTIwT05VJTIwZGV2aWNlJTIwYWNjZXNzLiUyMEluJTIwdGhlJTIwY2FzZSUyMG9mJTIwaGlnaCUyMGJhbmR3aWR0aCUyQyUyMGElMjB0cmFuc21pc3Npb24lMjBkaXN0YW5jZSUyMG9mJTIwMjBrbSUyMGlzJTIwZ3VhcmFudGVlZCUyQyUyMGNhbiUyMHByb3ZpZGUlMjBmdWxsLWxpbmUtc3BlZWQlMjBMMiUyMGxheWVyJTIwZm9yd2FyZGluZyUyMGNhcGFiaWxpdGllcyUyQyUyMGFuZCUyMHN1cHBvcnRzJTIwU05NUCUyMGdyYXBoaWNhbCUyMGludGVyZmFjZSUyMG1hbmFnZW1lbnQuJTIyJTJDJTIybWFya3MlMjIlM0ElNUIlN0IlMjJvYmplY3QlMjIlM0ElMjJtYXJrJTIyJTJDJTIydHlwZSUyMiUzQSUyMkNPTU1PTlNUWUxFJTIyJTJDJTIyZGF0YSUyMiUzQSU3QiUyMmZvbnRGYW1pbHklMjIlM0ElMjJnZW9yZ2lhJTJDJTIwc2VyaWYlMjIlN0QlN0QlNUQlN0QlNUQlN0QlNUQlN0QlMkMlN0IlMjJvYmplY3QlMjIlM0ElMjJibG9jayUyMiUyQyUyMnR5cGUlMjIlM0ElMjJwYXJhZ3JhcGglMjIlMkMlMjJpc1ZvaWQlMjIlM0FmYWxzZSUyQyUyMmRhdGElMjIlM0ElN0IlN0QlMkMlMjJub2RlcyUyMiUzQSU1QiU3QiUyMm9iamVjdCUyMiUzQSUyMnRleHQlMjIlMkMlMjJsZWF2ZXMlMjIlM0ElNUIlN0IlMjJvYmplY3QlMjIlM0ElMjJsZWFmJTIyJTJDJTIydGV4dCUyMiUzQSUyMkl0JTIwaXMlMjBtYWlubHklMjBzdWl0YWJsZSUyMGZvciUyMGElMjBzbWFsbCUyMG51bWJlciUyMG9mJTIwdXNlcnMlMjBzdWNoJTIwYXMlMjB0b3duJTIwYW5kJTIwdmlsbGFnZS1sZXZlbCUyMG9wdGljYWwlMjBmaWJlciUyMG5ldHdvcmslMjBhY2Nlc3MuJTIwSXQlMjBwcm92aWRlcyUyMGhpZ2glMjBiYW5kd2lkdGglMjBhbmQlMjBoaWdoJTIwaW50ZWdyYXRpb24lMjBndWFyYW50ZWUlMjBmb3IlMjBiYW5kd2lkdGglMjBhY2Nlc3MlMjB3aGlsZSUyMHJlZHVjaW5nJTIwbmV0d29yayUyMGNvbnN0cnVjdGlvbiUyMGNvc3RzLiUyMEl0JTIwY2FuJTIwYWxzbyUyMGJlJTIwYXBwbGllZCUyMHRvJTIwRlRUeCUyMHByb2plY3RzJTIwdG8lMjBhY2hpZXZlJTIwZmliZXIlMjB0byUyMHRoZSUyMGhvbWUlMjBhbmQlMjBjb21wbGV0ZSUyMElQJTIwQWNjZXNzJTIwdG8lMjBzZXJ2aWNlcyUyMHN1Y2glMjBhcyUyMHRlbGVwaG9uZSUyQyUyMGJyb2FkYmFuZCUyMGRhdGElMkMlMjBhbmQlMjBJUFRWLiUyMiUyQyUyMm1hcmtzJTIyJTNBJTVCJTdCJTIyb2JqZWN0JTIyJTNBJTIybWFyayUyMiUyQyUyMnR5cGUlMjIlM0ElMjJDT01NT05TVFlMRSUyMiUyQyUyMmRhdGElMjIlM0ElN0IlMjJmb250RmFtaWx5JTIyJTNBJTIyZ2VvcmdpYSUyQyUyMHNlcmlmJTIyJTdEJTdEJTVEJTdEJTVEJTdEJTVEJTdEJTVEJTdEJTVEJTdEJTVEJTdEJTVEJTdEJTVEJTdEJTVEJTdEJTVEJTdE\"><span class=\"slate-node-text\" data-key=\"26\"><span data-offset-key=\"26:0\">Il convient principalement \u00e0 un petit nombre d'utilisateurs, comme l'acc\u00e8s au r\u00e9seau de fibre optique au niveau d'une ville ou d'un village. Il offre une large bande passante et une garantie d'int\u00e9gration \u00e9lev\u00e9e pour l'acc\u00e8s \u00e0 la bande passante tout en r\u00e9duisant les co\u00fbts de construction du r\u00e9seau. Il peut \u00e9galement \u00eatre appliqu\u00e9 aux projets FTTx pour r\u00e9aliser la fibre optique jusqu'\u00e0 la maison et l'acc\u00e8s IP complet \u00e0 des services tels que le t\u00e9l\u00e9phone, les donn\u00e9es \u00e0 large bande et la t\u00e9l\u00e9vision sur IP.<\/span><\/span><\/p>\n<h3>Sp\u00e9cifications<\/h3>\n<table width=\"731\">\n<tbody>\n<tr>\n<td width=\"168\">Marque<\/td>\n<td width=\"563\">LuLeey<\/td>\n<\/tr>\n<tr>\n<td width=\"168\">Nom du produit<\/td>\n<td width=\"563\">8GE Gigabit EPON OLT<\/td>\n<\/tr>\n<tr>\n<td width=\"168\">Longueur d'onde de travail<\/td>\n<td>\u00a01310 (RX)\/1490 (TX)<\/td>\n<\/tr>\n<tr>\n<td width=\"168\">Puissance optique<\/td>\n<td>\u00a0+3~ +10dBm<\/td>\n<\/tr>\n<tr>\n<td width=\"168\">Sensibilit\u00e9 de la r\u00e9ception<\/td>\n<td>\u00a0-27dBm<\/td>\n<\/tr>\n<tr>\n<td width=\"168\">Distance de transmission maximale<\/td>\n<td>\u00a020 km<\/td>\n<\/tr>\n<tr>\n<td width=\"168\">Rapport de fractionnement maximal<\/td>\n<td>1:64<\/td>\n<\/tr>\n<tr>\n<td width=\"168\">Capacit\u00e9 de la machine<\/td>\n<td>\u00a0prendre en charge jusqu'\u00e0 512 modems optiques ONU<\/td>\n<\/tr>\n<tr>\n<td width=\"168\">Largeur de bande du fond de panier<\/td>\n<td>\u00a0128G<\/td>\n<\/tr>\n<tr>\n<td width=\"168\">Table des adresses MAC<\/td>\n<td>\u00a032K<\/td>\n<\/tr>\n<tr>\n<td width=\"168\">Interface de liaison montante<\/td>\n<td>\u00a04 ports optiques SFP gigabit en liaison montante + 4 ports Combo \u00e0 multiplexage photo\u00e9lectrique gigabit en liaison montante<\/td>\n<\/tr>\n<tr>\n<td width=\"168\">Interface PON<\/td>\n<td>\u00a08 interfaces SC PON<\/td>\n<\/tr>\n<tr>\n<td width=\"168\">Interface de gestion<\/td>\n<td>\u00a0SNMP, TELNET, gestion en bande, gestion hors bande<\/td>\n<\/tr>\n<tr>\n<td width=\"168\">MTBF<\/td>\n<td>\u00a0100 000 heures<\/td>\n<\/tr>\n<tr>\n<td width=\"168\">Caract\u00e9ristiques de l'EPON<\/td>\n<td width=\"563\">IEEE802.3ah<br \/>\nPrise en charge de la surveillance de la largeur de bande de la liaison et de la d\u00e9tection des boucles<br \/>\nPrise en charge de la bande passante sym\u00e9trique de 1,25 Gbps en amont et en aval<br \/>\nPrise en charge du cryptage AES-128 pour chaque lien logique<br \/>\nFonction OAM puissante, permettant la gestion \u00e0 distance, la protection et la mise \u00e0 niveau de l'ONU, le red\u00e9marrage \u00e0 distance de l'ONU, le r\u00e9tablissement des param\u00e8tres d'usine, etc.<br \/>\nPrise en charge de la d\u00e9couverte et de l'enregistrement automatiques des ONU (plug and play)<br \/>\nPrise en charge de la puissance lumineuse des ports PON, acceptation de la d\u00e9tection de la puissance optique<\/td>\n<\/tr>\n<tr>\n<td width=\"168\">accord de soutien<\/td>\n<td>Supporte IEEE802.3, IEEE802.3u, IEEE802.3ab, Supporte IEEE802.1Q VLAN<\/td>\n<\/tr>\n<tr>\n<td>gestion du r\u00e9seau<\/td>\n<td width=\"563\">Interface graphique WEB en anglais, simple et claire, gestion du r\u00e9seau pratique et facile \u00e0 utiliser.<br \/>\nAvec fonction de gestion du r\u00e9seau de commutation<\/td>\n<\/tr>\n<tr>\n<td width=\"168\">Prise en charge de la fonction d'agr\u00e9gation de liens<\/td>\n<td width=\"563\">Prise en charge de 4KVLAN<br \/>\nPrise en charge du VLAN bas\u00e9 sur le port<br \/>\nSoutenir le QINQ<br \/>\nPrise en charge de la d\u00e9tection des boucles<br \/>\nPrise en charge de l'interface de ligne de commande (CLI), du port CONSOLE et de la configuration TELNET<br \/>\nPermet de v\u00e9rifier intuitivement si le chat optique de l'ONU est en ligne<\/td>\n<\/tr>\n<tr>\n<td width=\"168\">autres fonctions<\/td>\n<td width=\"563\">Prise en charge du protocole IGMPv1\/v2<br \/>\nPrise en charge de l'IGMP Snooping<br \/>\nPrise en charge de la configuration par lots de l'ONU<br \/>\nAlimentation \u00e9lectrique : Alimentation int\u00e9gr\u00e9e AC110-240V (alimentation simple ou double en option)<br \/>\nConsommation \u00e9lectrique : 38W<br \/>\nTemp\u00e9rature de fonctionnement : -10~55\u2103<br \/>\nTemp\u00e9rature de stockage : -40~70\u2103<br \/>\nTaille : 44*26*4.4cm (longueur*largeur*hauteur)<\/td>\n<\/tr>\n<\/tbody>\n<\/table>\n<p>&nbsp;<\/p>","protected":false},"excerpt":{"rendered":"<ul>\n<li>Logistique efficace : b\u00e9n\u00e9ficiez d'un service de livraison stable et fiable avec une garantie de qualit\u00e9.<\/li>\n<li>Puissance optique : la puissance optique de 7 \u00e0 9 dB garantit une transmission fiable jusqu'\u00e0 20 km.<\/li>\n<li>Capacit\u00e9 d'utilisation \u00e9lev\u00e9e : prend en charge 8 PON et 512ONU, ce qui permet un d\u00e9ploiement \u00e0 grande \u00e9chelle.<\/li>\n<li>Plug and Play : aucune configuration n'est n\u00e9cessaire ; installation transparente pour les r\u00e9seaux FTTH\/FTTB\/FTTZ.<\/li>\n<li>Compatibilit\u00e9 \u00e9lev\u00e9e : compatible avec un large \u00e9ventail de marques, notamment Huawei, ZTE, VSOL...<\/li>\n<\/ul>","protected":false},"featured_media":16799,"comment_status":"open","ping_status":"closed","template":"","meta":[],"product_brand":[],"product_cat":[361],"product_tag":[569,206],"class_list":{"0":"post-16797","1":"product","2":"type-product","3":"status-publish","4":"has-post-thumbnail","6":"product_cat-epon-olt","7":"product_tag-4ge-epon-olt","8":"product_tag-epon-olt","10":"first","11":"instock","12":"shipping-taxable","13":"purchasable","14":"product-type-variable","15":"has-default-attributes"},"_links":{"self":[{"href":"https:\/\/www.luleey.com\/fr\/wp-json\/wp\/v2\/product\/16797","targetHints":{"allow":["GET"]}}],"collection":[{"href":"https:\/\/www.luleey.com\/fr\/wp-json\/wp\/v2\/product"}],"about":[{"href":"https:\/\/www.luleey.com\/fr\/wp-json\/wp\/v2\/types\/product"}],"replies":[{"embeddable":true,"href":"https:\/\/www.luleey.com\/fr\/wp-json\/wp\/v2\/comments?post=16797"}],"wp:featuredmedia":[{"embeddable":true,"href":"https:\/\/www.luleey.com\/fr\/wp-json\/wp\/v2\/media\/16799"}],"wp:attachment":[{"href":"https:\/\/www.luleey.com\/fr\/wp-json\/wp\/v2\/media?parent=16797"}],"wp:term":[{"taxonomy":"product_brand","embeddable":true,"href":"https:\/\/www.luleey.com\/fr\/wp-json\/wp\/v2\/product_brand?post=16797"},{"taxonomy":"product_cat","embeddable":true,"href":"https:\/\/www.luleey.com\/fr\/wp-json\/wp\/v2\/product_cat?post=16797"},{"taxonomy":"product_tag","embeddable":true,"href":"https:\/\/www.luleey.com\/fr\/wp-json\/wp\/v2\/product_tag?post=16797"}],"curies":[{"name":"wp","href":"https:\/\/api.w.org\/{rel}","templated":true}]}}