{"id":17113,"date":"2025-01-12T12:52:54","date_gmt":"2025-01-12T04:52:54","guid":{"rendered":"https:\/\/www.luleey.com\/?post_type=product&#038;p=17113"},"modified":"2025-03-20T14:20:58","modified_gmt":"2025-03-20T06:20:58","slug":"ins2m2gf18gt-16poe20-port-l2-managed-poe-rack-ethernet-switch-with-2-gigabit-optical-and-2-gigabit-electrical-ports-16-gigabit-poe-electrical-ports","status":"publish","type":"product","link":"https:\/\/www.luleey.com\/fr\/produit-2\/ins2m2gf18gt-16poe20-port-l2-managed-poe-rack-ethernet-switch-with-2-gigabit-optical-and-2-gigabit-electrical-ports-16-gigabit-poe-electrical-ports\/","title":{"rendered":"INS2M2GF18GT-16POE,Commutateur Ethernet en rack g\u00e9r\u00e9 L2+ \u00e0 20 ports avec 2 ports optiques Gigabit et 2 ports \u00e9lectriques Gigabit, 16 ports \u00e9lectriques Gigabit POE"},"content":{"rendered":"<h3>Sp\u00e9cifications<\/h3>\n<table style=\"width: 1169px;\" width=\"144\">\n<tbody>\n<tr>\n<td style=\"width: 552px;\" width=\"72\">Mod\u00e8le Num<\/td>\n<td style=\"width: 617px;\" width=\"72\">INS2M2GF18GT-16POE<\/td>\n<\/tr>\n<tr>\n<td style=\"width: 552px;\">Marque<\/td>\n<td style=\"width: 617px;\">LuLeey<\/td>\n<\/tr>\n<tr>\n<td style=\"width: 552px;\" width=\"72\">Nom du produit<\/td>\n<td style=\"width: 617px;\" width=\"72\">INS2M2GF18GT-16POE,Commutateur Ethernet en rack POE g\u00e9r\u00e9 \u00e0 20 ports avec 2 ports optiques Gigabit et 2 ports \u00e9lectriques Gigabit, 16 ports \u00e9lectriques Gigabit POE<\/td>\n<\/tr>\n<tr>\n<td style=\"width: 552px;\" width=\"72\">Taille<\/td>\n<td style=\"width: 617px;\">300*440*44mm<\/td>\n<\/tr>\n<tr>\n<td style=\"width: 552px;\" width=\"72\">Largeur de bande du plan arri\u00e8re<\/td>\n<td style=\"width: 617px;\">128Gbps<\/td>\n<\/tr>\n<tr>\n<td style=\"width: 552px;\" width=\"72\">M\u00e9thode d'installation<\/td>\n<td style=\"width: 617px;\">montage en rack<\/td>\n<\/tr>\n<tr>\n<td style=\"width: 552px;\" width=\"72\">POE<\/td>\n<td style=\"width: 617px;\">Soutien<\/td>\n<\/tr>\n<tr>\n<td style=\"width: 552px;\" width=\"72\">gestion du web<\/td>\n<td style=\"width: 617px;\">L2+<\/td>\n<\/tr>\n<tr>\n<td style=\"width: 552px;\" width=\"72\">Ports RJ45<\/td>\n<td style=\"width: 617px;\">10\/100\/1000M<\/td>\n<\/tr>\n<tr>\n<td style=\"width: 552px;\" width=\"72\">Ports SFP<\/td>\n<td style=\"width: 617px;\">SFP 1000M<\/td>\n<\/tr>\n<tr>\n<td style=\"width: 552px;\" width=\"72\">Indice IP<\/td>\n<td style=\"width: 617px;\">IP30<\/td>\n<\/tr>\n<tr>\n<td style=\"width: 552px;\" width=\"72\">Entr\u00e9e d'alimentation<\/td>\n<td style=\"width: 617px;\">Unique<\/td>\n<\/tr>\n<tr>\n<td style=\"width: 552px;\" width=\"72\">Puissance<\/td>\n<td style=\"width: 617px;\">AC220V<\/td>\n<\/tr>\n<tr>\n<td style=\"width: 552px;\" width=\"72\">Budget PoE\/Port unique<\/td>\n<td style=\"width: 617px;\">260W\/30W<\/td>\n<\/tr>\n<tr>\n<td style=\"width: 552px;\" width=\"72\">Mat\u00e9riau de la coque<\/td>\n<td style=\"width: 617px;\">Coquille de fer<\/td>\n<\/tr>\n<tr>\n<td style=\"width: 552px;\" width=\"72\">Temp\u00e9rature de fonctionnement<\/td>\n<td style=\"width: 617px;\">\u00a0-20~75\u02daC<\/td>\n<\/tr>\n<tr>\n<td style=\"width: 552px;\" width=\"72\">Temp\u00e9rature de stockage<\/td>\n<td style=\"width: 617px;\">\u00a0-40~85\u02daC<\/td>\n<\/tr>\n<\/tbody>\n<\/table>\n\n\n<p class=\"has-medium-font-size\"><strong>Caract\u00e9ristiques<\/strong><\/p>\n\n\n\t\t\t<style id=\"wd-style-blocks-17016-css\" data-type=\"wd-style-blocks-17016\">\n\t\t\t\t#wd-3c39d8b6{font-weight: 400;font-size: 30px;}#wd-3c39d8b6 .wd-highlight{color: var(--wd-primary-color);}#wd-42ce116e{margin-bottom: 20px;--wd-width: 586px;}#wd-d72e7b07{--wd-icon-w: 40px;}#wd-1d5d889a{font-size: 16px;}#wd-b1431808{--wd-icon-w: 40px;}#wd-f99ef44b{font-size: 16px;}#wd-b1431808{--wd-icon-w: 40px;}#wd-f99ef44b{font-size: 16px;}#wd-704493b2{--wd-row-gap: 30px;}#wd-51e1b479{--wd-icon-w: 40px;}#wd-eb52637c{font-size: 16px;}#wd-8e73237a{--wd-icon-w: 40px;}#wd-8dd90a29{font-size: 16px;}#wd-8e73237a{--wd-icon-w: 40px;}#wd-8dd90a29{font-size: 16px;}#wd-a227f409{--wd-row-gap: 30px;}#wd-f287de14{padding-bottom: 20px;}#wd-636dcc8e{--wd-row-gap: 10px;justify-content: center;}#wd-6977dbe2{position: relative;z-index: 1;}@media (max-width: 1024px) {#wd-3c39d8b6{font-size: 40px;}#wd-6977dbe2{align-items: center;align-content: center;}#wd-3009ab66{--wd-col-gap: 40px;}}@media (min-width: 769px) and (max-width: 1024px) {#wd-636dcc8e{flex: 0 1 calc(100% - var(--wd-col-gap) * 0 \/ 1 );}#wd-6977dbe2{flex: 0 1 calc(100% - var(--wd-col-gap) * 0 \/ 1 );}}@media (max-width: 768.98px) {#wd-3c39d8b6{font-size: 25px;}}\t\t\t<\/style>\n\t\t\t\t\t\t<style id=\"wd-style-blocks-17016-css\" data-type=\"wd-style-blocks-17016\">\n\t\t\t\t#wd-3c39d8b6{font-weight: 400;font-size: 30px;}#wd-3c39d8b6 .wd-highlight{color: var(--wd-primary-color);}#wd-42ce116e{margin-bottom: 20px;--wd-width: 586px;}#wd-d72e7b07{--wd-icon-w: 40px;}#wd-1d5d889a{font-size: 16px;}#wd-b1431808{--wd-icon-w: 40px;}#wd-f99ef44b{font-size: 16px;}#wd-b1431808{--wd-icon-w: 40px;}#wd-f99ef44b{font-size: 16px;}#wd-704493b2{--wd-row-gap: 30px;}#wd-51e1b479{--wd-icon-w: 40px;}#wd-eb52637c{font-size: 16px;}#wd-8e73237a{--wd-icon-w: 40px;}#wd-8dd90a29{font-size: 16px;}#wd-8e73237a{--wd-icon-w: 40px;}#wd-8dd90a29{font-size: 16px;}#wd-a227f409{--wd-row-gap: 30px;}#wd-f287de14{padding-bottom: 20px;}#wd-636dcc8e{--wd-row-gap: 10px;justify-content: center;}#wd-6977dbe2{position: relative;z-index: 1;}@media (max-width: 1024px) {#wd-3c39d8b6{font-size: 40px;}#wd-6977dbe2{align-items: center;align-content: center;}#wd-3009ab66{--wd-col-gap: 40px;}}@media (min-width: 769px) and (max-width: 1024px) {#wd-636dcc8e{flex: 0 1 calc(100% - var(--wd-col-gap) * 0 \/ 1 );}#wd-6977dbe2{flex: 0 1 calc(100% - var(--wd-col-gap) * 0 \/ 1 );}}@media (max-width: 768.98px) {#wd-3c39d8b6{font-size: 25px;}}\t\t\t<\/style>\n\t\t\t\n<div id=\"wd-3009ab66\" class=\"wp-block-wd-row\">\n<div id=\"wd-636dcc8e\" class=\"wp-block-wd-column\">\n<h2 id=\"wd-3c39d8b6\" class=\"wp-block-wd-title title\">Commutateurs industriels con\u00e7us pour les extr\u00eames | LuLeey<\/h2>\n\n\n\n<p id=\"wd-42ce116e\" class=\"wp-block-wd-paragraph wd-custom-width\">Les commutateurs industriels sont soumis \u00e0 16 proc\u00e9dures de test de qualit\u00e9 industrielle pour r\u00e9pondre aux exigences du niveau 4 de la CEM.<\/p>\n\n\n\n<div id=\"wd-f287de14\" class=\"wp-block-wd-row\">\n<div id=\"wd-704493b2\" class=\"wp-block-wd-column\">\n<div id=\"wd-f4c0dfea\" class=\"wp-block-wd-infobox wd-hover-parent wd-icon-top\">\n<div id=\"wd-d72e7b07\" class=\"wp-block-wd-icon\"><svg class=\"wd-svg-icon\" xmlns=\"http:\/\/www.w3.org\/2000\/svg\" viewbox=\"0 0 448 512\" aria-hidden=\"true\" width=\"32\" height=\"100%\"><!--!Font Awesome Free 6.7.2 by @fontawesome - https:\/\/fontawesome.com License - https:\/\/fontawesome.com\/license\/free Copyright 2025 Fonticons, Inc.--><path d=\"M159.3 5.4c7.8-7.3 19.9-7.2 27.7 .1c27.6 25.9 53.5 53.8 77.7 84c11-14.4 23.5-30.1 37-42.9c7.9-7.4 20.1-7.4 28 .1c34.6 33 63.9 76.6 84.5 118c20.3 40.8 33.8 82.5 33.8 111.9C448 404.2 348.2 512 224 512C98.4 512 0 404.1 0 276.5c0-38.4 17.8-85.3 45.4-131.7C73.3 97.7 112.7 48.6 159.3 5.4zM225.7 416c25.3 0 47.7-7 68.8-21c42.1-29.4 53.4-88.2 28.1-134.4c-4.5-9-16-9.6-22.5-2l-25.2 29.3c-6.6 7.6-18.5 7.4-24.7-.5c-16.5-21-46-58.5-62.8-79.8c-6.3-8-18.3-8.1-24.7-.1c-33.8 42.5-50.8 69.3-50.8 99.4C112 375.4 162.6 416 225.7 416z\"><\/path><\/svg><\/div>\n\n\n\n<div id=\"wd-3a0bdfb4\" class=\"wp-block-wd-container wd-dir-col\">\n<h2 id=\"wd-1d5d889a\" class=\"wp-block-wd-title title\">Protection de la temp\u00e9rature<\/h2>\n\n\n\n<p id=\"wd-31877b8b\" class=\"wp-block-wd-paragraph\">Environnement de travail -40\u2103\uff5e85\u2103<\/p>\n<\/div>\n<\/div>\n\n\n\n<div id=\"wd-a8190d52\" class=\"wp-block-wd-infobox wd-hover-parent wd-icon-top\">\n<div id=\"wd-b1431808\" class=\"wp-block-wd-icon\"><svg class=\"wd-svg-icon\" xmlns=\"http:\/\/www.w3.org\/2000\/svg\" viewbox=\"0 0 512 512\" aria-hidden=\"true\" width=\"32\" height=\"100%\"><!--!Font Awesome Free 6.7.2 by @fontawesome - https:\/\/fontawesome.com License - https:\/\/fontawesome.com\/license\/free Copyright 2025 Fonticons, Inc.--><path d=\"M176 24c0-13.3-10.7-24-24-24s-24 10.7-24 24l0 40c-35.3 0-64 28.7-64 64l-40 0c-13.3 0-24 10.7-24 24s10.7 24 24 24l40 0 0 56-40 0c-13.3 0-24 10.7-24 24s10.7 24 24 24l40 0 0 56-40 0c-13.3 0-24 10.7-24 24s10.7 24 24 24l40 0c0 35.3 28.7 64 64 64l0 40c0 13.3 10.7 24 24 24s24-10.7 24-24l0-40 56 0 0 40c0 13.3 10.7 24 24 24s24-10.7 24-24l0-40 56 0 0 40c0 13.3 10.7 24 24 24s24-10.7 24-24l0-40c35.3 0 64-28.7 64-64l40 0c13.3 0 24-10.7 24-24s-10.7-24-24-24l-40 0 0-56 40 0c13.3 0 24-10.7 24-24s-10.7-24-24-24l-40 0 0-56 40 0c13.3 0 24-10.7 24-24s-10.7-24-24-24l-40 0c0-35.3-28.7-64-64-64l0-40c0-13.3-10.7-24-24-24s-24 10.7-24 24l0 40-56 0 0-40c0-13.3-10.7-24-24-24s-24 10.7-24 24l0 40-56 0 0-40zM160 128l192 0c17.7 0 32 14.3 32 32l0 192c0 17.7-14.3 32-32 32l-192 0c-17.7 0-32-14.3-32-32l0-192c0-17.7 14.3-32 32-32zm192 32l-192 0 0 192 192 0 0-192z\"><\/path><\/svg><\/div>\n\n\n\n<div id=\"wd-d49dbe14\" class=\"wp-block-wd-container wd-dir-col\">\n<h2 id=\"wd-f99ef44b\" class=\"wp-block-wd-title title\">Puces de qualit\u00e9 industrielle<\/h2>\n\n\n\n<p id=\"wd-b71a6dbc\" class=\"wp-block-wd-paragraph\">Tous les ports sont dot\u00e9s d'une capacit\u00e9 de transfert \u00e0 vitesse filaire<br>Prise en charge de la fonction Auto MDI\/MDIX (roulement de port)<\/p>\n<\/div>\n<\/div>\n\n\n\n<div id=\"wd-a8190d52\" class=\"wp-block-wd-infobox wd-hover-parent wd-icon-top\">\n<div id=\"wd-b1431808\" class=\"wp-block-wd-icon\"><svg class=\"wd-svg-icon\" xmlns=\"http:\/\/www.w3.org\/2000\/svg\" viewbox=\"0 0 512 512\" aria-hidden=\"true\" width=\"32\" height=\"100%\"><!--!Font Awesome Free 6.7.2 by @fontawesome - https:\/\/fontawesome.com License - https:\/\/fontawesome.com\/license\/free Copyright 2025 Fonticons, Inc.--><path d=\"M0 224c0 53 43 96 96 96l47.2 0L290 202.5c17.6-14.1 42.6-14 60.2 .2s22.8 38.6 12.8 58.8L333.7 320l18.3 0 64 0c53 0 96-43 96-96s-43-96-96-96c-.5 0-1.1 0-1.6 0c1.1-5.2 1.6-10.5 1.6-16c0-44.2-35.8-80-80-80c-24.3 0-46.1 10.9-60.8 28C256.5 24.3 219.1 0 176 0C114.1 0 64 50.1 64 112c0 7.1 .7 14.1 1.9 20.8C27.6 145.4 0 181.5 0 224zm330.1 3.6c-5.8-4.7-14.2-4.7-20.1-.1l-160 128c-5.3 4.2-7.4 11.4-5.1 17.8s8.3 10.7 15.1 10.7l70.1 0L177.7 488.8c-3.4 6.7-1.6 14.9 4.3 19.6s14.2 4.7 20.1 .1l160-128c5.3-4.2 7.4-11.4 5.1-17.8s-8.3-10.7-15.1-10.7l-70.1 0 52.4-104.8c3.4-6.7 1.6-14.9-4.2-19.6z\"><\/path><\/svg><\/div>\n\n\n\n<div id=\"wd-d49dbe14\" class=\"wp-block-wd-container wd-dir-col\">\n<h2 id=\"wd-f99ef44b\" class=\"wp-block-wd-title title\">CEM NIVEAU 4<\/h2>\n\n\n\n<p id=\"wd-e6d0a1c5\" class=\"wp-block-wd-paragraph\">D\u00e9charge d'air 15kv, d\u00e9charge de contact 8kv, protection contre la foudre du port 6kv, protection contre la foudre de l'alimentation 4kv<\/p>\n<\/div>\n<\/div>\n<\/div>\n\n\n\n<div id=\"wd-a227f409\" class=\"wp-block-wd-column\">\n<div id=\"wd-02c6e7f9\" class=\"wp-block-wd-infobox wd-hover-parent wd-icon-top\">\n<div id=\"wd-51e1b479\" class=\"wp-block-wd-icon\"><svg class=\"wd-svg-icon\" xmlns=\"http:\/\/www.w3.org\/2000\/svg\" viewbox=\"0 0 512 512\" aria-hidden=\"true\" width=\"32\" height=\"100%\"><!--!Font Awesome Free 6.7.2 by @fontawesome - https:\/\/fontawesome.com License - https:\/\/fontawesome.com\/license\/free Copyright 2025 Fonticons, Inc.--><path d=\"M256 0c4.6 0 9.2 1 13.4 2.9L457.7 82.8c22 9.3 38.4 31 38.3 57.2c-.5 99.2-41.3 280.7-213.6 363.2c-16.7 8-36.1 8-52.8 0C57.3 420.7 16.5 239.2 16 140c-.1-26.2 16.3-47.9 38.3-57.2L242.7 2.9C246.8 1 251.4 0 256 0zm0 66.8l0 378.1C394 378 431.1 230.1 432 141.4L256 66.8s0 0 0 0z\"><\/path><\/svg><\/div>\n\n\n\n<div id=\"wd-3468fdf9\" class=\"wp-block-wd-container wd-dir-col\">\n<h2 id=\"wd-eb52637c\" class=\"wp-block-wd-title title\">IP40<\/h2>\n\n\n\n<p id=\"wd-65ddfd88\" class=\"wp-block-wd-paragraph\">Niveau de protection IP40 de qualit\u00e9 industrielle, fonctionnement stable et sans souci, s\u00fbr et fiable.<\/p>\n<\/div>\n<\/div>\n\n\n\n<div id=\"wd-a52c7b42\" class=\"wp-block-wd-infobox wd-hover-parent wd-icon-top\">\n<div id=\"wd-8e73237a\" class=\"wp-block-wd-icon\"><svg class=\"wd-svg-icon\" xmlns=\"http:\/\/www.w3.org\/2000\/svg\" viewbox=\"0 0 384 512\" aria-hidden=\"true\" width=\"32\" height=\"100%\"><!--!Font Awesome Free 6.7.2 by @fontawesome - https:\/\/fontawesome.com License - https:\/\/fontawesome.com\/license\/free Copyright 2025 Fonticons, Inc.--><path d=\"M96 0C78.3 0 64 14.3 64 32l0 96 64 0 0-96c0-17.7-14.3-32-32-32zM288 0c-17.7 0-32 14.3-32 32l0 96 64 0 0-96c0-17.7-14.3-32-32-32zM32 160c-17.7 0-32 14.3-32 32s14.3 32 32 32l0 32c0 77.4 55 142 128 156.8l0 67.2c0 17.7 14.3 32 32 32s32-14.3 32-32l0-67.2C297 398 352 333.4 352 256l0-32c17.7 0 32-14.3 32-32s-14.3-32-32-32L32 160z\"><\/path><\/svg><\/div>\n\n\n\n<div id=\"wd-f9fd6de9\" class=\"wp-block-wd-container wd-dir-col\">\n<h2 id=\"wd-8dd90a29\" class=\"wp-block-wd-title title\">Protection de l'alimentation \u00e9lectrique<\/h2>\n\n\n\n<p id=\"wd-4d0e7c99\" class=\"wp-block-wd-paragraph\">Plage de tension DC 9~48V, double alimentation redondante<\/p>\n<\/div>\n<\/div>\n\n\n\n<div id=\"wd-a52c7b42\" class=\"wp-block-wd-infobox wd-hover-parent wd-icon-top\">\n<div id=\"wd-8e73237a\" class=\"wp-block-wd-icon\"><svg class=\"wd-svg-icon\" xmlns=\"http:\/\/www.w3.org\/2000\/svg\" viewbox=\"0 0 512 512\" aria-hidden=\"true\" width=\"32\" height=\"100%\"><!--!Font Awesome Free 6.7.2 by @fontawesome - https:\/\/fontawesome.com License - https:\/\/fontawesome.com\/license\/free Copyright 2025 Fonticons, Inc.--><path d=\"M0 224L0 416c0 17.7 14.3 32 32 32l64 0 0-112c0-8.8 7.2-16 16-16s16 7.2 16 16l0 112 64 0 0-112c0-8.8 7.2-16 16-16s16 7.2 16 16l0 112 64 0 0-112c0-8.8 7.2-16 16-16s16 7.2 16 16l0 112 64 0 0-112c0-8.8 7.2-16 16-16s16 7.2 16 16l0 112 64 0c17.7 0 32-14.3 32-32l0-192c0-17.7-14.3-32-32-32l-32 0 0-32c0-17.7-14.3-32-32-32l-32 0 0-32c0-17.7-14.3-32-32-32L160 64c-17.7 0-32 14.3-32 32l0 32-32 0c-17.7 0-32 14.3-32 32l0 32-32 0c-17.7 0-32 14.3-32 32z\"><\/path><\/svg><\/div>\n\n\n\n<div id=\"wd-f9fd6de9\" class=\"wp-block-wd-container wd-dir-col\">\n<h2 id=\"wd-8dd90a29\" class=\"wp-block-wd-title title\">Commutateur d'isolation de port<\/h2>\n\n\n\n<p id=\"wd-4d0e7c99\" class=\"wp-block-wd-paragraph\">Fonctionnalit\u00e9 de dip switch \u00e0 deux positions (suppression des temp\u00eates et isolation des ports vlan)<\/p>\n<\/div>\n<\/div>\n<\/div>\n<\/div>\n<\/div>\n\n\n\n<div id=\"wd-6977dbe2\" class=\"wp-block-wd-column wd-align-is-md-center\">\n<div id=\"wd-30f16bcc\" class=\"wp-block-wd-image wd-block-image\"><img loading=\"lazy\" decoding=\"async\" width=\"949\" height=\"561\" class=\"wp-image-17028\" src=\"https:\/\/www.luleey.com\/wp-content\/uploads\/2025\/01\/DIN.png\" alt=\"\" title=\"\" srcset=\"https:\/\/www.luleey.com\/wp-content\/uploads\/2025\/01\/DIN.png 949w, https:\/\/www.luleey.com\/wp-content\/uploads\/2025\/01\/DIN-800x473.png 800w, https:\/\/www.luleey.com\/wp-content\/uploads\/2025\/01\/DIN-768x454.png 768w, https:\/\/www.luleey.com\/wp-content\/uploads\/2025\/01\/DIN-18x12.png 18w, https:\/\/www.luleey.com\/wp-content\/uploads\/2025\/01\/DIN-150x89.png 150w\" sizes=\"auto, (max-width: 949px) 100vw, 949px\" \/><\/div>\n\n\n\n<div id=\"wd-ba882d70\" class=\"wp-block-wd-gallery wd-grid-g wd-caption-mask\" style=\"--wd-col-lg:2;--wd-col-md:2;--wd-col-sm:2;--wd-gap-lg:20px;--wd-gap-sm: 20px;\">\n<div id=\"wd-5464d5e4\" class=\"wp-block-wd-gallery-item wd-col\"><div class=\"wd-block-image\"><img loading=\"lazy\" decoding=\"async\" width=\"400\" height=\"400\" class=\"wp-image-17002\" src=\"https:\/\/www.luleey.com\/wp-content\/uploads\/2025\/01\/dual-power-1.jpg\" alt=\"\" title=\"\" srcset=\"https:\/\/www.luleey.com\/wp-content\/uploads\/2025\/01\/dual-power-1.jpg 400w, https:\/\/www.luleey.com\/wp-content\/uploads\/2025\/01\/dual-power-1-12x12.jpg 12w, https:\/\/www.luleey.com\/wp-content\/uploads\/2025\/01\/dual-power-1-150x150.jpg 150w\" sizes=\"auto, (max-width: 400px) 100vw, 400px\" \/><\/div><\/div>\n\n\n\n<div id=\"wd-3dca4a78\" class=\"wp-block-wd-gallery-item wd-col\"><div class=\"wd-block-image\"><img loading=\"lazy\" decoding=\"async\" width=\"400\" height=\"400\" class=\"wp-image-17001\" src=\"https:\/\/www.luleey.com\/wp-content\/uploads\/2025\/01\/ring.jpg\" alt=\"\" title=\"\" srcset=\"https:\/\/www.luleey.com\/wp-content\/uploads\/2025\/01\/ring.jpg 400w, https:\/\/www.luleey.com\/wp-content\/uploads\/2025\/01\/ring-12x12.jpg 12w, https:\/\/www.luleey.com\/wp-content\/uploads\/2025\/01\/ring-150x150.jpg 150w\" sizes=\"auto, (max-width: 400px) 100vw, 400px\" \/><\/div><\/div>\n<\/div>\n<\/div>\n<\/div>","protected":false},"excerpt":{"rendered":"<p>Commutateurs POE administrables L2+<br \/>\n*L'alimentation \u00e9lectrique intelligente permet de donner la priorit\u00e9 \u00e0 la protection des ports VIP en cas de manque d'\u00e9nergie.<br \/>\n*Transmission longue distance de 250 m\u00e8tres<br \/>\n*Conception optique et \u00e9lectrique de la double liaison montante pour r\u00e9pondre aux exigences de sortie de la double liaison montante<br \/>\n*Prise en charge de la norme d'alimentation PoE IEEE 802.3 at\/af<br \/>\nPrise en charge de la fonction de gestion de r\u00e9seau de couche 2 : prise en charge de la gestion de r\u00e9seau web, prise en charge des vlan, QOS, RSTP, SNMPV1\/V2, IGMP Snooping V1\/V2\/V3, prise en charge de GMRP : agr\u00e9gation de ports, d\u00e9tection de boucles, mise en miroir de ports, contr\u00f4le de la bande passante, configuration de trames jumbo, MAC statique, suppression des temp\u00eates, statistiques de port, gestion des fichiers, chargement et t\u00e9l\u00e9chargement des configurations.<br \/>\n*La restauration des param\u00e8tres d'usine et le red\u00e9marrage s'effectuent \u00e0 l'aide d'une seule touche.<br \/>\n*Fonction dip switch \u00e0 deux blocs (isolation des ports vlan, r\u00e9seau en anneau, 10M forc\u00e9)<br \/>\n*CEM : d\u00e9charge d'air 8kv, d\u00e9charge de contact 6kv, protection contre la foudre portuaire 4kv, protection contre la foudre \u00e9lectrique 2kv<br \/>\n*canal vip 1-8 ports (priorit\u00e9 QOS)<\/p>","protected":false},"featured_media":17038,"comment_status":"open","ping_status":"closed","template":"","meta":[],"product_brand":[],"product_cat":[240],"product_tag":[239,876],"class_list":{"0":"post-17113","1":"product","2":"type-product","3":"status-publish","4":"has-post-thumbnail","6":"product_cat-industrial-switches","7":"product_tag-industrial-ethernet-switch","8":"product_tag-ins2m2gf18gt-16poe","10":"first","11":"instock","12":"shipping-taxable","13":"purchasable","14":"product-type-variable","15":"has-default-attributes"},"_links":{"self":[{"href":"https:\/\/www.luleey.com\/fr\/wp-json\/wp\/v2\/product\/17113","targetHints":{"allow":["GET"]}}],"collection":[{"href":"https:\/\/www.luleey.com\/fr\/wp-json\/wp\/v2\/product"}],"about":[{"href":"https:\/\/www.luleey.com\/fr\/wp-json\/wp\/v2\/types\/product"}],"replies":[{"embeddable":true,"href":"https:\/\/www.luleey.com\/fr\/wp-json\/wp\/v2\/comments?post=17113"}],"wp:featuredmedia":[{"embeddable":true,"href":"https:\/\/www.luleey.com\/fr\/wp-json\/wp\/v2\/media\/17038"}],"wp:attachment":[{"href":"https:\/\/www.luleey.com\/fr\/wp-json\/wp\/v2\/media?parent=17113"}],"wp:term":[{"taxonomy":"product_brand","embeddable":true,"href":"https:\/\/www.luleey.com\/fr\/wp-json\/wp\/v2\/product_brand?post=17113"},{"taxonomy":"product_cat","embeddable":true,"href":"https:\/\/www.luleey.com\/fr\/wp-json\/wp\/v2\/product_cat?post=17113"},{"taxonomy":"product_tag","embeddable":true,"href":"https:\/\/www.luleey.com\/fr\/wp-json\/wp\/v2\/product_tag?post=17113"}],"curies":[{"name":"wp","href":"https:\/\/api.w.org\/{rel}","templated":true}]}}