{"id":17377,"date":"2025-02-08T12:18:53","date_gmt":"2025-02-08T04:18:53","guid":{"rendered":"https:\/\/www.luleey.com\/?post_type=product&#038;p=17377"},"modified":"2025-03-20T14:15:00","modified_gmt":"2025-03-20T06:15:00","slug":"rs485-fiber-media-converter-100m-lan","status":"publish","type":"product","link":"https:\/\/www.luleey.com\/fr\/produit-2\/rs485-fiber-media-converter-100m-lan\/","title":{"rendered":"Convertisseur de m\u00e9dia \u00e0 fibre RS485 100M Lan"},"content":{"rendered":"<div class=\"title--wrap--Ms9Zv4A\" data-spm-anchor-id=\"a2g0o.detail.0.i6.69e9EDaUEDaU6L\">\n<h3>Caract\u00e9ristiques<\/h3>\n<ol>\n<li>Coque m\u00e9tallique pour prot\u00e9ger des interf\u00e9rences externes<\/li>\n<li>Plusieurs orifices d'a\u00e9ration pour une bonne dissipation de la chaleur<\/li>\n<li>Module tout-en-un, pr\u00eat \u00e0 l'emploi<\/li>\n<li>Puce de haute qualit\u00e9, transmission stable<\/li>\n<li>Port fibre supportant BIDI<\/li>\n<\/ol>\n<h3>Sp\u00e9cifications<\/h3>\n<table style=\"width: 57.3132%; height: 216px;\" width=\"834\">\n<tbody>\n<tr style=\"height: 24px;\">\n<td style=\"height: 24px;\">Marque<\/td>\n<td style=\"height: 24px;\">LuLeey<\/td>\n<\/tr>\n<tr style=\"height: 24px;\">\n<td style=\"height: 24px;\">Nom du produit<\/td>\n<td style=\"height: 24px;\">Convertisseur de m\u00e9dia RS485 100M Lan<\/td>\n<\/tr>\n<tr style=\"height: 24px;\">\n<td style=\"height: 24px;\" width=\"273\">Mod\u00e8le<\/td>\n<td style=\"height: 24px;\" width=\"561\">\u00a0LL-MCEF-RS485<\/td>\n<\/tr>\n<tr style=\"height: 24px;\">\n<td style=\"height: 24px;\">Longueur d'onde de la fibre<\/td>\n<td style=\"height: 24px;\">\u00a01310nm\/1550nm<\/td>\n<\/tr>\n<tr style=\"height: 24px;\">\n<td style=\"height: 24px;\">Distance de transmission du port optique<\/td>\n<td style=\"height: 24px;\">\u00a0monomode 20km\uff0cmulti-mode 2km<\/td>\n<\/tr>\n<tr style=\"height: 24px;\">\n<td style=\"height: 24px;\">Temp\u00e9rature de travail<\/td>\n<td style=\"height: 24px;\">\u00a0-10~70 degr\u00e9s Celsius<\/td>\n<\/tr>\n<tr style=\"height: 24px;\">\n<td style=\"height: 24px;\">Temp\u00e9rature de stockage<\/td>\n<td style=\"height: 24px;\">\u00a0-40~80 degr\u00e9s Celsius<\/td>\n<\/tr>\n<tr style=\"height: 24px;\">\n<td style=\"height: 24px;\">Taille du produit<\/td>\n<td style=\"height: 24px;\">110 x 70x 25mm<\/td>\n<\/tr>\n<tr style=\"height: 24px;\">\n<td style=\"height: 24px;\">Adaptateur \u00e9lectrique<\/td>\n<td style=\"height: 24px;\">5V2A<\/td>\n<\/tr>\n<\/tbody>\n<\/table>\n<p>&nbsp;<\/p>\n<\/div>","protected":false},"excerpt":{"rendered":"<ol>\n<li>Convertisseur de m\u00e9dia RS485 Convertisseur de m\u00e9dia Lan 100M Coque m\u00e9tallique pour prot\u00e9ger des interf\u00e9rences externes<\/li>\n<li>Plusieurs orifices d'a\u00e9ration pour une bonne dissipation de la chaleur<\/li>\n<li>Module tout-en-un, pr\u00eat \u00e0 l'emploi<\/li>\n<li>Puce de haute qualit\u00e9, transmission stable<\/li>\n<li>Port fibre supportant BIDI<\/li>\n<\/ol>","protected":false},"featured_media":17367,"comment_status":"open","ping_status":"closed","template":"","meta":[],"product_brand":[],"product_cat":[359],"product_tag":[130,191,303],"class_list":{"0":"post-17377","1":"product","2":"type-product","3":"status-publish","4":"has-post-thumbnail","6":"product_cat-serial-to-fiber-media-converters","7":"product_tag-20km","8":"product_tag-bidi","9":"product_tag-rs485","11":"first","12":"instock","13":"shipping-taxable","14":"purchasable","15":"product-type-variable","16":"has-default-attributes"},"_links":{"self":[{"href":"https:\/\/www.luleey.com\/fr\/wp-json\/wp\/v2\/product\/17377","targetHints":{"allow":["GET"]}}],"collection":[{"href":"https:\/\/www.luleey.com\/fr\/wp-json\/wp\/v2\/product"}],"about":[{"href":"https:\/\/www.luleey.com\/fr\/wp-json\/wp\/v2\/types\/product"}],"replies":[{"embeddable":true,"href":"https:\/\/www.luleey.com\/fr\/wp-json\/wp\/v2\/comments?post=17377"}],"wp:featuredmedia":[{"embeddable":true,"href":"https:\/\/www.luleey.com\/fr\/wp-json\/wp\/v2\/media\/17367"}],"wp:attachment":[{"href":"https:\/\/www.luleey.com\/fr\/wp-json\/wp\/v2\/media?parent=17377"}],"wp:term":[{"taxonomy":"product_brand","embeddable":true,"href":"https:\/\/www.luleey.com\/fr\/wp-json\/wp\/v2\/product_brand?post=17377"},{"taxonomy":"product_cat","embeddable":true,"href":"https:\/\/www.luleey.com\/fr\/wp-json\/wp\/v2\/product_cat?post=17377"},{"taxonomy":"product_tag","embeddable":true,"href":"https:\/\/www.luleey.com\/fr\/wp-json\/wp\/v2\/product_tag?post=17377"}],"curies":[{"name":"wp","href":"https:\/\/api.w.org\/{rel}","templated":true}]}}