{"id":17396,"date":"2025-02-09T23:06:40","date_gmt":"2025-02-09T15:06:40","guid":{"rendered":"https:\/\/www.luleey.com\/?post_type=product&#038;p=17396"},"modified":"2025-03-20T14:14:57","modified_gmt":"2025-03-20T06:14:57","slug":"2-epon-olt-ll-epl202","status":"publish","type":"product","link":"https:\/\/www.luleey.com\/fr\/produit-2\/2-epon-olt-ll-epl202\/","title":{"rendered":"2 EPON OLT, LL-EPL202"},"content":{"rendered":"<div>\n<h3>Caract\u00e9ristiques<\/h3>\n<\/div>\n<ol>\n<li>Compatible avec les ONU multimarques, tels que HUAWEI, ZTE, VSOL...<\/li>\n<li>1port, max 128 ONU, 2port, max 256 ONU<\/li>\n<li>Ventilateur int\u00e9gr\u00e9, meilleure dissipation de la chaleur gr\u00e2ce \u00e0 la coque m\u00e9tallique<\/li>\n<li>Prise en charge totale du protocole IEEE802.3ah<\/li>\n<li>Prise en charge de l'allocation dynamique de la bande passante (DBA), la granularit\u00e9 minimale d'ajustement est de 1Kbps.<\/li>\n<li>Prise en charge de la bande passante sym\u00e9trique ascendante et descendante de 1 Gbps<\/li>\n<li>Prise en charge du cryptage AES-128 pour chaque lien logique<\/li>\n<li>Fonction OAM puissante permettant la gestion, la maintenance et la mise \u00e0 niveau \u00e0 distance de l'ONU<\/li>\n<li>Prise en charge de la d\u00e9couverte et de l'enregistrement automatiques des ONU (plug and play)<\/li>\n<\/ol>\n<div>\n<h3>Sp\u00e9cifications<\/h3>\n<div>\n<div align=\"start\">\n<ul>\n<li>Nom du produit : 2 EPON OLT<\/li>\n<li>Marque : LuLeey<\/li>\n<li>Mod\u00e8le:LL-EPL202<\/li>\n<li><strong>Longueur d'onde de travail :<\/strong>1310 (RX)\/1490 (TX)<\/li>\n<li><strong>Puissance optique :<\/strong>+2,5~ +7dBm<\/li>\n<li><strong>Sensibilit\u00e9 de la r\u00e9ception<\/strong>: -27dBm<\/li>\n<li><strong>Distance de transmission maximale<\/strong>20 km<\/li>\n<li><strong>Rapport de division optique maximal<\/strong>: 1:64<\/li>\n<li><strong>Capacit\u00e9 de la machine<\/strong>: prise en charge de 2 syst\u00e8mes PON, 256 ONUs<\/li>\n<li>Largeur de bande du fond de panier : 38G<\/li>\n<li><strong>Table des adresses MAC<\/strong>8K pour l'ensemble de la machine<\/li>\n<li><strong>Interface de liaison montante<\/strong>2 ports GE Combo ind\u00e9pendants (port optique SFP\/port \u00e9lectrique RJ45 multiplex\u00e9 et interchangeable)<\/li>\n<li><strong>Interface PON<\/strong>2 interfaces SC\/PC G-EPON<\/li>\n<li><strong>Interface de gestion<\/strong>: WEB, SNMP, TELNET<\/li>\n<li><strong>MTBF<\/strong>: 100 000 heures<\/li>\n<li><strong>Alimentation \u00e9lectrique<\/strong>: AC220V\/DC-48V (int\u00e9gr\u00e9)<\/li>\n<li><strong>Consommation \u00e9lectrique<\/strong>: 11W<\/li>\n<li><strong>Temp\u00e9rature de travail<\/strong>: -10\uff5e55\u2103<\/li>\n<li><strong>Temp\u00e9rature de stockage<\/strong>: -40\uff5e80\u2103<\/li>\n<li><strong>Humidit\u00e9<\/strong>: 5%\uff5e90% sans condensation<\/li>\n<li><strong>Taille du cadre<\/strong>: 44mm(H)\u00d7276mm(L) \u00d7200mm(P)<\/li>\n<\/ul>\n<p><strong>accord de soutien<\/strong><\/p>\n<ul>\n<li>*Support IEEE802.3, IEEE802.3u, IEEE802.3ab<\/li>\n<li>*Supporte le VLAN IEEE802.1Q<\/li>\n<li>*Prise en charge de la norme IEEE 802.1P QoS<\/li>\n<li>Gestion du r\u00e9seau : Gestion du port s\u00e9rie local bas\u00e9e sur l'interface CLI et gestion de l'interface graphique \u00e0 distance<\/li>\n<\/ul>\n<p><strong>autres fonctions<\/strong><\/p>\n<ul>\n<li>*Supporte le protocole IGMPv1\/v2, supporte IGMP Snooping et IGMP Proxy<\/li>\n<li>*Prise en charge de la configuration par lots des ONU et de la mise \u00e0 niveau \u00e0 distance<\/li>\n<li>*D\u00e9tection d'alarme en temps r\u00e9el, localisation pr\u00e9cise des d\u00e9fauts<\/li>\n<li>*Prise en charge des informations d'alarme envoy\u00e9es \u00e0 la bo\u00eete aux lettres, prise en charge des alarmes par SMS<\/li>\n<\/ul>\n<p>&nbsp;<\/p>\n<\/div>\n<\/div>\n<div><\/div>\n<\/div>","protected":false},"excerpt":{"rendered":"<ul>\n<li>2 PON EPON OLT, max 256 ONU<\/li>\n<li>ONU brand unlocked<\/li>\n<li>ONU auto d\u00e9couverte et enregistrement automatique, plug and play<\/li>\n<\/ul>","protected":false},"featured_media":17399,"comment_status":"open","ping_status":"closed","template":"","meta":[],"product_brand":[],"product_cat":[361],"product_tag":[206],"class_list":{"0":"post-17396","1":"product","2":"type-product","3":"status-publish","4":"has-post-thumbnail","6":"product_cat-epon-olt","7":"product_tag-epon-olt","9":"first","10":"instock","11":"shipping-taxable","12":"purchasable","13":"product-type-variable","14":"has-default-attributes"},"_links":{"self":[{"href":"https:\/\/www.luleey.com\/fr\/wp-json\/wp\/v2\/product\/17396","targetHints":{"allow":["GET"]}}],"collection":[{"href":"https:\/\/www.luleey.com\/fr\/wp-json\/wp\/v2\/product"}],"about":[{"href":"https:\/\/www.luleey.com\/fr\/wp-json\/wp\/v2\/types\/product"}],"replies":[{"embeddable":true,"href":"https:\/\/www.luleey.com\/fr\/wp-json\/wp\/v2\/comments?post=17396"}],"wp:featuredmedia":[{"embeddable":true,"href":"https:\/\/www.luleey.com\/fr\/wp-json\/wp\/v2\/media\/17399"}],"wp:attachment":[{"href":"https:\/\/www.luleey.com\/fr\/wp-json\/wp\/v2\/media?parent=17396"}],"wp:term":[{"taxonomy":"product_brand","embeddable":true,"href":"https:\/\/www.luleey.com\/fr\/wp-json\/wp\/v2\/product_brand?post=17396"},{"taxonomy":"product_cat","embeddable":true,"href":"https:\/\/www.luleey.com\/fr\/wp-json\/wp\/v2\/product_cat?post=17396"},{"taxonomy":"product_tag","embeddable":true,"href":"https:\/\/www.luleey.com\/fr\/wp-json\/wp\/v2\/product_tag?post=17396"}],"curies":[{"name":"wp","href":"https:\/\/api.w.org\/{rel}","templated":true}]}}