{"id":17408,"date":"2025-02-10T23:53:45","date_gmt":"2025-02-10T15:53:45","guid":{"rendered":"https:\/\/www.luleey.com\/?post_type=product&#038;p=17408"},"modified":"2026-01-26T12:30:11","modified_gmt":"2026-01-26T04:30:11","slug":"800g-osfp-sr8-transceiver-osfp-sr8-800g","status":"publish","type":"product","link":"https:\/\/www.luleey.com\/fr\/produit-2\/800g-osfp-sr8-transceiver-osfp-sr8-800g\/","title":{"rendered":"800G OSFP SR8 Transceiver OSFP-SR8-800G"},"content":{"rendered":"<h3>Caract\u00e9ristiques<\/h3>\r\n<ol>\r\n<li>NVIDIA\/Mellanox MMA4Z00-NS Compatible 800G 2xSR4 OSFP<\/li>\r\n<li><span class=\"fontstyle0\">Conforme au bo\u00eetier OSFP MSA Hardware Type2<\/span><\/li>\r\n<li><span class=\"fontstyle0\">Conformit\u00e9 CMIS 5.0<\/span><\/li>\r\n<li><span class=\"fontstyle0\">\u00c9metteur-r\u00e9cepteur multimode 800G SR8<\/span><\/li>\r\n<li><span class=\"fontstyle0\">PAM4 *8 canaux 800GAUI-8 C2M<\/span><\/li>\r\n<li><span class=\"fontstyle0\">Interface \u00e9lectrique<\/span><\/li>\r\n<li><span class=\"fontstyle0\">R\u00e9seau VCSEL \u00e0 8 canaux de 850 nm<\/span><\/li>\r\n<li><span class=\"fontstyle0\">R\u00e9seau de d\u00e9tecteurs photo\u00e9lectriques PIN \u00e0 8 canaux<\/span><\/li>\r\n<li><span class=\"fontstyle0\">Jusqu'\u00e0 50m de port\u00e9e sur OM4\/OM5 et 30m sur OM3 avec FEC<\/span><\/li>\r\n<li><span class=\"fontstyle0\">Ports optiques doubles MPO-12\/APC<\/span><\/li>\r\n<li><span class=\"fontstyle0\">Alimentation unique de 3,3V<\/span><\/li>\r\n<li><span class=\"fontstyle0\">Dissipation de puissance &lt;15W<\/span><\/li>\r\n<li><span class=\"fontstyle0\">Plage de temp\u00e9rature du bo\u00eetier de 0 \u00e0 70<\/span><span class=\"fontstyle2\">\u00b0<\/span><\/li>\r\n<\/ol>\r\n<h3><span class=\"fontstyle0\">Applications<\/span><\/h3>\r\n<ol>\r\n<li><span class=\"fontstyle0\">800GBASE-SR8 Ethernet<\/span><\/li>\r\n<li><span class=\"fontstyle0\">InfiniBand<\/span><\/li>\r\n<\/ol>\r\n<h3>Sp\u00e9cifications<\/h3>\r\n<table>\r\n<tbody>\r\n<tr style=\"height: 56px;\">\r\n<td style=\"height: 56px;\" width=\"287\">Marque<\/td>\r\n<td style=\"height: 56px;\" colspan=\"6\" width=\"370\">LuLeey<\/td>\r\n<\/tr>\r\n<tr style=\"height: 56px;\">\r\n<td style=\"height: 56px;\">Nom du produit<\/td>\r\n<td style=\"height: 56px;\" colspan=\"6\">800G OSFP SR8 Transceiver<\/td>\r\n<\/tr>\r\n<tr>\r\n<td>Mod\u00e8le<\/td>\r\n<td colspan=\"6\">OSFP-SR8-800G<\/td>\r\n<\/tr>\r\n<tr>\r\n<td>Distance maximale du c\u00e2ble<\/td>\r\n<td colspan=\"6\">\r\n<p><span class=\"fontstyle0\">Jusqu'\u00e0 50m de port\u00e9e sur OM4\/OM5 et 30m sur OM3 avec FEC<\/span><\/p>\r\n<\/td>\r\n<\/tr>\r\n<tr>\r\n<td>Connecteur<\/td>\r\n<td colspan=\"6\">\r\n<p><span class=\"fontstyle0\">Double MPO-12\/APC<\/span><\/p>\r\n<\/td>\r\n<\/tr>\r\n<tr>\r\n<td>Puce<\/td>\r\n<td colspan=\"6\">Broadcom<\/td>\r\n<\/tr>\r\n<\/tbody>\r\n<\/table>\r\n\r\n\r\n<a id=\"wd-8d694267\" class=\"wp-block-wd-button btn btn-style-default btn-color-primary btn-size-default btn-shape-rectangle\" href=\"https:\/\/www.luleey.com\/\/wp-content\/uploads\/resource\/documents\/LuLeey%20800G%20OSFP%20SR8%20Transceiver%20Datasheet%20V1.0.pdf\"><span>Fiche technique de l'\u00e9metteur-r\u00e9cepteur 800G OSFP SR8 de LuLeey<\/span><\/a>\r\n\r\n\r\n\r\n<p><\/p>","protected":false},"excerpt":{"rendered":"<p><span class=\"fontstyle0\">Compatible NVIDIA\/Mellanox MMA4Z00-NS 800G 2xSR4 OSFP, LuLeey 800G OSFP SR8 Transceiver est un module optique Octal Small Form-Factor Pluggable 800Gb\/s con\u00e7u pour les applications de communication optique 50m OM4\/OM5. C\u00f4t\u00e9 \u00e9metteur, le module convertit 8 canaux de donn\u00e9es \u00e9lectriques d'entr\u00e9e \u00e0 100Gb\/s (PAM4) en 8 canaux de signaux optiques parall\u00e8les, chacun capable de fonctionner \u00e0 100Gb\/s pour un d\u00e9bit de donn\u00e9es global de 800Gb\/s. C\u00f4t\u00e9 r\u00e9cepteur, le module convertit 8 canaux de signaux optiques parall\u00e8les de 100Gb\/s chacun pour un d\u00e9bit global de 800Gb\/s en 8 canaux de donn\u00e9es \u00e9lectriques de sortie de 100Gb\/s (PAM4).<\/span><\/p>","protected":false},"featured_media":17411,"comment_status":"open","ping_status":"closed","template":"","meta":[],"product_brand":[],"product_cat":[935],"product_tag":[938,939],"class_list":{"0":"post-17408","1":"product","2":"type-product","3":"status-publish","4":"has-post-thumbnail","6":"product_cat-qsfp56-qsfp112-osfp-qsfp-dd-200g-400g-800g","7":"product_tag-800g-osfp","8":"product_tag-osfp-sr8-800g","10":"first","11":"instock","12":"sale","13":"featured","14":"shipping-taxable","15":"purchasable","16":"product-type-variable","17":"has-default-attributes"},"_links":{"self":[{"href":"https:\/\/www.luleey.com\/fr\/wp-json\/wp\/v2\/product\/17408","targetHints":{"allow":["GET"]}}],"collection":[{"href":"https:\/\/www.luleey.com\/fr\/wp-json\/wp\/v2\/product"}],"about":[{"href":"https:\/\/www.luleey.com\/fr\/wp-json\/wp\/v2\/types\/product"}],"replies":[{"embeddable":true,"href":"https:\/\/www.luleey.com\/fr\/wp-json\/wp\/v2\/comments?post=17408"}],"wp:featuredmedia":[{"embeddable":true,"href":"https:\/\/www.luleey.com\/fr\/wp-json\/wp\/v2\/media\/17411"}],"wp:attachment":[{"href":"https:\/\/www.luleey.com\/fr\/wp-json\/wp\/v2\/media?parent=17408"}],"wp:term":[{"taxonomy":"product_brand","embeddable":true,"href":"https:\/\/www.luleey.com\/fr\/wp-json\/wp\/v2\/product_brand?post=17408"},{"taxonomy":"product_cat","embeddable":true,"href":"https:\/\/www.luleey.com\/fr\/wp-json\/wp\/v2\/product_cat?post=17408"},{"taxonomy":"product_tag","embeddable":true,"href":"https:\/\/www.luleey.com\/fr\/wp-json\/wp\/v2\/product_tag?post=17408"}],"curies":[{"name":"wp","href":"https:\/\/api.w.org\/{rel}","templated":true}]}}