{"id":17446,"date":"2025-02-12T20:13:26","date_gmt":"2025-02-12T12:13:26","guid":{"rendered":"https:\/\/www.luleey.com\/?post_type=product&#038;p=17446"},"modified":"2025-03-20T14:14:51","modified_gmt":"2025-03-20T06:14:51","slug":"8-port-1000m-epon-onu-poe-onu","status":"publish","type":"product","link":"https:\/\/www.luleey.com\/fr\/produit-2\/8-port-1000m-epon-onu-poe-onu\/","title":{"rendered":"8 Port 1000M EPON ONU, PoE ONU"},"content":{"rendered":"<h3>Caract\u00e9ristiques<\/h3>\n<ol>\n<li>Enti\u00e8rement compatible avec la norme IEEE802.3ah et l'allocation dynamique de la bande passante (DBA), il permet la d\u00e9couverte et l'enregistrement automatiques des ONU (plug-and-play) sans configuration sur site, et il est facile \u00e0 installer et \u00e0 entretenir.<\/li>\n<li>Port 100\/1000 Mbit\/s \u00e0 d\u00e9tection automatique, conforme aux sp\u00e9cifications techniques EPON, les d\u00e9bits en amont et en aval peuvent atteindre 1,25 Gbps, et la distance de transmission entre l'OLT et l'ONU peut atteindre 20 km, ce qui permet de mieux utiliser les avantages de l'acc\u00e8s par fibre optique.<\/li>\n<li>La coque en fer a une forte capacit\u00e9 de dissipation de la chaleur et peut assurer une bonne ventilation et un bon environnement de dissipation de la chaleur pour l'ONU EPON 1000M \u00e0 8 ports, l'ONU PoE.<br \/>\nFonctionnement ininterrompu pendant 24 heures, prolongeant la dur\u00e9e de vie du produit. Il peut fonctionner \u00e0 une basse temp\u00e9rature de -10 ~55\u00b0C.<\/li>\n<\/ol>\n<h3>Sp\u00e9cifications<\/h3>\n<table style=\"width: 82.1855%; height: 360px;\" width=\"790\">\n<tbody>\n<tr style=\"height: 24px;\">\n<td style=\"height: 24px; width: 28.9673%;\" width=\"229\">Mod\u00e8le<\/td>\n<td style=\"height: 24px; width: 70.0252%;\" width=\"561\">ONU-EP-8GE-POE<\/td>\n<\/tr>\n<tr style=\"height: 24px;\">\n<td style=\"height: 24px; width: 28.9673%;\">Marque<\/td>\n<td style=\"height: 24px; width: 70.0252%;\">LuLeey<\/td>\n<\/tr>\n<tr style=\"height: 24px;\">\n<td style=\"height: 24px; width: 28.9673%;\">Nom du produit<\/td>\n<td style=\"height: 24px; width: 70.0252%;\">8 Port 1000M EPON PoE ONU<\/td>\n<\/tr>\n<tr style=\"height: 24px;\">\n<td style=\"height: 24px; width: 28.9673%;\">Alimentation \u00e9lectrique<\/td>\n<td style=\"height: 24px; width: 70.0252%;\">\u00a0DC48V<\/td>\n<\/tr>\n<tr style=\"height: 24px;\">\n<td style=\"height: 24px; width: 28.9673%;\">Temp\u00e9rature de travail<\/td>\n<td style=\"height: 24px; width: 70.0252%;\">\u00a0-10~55 degr\u00e9s Celsius<\/td>\n<\/tr>\n<tr style=\"height: 24px;\">\n<td style=\"height: 24px; width: 28.9673%;\">Temp\u00e9rature de stockage<\/td>\n<td style=\"height: 24px; width: 70.0252%;\">\u00a0-40~85 degr\u00e9s Celsius<\/td>\n<\/tr>\n<tr style=\"height: 24px;\">\n<td style=\"height: 24px; width: 28.9673%;\">Espace tampon<\/td>\n<td style=\"height: 24px; width: 70.0252%;\">1.25MB<\/td>\n<\/tr>\n<tr style=\"height: 24px;\">\n<td style=\"height: 24px; width: 28.9673%;\">Type d'interface PON<\/td>\n<td style=\"height: 24px; width: 70.0252%;\">\u00a0SC\/UPC<\/td>\n<\/tr>\n<tr style=\"height: 24px;\">\n<td style=\"height: 24px; width: 28.9673%;\">Longueur d'onde de travail<\/td>\n<td style=\"height: 24px; width: 70.0252%;\">\u00a01310TX\/1490RX<\/td>\n<\/tr>\n<tr style=\"height: 24px;\">\n<td style=\"height: 24px; width: 28.9673%;\">Sensibilit\u00e9 du r\u00e9cepteur<\/td>\n<td style=\"height: 24px; width: 70.0252%;\">-27 dBm<\/td>\n<\/tr>\n<tr style=\"height: 24px;\">\n<td style=\"height: 24px; width: 28.9673%;\">GPON\/EPON<\/td>\n<td style=\"height: 24px; width: 70.0252%;\">EPON<\/td>\n<\/tr>\n<tr style=\"height: 24px;\">\n<td style=\"height: 24px; width: 28.9673%;\">Puissance optique<\/td>\n<td style=\"height: 24px; width: 70.0252%;\">0 dBm \u00e0 +4 dBm<\/td>\n<\/tr>\n<tr>\n<td style=\"width: 28.9673%;\">Taille du produit<\/td>\n<td style=\"width: 70.0252%;\">193 x 119 x 28mm<\/td>\n<\/tr>\n<tr style=\"height: 24px;\">\n<td style=\"height: 24px; width: 28.9673%;\">Gestion<\/td>\n<td style=\"height: 24px; width: 70.0252%;\">Gestion de l'OLT<\/td>\n<\/tr>\n<tr style=\"height: 48px;\">\n<td style=\"height: 48px; width: 28.9673%;\">Prise en charge des normes de protocole<\/td>\n<td style=\"height: 48px; width: 70.0252%;\">IEEE802.3, IEEE802.3U<br \/>\nIGMP Snooping V2, IEEE802.1Q VLAN, IEEE802.1p QoS<\/td>\n<\/tr>\n<tr>\n<td style=\"width: 28.9673%;\">POE<\/td>\n<td style=\"width: 70.0252%;\">IEEE802.3af 15.4W, IEEE802.3at 30W,<br \/>\nIdentification automatique de l'\u00e9quipement aliment\u00e9, alimentation automatique et coupure de courant<\/td>\n<\/tr>\n<\/tbody>\n<\/table>","protected":false},"excerpt":{"rendered":"<ol start=\"1\">\n<li><strong>ONU EPON 1000M \u00e0 haut d\u00e9bit et 8 ports, conformit\u00e9 avec l'ONU PoE<\/strong>: Prend en charge la norme IEEE802.3ah, l'allocation dynamique de la bande passante (DBA) et offre des vitesses de 1,25 Gbps avec une port\u00e9e de 20 km, maximisant ainsi les performances de la fibre optique.<\/li>\n<li><strong>Conception durable et efficace<\/strong>: La coque en fer assure une meilleure dissipation de la chaleur, un fonctionnement 24 heures sur 24, 7 jours sur 7 et des performances stables \u00e0 des temp\u00e9ratures allant de -10\u00b0C \u00e0 55\u00b0C.<\/li>\n<li><strong>Plug-and-Play et gestion avanc\u00e9e<\/strong>: Il est dot\u00e9 d'une fonction de d\u00e9couverte automatique de l'ONU, d'une fonction de gestion Web et prend en charge le VLAN, la QoS et l'IGMP Snooping pour faciliter l'installation et l'optimisation du r\u00e9seau.<\/li>\n<\/ol>","protected":false},"featured_media":17402,"comment_status":"open","ping_status":"closed","template":"","meta":[],"product_brand":[],"product_cat":[291],"product_tag":[944,292],"class_list":{"0":"post-17446","1":"product","2":"type-product","3":"status-publish","4":"has-post-thumbnail","6":"product_cat-poe-gpon-epon-onu","7":"product_tag-epon-onu","8":"product_tag-poe-onu","10":"first","11":"instock","12":"shipping-taxable","13":"purchasable","14":"product-type-variable","15":"has-default-attributes"},"_links":{"self":[{"href":"https:\/\/www.luleey.com\/fr\/wp-json\/wp\/v2\/product\/17446","targetHints":{"allow":["GET"]}}],"collection":[{"href":"https:\/\/www.luleey.com\/fr\/wp-json\/wp\/v2\/product"}],"about":[{"href":"https:\/\/www.luleey.com\/fr\/wp-json\/wp\/v2\/types\/product"}],"replies":[{"embeddable":true,"href":"https:\/\/www.luleey.com\/fr\/wp-json\/wp\/v2\/comments?post=17446"}],"wp:featuredmedia":[{"embeddable":true,"href":"https:\/\/www.luleey.com\/fr\/wp-json\/wp\/v2\/media\/17402"}],"wp:attachment":[{"href":"https:\/\/www.luleey.com\/fr\/wp-json\/wp\/v2\/media?parent=17446"}],"wp:term":[{"taxonomy":"product_brand","embeddable":true,"href":"https:\/\/www.luleey.com\/fr\/wp-json\/wp\/v2\/product_brand?post=17446"},{"taxonomy":"product_cat","embeddable":true,"href":"https:\/\/www.luleey.com\/fr\/wp-json\/wp\/v2\/product_cat?post=17446"},{"taxonomy":"product_tag","embeddable":true,"href":"https:\/\/www.luleey.com\/fr\/wp-json\/wp\/v2\/product_tag?post=17446"}],"curies":[{"name":"wp","href":"https:\/\/api.w.org\/{rel}","templated":true}]}}