{"id":17457,"date":"2025-02-16T22:49:02","date_gmt":"2025-02-16T14:49:02","guid":{"rendered":"https:\/\/www.luleey.com\/?post_type=product&#038;p=17457"},"modified":"2026-03-28T00:54:20","modified_gmt":"2026-03-27T16:54:20","slug":"1310-1550nm-t860-catv-fiber-optic-transmitter","status":"publish","type":"product","link":"https:\/\/www.luleey.com\/fr\/produit-2\/1310-1550nm-t860-catv-fiber-optic-transmitter\/","title":{"rendered":"\u00c9metteur \u00e0 fibre optique 1310\/1550nm T860 CATV"},"content":{"rendered":"<h3>Caract\u00e9ristiques<\/h3>\n<p align=\"left\">1310nm<br \/>\n1. Largeur de bande : plate-forme de 862 MHz avec une puissance de sortie optique de 2 \u00e0 10 MW ;<br \/>\n2. Laser DFB haute performance avec isolation interne pour fournir la meilleure qualit\u00e9 de signal ;<br \/>\n3. Circuit de pr\u00e9-distorsion avanc\u00e9 avec d'excellentes performances CSO et CTB ;<br \/>\n4. Le circuit AGC est disponible pour fournir un niveau RF d'entr\u00e9e constant au laser afin d'assurer un laser optimal ;<br \/>\n5. Contr\u00f4le automatique par microprocesseur de la puissance de sortie (APC), du rapport de modulation (AMC) ;<br \/>\n6. Le panneau LED frontal fournit les principaux param\u00e8tres de fonctionnement : puissance de sortie optique, courant de fonctionnement, niveau RF d'entr\u00e9e, \u00e9tat du rapport de modulation ;<br \/>\n7. Alimentation \u00e0 d\u00e9coupage stable et \u00e0 haut rendement ;<\/p>\n<p>1550nm<br \/>\n1. Le module de pompe du laser \u00e0 pompe local et la fibre dop\u00e9e \u00e0 l'erbium adoptent le laser \u00e0 pompe optique import\u00e9 d'origine ;<br \/>\n2. L'ensemble de la machine est \u00e9quip\u00e9 d'un circuit parfait de contr\u00f4le de la temp\u00e9rature du laser ATC, qui peut garantir la stabilit\u00e9 des performances de sortie du laser et la meilleure temp\u00e9rature de l'APC ;<br \/>\n3. La machine est \u00e9quip\u00e9e d'un logiciel de surveillance \u00e0 microprocesseur pour contr\u00f4ler l'\u00e9tat du laser et poss\u00e8de des fonctions d'affichage num\u00e9rique, d'alarme, etc ;<br \/>\n4. Alimentation \u00e0 d\u00e9coupage de haute qualit\u00e9 et efficace, avec une faible \u00e9l\u00e9vation de temp\u00e9rature et une grande fiabilit\u00e9, adapt\u00e9e \u00e0 une large gamme d'alimentation secteur AC85 - 254v \/ 50Hz \/ 60Hz ;<br \/>\n5. Si les param\u00e8tres de fonctionnement du laser s'\u00e9cartent de la plage autoris\u00e9e par le logiciel, l'alimentation du laser est automatiquement coup\u00e9e ;<br \/>\n6. Le panneau LED frontal affiche les principaux param\u00e8tres d'\u00e9tat de fonctionnement : puissance de sortie optique, courant de travail, niveau RF d'entr\u00e9e et \u00e9tat du rapport de modulation ;<\/p>\n<table style=\"border-collapse: collapse; width: 100%; height: 505px;\">\n<tbody>\n<tr style=\"height: 24px;\">\n<td style=\"width: 50%; height: 24px;\">Marque<\/td>\n<td style=\"width: 50%; height: 24px;\">LuLeey<\/td>\n<\/tr>\n<tr style=\"height: 24px;\">\n<td style=\"width: 50%; height: 24px;\">Nom du produit<\/td>\n<td style=\"width: 50%; height: 24px;\">T860 Transmetteur CATV \u00e0 fibre optique<\/td>\n<\/tr>\n<tr style=\"height: 24px;\">\n<td style=\"width: 50%; height: 24px;\">Mod\u00e8le<\/td>\n<td style=\"width: 50%; height: 24px;\">T860<\/td>\n<\/tr>\n<tr style=\"height: 24px;\">\n<td style=\"width: 50%; height: 25px;\">Longueur d'onde optique<\/td>\n<td style=\"width: 50%; height: 25px;\">1310nm\u00b120 1550nm\u00b115<\/td>\n<\/tr>\n<tr style=\"height: 24px;\">\n<td style=\"width: 50%; height: 24px;\">Sortie optique Puissance optique<\/td>\n<td style=\"width: 50%; height: 24px;\">2~12mW<\/td>\n<\/tr>\n<tr style=\"height: 24px;\">\n<td style=\"width: 50%; height: 24px;\">CNR optique (dB)<\/td>\n<td style=\"width: 50%; height: 24px;\">\u226551<\/td>\n<\/tr>\n<tr style=\"height: 24px;\">\n<td style=\"width: 50%; height: 24px;\">CTB optique (dB)<\/td>\n<td style=\"width: 50%; height: 24px;\">\u226565<\/td>\n<\/tr>\n<tr style=\"height: 24px;\">\n<td style=\"width: 50%; height: 24px;\">CSO optique (dB)<\/td>\n<td style=\"width: 50%; height: 24px;\">\u226560<\/td>\n<\/tr>\n<tr style=\"height: 24px;\">\n<td style=\"width: 50%; height: 24px;\">Connecteur optique<\/td>\n<td style=\"width: 50%; height: 24px;\">SC APC \/ FC APC<\/td>\n<\/tr>\n<tr style=\"height: 24px;\">\n<td style=\"width: 50%; height: 24px;\">Largeur de bande RF (MHz)<\/td>\n<td style=\"width: 50%; height: 24px;\">45~862<\/td>\n<\/tr>\n<tr style=\"height: 24px;\">\n<td style=\"width: 50%; height: 24px;\">Imp\u00e9dance d'entr\u00e9e RF (\u03a9)<\/td>\n<td style=\"width: 50%; height: 24px;\">75<\/td>\n<\/tr>\n<tr style=\"height: 24px;\">\n<td style=\"width: 50%; height: 24px;\">Pr\u00e9cision de l'AGC RF (dB)<\/td>\n<td style=\"width: 50%; height: 24px;\">\u00b15\/\u00b10.3<\/td>\n<\/tr>\n<tr style=\"height: 24px;\">\n<td style=\"width: 50%; height: 24px;\">Perte de retour de l'entr\u00e9e RF (dB)<\/td>\n<td style=\"width: 50%; height: 24px;\">\u226516<\/td>\n<\/tr>\n<tr style=\"height: 24px;\">\n<td style=\"width: 50%; height: 24px;\">Gamme de niveaux d'entr\u00e9e RF (dB\u03bcV)<\/td>\n<td style=\"width: 50%; height: 24px;\">80\u00b15<\/td>\n<\/tr>\n<tr style=\"height: 24px;\">\n<td style=\"width: 50%; height: 24px;\">Niveau RF r\u00e9glable Plage (dB)<\/td>\n<td style=\"width: 50%; height: 24px;\">0~10<\/td>\n<\/tr>\n<tr style=\"height: 24px;\">\n<td style=\"width: 50%; height: 24px;\">RF Aplatissement dans la bande (dB)<\/td>\n<td style=\"width: 50%; height: 24px;\">\u00b10.5<\/td>\n<\/tr>\n<tr style=\"height: 24px;\">\n<td style=\"width: 50%; height: 24px;\">Niveau RF du point de test (dB\u03bcV)<\/td>\n<td style=\"width: 50%; height: 24px;\">Niveau d'entr\u00e9e vers le laser -20dB\u03bcV<\/td>\n<\/tr>\n<tr style=\"height: 24px;\">\n<td style=\"width: 50%; height: 24px;\">Tension d'entr\u00e9e (V)<\/td>\n<td style=\"width: 50%; height: 24px;\">AC220V et AC60V<\/td>\n<\/tr>\n<tr style=\"height: 24px;\">\n<td style=\"width: 50%; height: 24px;\">Consommation de courant(A)<\/td>\n<td style=\"width: 50%; height: 24px;\">0.25<\/td>\n<\/tr>\n<tr style=\"height: 24px;\">\n<td style=\"width: 50%; height: 24px;\">Temp\u00e9rature de fonctionnement (\u2103)<\/td>\n<td style=\"width: 50%; height: 24px;\">0~+50<\/td>\n<\/tr>\n<tr style=\"height: 24px;\">\n<td style=\"width: 50%; height: 24px;\">Dimensions (mm)<\/td>\n<td style=\"width: 50%; height: 24px;\">194 x 147 x 44<\/td>\n<\/tr>\n<\/tbody>\n<\/table>\n<p align=\"left\">","protected":false},"excerpt":{"rendered":"<p>Caract\u00e9ristiques 1310nm 1. Largeur de bande : 862 MHz avec une puissance de sortie optique de 2 \u00e0 10 MW ; 2. laser DFB haute performance avec isolation interne.<\/p>","protected":false},"featured_media":17458,"comment_status":"open","ping_status":"closed","template":"","meta":[],"product_brand":[],"product_cat":[198],"product_tag":[195,946,947],"class_list":{"0":"post-17457","1":"product","2":"type-product","3":"status-publish","4":"has-post-thumbnail","6":"product_cat-catv-transmitter","7":"product_tag-catv","8":"product_tag-fiber-optic-transmitter","9":"product_tag-t860","11":"first","12":"instock","13":"featured","14":"shipping-taxable","15":"purchasable","16":"product-type-variable","17":"has-default-attributes"},"_links":{"self":[{"href":"https:\/\/www.luleey.com\/fr\/wp-json\/wp\/v2\/product\/17457","targetHints":{"allow":["GET"]}}],"collection":[{"href":"https:\/\/www.luleey.com\/fr\/wp-json\/wp\/v2\/product"}],"about":[{"href":"https:\/\/www.luleey.com\/fr\/wp-json\/wp\/v2\/types\/product"}],"replies":[{"embeddable":true,"href":"https:\/\/www.luleey.com\/fr\/wp-json\/wp\/v2\/comments?post=17457"}],"wp:featuredmedia":[{"embeddable":true,"href":"https:\/\/www.luleey.com\/fr\/wp-json\/wp\/v2\/media\/17458"}],"wp:attachment":[{"href":"https:\/\/www.luleey.com\/fr\/wp-json\/wp\/v2\/media?parent=17457"}],"wp:term":[{"taxonomy":"product_brand","embeddable":true,"href":"https:\/\/www.luleey.com\/fr\/wp-json\/wp\/v2\/product_brand?post=17457"},{"taxonomy":"product_cat","embeddable":true,"href":"https:\/\/www.luleey.com\/fr\/wp-json\/wp\/v2\/product_cat?post=17457"},{"taxonomy":"product_tag","embeddable":true,"href":"https:\/\/www.luleey.com\/fr\/wp-json\/wp\/v2\/product_tag?post=17457"}],"curies":[{"name":"wp","href":"https:\/\/api.w.org\/{rel}","templated":true}]}}