{"id":17505,"date":"2025-02-21T21:44:18","date_gmt":"2025-02-21T13:44:18","guid":{"rendered":"https:\/\/www.luleey.com\/?post_type=product&#038;p=17505"},"modified":"2025-06-28T10:45:38","modified_gmt":"2025-06-28T02:45:38","slug":"10gbase-lr-10g-sfp-transceiver-module-ll-sfp-10g-lr","status":"publish","type":"product","link":"https:\/\/www.luleey.com\/fr\/produit-2\/10gbase-lr-10g-sfp-transceiver-module-ll-sfp-10g-lr\/","title":{"rendered":"Module \u00e9metteur-r\u00e9cepteur 10GBase-LR 10G SFP+, LL-SFP-10G-LR"},"content":{"rendered":"<h3>Caract\u00e9ristiques<\/h3>\n<ol>\n<li><strong>\u00c9metteur-r\u00e9cepteur 10G SFP+ haute performance<\/strong>: Prend en charge des d\u00e9bits de donn\u00e9es de 10 Gbps pour des mises \u00e0 niveau transparentes du r\u00e9seau.<\/li>\n<li><strong>Compatibilit\u00e9 certifi\u00e9e des modules 10GBase-LR<\/strong>: Interop\u00e9rabilit\u00e9 garantie avec Cisco, Juniper, HP et d'autres commutateurs\/routeurs importants....<\/li>\n<li><strong>Port\u00e9e \u00e9tendue avec la fibre monomode<\/strong>: Transmission jusqu'\u00e0 10 km pour les d\u00e9ploiements dans les entreprises ou les centres de donn\u00e9es.<\/li>\n<li><strong>Faible consommation d'\u00e9nergie et conception fiable de la fibre optique SFP<\/strong>: Optimis\u00e9 pour une efficacit\u00e9 \u00e9nerg\u00e9tique et une latence minimale.<\/li>\n<li><strong>Connecteur LC double et enfichable \u00e0 chaud<\/strong>: Installation sans outil pour un d\u00e9ploiement rapide<\/li>\n<li><strong>\u00c9metteur-r\u00e9cepteur \u00e0 fibre optique SFP+ Durabilit\u00e9 et conformit\u00e9<\/strong>: Conforme \u00e0 la norme MSA, plage de temp\u00e9rature de qualit\u00e9 industrielle (-0\u00b0C \u00e0 70\u00b0C) et certifi\u00e9 RoHS.<\/li>\n<li><strong>Surveillance diagnostique<\/strong>: DDM\/DOM int\u00e9gr\u00e9 pour le suivi des performances en temps r\u00e9el.<\/li>\n<\/ol>\n<h3>Sp\u00e9cifications<\/h3>\n<table style=\"width: 41.473%; height: 458px;\">\n<thead>\n<tr style=\"height: 24px;\">\n<th style=\"height: 24px; width: 41.0417%;\"><strong>Param\u00e8tres<\/strong><\/th>\n<th style=\"height: 24px; width: 73.3333%;\"><strong>D\u00e9tails<\/strong><\/th>\n<\/tr>\n<\/thead>\n<tbody>\n<tr style=\"height: 48px;\">\n<td style=\"height: 48px; width: 41.0417%;\"><strong>Nom du produit<\/strong><\/td>\n<td style=\"height: 48px; width: 73.3333%;\">Module \u00e9metteur-r\u00e9cepteur SFP+ 10GBase-LR<\/td>\n<\/tr>\n<tr style=\"height: 24px;\">\n<td style=\"height: 24px; width: 41.0417%;\"><strong>Marque<\/strong><\/td>\n<td style=\"height: 24px; width: 73.3333%;\">LuLeey<\/td>\n<\/tr>\n<tr>\n<td style=\"width: 41.0417%;\"><strong>Module<\/strong><\/td>\n<td style=\"width: 73.3333%;\">LL-SFP-10G-LR<\/td>\n<\/tr>\n<tr style=\"height: 26px;\">\n<td style=\"height: 26px; width: 41.0417%;\"><strong>Origine<\/strong><\/td>\n<td style=\"height: 26px; width: 73.3333%;\">Chine continentale<\/td>\n<\/tr>\n<tr>\n<td style=\"width: 41.0417%;\"><strong>Protocole<\/strong><\/td>\n<td style=\"width: 73.3333%;\">IEEE.802.3ae,SFF-8472,SFP+MSA<\/td>\n<\/tr>\n<tr style=\"height: 24px;\">\n<td style=\"height: 24px; width: 41.0417%;\"><strong>Longueur d'onde<\/strong><\/td>\n<td style=\"height: 24px; width: 73.3333%;\">1310nm<\/td>\n<\/tr>\n<tr style=\"height: 24px;\">\n<td style=\"height: 24px; width: 41.0417%;\"><strong>Distance de transmission<\/strong><\/td>\n<td style=\"height: 24px; width: 73.3333%;\">10 km (6,2 miles)<\/td>\n<\/tr>\n<tr style=\"height: 24px;\">\n<td style=\"height: 24px; width: 41.0417%;\"><strong>Taux de donn\u00e9es<\/strong><\/td>\n<td style=\"height: 24px; width: 73.3333%;\">10.3125Gbps<\/td>\n<\/tr>\n<tr style=\"height: 24px;\">\n<td style=\"height: 24px; width: 41.0417%;\"><strong>Type de connecteur<\/strong><\/td>\n<td style=\"height: 24px; width: 73.3333%;\">Double LC Duplex<\/td>\n<\/tr>\n<tr style=\"height: 24px;\">\n<td style=\"height: 24px; width: 41.0417%;\"><strong>Type de fibre<\/strong><\/td>\n<td style=\"height: 24px; width: 73.3333%;\">monomode (SMF)<\/td>\n<\/tr>\n<tr style=\"height: 48px;\">\n<td style=\"height: 48px; width: 41.0417%;\"><strong>Temp\u00e9rature de fonctionnement<\/strong><\/td>\n<td style=\"height: 48px; width: 73.3333%;\">0\u00b0C \u00e0 70\u00b0C (32\u00b0F \u00e0 158\u00b0F)<\/td>\n<\/tr>\n<tr style=\"height: 24px;\">\n<td style=\"height: 24px; width: 41.0417%;\"><strong>Consommation \u00e9lectrique<\/strong><\/td>\n<td style=\"height: 24px; width: 73.3333%;\">\u22641W<\/td>\n<\/tr>\n<tr style=\"height: 24px;\">\n<td style=\"height: 24px; width: 41.0417%;\"><strong>Compatibilit\u00e9<\/strong><\/td>\n<td style=\"height: 24px; width: 73.3333%;\">Cisco, Juniper, HP, Dell, Ubiquiti...<\/td>\n<\/tr>\n<tr style=\"height: 24px;\">\n<td style=\"height: 24px; width: 41.0417%;\"><strong>Certifications<\/strong><\/td>\n<td style=\"height: 24px; width: 73.3333%;\">RoHS, CE, FCC, MSA<\/td>\n<\/tr>\n<tr style=\"height: 24px;\">\n<td style=\"height: 24px; width: 41.0417%;\"><strong>DDM\/DOM<\/strong><\/td>\n<td style=\"height: 24px; width: 73.3333%;\">Oui<\/td>\n<\/tr>\n<tr style=\"height: 24px;\">\n<td style=\"height: 24px; width: 41.0417%;\"><strong>Type d'\u00e9metteur<\/strong><\/td>\n<td style=\"height: 24px; width: 73.3333%;\">DFB<\/td>\n<\/tr>\n<tr style=\"height: 24px;\">\n<td style=\"height: 24px; width: 41.0417%;\"><strong>Puissance optique d'\u00e9mission<\/strong><\/td>\n<td style=\"height: 24px; width: 73.3333%;\">-5 dBm \u00e0 0,5 dBm<\/td>\n<\/tr>\n<tr style=\"height: 24px;\">\n<td style=\"height: 24px; width: 41.0417%;\"><strong>Sensibilit\u00e9 du r\u00e9cepteur<\/strong><\/td>\n<td style=\"height: 24px; width: 73.3333%;\">&lt;-13 dBm<\/td>\n<\/tr>\n<\/tbody>\n<\/table>","protected":false},"excerpt":{"rendered":"<ul>\n<li><strong>Efficacit\u00e9 Plug-and-Play<\/strong>: \u00c9metteur-r\u00e9cepteur 10G SFP+ directement compatible avec les principales marques d'\u00e9quipement de r\u00e9seau - aucune configuration n'est n\u00e9cessaire.<\/li>\n<li><strong>Connectivit\u00e9 longue distance fiable<\/strong>: Fournit des vitesses stables de 10 Gbps sur 10 km, id\u00e9al pour les centres de donn\u00e9es et les backbones d'entreprise.<\/li>\n<li><strong>Une alternative \u00e9conomique<\/strong>: Test\u00e9 rigoureusement pour \u00e9galer les performances de l'OEM \u00e0 une fraction du prix.<\/li>\n<\/ul>","protected":false},"featured_media":17514,"comment_status":"open","ping_status":"closed","template":"","meta":[],"product_brand":[],"product_cat":[321],"product_tag":[979,980,981],"class_list":{"0":"post-17505","1":"product","2":"type-product","3":"status-publish","4":"has-post-thumbnail","6":"product_cat-sfp-sfp-1g-2-5g-5g-10g","7":"product_tag-10g-sfp-transceiver","8":"product_tag-10gbase-lr-module","9":"product_tag-sfp-optical-transceiver","11":"first","12":"instock","13":"featured","14":"shipping-taxable","15":"purchasable","16":"product-type-variable","17":"has-default-attributes"},"_links":{"self":[{"href":"https:\/\/www.luleey.com\/fr\/wp-json\/wp\/v2\/product\/17505","targetHints":{"allow":["GET"]}}],"collection":[{"href":"https:\/\/www.luleey.com\/fr\/wp-json\/wp\/v2\/product"}],"about":[{"href":"https:\/\/www.luleey.com\/fr\/wp-json\/wp\/v2\/types\/product"}],"replies":[{"embeddable":true,"href":"https:\/\/www.luleey.com\/fr\/wp-json\/wp\/v2\/comments?post=17505"}],"wp:featuredmedia":[{"embeddable":true,"href":"https:\/\/www.luleey.com\/fr\/wp-json\/wp\/v2\/media\/17514"}],"wp:attachment":[{"href":"https:\/\/www.luleey.com\/fr\/wp-json\/wp\/v2\/media?parent=17505"}],"wp:term":[{"taxonomy":"product_brand","embeddable":true,"href":"https:\/\/www.luleey.com\/fr\/wp-json\/wp\/v2\/product_brand?post=17505"},{"taxonomy":"product_cat","embeddable":true,"href":"https:\/\/www.luleey.com\/fr\/wp-json\/wp\/v2\/product_cat?post=17505"},{"taxonomy":"product_tag","embeddable":true,"href":"https:\/\/www.luleey.com\/fr\/wp-json\/wp\/v2\/product_tag?post=17505"}],"curies":[{"name":"wp","href":"https:\/\/api.w.org\/{rel}","templated":true}]}}