{"id":17509,"date":"2025-02-21T21:45:07","date_gmt":"2025-02-21T13:45:07","guid":{"rendered":"https:\/\/www.luleey.com\/?post_type=product&#038;p=17509"},"modified":"2025-06-22T15:19:10","modified_gmt":"2025-06-22T07:19:10","slug":"10gbase-zr-sfp-transceiver-module-1550nm-wavelength-cisco-juniper-compatible-80km","status":"publish","type":"product","link":"https:\/\/www.luleey.com\/fr\/produit-2\/10gbase-zr-sfp-transceiver-module-1550nm-wavelength-cisco-juniper-compatible-80km\/","title":{"rendered":"Module \u00e9metteur-r\u00e9cepteur 10GBase-ZR SFP+, longueur d'onde 1550nm, compatible Cisco\/Juniper, 80km"},"content":{"rendered":"<h3>Caract\u00e9ristiques<\/h3>\n<ol>\n<li><strong>\u00c9metteur-r\u00e9cepteur SFP+ 10GBase-ZR \u00e0 temp\u00e9rature commerciale<\/strong>\u00a0optimis\u00e9 pour les centres de donn\u00e9es et les r\u00e9seaux d'entreprise.<\/li>\n<li><strong>Consommation \u00e9lectrique ultra-faible de 2,0 W<\/strong>\u00a0r\u00e9duit les co\u00fbts d'exploitation par rapport aux modules de qualit\u00e9 industrielle.<\/li>\n<li><strong>Conformit\u00e9 totale avec les DOM<\/strong>\u00a0assure une surveillance en temps r\u00e9el de la temp\u00e9rature et de la tension pour la stabilit\u00e9 du r\u00e9seau.<\/li>\n<li><strong>Longueur d'onde de 1550nm + compatibilit\u00e9 avec la fibre OS2<\/strong>\u00a0garantit une transmission sans erreur sur 80 km.<\/li>\n<li><strong>Conception enfichable LC\/UPC<\/strong> simplifie les mises \u00e0 niveau sans modification de l'infrastructure.<\/li>\n<\/ol>\n<h3>Sp\u00e9cifications<\/h3>\n<table style=\"width: 67.9057%; height: 466px;\">\n<tbody>\n<tr style=\"height: 24px;\">\n<td style=\"height: 24px; width: 34.4681%;\"><strong>Nom du produit<\/strong><\/td>\n<td style=\"height: 24px; width: 157.872%;\">Module \u00e9metteur-r\u00e9cepteur SFP+ 10GBase-ZR, 1550nm, 80km DDM<\/td>\n<\/tr>\n<tr style=\"height: 24px;\">\n<td style=\"height: 24px; width: 34.4681%;\"><strong>Marque<\/strong><\/td>\n<td style=\"height: 24px; width: 157.872%;\">LuLeey<\/td>\n<\/tr>\n<tr style=\"height: 24px;\">\n<td style=\"height: 24px; width: 34.4681%;\"><strong>Facteur de forme<\/strong><\/td>\n<td style=\"height: 24px; width: 157.872%;\">SFP+<\/td>\n<\/tr>\n<tr style=\"height: 24px;\">\n<td style=\"height: 24px; width: 34.4681%;\"><strong>Longueur d'onde<\/strong><\/td>\n<td style=\"height: 24px; width: 157.872%;\">1550nm<\/td>\n<\/tr>\n<tr style=\"height: 24px;\">\n<td style=\"height: 24px; width: 34.4681%;\"><strong>Taux de donn\u00e9es<\/strong><\/td>\n<td style=\"height: 24px; width: 157.872%;\">10,3125 Gbps<\/td>\n<\/tr>\n<tr style=\"height: 24px;\">\n<td style=\"height: 24px; width: 34.4681%;\"><strong>Conformit\u00e9 au protocole<\/strong><\/td>\n<td style=\"height: 24px; width: 157.872%;\">IEEE 802.3ae, SFF-8472<\/td>\n<\/tr>\n<tr style=\"height: 24px;\">\n<td style=\"height: 24px; width: 34.4681%;\"><strong>Distance de transmission<\/strong><\/td>\n<td style=\"height: 24px; width: 157.872%;\">80 km (fibre monomode, OS2)<\/td>\n<\/tr>\n<tr style=\"height: 24px;\">\n<td style=\"height: 24px; width: 34.4681%;\"><strong>Type de connecteur<\/strong><\/td>\n<td style=\"height: 24px; width: 157.872%;\">Double LC\/UPC<\/td>\n<\/tr>\n<tr style=\"height: 48px;\">\n<td style=\"height: 48px; width: 34.4681%;\"><strong>Soutien DDM\/DOM<\/strong><\/td>\n<td style=\"height: 48px; width: 157.872%;\">Oui (surveillance des diagnostics num\u00e9riques)<\/td>\n<\/tr>\n<tr style=\"height: 10px;\">\n<td style=\"height: 10px; width: 34.4681%;\">Type d'\u00e9metteur<strong><br \/>\n<\/strong><\/td>\n<td style=\"height: 10px; width: 157.872%;\">EML<\/td>\n<\/tr>\n<tr style=\"height: 24px;\">\n<td style=\"height: 24px; width: 34.4681%;\"><strong>Puissance optique d'\u00e9mission<\/strong><\/td>\n<td style=\"height: 24px; width: 157.872%;\">0-5 dBm<\/td>\n<\/tr>\n<tr style=\"height: 24px;\">\n<td style=\"height: 24px; width: 34.4681%;\"><strong>Sensibilit\u00e9 du r\u00e9cepteur<\/strong><\/td>\n<td style=\"height: 24px; width: 157.872%;\">&lt; -22 dBm<\/td>\n<\/tr>\n<tr style=\"height: 48px;\">\n<td style=\"height: 48px; width: 34.4681%;\"><strong>Temp\u00e9rature de fonctionnement<\/strong><\/td>\n<td style=\"height: 48px; width: 157.872%;\"><strong>0\u00b0C \u00e0 70\u00b0C<\/strong>\u00a0(qualit\u00e9 commerciale)<\/td>\n<\/tr>\n<tr style=\"height: 24px;\">\n<td style=\"height: 24px; width: 34.4681%;\"><strong>Consommation \u00e9lectrique<\/strong><\/td>\n<td style=\"height: 24px; width: 157.872%;\">\u22642.0W<\/td>\n<\/tr>\n<tr style=\"height: 24px;\">\n<td style=\"height: 24px; width: 34.4681%;\"><strong>Certifications<\/strong><\/td>\n<td style=\"height: 24px; width: 157.872%;\">RoHS, CE, FCC<\/td>\n<\/tr>\n<tr style=\"height: 24px;\">\n<td style=\"height: 24px; width: 34.4681%;\"><strong>Origine<\/strong><\/td>\n<td style=\"height: 24px; width: 157.872%;\">Chine continentale<\/td>\n<\/tr>\n<\/tbody>\n<\/table>\n<p>&nbsp;<\/p>","protected":false},"excerpt":{"rendered":"<ul>\n<li><strong>\u00c9metteur-r\u00e9cepteur 10G SFP+ haute performance<\/strong>\u00a0- Prend en charge la norme 10GBase-ZR pour une transmission optique de 80 km.<\/li>\n<li><strong>Large compatibilit\u00e9<\/strong>\u00a0- Fonctionne en toute transparence avec les commutateurs de r\u00e9seau Cisco, Juniper, Arista et autres.<\/li>\n<li><strong>1550nm Pr\u00e9cision de la longueur d'onde<\/strong>\u00a0- Assure une transmission stable des donn\u00e9es sur de longues distances avec une perte de signal minimale.<\/li>\n<\/ul>","protected":false},"featured_media":17519,"comment_status":"open","ping_status":"closed","template":"","meta":[],"product_brand":[],"product_cat":[321],"product_tag":[986,985,984],"class_list":{"0":"post-17509","1":"product","2":"type-product","3":"status-publish","4":"has-post-thumbnail","6":"product_cat-sfp-sfp-1g-2-5g-5g-10g","7":"product_tag-10g-1550nm-sfp","8":"product_tag-10g-sfp-zr","9":"product_tag-10gbase-zr-sfp-transceiver","11":"first","12":"instock","13":"sale","14":"shipping-taxable","15":"purchasable","16":"product-type-variable","17":"has-default-attributes"},"_links":{"self":[{"href":"https:\/\/www.luleey.com\/fr\/wp-json\/wp\/v2\/product\/17509","targetHints":{"allow":["GET"]}}],"collection":[{"href":"https:\/\/www.luleey.com\/fr\/wp-json\/wp\/v2\/product"}],"about":[{"href":"https:\/\/www.luleey.com\/fr\/wp-json\/wp\/v2\/types\/product"}],"replies":[{"embeddable":true,"href":"https:\/\/www.luleey.com\/fr\/wp-json\/wp\/v2\/comments?post=17509"}],"wp:featuredmedia":[{"embeddable":true,"href":"https:\/\/www.luleey.com\/fr\/wp-json\/wp\/v2\/media\/17519"}],"wp:attachment":[{"href":"https:\/\/www.luleey.com\/fr\/wp-json\/wp\/v2\/media?parent=17509"}],"wp:term":[{"taxonomy":"product_brand","embeddable":true,"href":"https:\/\/www.luleey.com\/fr\/wp-json\/wp\/v2\/product_brand?post=17509"},{"taxonomy":"product_cat","embeddable":true,"href":"https:\/\/www.luleey.com\/fr\/wp-json\/wp\/v2\/product_cat?post=17509"},{"taxonomy":"product_tag","embeddable":true,"href":"https:\/\/www.luleey.com\/fr\/wp-json\/wp\/v2\/product_tag?post=17509"}],"curies":[{"name":"wp","href":"https:\/\/api.w.org\/{rel}","templated":true}]}}