{"id":17511,"date":"2025-02-21T21:46:49","date_gmt":"2025-02-21T13:46:49","guid":{"rendered":"https:\/\/www.luleey.com\/?post_type=product&#038;p=17511"},"modified":"2025-06-22T15:19:01","modified_gmt":"2025-06-22T07:19:01","slug":"luleey-10g-sfp-transceiver-10gbase-sr-850nm-300m","status":"publish","type":"product","link":"https:\/\/www.luleey.com\/fr\/produit-2\/luleey-10g-sfp-transceiver-10gbase-sr-850nm-300m\/","title":{"rendered":"LuLeey 10G SFP+ Transceiver 10GBase-SR, 850nm, 300m)"},"content":{"rendered":"<h3>Caract\u00e9ristiques<\/h3>\n<ol>\n<li><strong>\u00c9metteur-r\u00e9cepteur SFP+ 10G<\/strong>\u00a0avec\u00a0<strong>10GBase-SR<\/strong>\u00a0pour une mise \u00e0 niveau transparente du r\u00e9seau 10G.<\/li>\n<li>La compatibilit\u00e9 multi-fournisseurs (Cisco, Juniper, etc.) assure une int\u00e9gration sans probl\u00e8me.<\/li>\n<li><strong>Module optique 10G<\/strong>\u00a0avec une durabilit\u00e9 de niveau industriel et une faible consommation d'\u00e9nergie.<\/li>\n<li>Longueur d'onde de 850 nm et port\u00e9e de la fibre OM3\/OM4 de 300 m pour la transmission de donn\u00e9es \u00e0 grande vitesse.<\/li>\n<li>Test\u00e9 rigoureusement pour r\u00e9pondre aux normes MSA, garantissant la fiabilit\u00e9 des r\u00e9seaux d'entreprise.<\/li>\n<li>A propos de <strong>Marque g\u00e9n\u00e9rale<\/strong>: Compatible avec Cisco, Ruijie, ZTE, TP-LINK, Hikvision, WLAN, Netgear, Mikrotik, ASUS, Boda, Tenda, Mercury, netLINK, UBIQUITI, Banana Pi<\/li>\n<\/ol>\n<h3>Sp\u00e9cifications<\/h3>\n<table>\n<tbody>\n<tr>\n<td><strong>Nom du produit<\/strong><\/td>\n<td>\u00c9metteur-r\u00e9cepteur SFP+ 10G<\/td>\n<\/tr>\n<tr>\n<td><strong>Marque<\/strong><\/td>\n<td>LuLeey<\/td>\n<\/tr>\n<tr>\n<td><strong>Mod\u00e8le<\/strong><\/td>\n<td>SFP-10G-SR<\/td>\n<\/tr>\n<tr>\n<td><strong>Compatibilit\u00e9<\/strong><\/td>\n<td>Cisco, Juniper, HPE, Dell, etc.<\/td>\n<\/tr>\n<tr>\n<td><strong>Longueur d'onde<\/strong><\/td>\n<td>850nm<\/td>\n<\/tr>\n<tr>\n<td><strong>Transmission<\/strong><\/td>\n<td>Jusqu'\u00e0 300m (fibre OM3\/OM4)<\/td>\n<\/tr>\n<tr>\n<td><strong>Interface<\/strong><\/td>\n<td>Duplex LC<\/td>\n<\/tr>\n<tr>\n<td><strong>Temp\u00e9rature<\/strong><\/td>\n<td>0\u00b0C \u00e0 70\u00b0C (en fonctionnement)<\/td>\n<\/tr>\n<tr>\n<td><strong>Certification<\/strong><\/td>\n<td>MSA, RoHS, FCC<\/td>\n<\/tr>\n<tr>\n<td><strong>Origine<\/strong><\/td>\n<td>Chine continentale<\/td>\n<\/tr>\n<\/tbody>\n<\/table>","protected":false},"excerpt":{"rendered":"<ul>\n<li><strong>\u00c9metteur-r\u00e9cepteur SFP+ 10G<\/strong>\u00a0avec\u00a0<strong>10GBase-SR\uff0cmax distance 300meter<\/strong><\/li>\n<li><strong>Compatibilit\u00e9 garantie<\/strong>: Fonctionne parfaitement avec les grandes marques telles que Cisco et Juniper.<\/li>\n<li><strong>Des performances fiables<\/strong>: Conception conforme \u00e0 la norme MSA avec une garantie de 3 ans.<\/li>\n<\/ul>","protected":false},"featured_media":17527,"comment_status":"open","ping_status":"closed","template":"","meta":[],"product_brand":[],"product_cat":[321],"product_tag":[988,979,987],"class_list":{"0":"post-17511","1":"product","2":"type-product","3":"status-publish","4":"has-post-thumbnail","6":"product_cat-sfp-sfp-1g-2-5g-5g-10g","7":"product_tag-10g-optical-module","8":"product_tag-10g-sfp-transceiver","9":"product_tag-10gbase-sr-sfp","11":"first","12":"instock","13":"shipping-taxable","14":"purchasable","15":"product-type-variable","16":"has-default-attributes"},"_links":{"self":[{"href":"https:\/\/www.luleey.com\/fr\/wp-json\/wp\/v2\/product\/17511","targetHints":{"allow":["GET"]}}],"collection":[{"href":"https:\/\/www.luleey.com\/fr\/wp-json\/wp\/v2\/product"}],"about":[{"href":"https:\/\/www.luleey.com\/fr\/wp-json\/wp\/v2\/types\/product"}],"replies":[{"embeddable":true,"href":"https:\/\/www.luleey.com\/fr\/wp-json\/wp\/v2\/comments?post=17511"}],"wp:featuredmedia":[{"embeddable":true,"href":"https:\/\/www.luleey.com\/fr\/wp-json\/wp\/v2\/media\/17527"}],"wp:attachment":[{"href":"https:\/\/www.luleey.com\/fr\/wp-json\/wp\/v2\/media?parent=17511"}],"wp:term":[{"taxonomy":"product_brand","embeddable":true,"href":"https:\/\/www.luleey.com\/fr\/wp-json\/wp\/v2\/product_brand?post=17511"},{"taxonomy":"product_cat","embeddable":true,"href":"https:\/\/www.luleey.com\/fr\/wp-json\/wp\/v2\/product_cat?post=17511"},{"taxonomy":"product_tag","embeddable":true,"href":"https:\/\/www.luleey.com\/fr\/wp-json\/wp\/v2\/product_tag?post=17511"}],"curies":[{"name":"wp","href":"https:\/\/api.w.org\/{rel}","templated":true}]}}