{"id":17686,"date":"2025-03-01T11:10:39","date_gmt":"2025-03-01T03:10:39","guid":{"rendered":"https:\/\/www.luleey.com\/?post_type=product&#038;p=17686"},"modified":"2025-03-20T14:14:31","modified_gmt":"2025-03-20T06:14:31","slug":"fc-apc-rack-mount-splitter-1x8-1x16-1x32-1x64-fiber-optic-splitter","status":"publish","type":"product","link":"https:\/\/www.luleey.com\/fr\/produit-2\/fc-apc-rack-mount-splitter-1x8-1x16-1x32-1x64-fiber-optic-splitter\/","title":{"rendered":"FC APC Rack Mount Splitter, 1\u00d78 1\u00d716 1\u00d732 1\u00d764 Fiber Optic Splitter"},"content":{"rendered":"<h3>Caract\u00e9ristiques<\/h3>\n<ol>\n<li>R\u00e9partiteur FC APC haute densit\u00e9 pour montage en rack - Le design du rack 1U \/2U supporte jusqu'\u00e0 2-64 ports pour une distribution de fibre peu encombrante.<\/li>\n<li>Large compatibilit\u00e9 de longueur d'onde - Fonctionne avec 1260nm~1650nm pour GPON, XGS-PON, surveillance de s\u00e9curit\u00e9, fibre \u00e0 la maison, et applications CATV.<\/li>\n<li><strong>Perte d'insertion ultra-faible<\/strong> - garantit une int\u00e9grit\u00e9 maximale du signal pour les r\u00e9seaux longue distance.<\/li>\n<li>Installation Plug-and-Play - Connecteurs FC APC pr\u00e9install\u00e9s pour un d\u00e9ploiement rapide dans les centres de donn\u00e9es ou les r\u00e9seaux FTTH.<\/li>\n<\/ol>\n<h3>Sp\u00e9cifications<\/h3>\n<table style=\"width: 40.3273%; height: 192px;\">\n<tbody>\n<tr style=\"height: 24px;\">\n<td style=\"height: 24px; width: 51.0471%;\"><strong>Nom du produit<\/strong><\/td>\n<td style=\"height: 24px; width: 85.7094%;\">R\u00e9partiteur FC APC pour montage en rack<\/td>\n<\/tr>\n<tr style=\"height: 24px;\">\n<td style=\"height: 24px; width: 51.0471%;\"><strong>Marque<\/strong><\/td>\n<td style=\"height: 24px; width: 85.7094%;\">LuLeey<\/td>\n<\/tr>\n<tr style=\"height: 24px;\">\n<td style=\"height: 24px; width: 51.0471%;\"><strong>Ratio de fractionnement<\/strong><\/td>\n<td style=\"height: 24px; width: 85.7094%;\">1\u00d72 1\u00d74 1\u00d78 1\u00d716 1\u00d732 1\u00d764<\/td>\n<\/tr>\n<tr style=\"height: 24px;\">\n<td style=\"height: 24px; width: 51.0471%;\"><strong>Gamme de longueurs d'onde<\/strong><\/td>\n<td style=\"height: 24px; width: 85.7094%;\">1260nm~1650nm<\/td>\n<\/tr>\n<tr>\n<td style=\"width: 51.0471%;\"><strong>Ins\u00e9rer la perte<\/strong><\/td>\n<td style=\"width: 85.7094%;\">\u22640,3dB<\/td>\n<\/tr>\n<tr>\n<td style=\"width: 51.0471%;\"><strong>Perte de retour<\/strong><\/td>\n<td style=\"width: 85.7094%;\">\u226550dB<\/td>\n<\/tr>\n<tr style=\"height: 24px;\">\n<td style=\"height: 24px; width: 51.0471%;\"><strong>Type de connecteur<\/strong><\/td>\n<td style=\"height: 24px; width: 85.7094%;\">FC APC (Angled Polish)<\/td>\n<\/tr>\n<tr>\n<td style=\"width: 51.0471%;\">Temp\u00e9rature de fonctionnement<strong><br \/>\n<\/strong><\/td>\n<td style=\"width: 85.7094%;\">-40 ~ 80\u2103<\/td>\n<\/tr>\n<tr>\n<td style=\"width: 51.0471%;\"><strong>Taille<\/strong><\/td>\n<td style=\"width: 85.7094%;\">430*200*43mm<\/p>\n<p>430*200*85mm(1 x 64)<\/td>\n<\/tr>\n<tr>\n<td style=\"width: 51.0471%;\">Mat\u00e9riaux<strong><br \/>\n<\/strong><\/td>\n<td style=\"width: 85.7094%;\">T\u00f4le d'acier lamin\u00e9e \u00e0 froid de 1,0 mm<\/td>\n<\/tr>\n<tr style=\"height: 24px;\">\n<td style=\"height: 24px; width: 51.0471%;\"><strong>Hauteur du rack<\/strong><\/td>\n<td style=\"height: 24px; width: 85.7094%;\">1U \/ 2U (1 x 64)<\/td>\n<\/tr>\n<tr style=\"height: 24px;\">\n<td style=\"height: 24px; width: 51.0471%;\"><strong>Origine<\/strong><\/td>\n<td style=\"height: 24px; width: 85.7094%;\">Chine continentale<\/td>\n<\/tr>\n<\/tbody>\n<\/table>","protected":false},"excerpt":{"rendered":"<ul>\n<li><strong>Une conception peu encombrante<\/strong> - FC APC Rack Mount Splitter 1U\/2U rack mount pour la distribution de fibre \u00e0 haute densit\u00e9.<\/li>\n<li class=\"a-spacing-mini\"><span class=\"a-list-item\"><strong>\u00c9paisseur de la plaque 1,0 mm<\/strong>- T\u00f4le lamin\u00e9e \u00e0 froid \u00e9paissie et renforc\u00e9e, robuste et stable. Rev\u00eatement r\u00e9sistant \u00e0 la corrosion, longue dur\u00e9e de vie.<\/span><\/li>\n<\/ul>","protected":false},"featured_media":17671,"comment_status":"open","ping_status":"closed","template":"","meta":[],"product_brand":[],"product_cat":[366],"product_tag":[1003,1001,1002],"class_list":{"0":"post-17686","1":"product","2":"type-product","3":"status-publish","4":"has-post-thumbnail","6":"product_cat-optical-splitters-and-splitter-box","7":"product_tag-fc-apc-rack-mount-splitter","8":"product_tag-fiber-optic-splitter-1x8","9":"product_tag-high-density-fiber-splitter","11":"first","12":"instock","13":"shipping-taxable","14":"purchasable","15":"product-type-variable","16":"has-default-attributes"},"_links":{"self":[{"href":"https:\/\/www.luleey.com\/fr\/wp-json\/wp\/v2\/product\/17686","targetHints":{"allow":["GET"]}}],"collection":[{"href":"https:\/\/www.luleey.com\/fr\/wp-json\/wp\/v2\/product"}],"about":[{"href":"https:\/\/www.luleey.com\/fr\/wp-json\/wp\/v2\/types\/product"}],"replies":[{"embeddable":true,"href":"https:\/\/www.luleey.com\/fr\/wp-json\/wp\/v2\/comments?post=17686"}],"wp:featuredmedia":[{"embeddable":true,"href":"https:\/\/www.luleey.com\/fr\/wp-json\/wp\/v2\/media\/17671"}],"wp:attachment":[{"href":"https:\/\/www.luleey.com\/fr\/wp-json\/wp\/v2\/media?parent=17686"}],"wp:term":[{"taxonomy":"product_brand","embeddable":true,"href":"https:\/\/www.luleey.com\/fr\/wp-json\/wp\/v2\/product_brand?post=17686"},{"taxonomy":"product_cat","embeddable":true,"href":"https:\/\/www.luleey.com\/fr\/wp-json\/wp\/v2\/product_cat?post=17686"},{"taxonomy":"product_tag","embeddable":true,"href":"https:\/\/www.luleey.com\/fr\/wp-json\/wp\/v2\/product_tag?post=17686"}],"curies":[{"name":"wp","href":"https:\/\/api.w.org\/{rel}","templated":true}]}}