{"id":17807,"date":"2025-03-31T22:07:40","date_gmt":"2025-03-31T14:07:40","guid":{"rendered":"https:\/\/www.luleey.com\/?post_type=product&#038;p=17807"},"modified":"2025-04-09T09:09:53","modified_gmt":"2025-04-09T01:09:53","slug":"ll-xp1ge-1ge-xpon-onu-gigabit-gpon-epon-onu","status":"publish","type":"product","link":"https:\/\/www.luleey.com\/fr\/produit-2\/ll-xp1ge-1ge-xpon-onu-gigabit-gpon-epon-onu\/","title":{"rendered":"LL-XP1GE, 1GE XPON ONU, Gigabit GPON\/EPON ONU"},"content":{"rendered":"<h3>Caract\u00e9ristiques<\/h3>\n<ol>\n<li>Travailler pour GPON OLT ou EPON OLT.<\/li>\n<li>D\u00e9bloqu\u00e9, compatible avec Huawei, ZTE, VSOL...<\/li>\n<li>Prise en charge des protocoles IEEE802.3\/802.3ah<\/li>\n<li>Prise en charge de l'autod\u00e9couverte et de l'enregistrement<\/li>\n<li>Prise en charge de DBA et de plusieurs accords de niveau de service (SLA)<\/li>\n<li>Supporte IEEE802.1D RSTP<\/li>\n<li>Supporte la multidiffusion IGMP SNOOPING V2<\/li>\n<li>Prise en charge de la fonction VLAN<\/li>\n<li>Prise en charge de la synchronisation automatique de l'heure par le client SNTP<\/li>\n<li>Support OMCI \/ OAM<\/li>\n<li><\/li>\n<\/ol>\n<h3>Sp\u00e9cifications<\/h3>\n<table style=\"width: 58.5196%; height: 240px;\">\n<tbody>\n<tr style=\"height: 24px;\">\n<td style=\"height: 24px;\" width=\"229\">Mod\u00e8le<\/td>\n<td style=\"height: 24px;\" width=\"561\">LL-XP1GE<\/td>\n<\/tr>\n<tr style=\"height: 24px;\">\n<td style=\"height: 24px;\" width=\"229\">Ports<\/td>\n<td style=\"height: 24px;\" width=\"561\">1GE + SCUPC \/SCAPC<\/td>\n<\/tr>\n<tr style=\"height: 24px;\">\n<td style=\"height: 24px;\" width=\"229\">Alimentation \u00e9lectrique<\/td>\n<td style=\"height: 24px;\" width=\"561\">12V DC, 0,5 A<\/td>\n<\/tr>\n<tr style=\"height: 24px;\">\n<td style=\"height: 24px;\" width=\"229\">Entr\u00e9e de l'adaptateur d'alimentation<\/td>\n<td style=\"height: 24px;\" width=\"561\">100 - 240 V CA, 50\/60 Hz<\/td>\n<\/tr>\n<tr style=\"height: 24px;\">\n<td style=\"height: 24px;\" width=\"229\">Humidit\u00e9 de fonctionnement<\/td>\n<td style=\"height: 24px;\" width=\"561\">5% RH \u00e0 95% RH (sans condensation)<\/td>\n<\/tr>\n<tr style=\"height: 24px;\">\n<td style=\"height: 24px;\" width=\"229\">Consommation \u00e9lectrique statique<\/td>\n<td style=\"height: 24px;\" width=\"561\">3 W<\/td>\n<\/tr>\n<tr style=\"height: 24px;\">\n<td style=\"height: 24px;\" width=\"229\">Consommation \u00e9lectrique maximale<\/td>\n<td style=\"height: 24px;\" width=\"561\">6 W<\/td>\n<\/tr>\n<tr style=\"height: 24px;\">\n<td style=\"height: 24px;\" width=\"229\">Indicateurs<\/td>\n<td style=\"height: 24px;\" width=\"561\">POWER\/PON\/LOS\/LAN<\/td>\n<\/tr>\n<\/tbody>\n<\/table>","protected":false},"excerpt":{"rendered":"<p>LL-XP1GE est un ONU XPON principalement utilis\u00e9 pour les r\u00e9seaux FTTH\/FTTO, fournissant aux utilisateurs un port adaptatif fixe de 10\/100\/1000Mbps, et avec la gestion unifi\u00e9e de l'OLT, il peut r\u00e9aliser le d\u00e9pannage et le positionnement \u00e0 distance.<\/p>","protected":false},"featured_media":17821,"comment_status":"open","ping_status":"closed","template":"","meta":[],"product_brand":[],"product_cat":[348],"product_tag":[944,230,1013,344],"class_list":{"0":"post-17807","1":"product","2":"type-product","3":"status-publish","4":"has-post-thumbnail","6":"product_cat-1000m-gpon-epon-onu","7":"product_tag-epon-onu","8":"product_tag-gpon-onu","9":"product_tag-ll-xp1ge","10":"product_tag-xpon-onu","12":"first","13":"instock","14":"featured","15":"shipping-taxable","16":"purchasable","17":"product-type-variable"},"_links":{"self":[{"href":"https:\/\/www.luleey.com\/fr\/wp-json\/wp\/v2\/product\/17807","targetHints":{"allow":["GET"]}}],"collection":[{"href":"https:\/\/www.luleey.com\/fr\/wp-json\/wp\/v2\/product"}],"about":[{"href":"https:\/\/www.luleey.com\/fr\/wp-json\/wp\/v2\/types\/product"}],"replies":[{"embeddable":true,"href":"https:\/\/www.luleey.com\/fr\/wp-json\/wp\/v2\/comments?post=17807"}],"wp:featuredmedia":[{"embeddable":true,"href":"https:\/\/www.luleey.com\/fr\/wp-json\/wp\/v2\/media\/17821"}],"wp:attachment":[{"href":"https:\/\/www.luleey.com\/fr\/wp-json\/wp\/v2\/media?parent=17807"}],"wp:term":[{"taxonomy":"product_brand","embeddable":true,"href":"https:\/\/www.luleey.com\/fr\/wp-json\/wp\/v2\/product_brand?post=17807"},{"taxonomy":"product_cat","embeddable":true,"href":"https:\/\/www.luleey.com\/fr\/wp-json\/wp\/v2\/product_cat?post=17807"},{"taxonomy":"product_tag","embeddable":true,"href":"https:\/\/www.luleey.com\/fr\/wp-json\/wp\/v2\/product_tag?post=17807"}],"curies":[{"name":"wp","href":"https:\/\/api.w.org\/{rel}","templated":true}]}}