{"id":17866,"date":"2025-04-03T23:46:18","date_gmt":"2025-04-03T15:46:18","guid":{"rendered":"https:\/\/www.luleey.com\/?post_type=product&#038;p=17866"},"modified":"2025-04-09T15:37:09","modified_gmt":"2025-04-09T07:37:09","slug":"mini-sfpmc10g10g-sfp-to-rj45-media-converter-10gbase-t-r-multi-rate-support-compatible-xgs-pon-xgpon-stick","status":"publish","type":"product","link":"https:\/\/www.luleey.com\/fr\/produit-2\/mini-sfpmc10g10g-sfp-to-rj45-media-converter-10gbase-t-r-multi-rate-support-compatible-xgs-pon-xgpon-stick\/","title":{"rendered":"MINI-SFPMC10G10G SFP+ to RJ45 Media Converter, 10GBase-T\/R Multi-Rate Support, Compatible XGS-PON\/XGPON Stick"},"content":{"rendered":"<h3>Caract\u00e9ristiques<\/h3>\n<ol>\n<li>Noyau int\u00e9gr\u00e9 \u00e0 haute efficacit\u00e9, puce Marwell 88X3310, supprime les temp\u00eates de diffusion, met en \u0153uvre le contr\u00f4le de flux et le contr\u00f4le d'erreur CRC ;<\/li>\n<li>Fournir 1X port optique 10Gb, 1X port RJ45<\/li>\n<li>RJ45 adaptatif 100M\/1000M\/10G<\/li>\n<li>Prise en charge du semi-duplex et du duplex int\u00e9gral<\/li>\n<li>Support IEEE802.3x, IEEE802.3U, EEE802.3ab, IEEE802.3ae, IEEE802.3ak<\/li>\n<li>Prise en charge des longueurs d'onde de 850nm, 1310nm, 1550nm, en fonction du module.<\/li>\n<li>Prend en charge les modes de transmission double fibre multimode, double fibre monomode et simple fibre monomode, en fonction du module.<\/li>\n<li>Prise en charge du r\u00e9glage du commutateur DIP<\/li>\n<li>Code de composition \u00e0 une touche Fonction de d\u00e9tection de lien LFP<\/li>\n<li>Fonction ALS (arr\u00eat automatique du laser) avec code de composition \u00e0 une touche<\/li>\n<li>Une seule touche permet de basculer entre le mode \"pass-through\" et le mode \"store-and-forward\".<\/li>\n<li>B\u00e2ton XGS-PON\/XGPON compatible, tel que WAS-110\uff0c<em>LTF7225<\/em>-BH+.<\/li>\n<\/ol>\n<h3>Sp\u00e9cifications<\/h3>\n<table style=\"width: 85.6301%; height: 480px;\" width=\"834\">\n<tbody>\n<tr style=\"height: 24px;\">\n<td style=\"height: 24px;\">Nom du produit<\/td>\n<td style=\"height: 24px;\">MINI convertisseur de m\u00e9dia 10G SFP+ vers RJ45<\/td>\n<\/tr>\n<tr style=\"height: 24px;\">\n<td style=\"height: 24px;\">Marque<\/td>\n<td style=\"height: 24px;\">LuLeey<\/td>\n<\/tr>\n<tr style=\"height: 24px;\">\n<td style=\"height: 24px;\" width=\"273\">Mod\u00e8le<\/td>\n<td style=\"height: 24px;\" width=\"561\">MINI-SFPMC10G<\/td>\n<\/tr>\n<tr style=\"height: 24px;\">\n<td style=\"height: 24px;\">Standard<\/td>\n<td style=\"height: 24px;\">1000Base-T, 2.5GBase-T, 5Gbase-T, 10Gbase-T, 10GBase-R<\/td>\n<\/tr>\n<tr style=\"height: 24px;\">\n<td style=\"height: 24px;\">RJ45 Taux<\/td>\n<td style=\"height: 24px;\">1000Base-T,2.5\/5\/10GBase-T Auto<\/td>\n<\/tr>\n<tr style=\"height: 24px;\">\n<td style=\"height: 24px;\">RJ45 Type de c\u00e2ble<\/td>\n<td style=\"height: 24px;\">UTP-6e ou sup\u00e9rieur<\/td>\n<\/tr>\n<tr style=\"height: 24px;\">\n<td style=\"height: 24px;\">RJ45 Distance de transmission<\/td>\n<td style=\"height: 24px;\">0-~100m<\/td>\n<\/tr>\n<tr style=\"height: 24px;\">\n<td style=\"height: 24px;\">Type de port optique<\/td>\n<td style=\"height: 24px;\">SFP+<\/td>\n<\/tr>\n<tr style=\"height: 24px;\">\n<td style=\"height: 24px;\">Port optique Taux<\/td>\n<td style=\"height: 24px;\">10Gbps<\/td>\n<\/tr>\n<tr style=\"height: 24px;\">\n<td style=\"height: 24px;\">Port optique multimode<\/td>\n<td style=\"height: 24px;\">50\/125um<\/td>\n<\/tr>\n<tr style=\"height: 24px;\">\n<td style=\"height: 24px;\">Port optique monomode<\/td>\n<td style=\"height: 24px;\">9\/125um<\/td>\n<\/tr>\n<tr style=\"height: 24px;\">\n<td style=\"height: 24px;\">Distance de transmission du port optique<\/td>\n<td style=\"height: 24px;\">300m~80km<\/td>\n<\/tr>\n<tr style=\"height: 24px;\">\n<td style=\"height: 24px;\">LED<\/td>\n<td style=\"height: 24px;\">PWR, Link\/TP, SPD, FX\/Link<\/td>\n<\/tr>\n<tr style=\"height: 24px;\">\n<td style=\"height: 24px;\">Tension d'entr\u00e9e<\/td>\n<td style=\"height: 24px;\">DC12V<\/td>\n<\/tr>\n<tr style=\"height: 24px;\">\n<td style=\"height: 24px;\">Coquille<\/td>\n<td style=\"height: 24px;\">coquille de fer<\/td>\n<\/tr>\n<tr style=\"height: 24px;\">\n<td style=\"height: 24px;\">Taille<\/td>\n<td style=\"height: 24px;\">94mm*70mm*26mm<\/td>\n<\/tr>\n<tr style=\"height: 24px;\">\n<td style=\"height: 24px;\">Poids<\/td>\n<td style=\"height: 24px;\">0.32KG<\/td>\n<\/tr>\n<tr style=\"height: 24px;\">\n<td style=\"height: 24px;\">M\u00e9thode d'installation<\/td>\n<td style=\"height: 24px;\">bureau<\/td>\n<\/tr>\n<tr style=\"height: 24px;\">\n<td style=\"height: 24px;\">Temp\u00e9rature de fonctionnement<\/td>\n<td style=\"height: 24px;\">-20~ 60\u00b0C (32 ~ 140\u00b0F)<\/td>\n<\/tr>\n<tr style=\"height: 24px;\">\n<td style=\"height: 24px;\">Humidit\u00e9 relative de l'environnement<\/td>\n<td style=\"height: 24px;\">\u00a05 ~ 90% (sans condensation)<\/td>\n<\/tr>\n<tr>\n<td>Taille<\/td>\n<td>91*59*20.5mm<\/td>\n<\/tr>\n<\/tbody>\n<\/table>\n<p>Instructions relatives aux commutateurs DIP<\/p>\n<table style=\"border-collapse: collapse; width: 48.3395%; height: 216px;\">\n<tbody>\n<tr style=\"height: 24px;\">\n<td style=\"width: 8.17343%; height: 24px; text-align: center;\">Non<\/td>\n<td style=\"width: 16.6605%; height: 24px; text-align: center;\">Fonction<\/td>\n<td style=\"width: 7.87828%; height: 24px; text-align: center;\">Statut<\/td>\n<td style=\"width: 15.6273%; height: 24px; text-align: center;\">Description<\/td>\n<\/tr>\n<tr style=\"height: 24px;\">\n<td style=\"width: 8.17343%; height: 48px; text-align: center;\" rowspan=\"2\">1<\/td>\n<td style=\"width: 16.6605%; height: 48px; text-align: center;\" rowspan=\"2\">Fonction LFP<\/td>\n<td style=\"width: 7.87828%; height: 24px; text-align: center;\">ON<\/td>\n<td style=\"width: 15.6273%; height: 24px; text-align: center;\">Activer<\/td>\n<\/tr>\n<tr style=\"height: 24px;\">\n<td style=\"width: 7.87828%; height: 24px; text-align: center;\">OFF<\/td>\n<td style=\"width: 15.6273%; height: 24px; text-align: center;\">D\u00e9sactiver<\/td>\n<\/tr>\n<tr style=\"height: 24px;\">\n<td style=\"width: 8.17343%; height: 48px; text-align: center;\" rowspan=\"2\">2<\/td>\n<td style=\"width: 16.6605%; height: 48px; text-align: center;\" rowspan=\"2\">Fonction ALS<\/td>\n<td style=\"width: 7.87828%; height: 24px; text-align: center;\">ON<\/td>\n<td style=\"width: 15.6273%; height: 24px; text-align: center;\">Activer<\/td>\n<\/tr>\n<tr style=\"height: 24px;\">\n<td style=\"width: 7.87828%; height: 24px; text-align: center;\">OFF<\/td>\n<td style=\"width: 15.6273%; height: 24px; text-align: center;\">D\u00e9sactiver<\/td>\n<\/tr>\n<tr style=\"height: 24px;\">\n<td style=\"width: 8.17343%; height: 48px; text-align: center;\" rowspan=\"2\">3<\/td>\n<td style=\"width: 16.6605%; height: 96px; text-align: center;\" rowspan=\"4\">Mod\u00e8le de convertisseur de m\u00e9dia<\/td>\n<td style=\"width: 7.87828%; height: 24px; text-align: center;\">3:ON<\/td>\n<td style=\"width: 15.6273%; height: 48px; text-align: center;\" rowspan=\"2\">Mode de passage<\/td>\n<\/tr>\n<tr style=\"height: 24px;\">\n<td style=\"width: 7.87828%; height: 24px; text-align: center;\">4:OFF<\/td>\n<\/tr>\n<tr style=\"height: 24px;\">\n<td style=\"width: 8.17343%; height: 48px; text-align: center;\" rowspan=\"2\">4<\/td>\n<td style=\"width: 7.87828%; height: 24px; text-align: center;\">4:ON<\/td>\n<td style=\"width: 15.6273%; height: 48px; text-align: center;\" rowspan=\"2\">Mode de correspondance des taux<\/td>\n<\/tr>\n<tr style=\"height: 24px;\">\n<td style=\"width: 7.87828%; height: 24px; text-align: center;\">3:OFF<\/td>\n<\/tr>\n<\/tbody>\n<\/table>","protected":false},"excerpt":{"rendered":"<ol>\n<li class=\"serp-title\">Adaptation automatique des d\u00e9bits cuivre\/fibre (100M \u00e0 10G) avec la simplicit\u00e9 du plug-and-play.<\/li>\n<li class=\"serp-title\">MINI-SFPMC10G sfp to rj45 10gb, 10G Media Converter Fournit un port optique 10 Gigabit, un port \u00e9lectrique adaptatif 10 Gigabit<\/li>\n<li class=\"serp-title\"><span style=\"font-size: 16px;\">Le port cuivre prend en charge l'auto-n\u00e9gociation 1000Base-T, 2.5\/5\/10GBase-T<\/span><\/li>\n<li class=\"serp-title\">Contr\u00f4le de flux IEEE802.3x supportant le duplex int\u00e9gral<\/li>\n<li>Prise en charge du contr\u00f4le du flux de contre-pression half-duplex<\/li>\n<li>Longueur d'onde 850nm, 1310nm, 1550nm en option<\/li>\n<li>Fournit plusieurs modes de transmission par fibre tels que la double fibre multimode, la double fibre monomode et la fibre monomode.<\/li>\n<li>Faible consommation d'\u00e9nergie, faible chaleur, fonctionnement stable pendant une longue p\u00e9riode.<\/li>\n<li>Taille mini<\/li>\n<li>Pr\u00eat \u00e0 l'emploi<\/li>\n<\/ol>","protected":false},"featured_media":17868,"comment_status":"open","ping_status":"closed","template":"","meta":[],"product_brand":[],"product_cat":[310],"product_tag":[97,993,994,1023,224,1017,840],"class_list":{"0":"post-17866","1":"product","2":"type-product","3":"status-publish","4":"has-post-thumbnail","6":"product_cat-copper-to-fiber-media-converters","7":"product_tag-10g","8":"product_tag-10g-sfp-to-rj45-converter","9":"product_tag-10gbase-t-media-converter","10":"product_tag-88x3310","11":"product_tag-fiber-converter","12":"product_tag-mini-sfpmc10g","13":"product_tag-sfp-media-converter","15":"first","16":"instock","17":"featured","18":"shipping-taxable","19":"purchasable","20":"product-type-variable","21":"has-default-attributes"},"_links":{"self":[{"href":"https:\/\/www.luleey.com\/fr\/wp-json\/wp\/v2\/product\/17866","targetHints":{"allow":["GET"]}}],"collection":[{"href":"https:\/\/www.luleey.com\/fr\/wp-json\/wp\/v2\/product"}],"about":[{"href":"https:\/\/www.luleey.com\/fr\/wp-json\/wp\/v2\/types\/product"}],"replies":[{"embeddable":true,"href":"https:\/\/www.luleey.com\/fr\/wp-json\/wp\/v2\/comments?post=17866"}],"wp:featuredmedia":[{"embeddable":true,"href":"https:\/\/www.luleey.com\/fr\/wp-json\/wp\/v2\/media\/17868"}],"wp:attachment":[{"href":"https:\/\/www.luleey.com\/fr\/wp-json\/wp\/v2\/media?parent=17866"}],"wp:term":[{"taxonomy":"product_brand","embeddable":true,"href":"https:\/\/www.luleey.com\/fr\/wp-json\/wp\/v2\/product_brand?post=17866"},{"taxonomy":"product_cat","embeddable":true,"href":"https:\/\/www.luleey.com\/fr\/wp-json\/wp\/v2\/product_cat?post=17866"},{"taxonomy":"product_tag","embeddable":true,"href":"https:\/\/www.luleey.com\/fr\/wp-json\/wp\/v2\/product_tag?post=17866"}],"curies":[{"name":"wp","href":"https:\/\/api.w.org\/{rel}","templated":true}]}}