{"id":17957,"date":"2025-04-12T14:58:38","date_gmt":"2025-04-12T06:58:38","guid":{"rendered":"https:\/\/www.luleey.com\/?post_type=product&#038;p=17957"},"modified":"2025-08-02T22:26:40","modified_gmt":"2025-08-02T14:26:40","slug":"4-pon-gpon-olt-ll-gpolt304","status":"publish","type":"product","link":"https:\/\/www.luleey.com\/fr\/produit-2\/4-pon-gpon-olt-ll-gpolt304\/","title":{"rendered":"4 PON GPON OLT, LL-GPOLT-XE-G04"},"content":{"rendered":"<h3><span class=\"fontstyle3\">Caract\u00e9ristiques du produit<\/span><\/h3>\n<ul>\n<li><span class=\"fontstyle0\">Mont\u00e9 en rack 19 pouces 1U, il se caract\u00e9rise par sa petite taille, sa commodit\u00e9 et sa flexibilit\u00e9, sa facilit\u00e9 de d\u00e9ploiement et ses hautes performances. Installation et maintenance faciles, \u00e9conomies<br \/>\nl'espace.<\/span><\/li>\n<li><span class=\"fontstyle0\">L'OLT GPON fournit 4 ports GPON SFP\u00a0<\/span><\/li>\n<li><span class=\"fontstyle0\">4 ports de liaison montante 1000M RJ45 et 4*10GE SFP+ port de liaison montante.<\/span><\/li>\n<li><span class=\"fontstyle0\">Supporte le ratio de partage 1:128, peut acc\u00e9der \u00e0 512 utilisateurs ONU en m\u00eame temps, marque d\u00e9verrouill\u00e9e, supporte HUAWEI, ZTE et d'autres marques ONU. <\/span><\/li>\n<li>Prise en charge de l'autod\u00e9couverte et de l'enregistrement des ONU<\/li>\n<li><span class=\"fontstyle0\">S<\/span><span class=\"fontstyle0\">upportent diff\u00e9rents types de r\u00e9seaux hybrides ONU, adapt\u00e9s aux sc\u00e9narios triple play, r\u00e9seau vid\u00e9o, r\u00e9seau local d'entreprise et Internet des objets. <\/span><\/li>\n<li><span class=\"fontstyle0\">Fournir des solutions parfaites, intelligentes, puissantes, avanc\u00e9es et professionnelles pour les projets FTTH\/FTTB\/FTTO.<\/span><\/li>\n<\/ul>\n<h3><span class=\"fontstyle3\">Sp\u00e9cifications<\/span><\/h3>\n<table width=\"630\">\n<tbody>\n<tr>\n<td width=\"408\">Marque<\/td>\n<td width=\"222\">LuLeey<\/td>\n<\/tr>\n<tr>\n<td>Nom du produit<\/td>\n<td>4 PON GPON OLT, LL-GPOLT-XE-G04<\/td>\n<\/tr>\n<tr>\n<td width=\"408\">Ethernet 10GE<\/td>\n<td width=\"222\">4 x 10GE\/GE SFP+<\/td>\n<\/tr>\n<tr>\n<td width=\"408\">GPON<\/td>\n<td width=\"222\">Norme ITU-TG.984.x<\/td>\n<\/tr>\n<tr>\n<td width=\"408\">PORT UPLINK RJ45<\/td>\n<td width=\"222\">4 x RJ-45 1000M<\/td>\n<\/tr>\n<tr>\n<td width=\"408\">PORT GPON<\/td>\n<td width=\"222\">4 x GPON (2,5\/1,25 Gbps)<\/td>\n<\/tr>\n<tr>\n<td width=\"408\">Console PORT<\/td>\n<td width=\"222\">1x port console<\/td>\n<\/tr>\n<tr>\n<td width=\"408\">MGMT PORT<\/td>\n<td width=\"222\">1x 1000M port de gestion<\/td>\n<\/tr>\n<tr>\n<td width=\"408\">Taux de fractionnement<\/td>\n<td width=\"222\">1:128<\/td>\n<\/tr>\n<tr>\n<td width=\"408\">Adaptateur \u00e9lectrique<\/td>\n<td width=\"222\">Entr\u00e9e AC : 100 \u00e0 240 V AC, 50\/60 Hz ; Entr\u00e9e DC : 36V-75V<\/td>\n<\/tr>\n<tr>\n<td width=\"408\">Maximum ONU<\/td>\n<td width=\"222\">512<\/td>\n<\/tr>\n<tr>\n<td width=\"408\">Capacit\u00e9 de commutation<\/td>\n<td width=\"222\">103Gbps<\/td>\n<\/tr>\n<tr>\n<td width=\"408\">Consommation<\/td>\n<td width=\"222\">\uff1c50 W<\/td>\n<\/tr>\n<tr>\n<td width=\"408\">Conception de la redondance<\/td>\n<td width=\"222\">Double alimentation enfichable, double AC, double DC et AC+DC<\/td>\n<\/tr>\n<tr>\n<td width=\"408\">Fonctionnement<\/td>\n<td width=\"222\">temp\u00e9rature -10 \u00e0 70\u00b0C, humidit\u00e9 relative 10-90% (sans condensation)<\/td>\n<\/tr>\n<tr>\n<td width=\"408\">Stockage<\/td>\n<td width=\"222\">temp\u00e9rature 0 \u00e0 45\u00b0C, humidit\u00e9 relative 10-90% (sans condensation)<\/td>\n<\/tr>\n<tr>\n<td width=\"408\">Dimensions<\/td>\n<td width=\"222\">440mm\u00d7400mm\u00d7 44mm(L * P * H)<\/td>\n<\/tr>\n<tr>\n<td width=\"408\">Arbre \u00e0 balayage<\/td>\n<td width=\"222\">IEEE 802.1x STP\/RSTP\/MSTP<br \/>\nD\u00e9tection \u00e0 distance des boucles ONU<\/td>\n<\/tr>\n<tr>\n<td width=\"408\">MAC<\/td>\n<td width=\"222\">MAC Black Hole<br \/>\nLimite MAC du port<br \/>\n16K Adresse MAC<\/td>\n<\/tr>\n<tr>\n<td width=\"408\">Routage<\/td>\n<td width=\"222\">RIP<br \/>\nOSPF<br \/>\nBGP<\/td>\n<\/tr>\n<tr>\n<td width=\"408\">VLAN<br \/>\nCaract\u00e9ristiques de la commutation Ethernet (L2)<\/td>\n<td width=\"222\">4K Entr\u00e9es VLAN<br \/>\nQinQ bas\u00e9 sur les ports et QinQ s\u00e9lectif<br \/>\n(StackVLAN)<br \/>\nVLA bas\u00e9 sur le port\/le MAC\/le sous-r\u00e9seau IP<\/td>\n<\/tr>\n<tr>\n<td width=\"408\">Port<\/td>\n<td width=\"222\">Contr\u00f4le bidirectionnel de la largeur de bande<br \/>\nMiroir de port et miroir de trafic<\/td>\n<\/tr>\n<tr>\n<td width=\"408\">Multidiffusion<\/td>\n<td width=\"222\">IGMPv1\/v2\/v3<br \/>\nIGMP Snooping\/Proxy<br \/>\nFiltrage IGMP<\/td>\n<\/tr>\n<tr>\n<td width=\"408\">S\u00e9curit\u00e9 des utilisateurs<br \/>\nCaract\u00e9ristiques de s\u00e9curit\u00e9<\/td>\n<td width=\"222\">Anti-ARP-spoofing deceive defend<br \/>\nContr\u00f4le automatique de l'attaque par inondation Anti-ARP-flooding<br \/>\nIP\uff0cMAC\uff0cport et liaison VLAN<br \/>\nIsolation des ports<\/td>\n<\/tr>\n<tr>\n<td width=\"408\">Qualit\u00e9 de service<\/td>\n<td width=\"222\">Base sur le port ou limitation de d\u00e9bit d\u00e9finie par l'utilisateur<br \/>\nEn fonction du port ou de la balise de priorit\u00e9 d\u00e9finie par l'utilisateur, fournir 802.1P, la capacit\u00e9 de balise DSCP de la priorit\u00e9.<br \/>\nProgrammation de la file d'attente de haut niveau bas\u00e9e sur le port ou d\u00e9finie par l'utilisateur<br \/>\nFiles d'attente prioritaires et planificateur de SP, WRR et SP+WRR.<br \/>\nSyst\u00e8me d'\u00e9vitement de la congestion<\/td>\n<\/tr>\n<tr>\n<td width=\"408\">S\u00e9curit\u00e9 des appareils<\/td>\n<td width=\"222\">D\u00e9fendre les attaques DOS<br \/>\nS\u00e9curit\u00e9 Connexion IP par Telnet<br \/>\nGestion hi\u00e9rarchique et protection par mot de passe des utilisateurs<\/td>\n<\/tr>\n<tr>\n<td width=\"408\">S\u00e9curit\u00e9 des r\u00e9seaux<\/td>\n<td width=\"222\">Adresse IP\u3001VLAN ID\u3001MAC address et port manual binding<br \/>\nPort broadcast \/multi broadcast restrain<br \/>\nBase sur l'adresse MAC source \/ destination, VLAN, 802.1p, ToS, DiffServ, source \/ destination<br \/>\nAdresse IP (IPv4\/IPv6), num\u00e9ro de port TCP\/UDP, type de protocole du paquet IP, classification des flux et flux.<br \/>\ngestion de la r\u00e9gulation d\u00e9finie, support package header 80 byte depth L2-L7 ACLflow filtrate<br \/>\nLiaison dynamique bas\u00e9e sur la table ARP<br \/>\nDHCP Option82 et PPPoE+ : t\u00e9l\u00e9chargement de l'emplacement physique de l'utilisateur<\/td>\n<\/tr>\n<tr>\n<td width=\"408\">Gestion du r\u00e9seau<\/td>\n<td width=\"222\">Interface de ligne de commande\uff08CLI\uff09, Console, Telnet et configuration WEB<br \/>\nRMON (Remote Monitoring)1\/2\/3\/9 groupes de MIB<br \/>\nConfiguration du syst\u00e8me avec SNMPv1\/v2\/v3<br \/>\nNTP (Network Time Protocol)<br \/>\nGestion de r\u00e9seau NMS2000<\/td>\n<\/tr>\n<\/tbody>\n<\/table>\n<div class=\"structure-row\">\n<div class=\"col-left\" data-spm-anchor-id=\"a2700.details.0.i25.78ff2908MBBelt\">\n<div class=\"structure-row\"><\/div>\n<\/div>\n<\/div>","protected":false},"excerpt":{"rendered":"<ul>\n<li><span class=\"fontstyle0\">L'OLT GPON fournit 4 ports GPON SFP\u00a0<\/span><\/li>\n<li><span class=\"fontstyle0\">4 ports de liaison montante 1000M RJ45 et 4*10GE SFP+ port de liaison montante.<\/span><\/li>\n<li><span class=\"fontstyle0\">Supporte le ratio de partage 1:128, peut acc\u00e9der \u00e0 512 utilisateurs ONU en m\u00eame temps, marque d\u00e9verrouill\u00e9e, supporte HUAWEI, ZTE et d'autres marques ONU. <\/span><\/li>\n<li>Prise en charge de l'autod\u00e9couverte et de l'enregistrement des ONU<\/li>\n<\/ul>","protected":false},"featured_media":17960,"comment_status":"open","ping_status":"closed","template":"","meta":[],"product_brand":[],"product_cat":[360],"product_tag":[1025,1024,229,1088,269],"class_list":{"0":"post-17957","1":"product","2":"type-product","3":"status-publish","4":"has-post-thumbnail","6":"product_cat-gpon-olt","7":"product_tag-4-pon","8":"product_tag-gpon-512","9":"product_tag-gpon-olt","10":"product_tag-ll-gpolt-xe-g04","11":"product_tag-olt","13":"first","14":"instock","15":"shipping-taxable","16":"purchasable","17":"product-type-variable","18":"has-default-attributes"},"_links":{"self":[{"href":"https:\/\/www.luleey.com\/fr\/wp-json\/wp\/v2\/product\/17957","targetHints":{"allow":["GET"]}}],"collection":[{"href":"https:\/\/www.luleey.com\/fr\/wp-json\/wp\/v2\/product"}],"about":[{"href":"https:\/\/www.luleey.com\/fr\/wp-json\/wp\/v2\/types\/product"}],"replies":[{"embeddable":true,"href":"https:\/\/www.luleey.com\/fr\/wp-json\/wp\/v2\/comments?post=17957"}],"wp:featuredmedia":[{"embeddable":true,"href":"https:\/\/www.luleey.com\/fr\/wp-json\/wp\/v2\/media\/17960"}],"wp:attachment":[{"href":"https:\/\/www.luleey.com\/fr\/wp-json\/wp\/v2\/media?parent=17957"}],"wp:term":[{"taxonomy":"product_brand","embeddable":true,"href":"https:\/\/www.luleey.com\/fr\/wp-json\/wp\/v2\/product_brand?post=17957"},{"taxonomy":"product_cat","embeddable":true,"href":"https:\/\/www.luleey.com\/fr\/wp-json\/wp\/v2\/product_cat?post=17957"},{"taxonomy":"product_tag","embeddable":true,"href":"https:\/\/www.luleey.com\/fr\/wp-json\/wp\/v2\/product_tag?post=17957"}],"curies":[{"name":"wp","href":"https:\/\/api.w.org\/{rel}","templated":true}]}}